{"id":9123,"date":"2017-01-10T13:29:10","date_gmt":"2017-01-10T12:29:10","guid":{"rendered":"http:\/\/agora-eoi.xtec.cat\/eoisabadell\/?page_id=9123"},"modified":"2023-09-14T14:10:35","modified_gmt":"2023-09-14T12:10:35","slug":"equivalencies-entre-certificats","status":"publish","type":"page","link":"https:\/\/agora-eoi.xtec.cat\/eoisabadell\/catala-2\/equivalencies-entre-certificats\/","title":{"rendered":"Equival\u00e8ncies entre certificats"},"content":{"rendered":"<table border=\"1\" width=\"603\" cellspacing=\"0\" cellpadding=\"0\">\n<tbody>\n<tr>\n<td valign=\"top\" width=\"144\"><b><span lang=\"CA\">Curs EOI<\/span><\/b><\/td>\n<td valign=\"top\" width=\"144\"><b><span lang=\"CA\">Certificats EOI<\/span><\/b><\/td>\n<td valign=\"top\" width=\"144\"><b><span lang=\"CA\">Nivells Marc Europeu Com\u00fa de Refer\u00e8ncia<\/span><\/b><\/td>\n<td valign=\"top\" width=\"170\"><b><span lang=\"CA\">Equival\u00e8ncies Junta Permanent de Catal\u00e0 (DGPL)<\/span><\/b><\/td>\n<\/tr>\n<tr>\n<td valign=\"top\" width=\"144\"><span lang=\"CA\">1r<\/span><\/td>\n<td valign=\"top\" width=\"144\"><span lang=\"CA\">&#8211;<\/span><\/td>\n<td valign=\"top\" width=\"144\"><span lang=\"CA\">A1<\/span><\/td>\n<td valign=\"top\" width=\"170\"><span lang=\"CA\">&#8211;<\/span><\/td>\n<\/tr>\n<tr>\n<td valign=\"top\" width=\"144\"><span lang=\"CA\">2n<\/span><\/td>\n<td valign=\"top\" width=\"144\"><span lang=\"CA\">Nivell b\u00e0sic<\/span><\/td>\n<td valign=\"top\" width=\"144\"><span lang=\"CA\">A2<\/span><\/td>\n<td valign=\"top\" width=\"170\"><span lang=\"CA\">A b\u00e0sic<\/span><\/td>\n<\/tr>\n<tr>\n<td valign=\"top\" width=\"144\"><span lang=\"CA\">3r<\/span><\/td>\n<td valign=\"top\" width=\"144\"><span lang=\"CA\">Nivell intermedi<\/span><\/td>\n<td valign=\"top\" width=\"144\"><span lang=\"CA\">B1<\/span><\/td>\n<td valign=\"top\" width=\"170\"><span lang=\"CA\">A elemental<\/span><\/td>\n<\/tr>\n<tr>\n<td valign=\"top\" width=\"144\"><span lang=\"CA\">4t<\/span><\/td>\n<td valign=\"top\" width=\"144\"><span lang=\"CA\">Nivell avan\u00e7at<\/span><\/td>\n<td valign=\"top\" width=\"144\"><span lang=\"CA\">B2<\/span><\/td>\n<td valign=\"top\" width=\"170\"><span lang=\"CA\">Cert. intermedi ( <b>B<\/b> )<\/span><\/td>\n<\/tr>\n<tr>\n<td valign=\"top\" width=\"144\"><span lang=\"CA\">5\u00e8<\/span><\/td>\n<td valign=\"top\" width=\"144\"><span lang=\"CA\">Cert. de C1<\/span><\/td>\n<td valign=\"top\" width=\"144\"><span lang=\"CA\">C1<\/span><\/td>\n<td valign=\"top\" width=\"170\"><span lang=\"CA\">Cert. sufici\u00e8ncia ( <b>C<\/b> )<\/span><\/td>\n<\/tr>\n<tr>\n<td valign=\"top\" width=\"144\"><span lang=\"CA\">6\u00e8<\/span><\/td>\n<td valign=\"top\" width=\"144\"><span lang=\"CA\">Cert.\u00a0 de C2<\/span><\/td>\n<td valign=\"top\" width=\"144\"><span lang=\"CA\">C2<\/span><\/td>\n<td valign=\"top\" width=\"170\"><span lang=\"CA\">Cert. superior ( <b>D <\/b>)<\/span><\/td>\n<\/tr>\n<\/tbody>\n<\/table>\n<p><a href=\"https:\/\/llengua.gencat.cat\/web\/.content\/documents\/certificats_de_catala\/arxius\/equiv_llista.pdf\" target=\"_blank\" rel=\"noopener\">IMPORTANT!! Aqu\u00ed trobareu les equival\u00e8ncies de tots els nivells (mireu els de C1 establertes per l&#8217;Ordre VCP\/491\/2009 del 12 de novembre ( DOCG n\u00fam. 5511 de\u00a0 23.11.2009)<\/a><\/p>\n<p><b><span lang=\"CA\">Nota<\/span><\/b><span lang=\"CA\">:<\/span><\/p>\n<p><span lang=\"CA\">Tots els certificats de l\u2019EOI tenen un ampli reconeixement a l\u2019estat espanyol, especialment en concursos de m\u00e8rits de funcionaris (oposicions, trasllats&#8230;). Per exemple, en la darrera convocat\u00f2ria de concurs de trasllats (DOGC, n\u00fam. 6244), un C2 d\u00f3na 4 punts, un C1 en d\u00f3na 3 (tant com un m\u00e0ster de 60 cr\u00e8dits), un B2 en d\u00f3na 2 i un B1 d\u00f3na 1 punt.<\/span><\/p>\n","protected":false},"excerpt":{"rendered":"<p>Curs EOI<br \/>\nCertificats EOI<br \/>\nNivells Marc Europeu Com\u00fa de Refer\u00e8ncia<br \/>\nEquival\u00e8ncies Junta Permanent de Catal\u00e0 (DGPL)<\/p>\n<p>1r<br \/>\n&#8211;<br \/>\nA1<br \/>\n&#8211;<\/p>\n<p>2n<br \/>\nNivell b\u00e0sic<br \/>\nA2<br \/>\nA b\u00e0sic<\/p>\n<p>3r<br \/>\nNivell intermedi<br \/>\nB1<br \/>\nA elemental<\/p>\n<p>4t<br \/>\nNivell avan\u00e7at<br \/>\nB2<br \/>\nCert. intermedi ( B )<\/p>\n<p>5\u00e8<br \/>\nCert. de C1<br \/>\nC1<br \/>\nCert. sufici\u00e8ncia ( C )<\/p>\n<p>6\u00e8<br \/>\nCert.\u00a0 de C2<br \/>\nC2<br \/>\nCert. superior ( D )<\/p>\n<p><a href=\"https:\/\/llengua.gencat.cat\/web\/.content\/documents\/certificats_de_catala\/arxius\/equiv_llista.pdf\" target=\"_blank\" rel=\"noopener\">IMPORTANT!! Aqu\u00ed trobareu les equival\u00e8ncies de tots els nivells&hellip;  <a href=\"https:\/\/agora-eoi.xtec.cat\/eoisabadell\/catala-2\/equivalencies-entre-certificats\/\" title=\"Read Equival\u00e8ncies entre certificats\">Llegeix m\u00e9s\u00bb<\/a><\/p>\n","protected":false},"author":1,"featured_media":0,"parent":9114,"menu_order":4,"comment_status":"closed","ping_status":"closed","template":"page-templates\/side-menu.php","meta":{"_bbp_topic_count":0,"_bbp_reply_count":0,"_bbp_total_topic_count":0,"_bbp_total_reply_count":0,"_bbp_voice_count":0,"_bbp_anonymous_reply_count":0,"_bbp_topic_count_hidden":0,"_bbp_reply_count_hidden":0,"_bbp_forum_subforum_count":0,"footnotes":""},"class_list":["post-9123","page","type-page","status-publish","hentry"],"post_mailing_queue_ids":[],"_links":{"self":[{"href":"https:\/\/agora-eoi.xtec.cat\/eoisabadell\/wp-json\/wp\/v2\/pages\/9123","targetHints":{"allow":["GET"]}}],"collection":[{"href":"https:\/\/agora-eoi.xtec.cat\/eoisabadell\/wp-json\/wp\/v2\/pages"}],"about":[{"href":"https:\/\/agora-eoi.xtec.cat\/eoisabadell\/wp-json\/wp\/v2\/types\/page"}],"author":[{"embeddable":true,"href":"https:\/\/agora-eoi.xtec.cat\/eoisabadell\/wp-json\/wp\/v2\/users\/1"}],"replies":[{"embeddable":true,"href":"https:\/\/agora-eoi.xtec.cat\/eoisabadell\/wp-json\/wp\/v2\/comments?post=9123"}],"version-history":[{"count":3,"href":"https:\/\/agora-eoi.xtec.cat\/eoisabadell\/wp-json\/wp\/v2\/pages\/9123\/revisions"}],"predecessor-version":[{"id":16235,"href":"https:\/\/agora-eoi.xtec.cat\/eoisabadell\/wp-json\/wp\/v2\/pages\/9123\/revisions\/16235"}],"up":[{"embeddable":true,"href":"https:\/\/agora-eoi.xtec.cat\/eoisabadell\/wp-json\/wp\/v2\/pages\/9114"}],"wp:attachment":[{"href":"https:\/\/agora-eoi.xtec.cat\/eoisabadell\/wp-json\/wp\/v2\/media?parent=9123"}],"curies":[{"name":"wp","href":"https:\/\/api.w.org\/{rel}","templated":true}]}}