{"id":9071,"date":"2016-12-16T01:07:19","date_gmt":"2016-12-16T00:07:19","guid":{"rendered":"http:\/\/agora-eoi.xtec.cat\/eoisabadell\/?page_id=9071"},"modified":"2024-09-29T20:53:52","modified_gmt":"2024-09-29T18:53:52","slug":"enllacos-dinteres","status":"publish","type":"page","link":"https:\/\/agora-eoi.xtec.cat\/eoisabadell\/angles-2\/enllacos-dinteres\/","title":{"rendered":"Enlla\u00e7os d&#8217;inter\u00e8s"},"content":{"rendered":"<p>Practiqueu els diversos nivells d&#8217;angl\u00e8s amb:<\/p>\n<p>Tamb\u00e9 teniu enlla\u00e7os d&#8217;inter\u00e8s a la nostra <a href=\"http:\/\/eoisabadell.wordpress.com\/angles\/\">p\u00e0gina de pr\u00e0ctiques<\/a><\/p>\n<p><a href=\"https:\/\/educacio.gencat.cat\/ca\/serveis-tramits\/proves\/proves-lliures-obtencio-titols\/convocat-ordinaria-idiomes\/mostres-proves\/angles\/\">Mostres d&#8217;examen de nivells intermedi (B1 i B2) i avan\u00e7at (C1 i C2)<\/a><\/p>\n<p><a href=\"http:\/\/www.ngllife.com\/\">An exciting six-level series that makes learning English an exploration of the world.<\/a><\/p>\n","protected":false},"excerpt":{"rendered":"<p>Practiqueu els diversos nivells d&#8217;angl\u00e8s amb:<br \/>\nTamb\u00e9 teniu enlla\u00e7os d&#8217;inter\u00e8s a la nostra <a href=\"http:\/\/eoisabadell.wordpress.com\/angles\/\">p\u00e0gina de pr\u00e0ctiques<\/a><br \/>\n<a href=\"https:\/\/educacio.gencat.cat\/ca\/serveis-tramits\/proves\/proves-lliures-obtencio-titols\/convocat-ordinaria-idiomes\/mostres-proves\/angles\/\">Mostres d&#8217;examen de nivells intermedi (B1 i B2) i avan\u00e7at (C1 i C2)<\/a><br \/>\n<a href=\"http:\/\/www.ngllife.com\/\">An exciting six-level series that makes learning English an exploration of the world.<\/a><\/p>\n","protected":false},"author":1,"featured_media":0,"parent":9066,"menu_order":5,"comment_status":"closed","ping_status":"closed","template":"page-templates\/side-menu.php","meta":{"_bbp_topic_count":0,"_bbp_reply_count":0,"_bbp_total_topic_count":0,"_bbp_total_reply_count":0,"_bbp_voice_count":0,"_bbp_anonymous_reply_count":0,"_bbp_topic_count_hidden":0,"_bbp_reply_count_hidden":0,"_bbp_forum_subforum_count":0,"footnotes":""},"class_list":["post-9071","page","type-page","status-publish","hentry"],"post_mailing_queue_ids":[],"_links":{"self":[{"href":"https:\/\/agora-eoi.xtec.cat\/eoisabadell\/wp-json\/wp\/v2\/pages\/9071","targetHints":{"allow":["GET"]}}],"collection":[{"href":"https:\/\/agora-eoi.xtec.cat\/eoisabadell\/wp-json\/wp\/v2\/pages"}],"about":[{"href":"https:\/\/agora-eoi.xtec.cat\/eoisabadell\/wp-json\/wp\/v2\/types\/page"}],"author":[{"embeddable":true,"href":"https:\/\/agora-eoi.xtec.cat\/eoisabadell\/wp-json\/wp\/v2\/users\/1"}],"replies":[{"embeddable":true,"href":"https:\/\/agora-eoi.xtec.cat\/eoisabadell\/wp-json\/wp\/v2\/comments?post=9071"}],"version-history":[{"count":3,"href":"https:\/\/agora-eoi.xtec.cat\/eoisabadell\/wp-json\/wp\/v2\/pages\/9071\/revisions"}],"predecessor-version":[{"id":17238,"href":"https:\/\/agora-eoi.xtec.cat\/eoisabadell\/wp-json\/wp\/v2\/pages\/9071\/revisions\/17238"}],"up":[{"embeddable":true,"href":"https:\/\/agora-eoi.xtec.cat\/eoisabadell\/wp-json\/wp\/v2\/pages\/9066"}],"wp:attachment":[{"href":"https:\/\/agora-eoi.xtec.cat\/eoisabadell\/wp-json\/wp\/v2\/media?parent=9071"}],"curies":[{"name":"wp","href":"https:\/\/api.w.org\/{rel}","templated":true}]}}