{"id":9001,"date":"2016-11-16T01:35:22","date_gmt":"2016-11-16T00:35:22","guid":{"rendered":"http:\/\/agora-eoi.xtec.cat\/eoisabadell\/?page_id=9001"},"modified":"2023-09-28T14:52:50","modified_gmt":"2023-09-28T12:52:50","slug":"biblioteca","status":"publish","type":"page","link":"https:\/\/agora-eoi.xtec.cat\/eoisabadell\/altres-serveis\/biblioteca\/","title":{"rendered":"Biblioteca"},"content":{"rendered":"<p><a href=\"http:\/\/agora-eoi.xtec.cat\/eoisabadell\/wp-content\/uploads\/usu2240\/2016\/11\/IMG_20161026_182707.jpg\"><img loading=\"lazy\" decoding=\"async\" class=\" wp-image-9161 aligncenter\" src=\"http:\/\/agora-eoi.xtec.cat\/eoisabadell\/wp-content\/uploads\/usu2240\/2016\/11\/IMG_20161026_182707.jpg\" alt=\"img_20161026_182707\" width=\"486\" height=\"292\" srcset=\"https:\/\/agora-eoi.xtec.cat\/eoisabadell\/wp-content\/uploads\/usu2240\/2016\/11\/IMG_20161026_182707.jpg 800w, https:\/\/agora-eoi.xtec.cat\/eoisabadell\/wp-content\/uploads\/usu2240\/2016\/11\/IMG_20161026_182707-300x180.jpg 300w, https:\/\/agora-eoi.xtec.cat\/eoisabadell\/wp-content\/uploads\/usu2240\/2016\/11\/IMG_20161026_182707-768x462.jpg 768w\" sizes=\"auto, (max-width: 486px) 100vw, 486px\" \/><\/a><\/p>\n<p>La Biblioteca de l\u2019Escola Oficial\u00a0d&#8217;Idiomes\u00a0de Sabadell \u00e9s un servei adre\u00e7at a totes les persones adscrites a l\u2019escola (alumnat, personal docent, PAS i altres). T\u00e9 un fons bibliogr\u00e0fic especialitzat en temes de llengua, literatura i cultura dels idiomes impartits al centre, en did\u00e0ctica i metodologia i, en general, en l\u2019aprenentatge de lleng\u00fces estrangeres. En aquest sentit, els materials de qu\u00e8 disposa s\u00f3n amplis i variats: llibres, revistes, diaris, v\u00eddeos, DVD&#8217;s, i CD&#8217;s i, en general, tot all\u00f2 relacionat amb l\u2019ensenyament-aprenentatge\u00a0d&#8217;una\u00a0llengua. El fons bibliogr\u00e0fic actual \u00e9s\u00a0d&#8217;uns\u00a08.000 volums i 2.500 de material audiovisual.<\/p>\n<h5>Consulta i classificaci\u00f3 dels llibres de la nostra biblioteca (CDU)<\/h5>\n<p>Podeu\u00a0<a href=\"https:\/\/aplicacions.gestioeducativa.gencat.cat\/epergam\/web\/biblioteca.jsp?codi=08044636\" target=\"_blank\" rel=\"noopener noreferrer\">consultar\u00a0el nostre cat\u00e0leg<\/a> tenint en compte el codi de classificaci\u00f3 (CDU) que est\u00e0 especificat en <a href=\"http:\/\/agora-eoi.xtec.cat\/eoisabadell\/altres-serveis\/biblioteca\/classificacio-de-llibres-de-la-biblioteca\/\">aquest\u00a0document<\/a>.<\/p>\n<h5>NOU Horari d&#8217;atenci\u00f3 a l&#8217;usuari i sala d&#8217;estudi curs 2023-2024<\/h5>\n<p><strong>Horari Sala d&#8217;estudis: <\/strong>de dilluns a dijous (divendres tancat):<\/p>\n<ul>\n<li style=\"list-style-type: none;\">\n<ul>\n<li><span style=\"font-weight: 400;\">matins: 9:00-14:30h<\/span><\/li>\n<li>tardes: 15:30-20:15h<\/li>\n<\/ul>\n<\/li>\n<\/ul>\n<p><strong>Horari i Calendari Servei de pr\u00e9stec: <\/strong>de <span style=\"text-decoration: underline;\">dilluns a dijous, tardes: 16:15 &#8211; 20:15h<\/span> (divendres tancat) fins el <span style=\"text-decoration: underline;\">30 de juny<\/span>.<\/p>\n<p>ATENCI\u00d3:<\/p>\n<ul style=\"list-style-type: square;\">\n<li>En cas que la <strong>biblioteca estigui tancada, la devoluci\u00f3 del material en pr\u00e9stec es far\u00e0 a <span style=\"text-decoration: underline;\">Secretaria<\/span><\/strong>, durant l\u2019horari de secretaria (de dilluns a dijous, matins<span style=\"font-family: inherit; font-size: 1em;\"> 9:45 a 13:00h. i tardes d<\/span><span style=\"font-family: inherit; font-size: 1em;\">e 15:45 a 19:00h.).<\/span><\/li>\n<li>A partir del 30 de juny, el retorn del material s&#8217;haur\u00e0 de fer a la consergeria, a l&#8217;entrada de l&#8217;escola, fins la tercera setmana de juliol, en horari de mat\u00ed (de 9h a 13:30h).<\/li>\n<\/ul>\n<p>Contacta amb nosaltres:\u00a0<a href=\"mailto:biblioteca@eoisabadell.cat\">biblioteca@eoisabadell.cat<\/a><\/p>\n<h5>Normativa servei de pr\u00e9stec domiciliari<\/h5>\n<p>Segueix el criteri seg\u00fcent:<\/p>\n<ul>\n<li><strong>Matins<\/strong>: dirigiu-vos a Secretaria. <strong>Tardes (16:15-20:15h.)<\/strong>: dirigiu-vos a la bibliotec\u00e0ria. Llegiu apartat anterior per al calendari de pr\u00e9stec i retorn de material.<\/li>\n<li>\u00c9s un servei gratu\u00eft.<\/li>\n<li>Es pot disposar de tres llibres alhora, per un termini de 15 dies, prorrogables segons el cas.<\/li>\n<li>En el cas de pr\u00e9stec de DVDs, se\u2019n podr\u00e0 treure nom\u00e9s 1 cada vegada, i el termini de retorn ser\u00e0 d&#8217;una setmana.<\/li>\n<li>Queda excl\u00f2s de pr\u00e9stec el material normalment considerat de consulta i el material d\u2019autoaprenentatge.<\/li>\n<li>En el cas de p\u00e8rdua, deteriorament o no retorn del material prestat, l\u2019usuari haur\u00e0 de fer efectiu a l\u2019escola l\u2019import d\u2019aquest material.<\/li>\n<\/ul>\n<p><strong><a id=\"NORMATIVA\"><\/a>NORMATIVA D&#8217;\u00daS DE LA BIBLIOTECA<br \/>\n<\/strong><\/p>\n<ul>\n<li>Respecteu el silenci.<\/li>\n<li>No es pot menjar ni beure.<\/li>\n<li>Silencieu els tel\u00e8fons m\u00f2bils i no parleu-hi.<\/li>\n<li>Poseu el material utilitzat a la safata corresponent, no tornar-lo als prestatges.<\/li>\n<li>Utilitzeu amb cura el fons documental i els equipaments del centre.<\/li>\n<\/ul>\n","protected":false},"excerpt":{"rendered":"<p><a href=\"http:\/\/agora-eoi.xtec.cat\/eoisabadell\/wp-content\/uploads\/usu2240\/2016\/11\/IMG_20161026_182707.jpg\"><\/a><br \/>\nLa Biblioteca de l\u2019Escola Oficial\u00a0d&#8217;Idiomes\u00a0de Sabadell \u00e9s un servei adre\u00e7at a totes les persones adscrites a l\u2019escola (alumnat, personal docent, PAS i altres). T\u00e9 un fons bibliogr\u00e0fic especialitzat en temes de llengua, literatura i cultura dels idiomes impartits al centre, en did\u00e0ctica i metodologia&hellip;  <a href=\"https:\/\/agora-eoi.xtec.cat\/eoisabadell\/altres-serveis\/biblioteca\/\" title=\"Read Biblioteca\">Llegeix m\u00e9s\u00bb<\/a><\/p>\n","protected":false},"author":1,"featured_media":0,"parent":8996,"menu_order":2,"comment_status":"closed","ping_status":"closed","template":"","meta":{"_bbp_topic_count":0,"_bbp_reply_count":0,"_bbp_total_topic_count":0,"_bbp_total_reply_count":0,"_bbp_voice_count":0,"_bbp_anonymous_reply_count":0,"_bbp_topic_count_hidden":0,"_bbp_reply_count_hidden":0,"_bbp_forum_subforum_count":0,"footnotes":""},"class_list":["post-9001","page","type-page","status-publish","hentry"],"post_mailing_queue_ids":[],"_links":{"self":[{"href":"https:\/\/agora-eoi.xtec.cat\/eoisabadell\/wp-json\/wp\/v2\/pages\/9001","targetHints":{"allow":["GET"]}}],"collection":[{"href":"https:\/\/agora-eoi.xtec.cat\/eoisabadell\/wp-json\/wp\/v2\/pages"}],"about":[{"href":"https:\/\/agora-eoi.xtec.cat\/eoisabadell\/wp-json\/wp\/v2\/types\/page"}],"author":[{"embeddable":true,"href":"https:\/\/agora-eoi.xtec.cat\/eoisabadell\/wp-json\/wp\/v2\/users\/1"}],"replies":[{"embeddable":true,"href":"https:\/\/agora-eoi.xtec.cat\/eoisabadell\/wp-json\/wp\/v2\/comments?post=9001"}],"version-history":[{"count":4,"href":"https:\/\/agora-eoi.xtec.cat\/eoisabadell\/wp-json\/wp\/v2\/pages\/9001\/revisions"}],"predecessor-version":[{"id":16391,"href":"https:\/\/agora-eoi.xtec.cat\/eoisabadell\/wp-json\/wp\/v2\/pages\/9001\/revisions\/16391"}],"up":[{"embeddable":true,"href":"https:\/\/agora-eoi.xtec.cat\/eoisabadell\/wp-json\/wp\/v2\/pages\/8996"}],"wp:attachment":[{"href":"https:\/\/agora-eoi.xtec.cat\/eoisabadell\/wp-json\/wp\/v2\/media?parent=9001"}],"curies":[{"name":"wp","href":"https:\/\/api.w.org\/{rel}","templated":true}]}}