{"id":8952,"date":"2016-11-15T18:27:38","date_gmt":"2016-11-15T17:27:38","guid":{"rendered":"http:\/\/agora-eoi.xtec.cat\/eoisabadell\/?page_id=8952"},"modified":"2020-06-28T23:55:27","modified_gmt":"2020-06-28T21:55:27","slug":"certificats","status":"publish","type":"page","link":"https:\/\/agora-eoi.xtec.cat\/eoisabadell\/departament-dalumnat\/certificats\/","title":{"rendered":"Certificats"},"content":{"rendered":"<h3 id=\"sites-page-title-header\" align=\"left\"><span id=\"sites-page-title\" dir=\"ltr\" tabindex=\"-1\">Sol\u00b7licitud de certificat<\/span><\/h3>\n<h4 style=\"text-align: center;\"><span style=\"color: #ff0000;\"><strong>L&#8217;escola no expedir\u00e0 cap certificat d&#8217;aquest curs ni de cursos anteriors fins l&#8217;octubre.<\/strong><\/span><\/h4>\n<p>Podeu agilitar la sol\u00b7licitud de certificat dels estudis realitzats en aquesta escola (o si us heu presentat a un examen en aquesta EOI com a candidats\/es lliures) fent-nos arribar un correu electr\u00f2nic a <a href=\"mailto:secretaria@eoisabadell.cat\">secretaria@eoisabadell.cat<\/a> que contingui aquestes dades:<\/p>\n<p>Dades personals:<br \/>\n&#8211; nom i cognoms<br \/>\n&#8211; n\u00famero de DNI \/ NIE \/ PassaportDades acad\u00e8miques:<br \/>\n&#8211; any acad\u00e8mic en qu\u00e8 vau realitzar els estudis<br \/>\n&#8211; idioma i nivell<br \/>\n&#8211; grup o nom del professor\/a<\/p>\n<p>Idioma del redactat:<br \/>\n&#8211; catal\u00e0 o castell\u00e0<\/p>\n<p>Tipus de certificat:<\/p>\n<ol>\n<li>Certificaci\u00f3 acad\u00e8mica oficial: cont\u00e9 tots els estudis i ex\u00e0mens<\/li>\n<li>Per a la convalidaci\u00f3 de cr\u00e8dits universitaris: hi consten les hores lectives i la nota num\u00e8rica<\/li>\n<li>Certificat de matr\u00edcula amb horari<\/li>\n<li>Certificat de matr\u00edcula amb imports pagats<\/li>\n<li>Certificat d&#8217;equival\u00e8ncia en hores d&#8217;un curs \/ examen<\/li>\n<li>Certificat d&#8217;equival\u00e8ncia als nivells del Marc europeu de refer\u00e8ncia<\/li>\n<li>Certificat d&#8217;equival\u00e8ncia als certificats de Pol\u00edtica Ling\u00fc\u00edstica (nom\u00e9s per a l&#8217;alumnat oficial de catal\u00e0)<\/li>\n<li>Duplicat del certificat de nivell intermedi (abans &#8220;elemental&#8221;) o nivell b\u00e0sic<\/li>\n<\/ol>\n<p>Recollida: quan estigui confeccionat i signat us avisarem de quan podeu passar a buscar-lo (podeu autoritzar una altra persona). La recollida sempre es fa de forma presencial al Departament d&#8217;alumnat d&#8217;aquesta EOI (abans de venir, recomanem que consulteu el nostre horari d&#8217;atenci\u00f3 al p\u00fablic a la p\u00e0gina d&#8217;inici)<\/p>\n","protected":false},"excerpt":{"rendered":"<p>Sol\u00b7licitud de certificat<br \/>\nL&#8217;escola no expedir\u00e0 cap certificat d&#8217;aquest curs ni de cursos anteriors fins l&#8217;octubre.<br \/>\nPodeu agilitar la sol\u00b7licitud de certificat dels estudis realitzats en aquesta escola (o si us heu presentat a un examen en aquesta EOI com a candidats\/es lliures) fent-nos arribar un correu&hellip;  <a href=\"https:\/\/agora-eoi.xtec.cat\/eoisabadell\/departament-dalumnat\/certificats\/\" title=\"Read Certificats\">Llegeix m\u00e9s\u00bb<\/a><\/p>\n","protected":false},"author":1,"featured_media":0,"parent":8954,"menu_order":1,"comment_status":"closed","ping_status":"closed","template":"page-templates\/side-menu.php","meta":{"_bbp_topic_count":0,"_bbp_reply_count":0,"_bbp_total_topic_count":0,"_bbp_total_reply_count":0,"_bbp_voice_count":0,"_bbp_anonymous_reply_count":0,"_bbp_topic_count_hidden":0,"_bbp_reply_count_hidden":0,"_bbp_forum_subforum_count":0,"footnotes":""},"class_list":["post-8952","page","type-page","status-publish","hentry"],"post_mailing_queue_ids":[],"_links":{"self":[{"href":"https:\/\/agora-eoi.xtec.cat\/eoisabadell\/wp-json\/wp\/v2\/pages\/8952","targetHints":{"allow":["GET"]}}],"collection":[{"href":"https:\/\/agora-eoi.xtec.cat\/eoisabadell\/wp-json\/wp\/v2\/pages"}],"about":[{"href":"https:\/\/agora-eoi.xtec.cat\/eoisabadell\/wp-json\/wp\/v2\/types\/page"}],"author":[{"embeddable":true,"href":"https:\/\/agora-eoi.xtec.cat\/eoisabadell\/wp-json\/wp\/v2\/users\/1"}],"replies":[{"embeddable":true,"href":"https:\/\/agora-eoi.xtec.cat\/eoisabadell\/wp-json\/wp\/v2\/comments?post=8952"}],"version-history":[{"count":3,"href":"https:\/\/agora-eoi.xtec.cat\/eoisabadell\/wp-json\/wp\/v2\/pages\/8952\/revisions"}],"predecessor-version":[{"id":12679,"href":"https:\/\/agora-eoi.xtec.cat\/eoisabadell\/wp-json\/wp\/v2\/pages\/8952\/revisions\/12679"}],"up":[{"embeddable":true,"href":"https:\/\/agora-eoi.xtec.cat\/eoisabadell\/wp-json\/wp\/v2\/pages\/8954"}],"wp:attachment":[{"href":"https:\/\/agora-eoi.xtec.cat\/eoisabadell\/wp-json\/wp\/v2\/media?parent=8952"}],"curies":[{"name":"wp","href":"https:\/\/api.w.org\/{rel}","templated":true}]}}