{"id":8915,"date":"2016-11-09T18:44:43","date_gmt":"2016-11-09T17:44:43","guid":{"rendered":"http:\/\/agora-eoi.xtec.cat\/eoisabadell\/?page_id=8915"},"modified":"2020-11-16T18:12:26","modified_gmt":"2020-11-16T17:12:26","slug":"informacio","status":"publish","type":"page","link":"https:\/\/agora-eoi.xtec.cat\/eoisabadell\/informacio\/","title":{"rendered":"Informaci\u00f3"},"content":{"rendered":"<p>Les <strong>Escoles Oficials d&#8217;Idiomes<\/strong> s\u00f3n centres p\u00fablics d&#8217;ensenyament d&#8217;idiomes moderns en l&#8217;\u00e0mbit no universitari, adre\u00e7ats a adults i que depenen del Departament d&#8217;Ensenyament de la Generalitat de Catalunya.<\/p>\n","protected":false},"excerpt":{"rendered":"<p>Les Escoles Oficials d&#8217;Idiomes s\u00f3n centres p\u00fablics d&#8217;ensenyament d&#8217;idiomes moderns en l&#8217;\u00e0mbit no universitari, adre\u00e7ats a adults i que depenen del Departament d&#8217;Ensenyament de la Generalitat de Catalunya.<\/p>\n","protected":false},"author":1,"featured_media":0,"parent":0,"menu_order":0,"comment_status":"closed","ping_status":"closed","template":"page-templates\/side-menu.php","meta":{"_bbp_topic_count":0,"_bbp_reply_count":0,"_bbp_total_topic_count":0,"_bbp_total_reply_count":0,"_bbp_voice_count":0,"_bbp_anonymous_reply_count":0,"_bbp_topic_count_hidden":0,"_bbp_reply_count_hidden":0,"_bbp_forum_subforum_count":0,"footnotes":""},"class_list":["post-8915","page","type-page","status-publish","hentry"],"post_mailing_queue_ids":[],"_links":{"self":[{"href":"https:\/\/agora-eoi.xtec.cat\/eoisabadell\/wp-json\/wp\/v2\/pages\/8915","targetHints":{"allow":["GET"]}}],"collection":[{"href":"https:\/\/agora-eoi.xtec.cat\/eoisabadell\/wp-json\/wp\/v2\/pages"}],"about":[{"href":"https:\/\/agora-eoi.xtec.cat\/eoisabadell\/wp-json\/wp\/v2\/types\/page"}],"author":[{"embeddable":true,"href":"https:\/\/agora-eoi.xtec.cat\/eoisabadell\/wp-json\/wp\/v2\/users\/1"}],"replies":[{"embeddable":true,"href":"https:\/\/agora-eoi.xtec.cat\/eoisabadell\/wp-json\/wp\/v2\/comments?post=8915"}],"version-history":[{"count":3,"href":"https:\/\/agora-eoi.xtec.cat\/eoisabadell\/wp-json\/wp\/v2\/pages\/8915\/revisions"}],"predecessor-version":[{"id":13203,"href":"https:\/\/agora-eoi.xtec.cat\/eoisabadell\/wp-json\/wp\/v2\/pages\/8915\/revisions\/13203"}],"wp:attachment":[{"href":"https:\/\/agora-eoi.xtec.cat\/eoisabadell\/wp-json\/wp\/v2\/media?parent=8915"}],"curies":[{"name":"wp","href":"https:\/\/api.w.org\/{rel}","templated":true}]}}