{"id":8900,"date":"2016-11-09T18:16:17","date_gmt":"2016-11-09T17:16:17","guid":{"rendered":"http:\/\/agora-eoi.xtec.cat\/eoisabadell\/?page_id=8900"},"modified":"2021-05-26T20:11:10","modified_gmt":"2021-05-26T18:11:10","slug":"n-o-f-c","status":"publish","type":"page","link":"https:\/\/agora-eoi.xtec.cat\/eoisabadell\/informacio\/n-o-f-c\/","title":{"rendered":"N.O.F.C."},"content":{"rendered":"<p>Les Normes d\u2019Organitzaci\u00f3 i Funcionament de Centre regulen tots els aspectes que la legislaci\u00f3 deixa oberts perqu\u00e8 els centres puguin ordenar-los. Cliqueu al seg\u00fcent enlla\u00e7 per accedir al document: <a href=\"http:\/\/agora-eoi.xtec.cat\/eoisabadell\/wp-content\/uploads\/usu2240\/2016\/11\/NOFC-2018-07-30.pdf\" target=\"_blank\" rel=\"noopener noreferrer\">NOFC 2018-07-30<\/a><\/p>\n<p>&nbsp;<\/p>\n","protected":false},"excerpt":{"rendered":"<p>Les Normes d\u2019Organitzaci\u00f3 i Funcionament de Centre regulen tots els aspectes que la legislaci\u00f3 deixa oberts perqu\u00e8 els centres puguin ordenar-los. Cliqueu al seg\u00fcent enlla\u00e7 per accedir al document: <a href=\"http:\/\/agora-eoi.xtec.cat\/eoisabadell\/wp-content\/uploads\/usu2240\/2016\/11\/NOFC-2018-07-30.pdf\" target=\"_blank\" rel=\"noopener noreferrer\">NOFC 2018-07-30<\/a><br \/>\n&nbsp;<\/p>\n","protected":false},"author":1,"featured_media":0,"parent":8915,"menu_order":9,"comment_status":"closed","ping_status":"closed","template":"page-templates\/side-menu.php","meta":{"_bbp_topic_count":0,"_bbp_reply_count":0,"_bbp_total_topic_count":0,"_bbp_total_reply_count":0,"_bbp_voice_count":0,"_bbp_anonymous_reply_count":0,"_bbp_topic_count_hidden":0,"_bbp_reply_count_hidden":0,"_bbp_forum_subforum_count":0,"footnotes":""},"class_list":["post-8900","page","type-page","status-publish","hentry"],"post_mailing_queue_ids":[],"_links":{"self":[{"href":"https:\/\/agora-eoi.xtec.cat\/eoisabadell\/wp-json\/wp\/v2\/pages\/8900","targetHints":{"allow":["GET"]}}],"collection":[{"href":"https:\/\/agora-eoi.xtec.cat\/eoisabadell\/wp-json\/wp\/v2\/pages"}],"about":[{"href":"https:\/\/agora-eoi.xtec.cat\/eoisabadell\/wp-json\/wp\/v2\/types\/page"}],"author":[{"embeddable":true,"href":"https:\/\/agora-eoi.xtec.cat\/eoisabadell\/wp-json\/wp\/v2\/users\/1"}],"replies":[{"embeddable":true,"href":"https:\/\/agora-eoi.xtec.cat\/eoisabadell\/wp-json\/wp\/v2\/comments?post=8900"}],"version-history":[{"count":4,"href":"https:\/\/agora-eoi.xtec.cat\/eoisabadell\/wp-json\/wp\/v2\/pages\/8900\/revisions"}],"predecessor-version":[{"id":13566,"href":"https:\/\/agora-eoi.xtec.cat\/eoisabadell\/wp-json\/wp\/v2\/pages\/8900\/revisions\/13566"}],"up":[{"embeddable":true,"href":"https:\/\/agora-eoi.xtec.cat\/eoisabadell\/wp-json\/wp\/v2\/pages\/8915"}],"wp:attachment":[{"href":"https:\/\/agora-eoi.xtec.cat\/eoisabadell\/wp-json\/wp\/v2\/media?parent=8900"}],"curies":[{"name":"wp","href":"https:\/\/api.w.org\/{rel}","templated":true}]}}