{"id":8898,"date":"2016-11-09T18:15:22","date_gmt":"2016-11-09T17:15:22","guid":{"rendered":"http:\/\/agora-eoi.xtec.cat\/eoisabadell\/?page_id=8898"},"modified":"2025-07-08T13:55:33","modified_gmt":"2025-07-08T11:55:33","slug":"preguntes-frequents","status":"publish","type":"page","link":"https:\/\/agora-eoi.xtec.cat\/eoisabadell\/informacio\/preguntes-frequents\/","title":{"rendered":"Preguntes freq\u00fcents"},"content":{"rendered":"<h5>1. Com s&#8217;organitzen els estudis a l&#8217;EOI?<\/h5>\n<table style=\"height: 309px; width: 53.3547%;\" width=\"726\">\n<tbody>\n<tr style=\"height: 32px;\">\n<td style=\"width: 181px; height: 32px;\"><strong>NIVELL<\/strong><\/td>\n<td style=\"width: 214px; height: 32px;\"><strong>CURSOS<\/strong><\/td>\n<td style=\"width: 321px; height: 32px;\"><strong>CERTIFICACI\u00d3<\/strong><\/td>\n<\/tr>\n<tr style=\"height: 72px;\">\n<td style=\"width: 181px; height: 72px;\">Nivell B\u00e0sic<\/td>\n<td style=\"width: 214px; height: 72px;\">A1 (1r)<\/p>\n<p>A2 (2n)<\/td>\n<td style=\"width: 321px; height: 72px;\">&nbsp;<\/p>\n<p>Certificat de Nivell B\u00e0sic A2<\/td>\n<\/tr>\n<tr>\n<td style=\"width: 181px;\">Nivell Intermedi B1<\/td>\n<td style=\"width: 214px;\">B1 (3r)<\/td>\n<td style=\"width: 321px;\">Certificat de Nivell Intermedi B1<\/td>\n<\/tr>\n<tr style=\"height: 109px;\">\n<td style=\"width: 181px; height: 109px;\">Nivell Intermedi B2<\/td>\n<td style=\"width: 214px; height: 109px;\">B2.1 (4t)<\/p>\n<p>B2.2 (5\u00e8)<\/td>\n<td style=\"width: 321px; height: 109px;\">Certificat de Nivell Intermedi B2<\/td>\n<\/tr>\n<tr>\n<td style=\"width: 181px;\">Nivell Avan\u00e7at C1<\/td>\n<td style=\"width: 214px;\">C1 (6\u00e8)<\/td>\n<td style=\"width: 321px;\">Certificat de Nivell Avan\u00e7at C1<\/td>\n<\/tr>\n<tr style=\"height: 96px;\">\n<td style=\"width: 181px; height: 96px;\">Nivell Avan\u00e7at C2<\/td>\n<td style=\"width: 214px; height: 96px;\">C2.1 (7\u00e8, nom\u00e9s angl\u00e8s a partir del curs 2021-22)<\/p>\n<p>C2.2 (8\u00e8, nom\u00e9s angl\u00e8s a partir del curs 2022-23)<\/p>\n<p>C2 (nom\u00e9s catal\u00e0)<\/td>\n<td style=\"width: 321px; height: 96px;\">&nbsp;<\/p>\n<p>&nbsp;<\/p>\n<p>Certificat de Nivell\u00a0 Avan\u00e7at C2<\/p>\n<p>&nbsp;<\/td>\n<\/tr>\n<\/tbody>\n<\/table>\n<p><a href=\"https:\/\/xtec.gencat.cat\/ca\/curriculum\/idiomes-a-les-eoi\/curriculum\/\">Aqu\u00ed<\/a> trobareu els curr\u00edculums de cada nivell i llengua.<\/p>\n<h5>2.\u00a0 Quina \u00e9s la durada dels cursos?<\/h5>\n<p>La durada dels cursos de l&#8217;EOI de Sabadell \u00e9s:<\/p>\n<ul>\n<li>oficials: 130 hores lectives (com a m\u00ednim).<\/li>\n<li>preparaci\u00f3 de certificat B2 i C1 d&#8217;angl\u00e8s: 30 hores<\/li>\n<li>especials d&#8217;estiu:\u00a0 60 hores lectives.<\/li>\n<\/ul>\n<p>A l&#8217;EOI de Sabadell <strong>els cursos oficials comencen al finals de setembre i finalitzen a mitjans maig<\/strong>. Altres EOIs fan cursos oficials en modalitat intensiva (d&#8217;octubre a gener i de febrer a maig); consulteu l&#8217;<a href=\"https:\/\/triaeducativa.gencat.cat\/ca\/idiomes\/\" target=\"_blank\" rel=\"noopener\">oferta educativa<\/a> de l&#8217;idioma que us interessa.<\/p>\n<h5>3.\u00a0 Preu del curs?<\/h5>\n<p><a href=\"http:\/\/ensenyament.gencat.cat\/ca\/departament\/normativa\/taxes-preus-publics\/taxes\/\">Taxes<\/a> i <a href=\"http:\/\/ensenyament.gencat.cat\/ca\/departament\/normativa\/taxes-preus-publics\/preu-public\/\">preus p\u00fablics<\/a> per aquest curs 2025-26 s\u00f3n els seg\u00fcents (els llibres van a part):<\/p>\n<table style=\"width: 90.7892%;\">\n<tbody>\n<tr style=\"height: 33px;\">\n<td style=\"width: 20.3214%; height: 33px;\"><strong>MATR\u00cdCULA<\/strong><\/td>\n<td style=\"width: 32.6186%; height: 33px;\" colspan=\"2\">\n<h4><strong>Nivells B1, B2.1 i B2.2 (<span style=\"text-decoration: underline;\">TAXES<\/span>, <a href=\"https:\/\/portaldogc.gencat.cat\/utilsEADOP\/PDF\/8155\/1799333.pdf\">Ordre EDU 80\/2020<\/a>)<br \/>\n<\/strong><\/h4>\n<\/td>\n<td style=\"width: 36.3331%; height: 33px;\" colspan=\"2\">\n<h4><strong>Nivells A1, A2, C1 i C2\/C2.1\/C2.2<\/strong><strong> (<span style=\"text-decoration: underline;\">PREUS P\u00daBLICS<\/span>, <a href=\"http:\/\/cido.diba.cat\/legislacio\/10658692\/ordre-edu1552020-de-18-de-setembre-per-la-qual-se-suprimeixen-es-creen-i-sactualitzen-els-preus-publics-i-els-imports-de-determinats-ensenyaments-i-serveis-docents-de-les-escoles-oficials-didiomes-del-departament-deducacio-departament-deducacio\">Ordre ENS\/155\/2020<\/a> i\u00a0 <a href=\"https:\/\/dogc.gencat.cat\/ca\/document-del-dogc\/?documentId=902034\">114\/2021<\/a>)<br \/>\n<\/strong><\/h4>\n<\/td>\n<\/tr>\n<tr style=\"height: 33px;\">\n<td style=\"width: 20.3214%; height: 33px;\"><\/td>\n<td style=\"width: 15.3014%; height: 33px; text-align: center;\"><strong>Matr\u00edcula ordin\u00e0ria<\/strong><\/td>\n<td style=\"width: 17.3172%; height: 33px; text-align: center;\"><strong>Bonificaci\u00f3 50%<\/strong><\/td>\n<td style=\"width: 17.5475%; height: 33px; text-align: center;\"><strong>Matr\u00edcula ordin\u00e0ria<\/strong><\/td>\n<td style=\"width: 18.7856%; height: 33px; text-align: center;\"><strong>Bonificaci\u00f3 50%<\/strong><\/td>\n<\/tr>\n<tr style=\"height: 33px;\">\n<td style=\"width: 20.3214%; height: 33px; text-align: center;\"><strong>1a Matr\u00edcula<\/strong><\/td>\n<td style=\"width: 15.3014%; height: 33px; text-align: center;\">297,60 \u20ac<\/td>\n<td style=\"width: 17.3172%; height: 33px; text-align: center;\">148,80 \u20ac<\/td>\n<td style=\"width: 17.5475%; height: 33px; text-align: center;\">275\u20ac<\/td>\n<td style=\"width: 18.7856%; height: 33px; text-align: center;\">137,50 \u20ac<\/td>\n<\/tr>\n<tr style=\"height: 33px;\">\n<td style=\"width: 20.3214%; height: 33px; text-align: center;\"><em>* Material<\/em><\/td>\n<td style=\"width: 15.3014%; height: 33px; text-align: center;\"><em>30\u20ac<\/em><\/td>\n<td style=\"width: 17.3172%; height: 33px; text-align: center;\"><em>15\u20ac<\/em><\/td>\n<td style=\"width: 17.5475%; height: 33px; text-align: center;\">30\u20ac<\/td>\n<td style=\"width: 18.7856%; height: 33px; text-align: center;\"><em>15\u20ac<\/em><\/td>\n<\/tr>\n<tr style=\"height: 33px;\">\n<td style=\"width: 20.3214%; text-align: center; height: 33px;\">\n<h5><strong>TOTAL<\/strong><\/h5>\n<\/td>\n<td style=\"width: 15.3014%; text-align: center; height: 33px;\">\n<h5><strong>327,60\u20ac<\/strong><\/h5>\n<\/td>\n<td style=\"width: 17.3172%; text-align: center; height: 33px;\">\n<h5><strong>163,80\u20ac<\/strong><\/h5>\n<\/td>\n<td style=\"width: 17.5475%; text-align: center; height: 33px;\">\n<h5><strong>305\u20ac<\/strong><\/h5>\n<\/td>\n<td style=\"width: 18.7856%; text-align: center; height: 33px;\">\n<h5><strong>152,50\u20ac<\/strong><\/h5>\n<\/td>\n<\/tr>\n<tr style=\"height: 33px;\">\n<td style=\"width: 20.3214%; height: 33px; text-align: center;\"><strong>2a Matr\u00edcula (=repetidor\/a)<br \/>\n<\/strong><\/td>\n<td style=\"width: 15.3014%; height: 33px; text-align: center;\">386,880 \u20ac<\/td>\n<td style=\"width: 17.3172%; height: 33px; text-align: center;\">193,44 \u20ac<\/td>\n<td style=\"width: 17.5475%; height: 33px; text-align: center;\">357,50\u20ac<\/td>\n<td style=\"width: 18.7856%; height: 33px; text-align: center;\">178,75 \u20ac<\/td>\n<\/tr>\n<tr style=\"height: 33px;\">\n<td style=\"width: 20.3214%; height: 33px; text-align: center;\"><em>* Material<\/em><\/td>\n<td style=\"width: 15.3014%; height: 33px; text-align: center;\"><em>39\u20ac<\/em><\/td>\n<td style=\"width: 17.3172%; height: 33px; text-align: center;\"><em>19,50\u20ac<\/em><\/td>\n<td style=\"width: 17.5475%; height: 33px; text-align: center;\">39\u20ac<\/td>\n<td style=\"width: 18.7856%; height: 33px; text-align: center;\">19,50\u20ac<\/td>\n<\/tr>\n<tr style=\"height: 33px;\">\n<td style=\"width: 20.3214%; text-align: center; height: 33px;\">\n<h5><strong>TOTAL<\/strong><\/h5>\n<\/td>\n<td style=\"width: 15.3014%; text-align: center; height: 33px;\">\n<h5><strong>425,88<\/strong><em><strong>0\u20ac<\/strong><\/em><\/h5>\n<\/td>\n<td style=\"width: 17.3172%; text-align: center; height: 33px;\">\n<h5><strong>212,94\u20ac<\/strong><\/h5>\n<\/td>\n<td style=\"width: 17.5475%; text-align: center; height: 33px;\">\n<h5><strong>396,50\u20ac<\/strong><\/h5>\n<\/td>\n<td style=\"width: 18.7856%; text-align: center; height: 33px;\">\n<h5><strong>198,25\u20ac<\/strong><\/h5>\n<\/td>\n<\/tr>\n<tr style=\"height: 87px;\">\n<td style=\"width: 20.3214%; height: 87px; text-align: center;\"><strong>3a Matr\u00edcula (=tripitidor\/a)<\/strong>(subjecta a aprovaci\u00f3 per Cap d&#8217;Estudis o Secretaria, segons el cas)<\/td>\n<td style=\"width: 15.3014%; height: 87px; text-align: center;\">535,68 \u20ac<\/td>\n<td style=\"width: 17.3172%; height: 87px; text-align: center;\">267,84\u20ac<\/td>\n<td style=\"width: 17.5475%; height: 87px; text-align: center;\">495\u20ac<\/td>\n<td style=\"width: 18.7856%; height: 87px; text-align: center;\">247,50 \u20ac<\/td>\n<\/tr>\n<tr style=\"height: 14px;\">\n<td style=\"width: 20.3214%; height: 14px;\">\n<p style=\"text-align: center;\"><em>* Material<\/em><\/p>\n<\/td>\n<td style=\"width: 15.3014%; height: 14px; text-align: center;\">54\u20ac<\/td>\n<td style=\"width: 17.3172%; height: 14px; text-align: center;\">27\u20ac<\/td>\n<td style=\"width: 17.5475%; height: 14px; text-align: center;\">54\u20ac<\/td>\n<td style=\"width: 18.7856%; height: 14px; text-align: center;\">27\u20ac<\/td>\n<\/tr>\n<tr style=\"height: 48px;\">\n<td style=\"width: 20.3214%; text-align: center; height: 48px;\">\n<h5><strong>TOTAL<\/strong><\/h5>\n<\/td>\n<td style=\"width: 15.3014%; height: 48px; text-align: center;\">\n<h5><strong>589,68\u20ac<\/strong><\/h5>\n<\/td>\n<td style=\"width: 17.3172%; height: 48px; text-align: center;\">\n<h5><strong>294,84\u20ac<\/strong><\/h5>\n<\/td>\n<td style=\"width: 17.5475%; height: 48px; text-align: center;\">\n<h5><strong>549\u20ac<\/strong><\/h5>\n<\/td>\n<td style=\"width: 18.7856%; height: 48px; text-align: center;\">\n<h5><strong>274,50\u20ac<\/strong><\/h5>\n<\/td>\n<\/tr>\n<tr style=\"height: 33px;\">\n<td style=\"width: 20.3214%; height: 33px;\"><\/td>\n<td style=\"width: 32.6186%; height: 33px;\" colspan=\"2\"><strong>Bonificacions o exempcions<\/strong> de taxes.\u00a0<a href=\"http:\/\/ensenyament.gencat.cat\/ca\/departament\/normativa\/taxes-preus-publics\/taxes\/\">Cliqueu aqu\u00ed &gt;&gt;<\/a><\/td>\n<td style=\"width: 36.3331%; height: 33px;\" colspan=\"2\"><strong>Bonificacions o exempcions<\/strong> de preus p\u00fablics.\u00a0<a href=\"http:\/\/ensenyament.gencat.cat\/ca\/departament\/normativa\/taxes-preus-publics\/preu-public\/\">Cliqueu aqu\u00ed &gt;&gt;<\/a><\/td>\n<\/tr>\n<tr style=\"height: 113px;\">\n<td style=\"width: 20.3214%; height: 113px;\"><span style=\"color: #0000ff;\"><strong>Per a tots el nivells, a part de l\u2019import de matr\u00edcula<\/strong><\/span><\/td>\n<td style=\"width: 68.9517%; height: 113px;\" colspan=\"4\"><em>(*) El pagament dels <strong>30\u20ac per acc\u00e9s a la plataforma i materials did\u00e0ctics \u00e9s obligatori<\/strong>, per\u00f2 est\u00e0 subjecte a les bonificacions i\/o exempcions dels preus p\u00fablics, ja que t\u00e9 la categoria de <strong>preu p\u00fablic (llibres no inclosos)<\/strong> &#8211;<a href=\"https:\/\/dogc.gencat.cat\/ca\/document-del-dogc\/?documentId=902034\" target=\"_blank\" rel=\"noopener noreferrer\">Ordre EDU\/114\/2021<\/a>&#8211; Aix\u00f2 pot comportar pagar 15\u20ac si es gaudeix d&#8217;una bonificaci\u00f3 del 50% o 0\u20ac si es tracta d&#8217;una exempci\u00f3. Tamb\u00e9, d&#8217;acord amb l&#8217;<a href=\"https:\/\/portaldogc.gencat.cat\/utilsEADOP\/PDF\/8230\/1813076.pdf\" target=\"_blank\" rel=\"noopener noreferrer\">Ordre EDU\/155\/2020<\/a>, s&#8217;aplicaran les penalitzacions per segona i tercera matr\u00edcula en aquest\u00a0 servei (coeficient d&#8217;1,3 a l&#8217;import previst en la segona matr\u00edcula -39\u20ac- i coeficient d&#8217;1,8 a l&#8217;import previst en la tercera matr\u00edcula -54\u20ac).<\/em><\/td>\n<\/tr>\n<\/tbody>\n<\/table>\n<p>Per als preus del curs d&#8217;estiu podeu consultar l&#8217;apartat &#8220;Cursos d&#8217;estiu&#8221; del desplegable CURSOS ESPECIALS del nostre web.<\/p>\n<h5>4.\u00a0 I les taxes per a alumnes de matr\u00edcula lliure?<\/h5>\n<p>Consulteu la web oficial <a href=\"http:\/\/ensenyament.gencat.cat\/ca\/departament\/normativa\/taxes-preus-publics\/taxes\/\">aqu\u00ed<\/a><\/p>\n<h5>5.\u00a0 Hi ha convocat\u00f2ria d&#8217;ex\u00e0mens lliures a l&#8217;EOI de Sabadell?<\/h5>\n<p><span style=\"text-decoration: underline;\">Febrer<\/span>:\u00a0 Convocat\u00f2ria extraordin\u00e0ria dels certificat de Nivell Avan\u00e7at C1 i C2 d&#8217;angl\u00e8s i C2 de catal\u00e0 (inscripcions i tota la informaci\u00f3 al <a href=\"https:\/\/educacio.gencat.cat\/ca\/serveis-tramits\/proves\/proves-lliures-obtencio-titols\/convocat-extraord-idiomes\/\">web de la Generalitat)<\/a><\/p>\n<p><span style=\"text-decoration: underline;\">Juny<\/span>: Convocat\u00f2ria ordin\u00e0ria dels certificats de Nivell Intermedi B1 i de Nivell Intermedi B2 d&#8217;alemany, angl\u00e8s i franc\u00e8s, de Nivell Avan\u00e7at C1 d&#8217;angl\u00e8s i franc\u00e8s i de Nivell Avan\u00e7at C2 d&#8217;angl\u00e8s i catal\u00e0 (inscripcions i tota la resta d&#8217;informaci\u00f3 al<a href=\"https:\/\/educacio.gencat.cat\/ca\/serveis-tramits\/proves\/proves-lliures-obtencio-titols\/convocat-ordinaria-idiomes\/\"> web de la Generalitat<\/a>)<\/p>\n<h5>6.\u00a0 Horaris?<\/h5>\n<p>Es poden escollir diferents franges hor\u00e0ries de dues hores i quart de durada (2h15m), en dies alterns, o nom\u00e9s un dia a la setmana si es tracta dels cursos semipresencials.<\/p>\n<p><strong>Com funciona un curs semipresencial? <\/strong>Tindr\u00e0s\u00a0<strong>una classe presencial de 2h15m a la setmana<\/strong> i pel que fa a la segona classe de la setmana, hi haur\u00e0 <strong>activitats disponibilitzades pel professor\/a a la plataforma virtual<\/strong>\u00a0(e.g. comprensi\u00f3 lectora, oral, etc) que es poden fer quan li vagi b\u00e9 a l\u2019alumne\/a o s\u2019han de lliurar en el termini fixat pel docent.\u00a0<strong>NO es tracta d\u2019una videotrucada online ni enregistrada. Els cursos 100% presencials i semipresencials tenen el mateix preu p\u00fablic o taxa.<\/strong><br \/>\n<a href=\"https:\/\/agora-eoi.xtec.cat\/eoisabadell\/horaris-de-classe\/\">Horaris de classe del curs acutal<\/a><\/p>\n<p>Cursos especials: teniu la informaci\u00f3 sobre aquest punt a l&#8217;apartat &#8220;Cursos especials&#8221; del nostre web: <a href=\"https:\/\/agora-eoi.xtec.cat\/eoisabadell\/cursos-especials-dhivern\/\">Cursos especials d&#8217;hivern<\/a> i <a href=\"https:\/\/agora-eoi.xtec.cat\/eoisabadell\/cursos-intensius-destiu-2021\/\">Cursos intensius d&#8217;estiu.<\/a><\/p>\n<h5>7. Els estudis cursats a l&#8217;EOI tenen reconeixement com a cr\u00e8dits a les carreres universit\u00e0ries?<\/h5>\n<p>Algunes universitats catalanes reconeixen els cursos oficials (i de vegades tamb\u00e9 els cursos d&#8217;estiu) com a cr\u00e8dits de lliure elecci\u00f3. Per a m\u00e9s informaci\u00f3 cal adre\u00e7ar-se a la secretaria de la vostra universitat. Sovint demanen un certificat amb el nombre d&#8217;hores i la nota num\u00e8rica (sobre 10 o sobre 100), que haureu de demanar al Departament d&#8217;Alumnat de l&#8217;EOI per presentar a la secretaria de la vostra facultat.<\/p>\n<h5>8. Acc\u00e9s directe a un nivell durant el proc\u00e9s de preinscripci\u00f3<\/h5>\n<p>Consulteu les <a href=\"https:\/\/cido.diba.cat\/legislacio\/11853124\/resolucio-edu17142021-de-3-de-juny-dactualitzacio-de-titols-diplomes-i-certificats-dacreditacio-de-la-competencia-en-llengues-estrangeres-en-lambit-del-departament-deducacio-departament-deducacio\" target=\"_blank\" rel=\"noopener\">taules d&#8217;equival\u00e8ncies per angl\u00e8s, alemany i franc\u00e8s<\/a>. i l<a href=\"https:\/\/portaljuridic.gencat.cat\/ca\/document-del-pjur\/?documentId=501140&amp;traceability=01&amp;language=ca\" target=\"_blank\" rel=\"noopener\">&#8216;ORDRE VCP 491\/2009<\/a> de 21 de novembre, per a les equival\u00e8ncies de <strong>catal\u00e0<\/strong>.<\/p>\n","protected":false},"excerpt":{"rendered":"<p>1. Com s&#8217;organitzen els estudis a l&#8217;EOI?<\/p>\n<p>NIVELL<br \/>\nCURSOS<br \/>\nCERTIFICACI\u00d3<\/p>\n<p>Nivell B\u00e0sic<br \/>\nA1 (1r)<br \/>\nA2 (2n)<br \/>\n&nbsp;<br \/>\nCertificat de Nivell B\u00e0sic A2<\/p>\n<p>Nivell Intermedi B1<br \/>\nB1 (3r)<br \/>\nCertificat de Nivell Intermedi B1<\/p>\n<p>Nivell Intermedi B2<br \/>\nB2.1 (4t)<br \/>\nB2.2 (5\u00e8)<br \/>\nCertificat de Nivell Intermedi B2<\/p>\n<p>Nivell Avan\u00e7at C1<br \/>\nC1 (6\u00e8)<br \/>\nCertificat de Nivell Avan\u00e7at C1<\/p>\n<p>Nivell Avan\u00e7at C2<br \/>\nC2.1 (7\u00e8, nom\u00e9s angl\u00e8s a partir del curs&hellip;  <a href=\"https:\/\/agora-eoi.xtec.cat\/eoisabadell\/informacio\/preguntes-frequents\/\" title=\"Read Preguntes freq\u00fcents\">Llegeix m\u00e9s\u00bb<\/a><\/p>\n","protected":false},"author":1,"featured_media":0,"parent":8915,"menu_order":8,"comment_status":"closed","ping_status":"closed","template":"page-templates\/side-menu.php","meta":{"_bbp_topic_count":0,"_bbp_reply_count":0,"_bbp_total_topic_count":0,"_bbp_total_reply_count":0,"_bbp_voice_count":0,"_bbp_anonymous_reply_count":0,"_bbp_topic_count_hidden":0,"_bbp_reply_count_hidden":0,"_bbp_forum_subforum_count":0,"footnotes":""},"class_list":["post-8898","page","type-page","status-publish","hentry"],"post_mailing_queue_ids":[],"_links":{"self":[{"href":"https:\/\/agora-eoi.xtec.cat\/eoisabadell\/wp-json\/wp\/v2\/pages\/8898","targetHints":{"allow":["GET"]}}],"collection":[{"href":"https:\/\/agora-eoi.xtec.cat\/eoisabadell\/wp-json\/wp\/v2\/pages"}],"about":[{"href":"https:\/\/agora-eoi.xtec.cat\/eoisabadell\/wp-json\/wp\/v2\/types\/page"}],"author":[{"embeddable":true,"href":"https:\/\/agora-eoi.xtec.cat\/eoisabadell\/wp-json\/wp\/v2\/users\/1"}],"replies":[{"embeddable":true,"href":"https:\/\/agora-eoi.xtec.cat\/eoisabadell\/wp-json\/wp\/v2\/comments?post=8898"}],"version-history":[{"count":6,"href":"https:\/\/agora-eoi.xtec.cat\/eoisabadell\/wp-json\/wp\/v2\/pages\/8898\/revisions"}],"predecessor-version":[{"id":17959,"href":"https:\/\/agora-eoi.xtec.cat\/eoisabadell\/wp-json\/wp\/v2\/pages\/8898\/revisions\/17959"}],"up":[{"embeddable":true,"href":"https:\/\/agora-eoi.xtec.cat\/eoisabadell\/wp-json\/wp\/v2\/pages\/8915"}],"wp:attachment":[{"href":"https:\/\/agora-eoi.xtec.cat\/eoisabadell\/wp-json\/wp\/v2\/media?parent=8898"}],"curies":[{"name":"wp","href":"https:\/\/api.w.org\/{rel}","templated":true}]}}