{"id":8896,"date":"2016-11-09T18:11:14","date_gmt":"2016-11-09T17:11:14","guid":{"rendered":"http:\/\/agora-eoi.xtec.cat\/eoisabadell\/?page_id=8896"},"modified":"2024-07-05T14:00:34","modified_gmt":"2024-07-05T12:00:34","slug":"normativa-de-lalumnat","status":"publish","type":"page","link":"https:\/\/agora-eoi.xtec.cat\/eoisabadell\/informacio\/documentacio\/normativa-de-lalumnat\/","title":{"rendered":"Normativa de l&#8217;alumnat"},"content":{"rendered":"<p><span style=\"color: #ff6600;\"><strong>A. NORMES ADMINISTRATIVES<\/strong><\/span><\/p>\n<ol>\n<li><strong><u>REQUISITS D\u2019ACC\u00c9S<\/u><\/strong><\/li>\n<\/ol>\n<p>Per a ingressar com a alumne\/a a l&#8217;escola, cal tenir 16 anys fets abans del 31 de desembre de l&#8217;any acad\u00e8mic o 14 per seguir els ensenyaments d&#8217;un idioma diferent del cursat en l&#8217;educaci\u00f3 secund\u00e0ria. En aquest cas, l&#8217;alumne\/a haur\u00e0 d&#8217;<strong>adjuntar a l&#8217;aplicaci\u00f3 de preinscripci\u00f3, dintre del termini<\/strong> especificat, <strong>un certificat del seu institut on consta l&#8217;idioma cursat com a primera llengua estrangera<\/strong>. La manca d&#8217;aquest document exclou el\/la interessat\/da del sorteig de places i d&#8217;optar la llista d&#8217;espera ja que el seu resultat \u00e9s <strong>NO ADM\u00c8S<\/strong>.<\/p>\n<p><span style=\"text-decoration: underline;\"><strong>2. PREINSCRIPCI\u00d3 I MATRICULACI\u00d3<\/strong><\/span><\/p>\n<p>Per con\u00e8ixer el proc\u00e9s i les dates de matriculaci\u00f3, consulteu el nostre apartat de Secretaria\/Matriculaci\u00f3:<\/p>\n<ul>\n<li><a href=\"https:\/\/agora-eoi.xtec.cat\/eoisabadell\/departament-dalumnat\/matricula\/antics-alumnes\/\">Matriculaci\u00f3 antic alumnat<\/a><\/li>\n<li><a href=\"https:\/\/agora-eoi.xtec.cat\/eoisabadell\/departament-dalumnat\/matricula\/nous-alumnes\/\">Matriculaci\u00f3 nou alumnat<\/a><\/li>\n<\/ul>\n<table style=\"width: 839px; height: 355px;\" width=\"871\">\n<tbody>\n<tr style=\"height: 379px;\">\n<td style=\"width: 833px; height: 379px;\"><strong>MATR\u00cdCULA D&#8217;ACTUALITZACI\u00d3<\/strong><\/p>\n<p>Aquelles persones que ja han cursat i superat amb anterioritat cursos de les EOI que condueixen a l&#8217;obtenci\u00f3 d&#8217;un certificat i que desitgin actualitzar coneixements, podran sol\u00b7licitar matr\u00edcula a l&#8217;\u00faltim curs realitzat o a qualsevol dels cursos inferiors, sempre i quan hagin transcorregut 2 cursos des de l&#8217;obtenci\u00f3 del certificat. <strong>Per exemple<\/strong>, si vas aprovar el nivell B2.1 el juny de 2020 (curs 2019-2020), el proper curs 2022-2023 (ja han passat dos cursos, el 2020-2021 i el 2021-2022) pots demanar una matr\u00edcula d\u2019actualitzaci\u00f3 en el mateix nivell B2.1, en el B1, A2 i fins i tot en l\u2019A1!<\/p>\n<p>Les persones interessades s&#8217;hauran de matricular, en cas de vacants, al final de tot el procediment de matr\u00edcula (\u00faltima setmana de setembre l&#8217;any en curs).<\/p>\n<p>Aquest tipus de matr\u00edcula no t\u00e9 efectes acad\u00e8mics ni d\u00f3na lloc a una certificaci\u00f3 oficial.<\/p>\n<p>L&#8217;alumnat pot sol\u00b7licitar un certificat d&#8217;actualitzaci\u00f3 al centre on estigui matriculat, per\u00f2 no una nova expedici\u00f3 del certificat obtingut anteriorment.<\/p>\n<p>Pel que fa al preu del servei, aquest alumnat pagar\u00e0 la taxa o preu p\u00fablic corresponent, sense penalitzaci\u00f3 per repetici\u00f3. Tamb\u00e9 tenen dret a la devoluci\u00f3 de l&#8217;import de la matr\u00edcula els docents acollits al pla PIA+.<\/p>\n<p>No es pot simultanejar una matr\u00edcula ordin\u00e0ria i una d&#8217;actualitzaci\u00f3 del mateix idioma durant el mateix curs acad\u00e8mic.<\/td>\n<\/tr>\n<\/tbody>\n<\/table>\n<p><strong><u>3. TR\u00c0MITS ADMINISTRATIUS (CANVIS DE GRUP, SOL\u00b7LICITUD CERTIFICATS, TRASLLATS D&#8217;EXPEDIENT&#8230;)<\/u><\/strong><\/p>\n<p>Per a qualsevol tr\u00e0mit administratiu, consulteu dates i procediment al nostre apartat de <a href=\"https:\/\/agora-eoi.xtec.cat\/eoisabadell\/departament-dalumnat\/tramits\/\">Secretaria\/Tr\u00e0mits<\/a>.<\/p>\n<p>Si teniu qualsevol dubte, envieu un correu a <a href=\"secretaria@eoisabadell.cat\">secretaria@eoisabadell.cat.<\/a><\/p>\n<p>&nbsp;<\/p>\n<p><span style=\"color: #ff6600;\"><strong>B. NORMES ACAD\u00c8MIQUES<\/strong><\/span><\/p>\n<p><strong><u>1. L\u2019ASSIST\u00c8NCIA<\/u><\/strong><\/p>\n<p><strong>L&#8217;assist\u00e8ncia es considera absolutament necess\u00e0ria<\/strong> per al bon aprofitament individual, de grup i per a una adequada avaluaci\u00f3 de l&#8217;alumne\/a. Els alumnes tenen el deure d&#8217;assistir regularment a classe. En cas d&#8217;abs\u00e8ncies superiors al 35% del temps lectiu, encara que siguin justificades, l&#8217;alumne\/a \u00a0no podr\u00e0 ser avaluat\/da de forma cont\u00ednua, i nom\u00e9s podr\u00e0 ser avaluat\/da mitjan\u00e7ant una prova final.<\/p>\n<p><strong>L&#8217;escola no comunicar\u00e0 personalment, als pares\/tutors, les faltes dels <u>alumnes menors,<\/u> per\u00f2 es podran consultar a trav\u00e9s de l\u2019aplicatiu Centrosnet a partir del dia 10 de cada mes.<\/strong><\/p>\n<p><strong><u>2. AVALUACI\u00d3<\/u><\/strong><\/p>\n<p><strong>2.1.<\/strong> L&#8217;avaluaci\u00f3 de l&#8217;aprenentatge dels alumnes ser\u00e0 cont\u00ednua i sistem\u00e0tica. Hi haur\u00e0 un intercanvi d&#8217;informaci\u00f3 sobre el proc\u00e9s d&#8217;aprenentatge entre professorat i alumnat. Es valorar\u00e0 l&#8217;assist\u00e8ncia a classe, la participaci\u00f3 en les activitats proposades, la realitzaci\u00f3 de les tasques encomanades per fer a casa i el resultat de les proves peri\u00f2diques que es programin. Cada departament oferir\u00e0 informaci\u00f3 a l&#8217;alumnat sobre el procediment necessari per superar el curs. A B1, a B2.2, a C1, C2.2 (angl\u00e8s) i a C2 (catal\u00e0)<strong>,<\/strong> per obtenir-hi la nota d&#8217;<strong>Apte\/a<\/strong>, tots els alumnes hauran de presentar-se a les proves de Certificat (<strong>Nivell Intermedi B1<\/strong>, <strong>Intermedi B2 o\u00a0 Avan\u00e7at\u00a0\u00a0C1 i Avan\u00e7at C2<\/strong>) que es convocaran a final de curs i superar-les.<\/p>\n<p><strong>2.2 <\/strong>\u00a0Aquells alumnes que hagin perdut el dret a ser avaluats de manera cont\u00ednua hauran de presentar-se a l&#8217;\u00fanica convocat\u00f2ria anual d&#8217;ex\u00e0mens finals que es realitzaran durant els mesos de maig o juny.<\/p>\n<p><strong>2.3.<\/strong> Els alumnes que no aconsegueixin aprovar amb l&#8217;avaluaci\u00f3 cont\u00ednua podran presentar-se a aquest examen final.<\/p>\n<p><strong>2.4.<\/strong> <strong>Molt important: <\/strong>a les Escoles Oficials d&#8217;Idiomes, el <strong>percentatge<\/strong> per aconseguir l&#8217;<strong>aprovat <\/strong>\u00e9s de <strong>65 per 100<\/strong>. Aix\u00f2 vol dir que <strong>no<\/strong> es podr\u00e0 considerar<strong> aprovat <\/strong>qui aconsegueixi <strong>menys de 6&#8217;5 sobre 10 a la nota final <\/strong>de curs.<\/p>\n<p><strong>NOVETAT: a partir del curs 2019\/2020, ser\u00e0 requisit indispensable per aprovar obtenir un m\u00ednim de 50% a totes les destreses per als cursos de certificat (B1, B2.2, C1 i C2.2)<br \/>\n<\/strong><\/p>\n<p><strong><u>3. RECLAMACI\u00d3 SOBRE LA QUALIFICACI\u00d3<\/u><\/strong><\/p>\n<p><strong>3.1. Alumnes d&#8217;A1, A2, B2.1 i C2.1(angl\u00e8s)<br \/>\n<\/strong><\/p>\n<p>En cas de no estar d&#8217;acord amb la qualificaci\u00f3 obtinguda a l&#8217;examen final, l&#8217;alumne\/a s&#8217;adre\u00e7ar\u00e0 en primer lloc al\/la professor\/a. En cas de desacord, podr\u00e0 demanar que el Cap de departament revisi l&#8217;examen conjuntament amb el\/la professor\/a. Finalment, en cas de no arribar a una entesa, podr\u00e0 presentar una sol\u00b7licitud al\/la Cap d&#8217;estudis, durant el per\u00edode de reclamacions. En cas de considerar la reclamaci\u00f3 procedent, el\/la Cap d&#8217;estudis nomenar\u00e0 una comissi\u00f3, integrada per professorat del departament, perqu\u00e8 revisi l&#8217;examen i ratifiqui o rectifiqui la qualificaci\u00f3.<\/p>\n<div>La decisi\u00f3 ser\u00e0 comunicada a la persona interessada pel\/per la Cap d\u2019estudis durant la primera setmana de juliol.<\/div>\n<p>&nbsp;<\/p>\n<p><strong>3.2. Alumnes de B1, B2.2, <\/strong><strong>C1, C2 i C2.2 (angl\u00e8s)<br \/>\n<\/strong><\/p>\n<p>En aquests casos, les reclamacions s&#8217;hauran de tramitar segons la normativa publicada a la convocat\u00f2ria corresponent pel <strong>Departament d&#8217;Educaci\u00f3.<\/strong><\/p>\n<p><strong><u>4. REPETICIONS DE CURS<\/u><\/strong><\/p>\n<p>Consulteu en <a href=\"https:\/\/agora-eoi.xtec.cat\/eoisabadell\/convocatoria-adicional-3a-matricula-dun-curs\/\" target=\"_blank\" rel=\"noopener\">aquest enlla\u00e7<\/a> les vegades que es pot repetir un curs i com sol\u00b7licitar la convocat\u00f2ria addicional.<\/p>\n","protected":false},"excerpt":{"rendered":"<p>A. NORMES ADMINISTRATIVES<\/p>\n<ol>\n<li>REQUISITS D\u2019ACC\u00c9S<\/li>\n<\/ol>\n<p>Per a ingressar com a alumne\/a a l&#8217;escola, cal tenir 16 anys fets abans del 31 de desembre de l&#8217;any acad\u00e8mic o 14 per seguir els ensenyaments d&#8217;un idioma diferent del cursat en l&#8217;educaci\u00f3 secund\u00e0ria. En aquest cas, l&#8217;alumne\/a haur\u00e0 d&#8217;adjuntar a&hellip;  <a href=\"https:\/\/agora-eoi.xtec.cat\/eoisabadell\/informacio\/documentacio\/normativa-de-lalumnat\/\" title=\"Read Normativa de l&#8217;alumnat\">Llegeix m\u00e9s\u00bb<\/a><\/p>\n","protected":false},"author":1,"featured_media":0,"parent":9305,"menu_order":3,"comment_status":"closed","ping_status":"closed","template":"","meta":{"_bbp_topic_count":0,"_bbp_reply_count":0,"_bbp_total_topic_count":0,"_bbp_total_reply_count":0,"_bbp_voice_count":0,"_bbp_anonymous_reply_count":0,"_bbp_topic_count_hidden":0,"_bbp_reply_count_hidden":0,"_bbp_forum_subforum_count":0,"footnotes":""},"class_list":["post-8896","page","type-page","status-publish","hentry"],"post_mailing_queue_ids":[],"_links":{"self":[{"href":"https:\/\/agora-eoi.xtec.cat\/eoisabadell\/wp-json\/wp\/v2\/pages\/8896","targetHints":{"allow":["GET"]}}],"collection":[{"href":"https:\/\/agora-eoi.xtec.cat\/eoisabadell\/wp-json\/wp\/v2\/pages"}],"about":[{"href":"https:\/\/agora-eoi.xtec.cat\/eoisabadell\/wp-json\/wp\/v2\/types\/page"}],"author":[{"embeddable":true,"href":"https:\/\/agora-eoi.xtec.cat\/eoisabadell\/wp-json\/wp\/v2\/users\/1"}],"replies":[{"embeddable":true,"href":"https:\/\/agora-eoi.xtec.cat\/eoisabadell\/wp-json\/wp\/v2\/comments?post=8896"}],"version-history":[{"count":4,"href":"https:\/\/agora-eoi.xtec.cat\/eoisabadell\/wp-json\/wp\/v2\/pages\/8896\/revisions"}],"predecessor-version":[{"id":17122,"href":"https:\/\/agora-eoi.xtec.cat\/eoisabadell\/wp-json\/wp\/v2\/pages\/8896\/revisions\/17122"}],"up":[{"embeddable":true,"href":"https:\/\/agora-eoi.xtec.cat\/eoisabadell\/wp-json\/wp\/v2\/pages\/9305"}],"wp:attachment":[{"href":"https:\/\/agora-eoi.xtec.cat\/eoisabadell\/wp-json\/wp\/v2\/media?parent=8896"}],"curies":[{"name":"wp","href":"https:\/\/api.w.org\/{rel}","templated":true}]}}