{"id":8872,"date":"2016-11-09T16:51:09","date_gmt":"2016-11-09T15:51:09","guid":{"rendered":"http:\/\/agora-eoi.xtec.cat\/eoisabadell\/?page_id=8872"},"modified":"2022-10-11T22:58:03","modified_gmt":"2022-10-11T20:58:03","slug":"qui-som","status":"publish","type":"page","link":"https:\/\/agora-eoi.xtec.cat\/eoisabadell\/qui-som\/","title":{"rendered":"Qui som"},"content":{"rendered":"<p>Les <strong>Escoles Oficials d&#8217;Idiomes<\/strong>\u00a0s\u00f3n centres p\u00fablics d&#8217;ensenyament d&#8217;idiomes moderns a nivell no universitari, destinats a adults i que depenen del Departament d&#8217;Educaci\u00f3 de la Generalitat de Catalunya.<\/p>\n<p>Actualment, l&#8217;Escola Oficial d&#8217;Idiomes de Sabadell imparteix els idiomes seg\u00fcents:\u00a0angl\u00e8s, franc\u00e8s, alemany\u00a0i\u00a0catal\u00e0.<\/p>\n<p>L&#8217;ordenaci\u00f3 dels cursos segons la LOMCE (Reial decret 1041\/2017) \u00e9s la seg\u00fcent:<\/p>\n<table style=\"height: 120px;\" width=\"729\">\n<tbody>\n<tr>\n<td style=\"width: 183px;\">NIVELL<\/td>\n<td style=\"width: 215px;\">CURSOS<\/td>\n<td style=\"width: 321px;\">CERTIFICACI\u00d3<\/td>\n<\/tr>\n<tr>\n<td style=\"width: 183px;\">Nivell B\u00e0sic<\/td>\n<td style=\"width: 215px;\">A1 (1r)<\/p>\n<p>A2 (2n)<\/td>\n<td style=\"width: 321px;\">Certificat de Nivell B\u00e0sic A2<\/td>\n<\/tr>\n<tr>\n<td style=\"width: 183px;\">Nivell Intermedi B1<\/td>\n<td style=\"width: 215px;\">B1 (3r)<\/td>\n<td style=\"width: 321px;\">Certificat de Nivell Intermedi B1<\/td>\n<\/tr>\n<tr>\n<td style=\"width: 183px;\">Nivell Intermedi B2<\/td>\n<td style=\"width: 215px;\">B2.1 (4t)<\/p>\n<p>B2.2 (5\u00e8)<\/td>\n<td style=\"width: 321px;\">&nbsp;<\/p>\n<p>Certificat de Nivell Intermedi B2<\/td>\n<\/tr>\n<tr>\n<td style=\"width: 183px;\">Nivell Avan\u00e7at C1<\/td>\n<td style=\"width: 215px;\">C1 (6\u00e8)<\/td>\n<td style=\"width: 321px;\">Certificat de Nivell Avan\u00e7at C1<\/td>\n<\/tr>\n<tr>\n<td style=\"width: 183px;\">Nivell Avan\u00e7at<\/td>\n<td style=\"width: 215px;\">C2.1 (7\u00e8, nom\u00e9s angl\u00e8s a partir del curs 2021-2022)<\/p>\n<p>C2.2 (8\u00e8, nom\u00e8s angl\u00e8s, a partir del curs 2022-2023)<\/p>\n<p>C2 (nom\u00e9s catal\u00e0)<\/td>\n<td style=\"width: 321px;\">Certificat de Nivell\u00a0 Avan\u00e7at C2<\/td>\n<\/tr>\n<\/tbody>\n<\/table>\n<p>Cada curs t\u00e9 una durada m\u00ednima de 130 hores.<\/p>\n<p>El pla d&#8217;estudis de les EOI t\u00e9 com a finalitat desenvolupar la capacitat de l&#8217;alumnat en l&#8217;\u00fas efectiu de l&#8217;idioma com a vehicle de comunicaci\u00f3 general. Per assolir aquesta finalitat, a les EOI es treballa per tal que l&#8217;alumnat:<\/p>\n<ul>\n<li>Adquireixi les habilitats b\u00e0siques receptives i productives, tant del llenguatge oral com de l&#8217;escrit.<\/li>\n<li>Desenvolupi estrat\u00e8gies comunicatives en diferents \u00e0rees de comunicaci\u00f3.<\/li>\n<li>Desenvolupi estrat\u00e8gies per a l&#8217;aprenentatge aut\u00f2nom i continu de lleng\u00fces que puguin facilitar l&#8217;\u00fas\u00a0de l&#8217;idioma en l&#8217;exercici d&#8217;activitats professionals i en altres \u00e0mbits de la cultura o d&#8217;inter\u00e8s personal.<\/li>\n<li>Desenvolupi actituds positives envers la diversitat ling\u00fc\u00edstica i el pluralisme cultural del m\u00f3n actual.<\/li>\n<\/ul>\n","protected":false},"excerpt":{"rendered":"<p>Les Escoles Oficials d&#8217;Idiomes\u00a0s\u00f3n centres p\u00fablics d&#8217;ensenyament d&#8217;idiomes moderns a nivell no universitari, destinats a adults i que depenen del Departament d&#8217;Educaci\u00f3 de la Generalitat de Catalunya.<br \/>\nActualment, l&#8217;Escola Oficial d&#8217;Idiomes de Sabadell imparteix els idiomes seg\u00fcents:\u00a0angl\u00e8s, franc\u00e8s, alemany\u00a0i\u00a0catal\u00e0.<br \/>\nL&#8217;ordenaci\u00f3 dels cursos segons la LOMCE (Reial decret&hellip;  <a href=\"https:\/\/agora-eoi.xtec.cat\/eoisabadell\/qui-som\/\" title=\"Read Qui som\">Llegeix m\u00e9s\u00bb<\/a><\/p>\n","protected":false},"author":1,"featured_media":0,"parent":0,"menu_order":1,"comment_status":"closed","ping_status":"closed","template":"","meta":{"_bbp_topic_count":0,"_bbp_reply_count":0,"_bbp_total_topic_count":0,"_bbp_total_reply_count":0,"_bbp_voice_count":0,"_bbp_anonymous_reply_count":0,"_bbp_topic_count_hidden":0,"_bbp_reply_count_hidden":0,"_bbp_forum_subforum_count":0,"footnotes":""},"class_list":["post-8872","page","type-page","status-publish","hentry"],"post_mailing_queue_ids":[],"_links":{"self":[{"href":"https:\/\/agora-eoi.xtec.cat\/eoisabadell\/wp-json\/wp\/v2\/pages\/8872","targetHints":{"allow":["GET"]}}],"collection":[{"href":"https:\/\/agora-eoi.xtec.cat\/eoisabadell\/wp-json\/wp\/v2\/pages"}],"about":[{"href":"https:\/\/agora-eoi.xtec.cat\/eoisabadell\/wp-json\/wp\/v2\/types\/page"}],"author":[{"embeddable":true,"href":"https:\/\/agora-eoi.xtec.cat\/eoisabadell\/wp-json\/wp\/v2\/users\/1"}],"replies":[{"embeddable":true,"href":"https:\/\/agora-eoi.xtec.cat\/eoisabadell\/wp-json\/wp\/v2\/comments?post=8872"}],"version-history":[{"count":4,"href":"https:\/\/agora-eoi.xtec.cat\/eoisabadell\/wp-json\/wp\/v2\/pages\/8872\/revisions"}],"predecessor-version":[{"id":15338,"href":"https:\/\/agora-eoi.xtec.cat\/eoisabadell\/wp-json\/wp\/v2\/pages\/8872\/revisions\/15338"}],"wp:attachment":[{"href":"https:\/\/agora-eoi.xtec.cat\/eoisabadell\/wp-json\/wp\/v2\/media?parent=8872"}],"curies":[{"name":"wp","href":"https:\/\/api.w.org\/{rel}","templated":true}]}}