{"id":8623,"date":"2016-06-20T11:26:35","date_gmt":"2016-06-20T10:26:35","guid":{"rendered":"http:\/\/agora-eoi.xtec.cat\/eoisabadell\/?page_id=8623"},"modified":"2025-09-03T11:48:42","modified_gmt":"2025-09-03T09:48:42","slug":"carrecs-de-coordinacio","status":"publish","type":"page","link":"https:\/\/agora-eoi.xtec.cat\/eoisabadell\/informacio\/organigrama\/carrecs-de-coordinacio\/","title":{"rendered":"C\u00e0rrecs de coordinaci\u00f3"},"content":{"rendered":"<p><span style=\"color: #0000ff;\"><b>DEPARTAMENTS CURS 2025-26<\/b><\/span><\/p>\n<table style=\"border-collapse: collapse; width: 55.8862%;\">\n<tbody>\n<tr>\n<td style=\"width: 2.52784%;\"><b style=\"font-size: 16px;\">ALEMANY<\/b><\/td>\n<td style=\"width: 51.5855%;\">\n<p style=\"padding-left: 40px;\">Cap de departament: Astrid Ballester<\/p>\n<p style=\"padding-left: 40px;\"><a href=\"mailto:alemanyeoisabadell@gmail.com\">alemany<span class=\"\"><span class=\"\">@eoisabadell<\/span>.com<\/span><\/a><\/p>\n<p style=\"padding-left: 40px;\">Horari d\u2019atenci\u00f3: Dimecres de 18.15 a 18.45 i dijous d&#8217;11.15 a 11.45h<\/p>\n<\/td>\n<\/tr>\n<tr>\n<td style=\"width: 2.52784%;\"><b style=\"font-size: 16px; background-color: #ffffff;\">ANGL\u00c8S<\/b><\/td>\n<td style=\"width: 51.5855%;\">\n<p style=\"padding-left: 40px;\">Cap de departament: Consuelo Calder\u00f3n<\/p>\n<p style=\"padding-left: 40px;\">Caps adjunts: Salvador Faura i Josep Sol\u00e9<\/p>\n<p style=\"padding-left: 40px;\"><a href=\"mailto:angles@eoisabadell.cat\">angles@eoisabadell.cat<\/a><\/p>\n<p style=\"padding-left: 40px;\">Horari d\u2019atenci\u00f3: dijous d&#8217;11.15 a 11.45h i de 16.00 a 18.15h.<\/p>\n<\/td>\n<\/tr>\n<tr>\n<td style=\"width: 2.52784%;\"><b style=\"font-size: 16px;\">CATAL\u00c0<\/b><\/td>\n<td style=\"width: 51.5855%;\">\n<p style=\"padding-left: 40px;\">Cap de departament: Jordi Colobrant<\/p>\n<p style=\"padding-left: 40px;\"><a href=\"mailto:catala@eoisabadell.cat\">catala@eoisabadell.cat<\/a><\/p>\n<p style=\"padding-left: 40px;\">Horari d\u2019atenci\u00f3: Dilluns a dijous de 18.15 a 18.45<\/p>\n<\/td>\n<\/tr>\n<tr>\n<td style=\"width: 2.52784%;\"><b style=\"font-size: 16px; background-color: #ffffff;\">FRANC\u00c8S<\/b><\/td>\n<td style=\"width: 51.5855%;\">\n<p style=\"padding-left: 40px;\">Cap de departament: Anne-Marie Serrano<\/p>\n<p style=\"padding-left: 40px;\">Cap adjunt: Sonia Valera<\/p>\n<p style=\"padding-left: 40px;\"><a href=\"mailto:frances@eoisabadell.cat\">frances@eoisabadell.cat<\/a><\/p>\n<p style=\"padding-left: 40px;\">Horari d\u2019atenci\u00f3: Dimarts i dijous de 12.15 a 12.45h i dimecres de 18.15 a 18.45h<\/p>\n<\/td>\n<\/tr>\n<\/tbody>\n<\/table>\n<p><span style=\"color: #0000ff;\"><b>ALTRES C\u00c0RRECS DE COORDINACI\u00d3 CURS 2025-26<\/b><\/span><\/p>\n<table style=\"border-collapse: collapse; width: 47.0139%;\">\n<tbody>\n<tr>\n<td style=\"width: 20.0663%;\"><strong style=\"font-size: 16px;\">COORDINACI\u00d3 DIGITAL<\/strong><\/td>\n<td style=\"width: 26.9486%;\">\n<p style=\"padding-left: 40px;\">Yolanda Ruiz<\/p>\n<p style=\"padding-left: 40px;\"><a href=\"mailto:coordinacioinformatica@eoisabadell.cat\">coordinacioinformatica@eoisabadell.cat<\/a><\/p>\n<\/td>\n<\/tr>\n<tr>\n<td style=\"width: 20.0663%;\"><strong style=\"font-size: 16px; background-color: #ffffff;\">COORDINACI\u00d3 DE PREVENCI\u00d3 DE RISCOS LABORALS (PRL)<\/strong><\/td>\n<td style=\"width: 26.9486%;\"><span style=\"font-size: 16px; background-color: #ffffff;\">Marta Planchart<\/span><\/p>\n<p><a href=\"mailto:marta.planchart@eoisabadell.cat\">marta.planchart@eoisabadell.cat<\/a><\/td>\n<\/tr>\n<tr>\n<td style=\"width: 20.0663%;\"><strong style=\"font-size: 16px;\">COORDINACI\u00d3 DE LLENGUA, INTERCULTURALITAT I COHESI\u00d3 SOCIAL (LIC)<\/strong><\/td>\n<td style=\"width: 26.9486%;\"><span style=\"font-size: 16px;\">N\u00faria Segura<\/span><\/p>\n<p><a href=\"mailto:nuria.segura@eoisabadell.cat\" target=\"_blank\" rel=\"noopener\">nuria.segura@eoisabadell.cat<\/a><\/td>\n<\/tr>\n<tr>\n<td style=\"width: 20.0663%;\"><strong style=\"font-size: 16px; background-color: #ffffff;\">COORDINACI\u00d3 DE COEDUCACI\u00d3, CONVIV\u00c8NCIA I BENESTAR (COCOBE)<\/strong><\/td>\n<td style=\"width: 26.9486%;\"><span style=\"font-size: 16px; background-color: #ffffff;\">S\u00edlvia Segarra<\/span><\/p>\n<p><a href=\"mailto:svalera2@xtec.cat\">svalera2@xtec.cat <\/a><\/td>\n<\/tr>\n<\/tbody>\n<\/table>\n<p>&nbsp;<\/p>\n<p>&nbsp;<\/p>\n","protected":false},"excerpt":{"rendered":"<p>DEPARTAMENTS CURS 2025-26<\/p>\n<p>ALEMANY<\/p>\n<p>Cap de departament: Astrid Ballester<br \/>\n<a href=\"mailto:alemanyeoisabadell@gmail.com\">alemany@eoisabadell.com<\/a><br \/>\nHorari d\u2019atenci\u00f3: Dimecres de 18.15 a 18.45 i dijous d&#8217;11.15 a 11.45h<\/p>\n<p>ANGL\u00c8S<\/p>\n<p>Cap de departament: Consuelo Calder\u00f3n<br \/>\nCaps adjunts: Salvador Faura i Josep Sol\u00e9<br \/>\n<a href=\"mailto:angles@eoisabadell.cat\">angles@eoisabadell.cat<\/a><br \/>\nHorari d\u2019atenci\u00f3: dijous d&#8217;11.15 a 11.45h i de 16.00 a 18.15h.<\/p>\n<p>CATAL\u00c0<\/p>\n<p>Cap de departament: Jordi Colobrant<br \/>\n<a href=\"mailto:catala@eoisabadell.cat\">catala@eoisabadell.cat<\/a><br \/>\nHorari&hellip;  <a href=\"https:\/\/agora-eoi.xtec.cat\/eoisabadell\/informacio\/organigrama\/carrecs-de-coordinacio\/\" title=\"Read C\u00e0rrecs de coordinaci\u00f3\">Llegeix m\u00e9s\u00bb<\/a><\/p>\n","protected":false},"author":1,"featured_media":0,"parent":8141,"menu_order":15,"comment_status":"closed","ping_status":"closed","template":"","meta":{"_bbp_topic_count":0,"_bbp_reply_count":0,"_bbp_total_topic_count":0,"_bbp_total_reply_count":0,"_bbp_voice_count":0,"_bbp_anonymous_reply_count":0,"_bbp_topic_count_hidden":0,"_bbp_reply_count_hidden":0,"_bbp_forum_subforum_count":0,"footnotes":""},"class_list":["post-8623","page","type-page","status-publish","hentry"],"post_mailing_queue_ids":[],"_links":{"self":[{"href":"https:\/\/agora-eoi.xtec.cat\/eoisabadell\/wp-json\/wp\/v2\/pages\/8623","targetHints":{"allow":["GET"]}}],"collection":[{"href":"https:\/\/agora-eoi.xtec.cat\/eoisabadell\/wp-json\/wp\/v2\/pages"}],"about":[{"href":"https:\/\/agora-eoi.xtec.cat\/eoisabadell\/wp-json\/wp\/v2\/types\/page"}],"author":[{"embeddable":true,"href":"https:\/\/agora-eoi.xtec.cat\/eoisabadell\/wp-json\/wp\/v2\/users\/1"}],"replies":[{"embeddable":true,"href":"https:\/\/agora-eoi.xtec.cat\/eoisabadell\/wp-json\/wp\/v2\/comments?post=8623"}],"version-history":[{"count":6,"href":"https:\/\/agora-eoi.xtec.cat\/eoisabadell\/wp-json\/wp\/v2\/pages\/8623\/revisions"}],"predecessor-version":[{"id":14144,"href":"https:\/\/agora-eoi.xtec.cat\/eoisabadell\/wp-json\/wp\/v2\/pages\/8623\/revisions\/14144"}],"up":[{"embeddable":true,"href":"https:\/\/agora-eoi.xtec.cat\/eoisabadell\/wp-json\/wp\/v2\/pages\/8141"}],"wp:attachment":[{"href":"https:\/\/agora-eoi.xtec.cat\/eoisabadell\/wp-json\/wp\/v2\/media?parent=8623"}],"curies":[{"name":"wp","href":"https:\/\/api.w.org\/{rel}","templated":true}]}}