{"id":8621,"date":"2016-06-20T11:24:49","date_gmt":"2016-06-20T10:24:49","guid":{"rendered":"http:\/\/agora-eoi.xtec.cat\/eoisabadell\/?page_id=8621"},"modified":"2025-11-24T13:04:06","modified_gmt":"2025-11-24T12:04:06","slug":"consell-escolar","status":"publish","type":"page","link":"https:\/\/agora-eoi.xtec.cat\/eoisabadell\/informacio\/documentacio\/consell-escolar\/","title":{"rendered":"Consell escolar"},"content":{"rendered":"<p><span style=\"font-weight: 400;\">La funci\u00f3 principal del consell escolar \u00e9s participar en la presa de decisions en relaci\u00f3 amb aquells temes importants per al funcionament i l&#8217;organitzaci\u00f3 del centre: el projecte educatiu, la programaci\u00f3 general, la gesti\u00f3 econ\u00f2mica, etc. <\/span><span style=\"font-family: inherit; font-size: 1em;\">Els membres del consell escolar s\u00f3n elegits per un per\u00edode de quatre anys i es renoven per meitats cada dos anys. <\/span>El Consell Escolar es reuneix de manera ordin\u00e0ria 4 cops durant el curs<span style=\"font-weight: 400;\"> (novembre, gener, mar\u00e7\/abril i juny)<\/span><\/p>\n<h4><strong>Representats curs 2025-26<\/strong><\/h4>\n<h5><span style=\"color: #ff6600;\"><strong>Representants de l\u2019equip directiu<\/strong><\/span><\/h5>\n<p>Directora: Manoli Sim\u00f3<br \/>\nSecret\u00e0ria: Elaine Higa<br \/>\nCap d&#8217;estudis: Yolanda Ruiz<\/p>\n<h5><span style=\"color: #ff6600;\"><strong>Representants del professorat<\/strong><\/span><\/h5>\n<p>Consuelo Calder\u00f3n, Marta Planchart, N\u00faria Segura, Josep Sol\u00e9 i Sonia Valera.<\/p>\n<h5><span style=\"color: #ff6600;\"><strong>Representants de l&#8217;alumnat<\/strong><\/span><\/h5>\n<table dir=\"ltr\" border=\"1\" cellspacing=\"0\" cellpadding=\"0\" data-sheets-root=\"1\" data-sheets-baot=\"1\">\n<colgroup>\n<col width=\"249\" \/><\/colgroup>\n<tbody>\n<tr>\n<td>Gom\u00e0 Rodr\u00edguez, Antoni<\/td>\n<\/tr>\n<tr>\n<td>Mata Forcadas, Joan<\/td>\n<\/tr>\n<tr>\n<td>Torres De Haro, Cristina<\/td>\n<\/tr>\n<\/tbody>\n<\/table>\n<h5><strong style=\"color: #ff6600; font-family: inherit; font-size: 1em;\">Representant del personal d\u2019administraci\u00f3 i serveis (PAS)<\/strong><\/h5>\n<p>Carme Franco<\/p>\n<h5><span style=\"color: #ff6600;\"><strong>Representant de l\u2019Ajuntament<\/strong><\/span><\/h5>\n<p>Noem\u00ed Oliva<\/p>\n","protected":false},"excerpt":{"rendered":"<p>La funci\u00f3 principal del consell escolar \u00e9s participar en la presa de decisions en relaci\u00f3 amb aquells temes importants per al funcionament i l&#8217;organitzaci\u00f3 del centre: el projecte educatiu, la programaci\u00f3 general, la gesti\u00f3 econ\u00f2mica, etc. Els membres del consell escolar s\u00f3n elegits per un&hellip;  <a href=\"https:\/\/agora-eoi.xtec.cat\/eoisabadell\/informacio\/documentacio\/consell-escolar\/\" title=\"Read Consell escolar\">Llegeix m\u00e9s\u00bb<\/a><\/p>\n","protected":false},"author":1,"featured_media":0,"parent":9305,"menu_order":3,"comment_status":"closed","ping_status":"closed","template":"","meta":{"_bbp_topic_count":0,"_bbp_reply_count":0,"_bbp_total_topic_count":0,"_bbp_total_reply_count":0,"_bbp_voice_count":0,"_bbp_anonymous_reply_count":0,"_bbp_topic_count_hidden":0,"_bbp_reply_count_hidden":0,"_bbp_forum_subforum_count":0,"footnotes":""},"class_list":["post-8621","page","type-page","status-publish","hentry"],"post_mailing_queue_ids":[],"_links":{"self":[{"href":"https:\/\/agora-eoi.xtec.cat\/eoisabadell\/wp-json\/wp\/v2\/pages\/8621","targetHints":{"allow":["GET"]}}],"collection":[{"href":"https:\/\/agora-eoi.xtec.cat\/eoisabadell\/wp-json\/wp\/v2\/pages"}],"about":[{"href":"https:\/\/agora-eoi.xtec.cat\/eoisabadell\/wp-json\/wp\/v2\/types\/page"}],"author":[{"embeddable":true,"href":"https:\/\/agora-eoi.xtec.cat\/eoisabadell\/wp-json\/wp\/v2\/users\/1"}],"replies":[{"embeddable":true,"href":"https:\/\/agora-eoi.xtec.cat\/eoisabadell\/wp-json\/wp\/v2\/comments?post=8621"}],"version-history":[{"count":6,"href":"https:\/\/agora-eoi.xtec.cat\/eoisabadell\/wp-json\/wp\/v2\/pages\/8621\/revisions"}],"predecessor-version":[{"id":18237,"href":"https:\/\/agora-eoi.xtec.cat\/eoisabadell\/wp-json\/wp\/v2\/pages\/8621\/revisions\/18237"}],"up":[{"embeddable":true,"href":"https:\/\/agora-eoi.xtec.cat\/eoisabadell\/wp-json\/wp\/v2\/pages\/9305"}],"wp:attachment":[{"href":"https:\/\/agora-eoi.xtec.cat\/eoisabadell\/wp-json\/wp\/v2\/media?parent=8621"}],"curies":[{"name":"wp","href":"https:\/\/api.w.org\/{rel}","templated":true}]}}