{"id":8506,"date":"2016-06-16T14:08:30","date_gmt":"2016-06-16T13:08:30","guid":{"rendered":"http:\/\/agora-eoi.xtec.cat\/eoisabadell\/?page_id=8506"},"modified":"2026-03-27T10:01:30","modified_gmt":"2026-03-27T09:01:30","slug":"absencies-del-professorat-index-php","status":"publish","type":"page","link":"https:\/\/agora-eoi.xtec.cat\/eoisabadell\/absencies-del-professorat-index-php\/","title":{"rendered":"Abs\u00e8ncies del professorat"},"content":{"rendered":"<ul>\n<li>La substituci\u00f3 del professorat de baixa es fa des d&#8217;una borsa de docents des del Departament d&#8217;Educaci\u00f3.<\/li>\n<li>El Departament d&#8217;Educaci\u00f3 nom\u00e9s cobrir\u00e0 les vacants per abs\u00e8ncies del professorat si la baixa o el perm\u00eds \u00e9s de m\u00ednim de 8 dies.<\/li>\n<li>Les cobertures de les substitucions tamb\u00e9 estan subjectes a la disponibilitat de persones de l&#8217;especialitat a la borsa docent d&#8217;interins.<\/li>\n<\/ul>\n<p><strong data-start=\"237\" data-end=\"249\">ATENCI\u00d3!:<\/strong> si un professor\/a <strong data-start=\"268\" data-end=\"285\">ja no apareix<\/strong> en aquest llistat, aix\u00f2 significa que <strong data-start=\"324\" data-end=\"345\">s\u2019ha reincorporat<\/strong> i, per tant, que <strong data-start=\"363\" data-end=\"405\">les classes es reprenen amb normalitat<\/strong>.<\/p>\n<table style=\"border-collapse: collapse; width: 100%; height: 116px;\">\n<tbody>\n<tr style=\"height: 32px;\">\n<td style=\"width: 24.9686%; height: 32px; background-color: #f5b5b5;\"><strong>PROFESSOR\/A<\/strong><\/td>\n<td style=\"width: 24.9686%; height: 32px; background-color: #f5b5b5;\"><strong>IDIOMA i GRUPS<\/strong><\/td>\n<td style=\"width: 24.9686%; height: 32px; background-color: #f5b5b5;\"><strong>DIES DE L&#8217;ABS\u00c8NCIA<\/strong><\/td>\n<td style=\"width: 24.9686%; height: 32px; background-color: #f5b5b5;\"><strong>OBSERVACIONS<\/strong><\/td>\n<\/tr>\n<tr>\n<td style=\"width: 24.9686%;\">Jordi Colobrant<\/td>\n<td style=\"width: 24.9686%;\">catal\u00e0 B1, B2 i C2<\/td>\n<td style=\"width: 24.9686%;\">del 7 al 10 d&#8217;abril de 2026<\/td>\n<td style=\"width: 24.9686%;\"><\/td>\n<\/tr>\n<tr style=\"height: 48px;\">\n<td style=\"width: 24.9686%; height: 10px;\"><\/td>\n<td style=\"width: 24.9686%; height: 10px;\"><\/td>\n<td style=\"width: 24.9686%; height: 10px;\"><\/td>\n<td style=\"width: 24.9686%; height: 10px;\"><\/td>\n<\/tr>\n<tr style=\"height: 48px;\">\n<td style=\"width: 24.9686%; height: 10px;\"><\/td>\n<td style=\"width: 24.9686%; height: 10px;\"><\/td>\n<td style=\"width: 24.9686%; height: 10px;\"><\/td>\n<td style=\"width: 24.9686%; height: 10px;\"><\/td>\n<\/tr>\n<\/tbody>\n<\/table>\n","protected":false},"excerpt":{"rendered":"<ul>\n<li>La substituci\u00f3 del professorat de baixa es fa des d&#8217;una borsa de docents des del Departament d&#8217;Educaci\u00f3.<\/li>\n<li>El Departament d&#8217;Educaci\u00f3 nom\u00e9s cobrir\u00e0 les vacants per abs\u00e8ncies del professorat si la baixa o el perm\u00eds \u00e9s de m\u00ednim de 8 dies.<\/li>\n<li>Les cobertures de les substitucions tamb\u00e9 estan&hellip;  <a href=\"https:\/\/agora-eoi.xtec.cat\/eoisabadell\/absencies-del-professorat-index-php\/\" title=\"Read Abs\u00e8ncies del professorat\">Llegeix m\u00e9s\u00bb<\/a><br \/>\n","protected":false},"author":1,"featured_media":0,"parent":0,"menu_order":0,"comment_status":"closed","ping_status":"closed","template":"","meta":{"_bbp_topic_count":0,"_bbp_reply_count":0,"_bbp_total_topic_count":0,"_bbp_total_reply_count":0,"_bbp_voice_count":0,"_bbp_anonymous_reply_count":0,"_bbp_topic_count_hidden":0,"_bbp_reply_count_hidden":0,"_bbp_forum_subforum_count":0,"footnotes":""},"class_list":["post-8506","page","type-page","status-publish","hentry"],"post_mailing_queue_ids":[],"_links":{"self":[{"href":"https:\/\/agora-eoi.xtec.cat\/eoisabadell\/wp-json\/wp\/v2\/pages\/8506","targetHints":{"allow":["GET"]}}],"collection":[{"href":"https:\/\/agora-eoi.xtec.cat\/eoisabadell\/wp-json\/wp\/v2\/pages"}],"about":[{"href":"https:\/\/agora-eoi.xtec.cat\/eoisabadell\/wp-json\/wp\/v2\/types\/page"}],"author":[{"embeddable":true,"href":"https:\/\/agora-eoi.xtec.cat\/eoisabadell\/wp-json\/wp\/v2\/users\/1"}],"replies":[{"embeddable":true,"href":"https:\/\/agora-eoi.xtec.cat\/eoisabadell\/wp-json\/wp\/v2\/comments?post=8506"}],"version-history":[{"count":6,"href":"https:\/\/agora-eoi.xtec.cat\/eoisabadell\/wp-json\/wp\/v2\/pages\/8506\/revisions"}],"predecessor-version":[{"id":18454,"href":"https:\/\/agora-eoi.xtec.cat\/eoisabadell\/wp-json\/wp\/v2\/pages\/8506\/revisions\/18454"}],"wp:attachment":[{"href":"https:\/\/agora-eoi.xtec.cat\/eoisabadell\/wp-json\/wp\/v2\/media?parent=8506"}],"curies":[{"name":"wp","href":"https:\/\/api.w.org\/{rel}","templated":true}]}}