{"id":608,"date":"2015-11-27T10:04:51","date_gmt":"2015-11-27T09:04:51","guid":{"rendered":"http:\/\/agora-eoi.xtec.cat\/eoisabadell\/?page_id=608"},"modified":"2016-06-20T17:04:42","modified_gmt":"2016-06-20T16:04:42","slug":"horari-i-calendari","status":"publish","type":"page","link":"https:\/\/agora-eoi.xtec.cat\/eoisabadell\/el-servei-educatiu\/horari-i-calendari\/","title":{"rendered":"Horari i calendari"},"content":{"rendered":"<p><a href=\"http:\/\/agora-eoi.xtec.cat\/eoisabadell\/wp-content\/uploads\/usu2240\/2016\/06\/Clock-96.png\" rel=\"attachment wp-att-8695\"><img loading=\"lazy\" decoding=\"async\" class=\"wp-image-8695 alignright\" src=\"http:\/\/agora-eoi.xtec.cat\/eoisabadell\/wp-content\/uploads\/usu2240\/2016\/06\/Clock-96.png\" alt=\"Clock-96\" width=\"67\" height=\"67\" \/><\/a>De dilluns a\u00a0divendres<\/p>\n<ul>\n<li>Mat\u00ed: de<strong> 9<\/strong> a <strong>14 <\/strong>h<\/li>\n<li>Tarda: de<strong> 15<\/strong>\u00a0a <strong>21<\/strong>\u00a0h<\/li>\n<\/ul>\n<p>Horari intensiu, de <strong>9<\/strong> a <strong>15<\/strong>\u00a0h:<\/p>\n<ul>\n<li>22 de desembre<\/li>\n<li>Del 6 de juny al 15 de juliol<\/li>\n<\/ul>\n<p>L&#8217;escola\u00a0romandr\u00e0 tancat al p\u00fablic, a part dels per\u00edodes de vacances escolars i dels dies de festes laborals oficials a Catalunya, els seg\u00fcents dies de festa local i de lliure disposici\u00f3, acordats pel Consell Escolar Municipal de XXXXXX:<\/p>\n<ul>\n<li>30 d&#8217;octubre de 2015 (festa de lliure disposici\u00f3)\u00a0<a href=\"http:\/\/agora-eoi.xtec.cat\/eoisabadell\/wp-content\/uploads\/usu2240\/2015\/11\/Calendar-96.png\" rel=\"attachment wp-att-8795\"><img loading=\"lazy\" decoding=\"async\" class=\" wp-image-8795 alignright\" src=\"http:\/\/agora-eoi.xtec.cat\/eoisabadell\/wp-content\/uploads\/usu2240\/2015\/11\/Calendar-96.png\" alt=\"Calendar-96\" width=\"64\" height=\"64\" \/><\/a><\/li>\n<li>7 de desembre de 2015 (festa de lliure disposici\u00f3)<\/li>\n<li>5 de febrer de 2016 (festa de lliure disposici\u00f3)<\/li>\n<li>8 de febrer de 2016 (festa de lliure disposici\u00f3)<\/li>\n<li>29 d&#8217;abril de 2016 (festa de lliure disposici\u00f3)<\/li>\n<li>16 de maig de 2016 (festa local)<\/li>\n<\/ul>\n<p><strong>Altres horaris\u00a0<a href=\"http:\/\/agora-eoi.xtec.cat\/eoisabadell\/wp-content\/uploads\/usu2240\/2016\/06\/Clock-96.png\" rel=\"attachment wp-att-8695\"><img loading=\"lazy\" decoding=\"async\" class=\" wp-image-8695 alignright\" src=\"http:\/\/agora-eoi.xtec.cat\/eoisabadell\/wp-content\/uploads\/usu2240\/2016\/06\/Clock-96.png\" alt=\"Clock-96\" width=\"69\" height=\"69\" \/><\/a><\/strong><\/p>\n<ul>\n<li>Per consultar l&#8217;horari de <strong>Secretaria<\/strong>, aneu <a href=\"http:\/\/agora-eoi.xtec.cat\/eoisabadell\/secretaria\/horari\/\">aqu\u00ed<\/a>.<\/li>\n<li>Per consultar l&#8217;horari de la <strong>Biblioteca<\/strong>, aneu <a href=\"http:\/\/agora-eoi.xtec.cat\/eoisabadell\/serveis\/biblioteca\/\">aqu\u00ed<\/a>.<\/li>\n<\/ul>\n","protected":false},"excerpt":{"rendered":"<p><a href=\"http:\/\/agora-eoi.xtec.cat\/eoisabadell\/wp-content\/uploads\/usu2240\/2016\/06\/Clock-96.png\" rel=\"attachment wp-att-8695\"><\/a>De dilluns a\u00a0divendres<\/p>\n<ul>\n<li>Mat\u00ed: de 9 a 14 h<\/li>\n<li>Tarda: de 15\u00a0a 21\u00a0h<\/li>\n<\/ul>\n<p>Horari intensiu, de 9 a 15\u00a0h:<\/p>\n<ul>\n<li>22 de desembre<\/li>\n<li>Del 6 de juny al 15 de juliol<\/li>\n<\/ul>\n<p>L&#8217;escola\u00a0romandr\u00e0 tancat al p\u00fablic, a part dels per\u00edodes de vacances escolars i dels dies de festes laborals oficials&hellip;  <a href=\"https:\/\/agora-eoi.xtec.cat\/eoisabadell\/el-servei-educatiu\/horari-i-calendari\/\" title=\"Read Horari i calendari\">Llegeix m\u00e9s\u00bb<\/a><\/p>\n","protected":false},"author":1,"featured_media":0,"parent":806,"menu_order":30,"comment_status":"closed","ping_status":"closed","template":"page-templates\/side-menu.php","meta":{"_bbp_topic_count":0,"_bbp_reply_count":0,"_bbp_total_topic_count":0,"_bbp_total_reply_count":0,"_bbp_voice_count":0,"_bbp_anonymous_reply_count":0,"_bbp_topic_count_hidden":0,"_bbp_reply_count_hidden":0,"_bbp_forum_subforum_count":0,"footnotes":""},"class_list":["post-608","page","type-page","status-publish","hentry"],"post_mailing_queue_ids":[],"_links":{"self":[{"href":"https:\/\/agora-eoi.xtec.cat\/eoisabadell\/wp-json\/wp\/v2\/pages\/608","targetHints":{"allow":["GET"]}}],"collection":[{"href":"https:\/\/agora-eoi.xtec.cat\/eoisabadell\/wp-json\/wp\/v2\/pages"}],"about":[{"href":"https:\/\/agora-eoi.xtec.cat\/eoisabadell\/wp-json\/wp\/v2\/types\/page"}],"author":[{"embeddable":true,"href":"https:\/\/agora-eoi.xtec.cat\/eoisabadell\/wp-json\/wp\/v2\/users\/1"}],"replies":[{"embeddable":true,"href":"https:\/\/agora-eoi.xtec.cat\/eoisabadell\/wp-json\/wp\/v2\/comments?post=608"}],"version-history":[{"count":3,"href":"https:\/\/agora-eoi.xtec.cat\/eoisabadell\/wp-json\/wp\/v2\/pages\/608\/revisions"}],"predecessor-version":[{"id":8798,"href":"https:\/\/agora-eoi.xtec.cat\/eoisabadell\/wp-json\/wp\/v2\/pages\/608\/revisions\/8798"}],"up":[{"embeddable":true,"href":"https:\/\/agora-eoi.xtec.cat\/eoisabadell\/wp-json\/wp\/v2\/pages\/806"}],"wp:attachment":[{"href":"https:\/\/agora-eoi.xtec.cat\/eoisabadell\/wp-json\/wp\/v2\/media?parent=608"}],"curies":[{"name":"wp","href":"https:\/\/api.w.org\/{rel}","templated":true}]}}