{"id":16034,"date":"2023-06-06T19:08:54","date_gmt":"2023-06-06T17:08:54","guid":{"rendered":"https:\/\/agora-eoi.xtec.cat\/eoisabadell\/?page_id=16034"},"modified":"2023-06-06T19:08:54","modified_gmt":"2023-06-06T17:08:54","slug":"nous-alumnes-preinscripcio-i-matricula-2022-23","status":"publish","type":"page","link":"https:\/\/agora-eoi.xtec.cat\/eoisabadell\/nous-alumnes-preinscripcio-i-matricula-2022-23\/","title":{"rendered":"Nous alumnes-preinscripci\u00f3 i matr\u00edcula 2022-23"},"content":{"rendered":"<div class=\"entry-content\">\n<p class=\"editora\"><strong>LLEGEIX ATENTAMENT TOTA AQUESTA INFORMACI\u00d3 ABANS DE FER LA PREINSCRIPCI\u00d3 (alguns errors poden invalidar-la i no entraries en el sorteig de places ni entraries a la llista d&#8217;espera. Si ets nascut\/da l&#8217;any <span style=\"text-decoration: underline;\">2006, 2007 o 2008<\/span>, llegeix <a href=\"https:\/\/agora-eoi.xtec.cat\/eoisabadell\/informacio\/documentacio\/normativa-de-lalumnat\/\" target=\"_blank\" rel=\"noopener\">aquesta informaci\u00f3<\/a> ESENCIAL per fer la preinscripci\u00f3: 1. REQUISITS D&#8217;ACC\u00c9S).<br \/>\n<\/strong><\/p>\n<\/div>\n<p>Si ets <strong>DOCENT EN ACTIU<\/strong>, et pots acollir al pla PIA+ (marca la casella DESITJA ACOLLIR-SE AL PLA PIA+ i posa com a email de contacte el teu @xtec.cat\u00a0 quan facis la preinscripci\u00f3). Requisits i condicions <a href=\"https:\/\/agora-eoi.xtec.cat\/eoisabadell\/wp-admin\/post.php?post=13567&amp;action=edit\" target=\"_blank\" rel=\"noopener\">aqu\u00ed.<\/a><\/p>\n<div class=\"entry-content\">\n<div>\n<h4>Per\u00edode de preinscripci\u00f3 pel curs <strong>2022-23:<\/strong> <strong>de les 9:00h del 31 d&#8217;agost de 2022 fins a les 15:00h del dilluns 5 de setembre de 2022 (festiu local)<\/strong><\/h4>\n<p>La <strong>preinscripci\u00f3<\/strong> \u00e9s un <strong>tr\u00e0mit obligatori<\/strong> per entrar com alumne\/a nou\/va a l\u2019EOI Sabadell. Es fa telem\u00e0ticament a trav\u00e9s del web <a href=\"http:\/\/www.eoidigital.com\/preinscripcio\/alumnes\/\" target=\"_blank\" rel=\"noopener noreferrer\">http:\/\/www.eoidigital.com\/preinscripcio\/alumnes\/. <\/a><\/p>\n<p>Enlla\u00e7 preinscripci\u00f3 <strong>NOM\u00c9S per a C2.1 d&#8217;angl\u00e8s<\/strong> <a href=\"https:\/\/www.eoidigital.com\/eoicatc2\/alumnes\/index.php?I=C\" target=\"_blank\" rel=\"noopener\">https:\/\/www.eoidigital.com\/eoicatc2\/alumnes\/index.php?I=C<\/a><\/p>\n<p><span style=\"font-family: inherit; font-size: 1em;\"><strong>Excepcionalment (si no tens mitjans o coneixements inform\u00e0tics) de manera presencial<\/strong> a l\u2019EOI:\u00a0<\/span><strong style=\"font-family: inherit; font-size: 1em;\"><span style=\"color: #ff0000;\"> divendres 2 de setembre de 2022 de 10 a 15h<\/span><\/strong><span style=\"font-family: inherit; font-size: 1em;\">.<\/span><\/p>\n<p><strong>L\u2019ordre de matr\u00edcula<\/strong> est\u00e0 determinat per un <strong>sorteig<\/strong> d\u2019adjudicaci\u00f3 de places. Els resultats d&#8217;aquest sorteig es faran p\u00fablics el dia <strong>14 de setembre de 2022 a les 20h. <\/strong>S&#8217;ha de tornar a entrar al mateix enlla\u00e7 de la preinscripci\u00f3 (veure a dalt) per comprovar si s&#8217;ha obtingut pla\u00e7a i fer la matr\u00edcula, si \u00e9s el cas.<strong><br \/>\n<\/strong><\/p>\n<h4>La <strong>matr\u00edcula<\/strong> es far\u00e0 online del <strong>14 de setembre de 2022 (20h)\u00a0 fins al 16 de setembre (23.59h)<\/strong>.<\/h4>\n<h4>En el cas de <strong>C2.1 d&#8217;angl\u00e8s<\/strong>, del <strong>15 de setembre de 2022 (20h)\u00a0 fins al 19 de setembre (23.59h)<\/strong>.<\/h4>\n<p><span style=\"text-decoration: underline;\"><strong>POSA UN ALARMA AL TEU M\u00d2BIL AMB AQUESTES DATES DE MATRICULACI\u00d3, JA QUE SI ET TOCA PLA\u00c7A (=ADM\u00c8S) I NO ET MATRICULES, LA PERDS I HAUR\u00c0S D&#8217;ESPERAR SI QUEDEN VACANTS DESPR\u00c9S QUE S&#8217;HAGIN MATRICULAT ELS DE LA LLISTA D&#8217;ESPERA<br \/>\n<\/strong><\/span><\/p>\n<p>Els que NO han resultat admesos, seran assignats a la <strong>LLISTA D&#8217;ESPERA<\/strong> amb un <strong>dia i hora concrets<\/strong> (per <strong>angl\u00e8s,<\/strong> dia <strong><span style=\"text-decoration: underline;\">20<\/span> i per alemany, franc\u00e8s i catal\u00e0, dia <span style=\"text-decoration: underline;\">21<\/span> de setembre), <\/strong>a partir del qual es podran matricular en tots els grups i franges hor\u00e0ries que ofreix l&#8217;escola on quedin places vacants.<\/p>\n<p>Si el resultat \u00e9s <strong>NO ADM\u00c8S,<\/strong> aix\u00f2 \u00e9s perqu\u00e8 no has adjuntat una documentaci\u00f3 requerida per l&#8217;aplicatiu (veure casos m\u00e9s avall) o no has fet el test de nivell (si l&#8217;havies triat o se t&#8217;havia habilitat aquesta opci\u00f3) i per tant, has quedat fora del sorteig i de la llista d&#8217;espera (<strong>Si ets nascut\/da l&#8217;any 2006, 2007 o 2008, llegeix <a href=\"https:\/\/agora-eoi.xtec.cat\/eoisabadell\/informacio\/documentacio\/normativa-de-lalumnat\/\" target=\"_blank\" rel=\"noopener\">aquesta informaci\u00f3<\/a> ESENCIAL per fer la preinscripci\u00f3: 1. REQUISITS D&#8217;ACC\u00c9S)<\/strong>.<\/p>\n<p><strong>Organitzaci\u00f3 dels estudis<\/strong> de les EOIs i nivells <a href=\"https:\/\/agora-eoi.xtec.cat\/eoisabadell\/informacio\/preguntes-frequents\/\" target=\"_blank\" rel=\"noopener\">aqu\u00ed<\/a><\/p>\n<p><strong>Horaris de classe<\/strong> curs 2022-23 <a href=\"https:\/\/agora-eoi.xtec.cat\/eoisabadell\/horaris-de-classe\/\">aqu\u00ed<\/a> i <strong>preus<\/strong> dels cursos <a href=\"https:\/\/agora-eoi.xtec.cat\/eoisabadell\/preus-matricula\/\">aqu\u00ed<\/a>.<\/p>\n<div class=\"editora\">\n<h4><strong><span style=\"text-decoration: underline;\">IMPORTANT!<\/span> COM TRIAR CURS DURANT LA PREINSCRIPCI\u00d3<\/strong>:<\/h4>\n<ul>\n<li>Si NO tens coneixements previs o vols comen\u00e7ar des de zero, tria <strong>el curs A1 (=1r):<\/strong> NO es fa test de nivell.<\/li>\n<li>Per accedir a <strong>un curs superior a A1<\/strong>, hi ha 2\u00a0opcions:\n<ul>\n<li>OPCI\u00d3 1: preinscriure\u2019s al <strong>test de nivell (en el desplegable CURS, triar TEST DE NIVELL)<\/strong>. Per a <strong>angl\u00e8s, alemany i franc\u00e8s<\/strong> aquest test es fa <strong>en l\u00ednia<\/strong> (es pot fer des del moment en qu\u00e8 es fa la preinscripci\u00f3 <strong>fins el dilluns 12 de setembre (23.59h)<\/strong> de 2022.) El <strong>test de nivell<\/strong> consta de <strong>3 blocs amb preguntes de tria m\u00faltiple<\/strong> (no hi ha entrevista oral). Si el teu nombre d&#8217;encerts \u00e9s suficientment alt, passes al bloc seg\u00fcent. No cal fer el bloc seg\u00fcent de seguida per\u00f2 una vegada el comences, s&#8217;ha d&#8217;acabar en el temps indicat. Es recomana fer servir un ordinador amb Windows i Chrome\/Firefox, sobretot per fer els blocs 2 i 3 ja que hi ha un v\u00eddeo de comprensi\u00f3 oral. LLEGEIX MOLT ATENTAMENT TOTES LES INSTRUCCIONS EN PANTALLA. Despr\u00e9s de tenir el resultat del nivell, <strong>s&#8217;ha de triar grups i horaris dintre del termini. En cas contrari, NO s&#8217;entrar\u00e0 al sorteig de places i el resultat \u00e9s NO ADM\u00c8S<\/strong>.\u00a0\u00a0 En el cas de <strong>catal\u00e0<\/strong>, s\u2019haur\u00e0 de venir<strong> dimecres 7 de setembre a les 19.30h<\/strong> a fer-lo. <span style=\"text-decoration: underline;\"><strong>Si has triat &#8216;test de nivell&#8217; per\u00f2 no el fas, el resultat ser\u00e0 NO ADM\u00c8S.<\/strong><\/span><\/li>\n<li>OPCI\u00d3 2: preinscriure\u2019s a <strong>un curs determinat<\/strong> (<strong>en el desplegable CURS, tria el que correspongui<\/strong>) perqu\u00e8:*\n<ul>\n<li>es t\u00e9 un curs aprovat d\u2019una EOI. Es necessita el Certificat Acad\u00e8mic si es va cursar en una altra EOI (no tenim acc\u00e9s a la base de dades d&#8217;altres EOIs). Si es va cursar <span style=\"text-decoration: underline;\">a l&#8217;EOI de Sabadell<\/span>, adjunta un petit i senzill escrit\/foto on ho especifiqui i ho comprovarem al nostre sistema. Si no adjuntes cap documentaci\u00f3, quedar\u00e0s exclos\/a del proc\u00e8s de preinscripci\u00f3 i el resultat ser\u00e0 NO ADM\u00c8S.<\/li>\n<li>es t\u00e9 un dels certificats que consten en aquesta <a href=\"https:\/\/cido.diba.cat\/legislacio\/11853124\/resolucio-edu17142021-de-3-de-juny-dactualitzacio-de-titols-diplomes-i-certificats-dacreditacio-de-la-competencia-en-llengues-estrangeres-en-lambit-del-departament-deducacio-departament-deducacio\">taula\u00a0d\u2019equival\u00e8ncies de certificacions<\/a> (angl\u00e8s, franc\u00e8s i alemany) o\u00a0 per <strong>catal\u00e0<\/strong>, en l<a href=\"https:\/\/portaljuridic.gencat.cat\/ca\/document-del-pjur\/?documentId=501140&amp;traceability=01&amp;language=ca\" target=\"_blank\" rel=\"noopener\">&#8216;ORDRE VCP 491\/2009 de 21 de novembre<\/a> (en cas de dubte, es pot enviar-lo abans a secretaria@eoisabadell.cat ). En aquest cas, a partir del moment en qu\u00e8 es fa la preinscripci\u00f3 i fins el <strong>13 de setembre de 2022 (23.59h)<\/strong>, s&#8217;ha d&#8217;adjuntar, <strong>al mateix aplicatiu de preinscripci\u00f3,<\/strong> l&#8217;arxiu amb document acreditatiu que t&#8217;eximeix de fer el test de nivell. En cas contrari, <strong><span style=\"color: #ff0000;\">la preinscripci\u00f3 quedar\u00e0 invalidada i no s&#8217;entrar\u00e0 al sorteig ni a la llista d&#8217;espera, el resultat ser\u00e0 NO ADM\u00c8S.\u00a0 Si la teva documentaci\u00f3 es considera NO v\u00e0lida per la Secretaria de l&#8217;escola, t&#8217;activarem el test de nivell online i haur\u00e0s de fer-lo fins al dilluns 12 de setembre a les 23.59h. Si no el fas, el resultat ser\u00e0 NO ADM\u00c8S.<br \/>\n<\/span><\/strong><\/li>\n<\/ul>\n<\/li>\n<\/ul>\n<\/li>\n<\/ul>\n<h5><strong>NOTA IMPORTANT<\/strong>: <span style=\"text-decoration: underline;\"><strong>En cap cas, l&#8217;escola trucar\u00e0 o l&#8217;aplicatiu enviar\u00e0 cap missatge per informar de l&#8217;estat de la sol\u00b7licitud. \u00c9s responsabilitat vostra consultar-ho a l&#8217;aplicatiu de preinscripci\u00f3. Comproveu que el document que voleu adjuntar, si escau, est\u00e0 ben pujat a l&#8217;aplicatiu.<br \/>\n<\/strong><\/span><\/h5>\n<p>(*) Des de l&#8217;aplicaci\u00f3 de la LOMCE al 2017, <strong>el t\u00edtol de Batxillerat no dona acc\u00e9s al curs B1 d&#8217;angl\u00e8s<\/strong>. <strong>Tampoc els t\u00edtols universitaris<\/strong> (llicenciatures, graus, m\u00e0sters, etc) <strong>donen acc\u00e9s directe a cap nivell. Cal fer el test de nivell.<\/strong><\/p>\n<h5>El resultat del test de nivell online NO \u00e9s vinculant, ja que abarca nom\u00e9s una part de la gram\u00e0tica i vocabulari i no contempla l&#8217;expressi\u00f3 escrita ni oral. Un cop comen\u00e7ades les classes, el professor pot estimar convenient canviar l&#8217;alumne de nivell.<\/h5>\n<p><span style=\"font-family: inherit; font-size: 1em;\">Per a m\u00e9s informaci\u00f3, consulta <a href=\"https:\/\/preinscripcio.gencat.cat\/ca\/estudis\/idiomes-eoi\/inici\/\" target=\"_blank\" rel=\"noopener\">el web del <\/a><\/span>Departament d\u2019Educaci\u00f3.<\/p>\n<\/div>\n<\/div>\n<div class=\"editora\">\n<ul style=\"list-style-type: circle;\">\n<li>No est\u00e0 perm\u00e8s matricular-se com a alumnat oficial i lliure del mateix idioma, dintre del mateix any acad\u00e8mic.<\/li>\n<li>Per saber les vegades que est\u00e0 perm\u00e8s matricular-se en un curs consulteu <a href=\"https:\/\/agora-eoi.xtec.cat\/eoisabadell\/convocatoria-adicional-3a-matricula-dun-curs\/\">aqu\u00ed<\/a>.<\/li>\n<li>Els candidats s\u2019han de matricular en un horari que els vagi b\u00e9, ja que els canvis d\u2019horari nom\u00e9s s\u2019acceptaran, segons la disponibilitat de places i justificats documentalment, tal i com es veu <a href=\"https:\/\/agora-eoi.xtec.cat\/eoisabadell\/canvi-dhorari\/\">aqu\u00ed<\/a>.<\/li>\n<\/ul>\n<p>Qualsevol dubte o incid\u00e8ncia amb la preinscripci\u00f3 o matr\u00edcula, envia un correu a secretaria<span class=\"atwho-query\">@eoisabadell.cat<\/span><\/p>\n<\/div>\n<\/div>\n","protected":false},"excerpt":{"rendered":"<p>LLEGEIX ATENTAMENT TOTA AQUESTA INFORMACI\u00d3 ABANS DE FER LA PREINSCRIPCI\u00d3 (alguns errors poden invalidar-la i no entraries en el sorteig de places ni entraries a la llista d&#8217;espera. Si ets nascut\/da l&#8217;any 2006, 2007 o 2008, llegeix <a href=\"https:\/\/agora-eoi.xtec.cat\/eoisabadell\/informacio\/documentacio\/normativa-de-lalumnat\/\" target=\"_blank\" rel=\"noopener\">aquesta informaci\u00f3<\/a> ESENCIAL per fer&hellip;  <a href=\"https:\/\/agora-eoi.xtec.cat\/eoisabadell\/nous-alumnes-preinscripcio-i-matricula-2022-23\/\" title=\"Read Nous alumnes-preinscripci\u00f3 i matr\u00edcula 2022-23\">Llegeix m\u00e9s\u00bb<\/a><\/p>\n","protected":false},"author":7,"featured_media":0,"parent":0,"menu_order":0,"comment_status":"closed","ping_status":"closed","template":"","meta":{"_bbp_topic_count":0,"_bbp_reply_count":0,"_bbp_total_topic_count":0,"_bbp_total_reply_count":0,"_bbp_voice_count":0,"_bbp_anonymous_reply_count":0,"_bbp_topic_count_hidden":0,"_bbp_reply_count_hidden":0,"_bbp_forum_subforum_count":0,"footnotes":""},"class_list":["post-16034","page","type-page","status-publish","hentry"],"post_mailing_queue_ids":[],"_links":{"self":[{"href":"https:\/\/agora-eoi.xtec.cat\/eoisabadell\/wp-json\/wp\/v2\/pages\/16034","targetHints":{"allow":["GET"]}}],"collection":[{"href":"https:\/\/agora-eoi.xtec.cat\/eoisabadell\/wp-json\/wp\/v2\/pages"}],"about":[{"href":"https:\/\/agora-eoi.xtec.cat\/eoisabadell\/wp-json\/wp\/v2\/types\/page"}],"author":[{"embeddable":true,"href":"https:\/\/agora-eoi.xtec.cat\/eoisabadell\/wp-json\/wp\/v2\/users\/7"}],"replies":[{"embeddable":true,"href":"https:\/\/agora-eoi.xtec.cat\/eoisabadell\/wp-json\/wp\/v2\/comments?post=16034"}],"version-history":[{"count":1,"href":"https:\/\/agora-eoi.xtec.cat\/eoisabadell\/wp-json\/wp\/v2\/pages\/16034\/revisions"}],"predecessor-version":[{"id":16035,"href":"https:\/\/agora-eoi.xtec.cat\/eoisabadell\/wp-json\/wp\/v2\/pages\/16034\/revisions\/16035"}],"wp:attachment":[{"href":"https:\/\/agora-eoi.xtec.cat\/eoisabadell\/wp-json\/wp\/v2\/media?parent=16034"}],"curies":[{"name":"wp","href":"https:\/\/api.w.org\/{rel}","templated":true}]}}