{"id":15896,"date":"2023-04-27T15:55:23","date_gmt":"2023-04-27T13:55:23","guid":{"rendered":"https:\/\/agora-eoi.xtec.cat\/eoisabadell\/?page_id=15896"},"modified":"2023-04-27T15:57:59","modified_gmt":"2023-04-27T13:57:59","slug":"estrategia-digital-de-centre-edc","status":"publish","type":"page","link":"https:\/\/agora-eoi.xtec.cat\/eoisabadell\/altres-serveis\/estrategia-digital-de-centre-edc\/","title":{"rendered":"Estrat\u00e8gia Digital de Centre (EDC)"},"content":{"rendered":"<p>En aquest apartat trobareu tota la informaci\u00f3 referent a l&#8217;Estrat\u00e8gia Digital de Centre de l&#8217;escola.<\/p>\n<p><a class=\"https:\/\/sites.google.com\/eoisabadell.cat\/eoidesabadelledc\/edc-eoi-de-sabadell\" href=\"https:\/\/sites.google.com\/eoisabadell.cat\/eoidesabadelledc\/edc-eoi-de-sabadell\" rel=\"https:\/\/sites.google.com\/eoisabadell.cat\/eoidesabadelledc\/edc-eoi-de-sabadell\"><br \/>\n<img loading=\"lazy\" decoding=\"async\" class=\"aligncenter wp-image-15899\" src=\"https:\/\/agora-eoi.xtec.cat\/eoisabadell\/wp-content\/uploads\/usu2240\/2023\/04\/Pagina-web-nova-EDC-EOI-Sabadell.png\" alt=\"\" width=\"692\" height=\"449\" srcset=\"https:\/\/agora-eoi.xtec.cat\/eoisabadell\/wp-content\/uploads\/usu2240\/2023\/04\/Pagina-web-nova-EDC-EOI-Sabadell.png 1053w, https:\/\/agora-eoi.xtec.cat\/eoisabadell\/wp-content\/uploads\/usu2240\/2023\/04\/Pagina-web-nova-EDC-EOI-Sabadell-300x195.png 300w, https:\/\/agora-eoi.xtec.cat\/eoisabadell\/wp-content\/uploads\/usu2240\/2023\/04\/Pagina-web-nova-EDC-EOI-Sabadell-1024x665.png 1024w, https:\/\/agora-eoi.xtec.cat\/eoisabadell\/wp-content\/uploads\/usu2240\/2023\/04\/Pagina-web-nova-EDC-EOI-Sabadell-768x499.png 768w\" sizes=\"auto, (max-width: 692px) 100vw, 692px\" \/><\/a><\/p>\n","protected":false},"excerpt":{"rendered":"<p>En aquest apartat trobareu tota la informaci\u00f3 referent a l&#8217;Estrat\u00e8gia Digital de Centre de l&#8217;escola.<br \/>\n<a class=\"https:\/\/sites.google.com\/eoisabadell.cat\/eoidesabadelledc\/edc-eoi-de-sabadell\" href=\"https:\/\/sites.google.com\/eoisabadell.cat\/eoidesabadelledc\/edc-eoi-de-sabadell\" rel=\"https:\/\/sites.google.com\/eoisabadell.cat\/eoidesabadelledc\/edc-eoi-de-sabadell\"><br \/>\n<\/a><\/p>\n","protected":false},"author":7,"featured_media":0,"parent":8996,"menu_order":2,"comment_status":"closed","ping_status":"closed","template":"","meta":{"_bbp_topic_count":0,"_bbp_reply_count":0,"_bbp_total_topic_count":0,"_bbp_total_reply_count":0,"_bbp_voice_count":0,"_bbp_anonymous_reply_count":0,"_bbp_topic_count_hidden":0,"_bbp_reply_count_hidden":0,"_bbp_forum_subforum_count":0,"footnotes":""},"class_list":["post-15896","page","type-page","status-publish","hentry"],"post_mailing_queue_ids":[],"_links":{"self":[{"href":"https:\/\/agora-eoi.xtec.cat\/eoisabadell\/wp-json\/wp\/v2\/pages\/15896","targetHints":{"allow":["GET"]}}],"collection":[{"href":"https:\/\/agora-eoi.xtec.cat\/eoisabadell\/wp-json\/wp\/v2\/pages"}],"about":[{"href":"https:\/\/agora-eoi.xtec.cat\/eoisabadell\/wp-json\/wp\/v2\/types\/page"}],"author":[{"embeddable":true,"href":"https:\/\/agora-eoi.xtec.cat\/eoisabadell\/wp-json\/wp\/v2\/users\/7"}],"replies":[{"embeddable":true,"href":"https:\/\/agora-eoi.xtec.cat\/eoisabadell\/wp-json\/wp\/v2\/comments?post=15896"}],"version-history":[{"count":4,"href":"https:\/\/agora-eoi.xtec.cat\/eoisabadell\/wp-json\/wp\/v2\/pages\/15896\/revisions"}],"predecessor-version":[{"id":15903,"href":"https:\/\/agora-eoi.xtec.cat\/eoisabadell\/wp-json\/wp\/v2\/pages\/15896\/revisions\/15903"}],"up":[{"embeddable":true,"href":"https:\/\/agora-eoi.xtec.cat\/eoisabadell\/wp-json\/wp\/v2\/pages\/8996"}],"wp:attachment":[{"href":"https:\/\/agora-eoi.xtec.cat\/eoisabadell\/wp-json\/wp\/v2\/media?parent=15896"}],"curies":[{"name":"wp","href":"https:\/\/api.w.org\/{rel}","templated":true}]}}