{"id":15667,"date":"2023-02-22T23:51:21","date_gmt":"2023-02-22T22:51:21","guid":{"rendered":"https:\/\/agora-eoi.xtec.cat\/eoisabadell\/?page_id=15667"},"modified":"2024-05-21T16:24:49","modified_gmt":"2024-05-21T14:24:49","slug":"vols-estudiar-a-leoi-sabadell-2","status":"publish","type":"page","link":"https:\/\/agora-eoi.xtec.cat\/eoisabadell\/vols-estudiar-a-leoi-sabadell-2\/","title":{"rendered":"Preinscripci\u00f3 2024-2025 (info cursos ordinaris extensius)"},"content":{"rendered":"<p>El primer pas per fer un <strong>curs ordinari extensiu (de finals setembre a mitjans maig, NO en fem de semestrals) al <span style=\"text-decoration: underline;\">proper curs 2024-25 <\/span><\/strong>\u00e9s fer:<\/p>\n<h5>.\u00a0 \ud83d\udcc6 P<span style=\"text-decoration: underline;\"><strong>reinscripci\u00f3<\/strong> telem\u00e0tica (i test de nivell online, si escau) <strong>del dilluns 2 de setembre (9.00h) fins al dilluns 9 de setembre (15.00h) de 2024<\/strong>.\u00a0 ENLLA\u00c7 DISPONIBLE A PARTIR DEL DIA 1 DE SETEMBRE<br \/>\n<\/span><\/h5>\n<p>&nbsp;<\/p>\n<p>El test de nivell online es podr\u00e0 fer des del moment de la preinscripci\u00f3 fins al dia 12 de setembre (17.00h).<\/p>\n<p><strong>Et quedes<span style=\"text-decoration: underline;\"> excl\u00f2s\/a del sorteig de places<\/span> en els seg\u00fcents sup\u00f2sits:<\/strong><\/p>\n<p>. si tries fer test de nivell online i no el fas abans del 12 de setembre a les 17.00h.<\/p>\n<p><strong>. <\/strong>si no aportes, si escau, el certificat acreditatiu del nivell sol\u00b7licitat abans del 12 de setembre a les 17.00h.<\/p>\n<p>. si ets estudiant de la ESO i no presentes el certificat del teu institut que confirmi que all\u00e0 no estudies, com a primera llengua estrangera, la llengua a qu\u00e8 t&#8217;hi preinscrius a l&#8217;EOI, abans del 12 de setembre a les 17.00h.<\/p>\n<h5><strong>. <span style=\"text-decoration: underline;\">Sorteig de places<\/span><\/strong>: 16 de setembre de 2024 (12h)<\/h5>\n<p>&nbsp;<\/p>\n<h5><strong>. <span style=\"text-decoration: underline;\">Matr\u00edcula telem\u00e0tica (<\/span><\/strong><strong>s<\/strong>&#8216;ha d&#8217;entrar A LA MATEIXA aplicaci\u00f3 de preinscripci\u00f3): del dl. 16 de setembre de\u00a0 2023 (18.00h) al dc. 18 de setembre de 2024 (23.59h)<\/h5>\n<h5><strong>. <span style=\"text-decoration: underline;\">Matr\u00edcula telem\u00e0tica places vacants (s<\/span><\/strong>&#8216;ha d&#8217;entrar A LA MATEIXA aplicaci\u00f3 de preinscripci\u00f3):<\/h5>\n<h5>\u00a0&gt; ANGL\u00c8S: 20 de setembre de 2024 (12.00h), a partir de l&#8217;hora inicial de la franja hor\u00e0ria que s&#8217;hi indica com a llista d&#8217;espera.<\/h5>\n<h5>\u00a0&gt; TOTS ELS IDIOMES: del 21 (9.00h) al 22 de setembre de 2024 (23.59h), per ordre d&#8217;arribada.<\/h5>\n<h5><\/h5>\n<h5>. Inici classes:\u00a0 finals setembre de 2024<\/h5>\n<p>&nbsp;<\/p>\n<h5><a href=\"https:\/\/agora-eoi.xtec.cat\/eoiterrassa\/wp-content\/uploads\/usu2242\/2023\/05\/10_EOI_info_2023.pdf\" target=\"_blank\" rel=\"noopener\">En aquesta infografia, teniu un resum de tot el procediment<\/a>.<\/h5>\n<h5><\/h5>\n<h5>Tota la informaci\u00f3 sobre el<strong> test de nivell online<\/strong>\u00a0<a href=\"https:\/\/agora-eoi.xtec.cat\/eoisabadell\/departament-dalumnat\/matricula\/nous-alumnes\/\" target=\"_blank\" rel=\"noopener\">aqu\u00ed.<\/a><\/h5>\n<p>&nbsp;<\/p>\n<h5>Consulteu tota la informaci\u00f3 detallada al web del\u00a0<a href=\"https:\/\/preinscripcio.gencat.cat\/ca\/estudis\/idiomes-eoi\/informat\/calendari\/\">Departament d\u2019Educaci\u00f3<\/a>.<\/h5>\n<p>&nbsp;<\/p>\n<p>Clica en cada apartat per veure la informaci\u00f3 del <strong>present curs 2023-24<\/strong> (que pot variar al proper curs 2024-25):<\/p>\n<p>.\u00a0 <a href=\"https:\/\/agora-eoi.xtec.cat\/eoisabadell\/preus-matricula\/\" target=\"_blank\" rel=\"noopener\">preus<\/a><\/p>\n<p>. \u00a0<a href=\"https:\/\/agora-eoi.xtec.cat\/eoisabadell\/horaris-de-classe\/\" target=\"_blank\" rel=\"noopener\">grups i horaris<\/a><\/p>\n<p>. \u00a0<a href=\"https:\/\/agora-eoi.xtec.cat\/eoisabadell\/calendari-escolar\/\" target=\"_blank\" rel=\"noopener\">calendari escolar<\/a><\/p>\n<p><span style=\"font-family: inherit; font-size: 1em;\">Per \u00faltim, si vols saber com s&#8217;organitzen els <\/span><strong style=\"font-family: inherit; font-size: 1em;\">estudis i nivells<\/strong><span style=\"font-family: inherit; font-size: 1em;\"> a les EOIs, fes una ullada <\/span><a style=\"font-family: inherit; font-size: 1em;\" href=\"https:\/\/agora-eoi.xtec.cat\/eoisabadell\/informacio\/preguntes-frequents\/\" target=\"_blank\" rel=\"noopener\">aqu\u00ed<\/a><span style=\"font-family: inherit; font-size: 1em;\">.<\/span><\/p>\n<p><strong>. Requisits d&#8217;edat proper curs 2024-25<\/strong>:<\/p>\n<p>L&#8217;edat m\u00ednima per <strong>franc\u00e8s, alemany i catal\u00e0<\/strong> \u00e9s de <strong><span style=\"text-decoration: underline;\">14 anys complerts al 31\/12\/2024<\/span> (has d&#8217;aportar el certificat del teu institut que comprovi que estudies angl\u00e8s com a 1a llengua estrangera).<\/strong><\/p>\n<p>Per\u00f2 si vols estudiar <strong>angl\u00e8s<\/strong>, has de tenir <span style=\"text-decoration: underline;\"><strong>16 anys complerts al 31\/12\/2024<\/strong><\/span>.<\/p>\n<p>Esperem veure&#8217;t aviat per l&#8217;escola!<\/p>\n","protected":false},"excerpt":{"rendered":"<p>El primer pas per fer un curs ordinari extensiu (de finals setembre a mitjans maig, NO en fem de semestrals) al proper curs 2024-25 \u00e9s fer:<br \/>\n.\u00a0 \ud83d\udcc6 Preinscripci\u00f3 telem\u00e0tica (i test de nivell online, si escau) del dilluns 2 de setembre (9.00h) fins al dilluns&hellip;  <a href=\"https:\/\/agora-eoi.xtec.cat\/eoisabadell\/vols-estudiar-a-leoi-sabadell-2\/\" title=\"Read Preinscripci\u00f3 2024-2025 (info cursos ordinaris extensius)\">Llegeix m\u00e9s\u00bb<\/a><\/p>\n","protected":false},"author":7,"featured_media":0,"parent":0,"menu_order":0,"comment_status":"closed","ping_status":"closed","template":"","meta":{"_bbp_topic_count":0,"_bbp_reply_count":0,"_bbp_total_topic_count":0,"_bbp_total_reply_count":0,"_bbp_voice_count":0,"_bbp_anonymous_reply_count":0,"_bbp_topic_count_hidden":0,"_bbp_reply_count_hidden":0,"_bbp_forum_subforum_count":0,"footnotes":""},"class_list":["post-15667","page","type-page","status-publish","hentry"],"post_mailing_queue_ids":[],"_links":{"self":[{"href":"https:\/\/agora-eoi.xtec.cat\/eoisabadell\/wp-json\/wp\/v2\/pages\/15667","targetHints":{"allow":["GET"]}}],"collection":[{"href":"https:\/\/agora-eoi.xtec.cat\/eoisabadell\/wp-json\/wp\/v2\/pages"}],"about":[{"href":"https:\/\/agora-eoi.xtec.cat\/eoisabadell\/wp-json\/wp\/v2\/types\/page"}],"author":[{"embeddable":true,"href":"https:\/\/agora-eoi.xtec.cat\/eoisabadell\/wp-json\/wp\/v2\/users\/7"}],"replies":[{"embeddable":true,"href":"https:\/\/agora-eoi.xtec.cat\/eoisabadell\/wp-json\/wp\/v2\/comments?post=15667"}],"version-history":[{"count":6,"href":"https:\/\/agora-eoi.xtec.cat\/eoisabadell\/wp-json\/wp\/v2\/pages\/15667\/revisions"}],"predecessor-version":[{"id":16973,"href":"https:\/\/agora-eoi.xtec.cat\/eoisabadell\/wp-json\/wp\/v2\/pages\/15667\/revisions\/16973"}],"wp:attachment":[{"href":"https:\/\/agora-eoi.xtec.cat\/eoisabadell\/wp-json\/wp\/v2\/media?parent=15667"}],"curies":[{"name":"wp","href":"https:\/\/api.w.org\/{rel}","templated":true}]}}