{"id":15583,"date":"2023-02-01T01:02:53","date_gmt":"2023-02-01T00:02:53","guid":{"rendered":"https:\/\/agora-eoi.xtec.cat\/eoisabadell\/?page_id=15583"},"modified":"2025-02-17T11:39:41","modified_gmt":"2025-02-17T10:39:41","slug":"curs-de-preparacio-al-certificat-intermedi-b2-dangles-convocatoria-ordinaria-del-9-de-juny-de-2023","status":"publish","type":"page","link":"https:\/\/agora-eoi.xtec.cat\/eoisabadell\/curs-de-preparacio-al-certificat-intermedi-b2-dangles-convocatoria-ordinaria-del-9-de-juny-de-2023\/","title":{"rendered":"Curs de preparaci\u00f3 al Certificat AVAN\u00c7AT C1 d\u2019angl\u00e8s de les EOIs (convocat\u00f2ria ordin\u00e0ria examen escrit dl. 26 de maig de 2025) **PLACES EXHAURIDES**"},"content":{"rendered":"<div class=\"entry-content\">\n<h5><strong>PLACES EXHAURIDES! 17\/02\/2025<\/strong><\/h5>\n<p>Curs de <strong>30 hores lectives (12 sessions)<\/strong> adre\u00e7at a persones interessades a preparar el <strong>Certificat Avan\u00e7at C1d\u2019angl\u00e8s de les EOIs<\/strong> com a candidats lliures (<strong>examen escrit dilluns 26 de maig de 2025<\/strong>), al marge dels programes oficials*, i amb un nivell de llengua proper al nivell C1 del Marc Com\u00fa Europeu de Refer\u00e8ncia.<\/p>\n<p><strong>IMPORTANT:<\/strong>\u00a0 L\u2019escola no s\u2019encarrega de la inscripci\u00f3 a la prova de certificaci\u00f3 oficial ni garanteix la pla\u00e7a, que es far\u00e0 <strong>del dl.20 de febrer de 2025 (9.00h) al dv.28 de febrer de 2025 (23.59h)<\/strong>. Per a m\u00e9s informaci\u00f3, consulteu la <a href=\"https:\/\/educacio.gencat.cat\/ca\/serveis-tramits\/proves\/proves-lliures-obtencio-titols\/convocat-ordinaria-idiomes\/\" target=\"_blank\" rel=\"noopener\">p\u00e0gina web del Departament d\u2019Educaci\u00f3<\/a>.<\/p>\n<p><strong>Inici classes<\/strong>: dijous 20 de febrer de\u00a0 2025<\/p>\n<p><strong>Horaris:<\/strong> dijous de 18.30 a 21h (<b>12 sessions<\/b> en total: <strong>febrer<\/strong>: 20 i 27\u00a0<strong> mar\u00e7<\/strong><b>:<\/b> 6, 13, 20 i 27\u00a0 <b>abril<\/b>: 3, 10 i 24\u00a0 <b>maig:<\/b>\u00a0 8, 15 i 22<\/p>\n<p><strong>Formador<\/strong>: Mar Garvin<\/p>\n<p><strong>Preu:<\/strong> 175\u20ac (pagament \u00fanic no fraccionable, no inclou la inscripci\u00f3 als ex\u00e0mens ni cap llibre, nom\u00e9s fotoc\u00f2pies. Aplicable nom\u00e9s bonificaci\u00f3 fam\u00edlia nombrosa o monoparental i discapacitat igual o superior a 33%).<\/p>\n<p><span style=\"color: #0000ff;\"><strong>PLACES EXHAURIDES 17\/02\/2025<\/strong><\/span><\/p>\n<p><a style=\"font-family: inherit; font-size: 1em;\" href=\"https:\/\/docs.google.com\/forms\/d\/e\/1FAIpQLSffLM3YtJzttNYu-JQy4mQ-7plHJ1z65YGSJ2t31qQNq7zDuA\/viewform?usp=sf_link\" target=\"_blank\" rel=\"noopener\"><span style=\"color: #0000ff;\"><strong>Ompliu el formulari d&#8217;inscripci\u00f3 aqu\u00ed<\/strong><\/span><\/a><\/p>\n<p>S&#8217;haur\u00e0 de<span style=\"text-decoration: underline;\"><strong> fer un test de nivell online<\/strong><\/span> si no s&#8217;aporta un certificat oficial corresponent al nivell B2 del Marc europeu com\u00fa de refer\u00e8ncia.<\/p>\n<p>Nombre m\u00e0xim d&#8217;alumnes en el grup: 20<\/p>\n<p>No es retornar\u00e0 l\u2019import de la matr\u00edcula en cas de ren\u00fancia per part de l\u2019alumne.<\/p>\n<p>* Aclariment <strong>a<\/strong><strong>lumnat oficial i candidats lliures:<\/strong><\/p>\n<div class=\"et_pb_module et_pb_text et_pb_text_0 et_pb_text_align_left et_pb_bg_layout_light\">\n<div class=\"et_pb_text_inner\">\n<ul>\n<li>S\u00f3n <strong>alumnes oficials<\/strong> totes les persones inscrites a l\u2019escola en els <strong>cursos ordinaris oficials extensius<\/strong> (s&#8217;exclouen els matriculats als cursos especials, d&#8217;estiu i grups de conversa).<\/li>\n<li><strong>Un alumne<\/strong> <strong>oficial d&#8217;angl\u00e8s, de qualsevol nivell (veure punt anterior), no pot presentar-se a una convocat\u00f2ria prevista per l\u2019alumnat lliure, els seus drets d&#8217;examen ja estan inclosos a la matr\u00edcula, si escau.<\/strong><\/li>\n<li>S\u00f3n alumnes lliures les persones que es presenten als ex\u00e0mens previstos a tal efecte.<\/li>\n<\/ul>\n<\/div>\n<\/div>\n<\/div>\n<footer class=\"entry-footer\"><span class=\"entry-categories\"><a title=\"View all posts in General\" href=\"https:\/\/agora-eoi.xtec.cat\/eoisabadell\/categoria\/general\/\">General<\/a><\/span> <a href=\"https:\/\/agora-eoi.xtec.cat\/eoisabadell\/general\/curs-de-preparacio-al-certificat-b1-dangles-convocatoria-de-febrer\/#respond\"><span class=\"entry-comments\">0<\/span><\/a><\/footer>\n","protected":false},"excerpt":{"rendered":"<p>PLACES EXHAURIDES! 17\/02\/2025<br \/>\nCurs de 30 hores lectives (12 sessions) adre\u00e7at a persones interessades a preparar el Certificat Avan\u00e7at C1d\u2019angl\u00e8s de les EOIs com a candidats lliures (examen escrit dilluns 26 de maig de 2025), al marge dels programes oficials*, i amb un nivell de llengua&hellip;  <a href=\"https:\/\/agora-eoi.xtec.cat\/eoisabadell\/curs-de-preparacio-al-certificat-intermedi-b2-dangles-convocatoria-ordinaria-del-9-de-juny-de-2023\/\" title=\"Read Curs de preparaci\u00f3 al Certificat AVAN\u00c7AT C1 d\u2019angl\u00e8s de les EOIs (convocat\u00f2ria ordin\u00e0ria examen escrit dl. 26 de maig de 2025) **PLACES EXHAURIDES**\">Llegeix m\u00e9s\u00bb<\/a><\/p>\n","protected":false},"author":7,"featured_media":0,"parent":0,"menu_order":0,"comment_status":"closed","ping_status":"closed","template":"","meta":{"_bbp_topic_count":0,"_bbp_reply_count":0,"_bbp_total_topic_count":0,"_bbp_total_reply_count":0,"_bbp_voice_count":0,"_bbp_anonymous_reply_count":0,"_bbp_topic_count_hidden":0,"_bbp_reply_count_hidden":0,"_bbp_forum_subforum_count":0,"footnotes":""},"class_list":["post-15583","page","type-page","status-publish","hentry"],"post_mailing_queue_ids":[],"_links":{"self":[{"href":"https:\/\/agora-eoi.xtec.cat\/eoisabadell\/wp-json\/wp\/v2\/pages\/15583","targetHints":{"allow":["GET"]}}],"collection":[{"href":"https:\/\/agora-eoi.xtec.cat\/eoisabadell\/wp-json\/wp\/v2\/pages"}],"about":[{"href":"https:\/\/agora-eoi.xtec.cat\/eoisabadell\/wp-json\/wp\/v2\/types\/page"}],"author":[{"embeddable":true,"href":"https:\/\/agora-eoi.xtec.cat\/eoisabadell\/wp-json\/wp\/v2\/users\/7"}],"replies":[{"embeddable":true,"href":"https:\/\/agora-eoi.xtec.cat\/eoisabadell\/wp-json\/wp\/v2\/comments?post=15583"}],"version-history":[{"count":7,"href":"https:\/\/agora-eoi.xtec.cat\/eoisabadell\/wp-json\/wp\/v2\/pages\/15583\/revisions"}],"predecessor-version":[{"id":17615,"href":"https:\/\/agora-eoi.xtec.cat\/eoisabadell\/wp-json\/wp\/v2\/pages\/15583\/revisions\/17615"}],"wp:attachment":[{"href":"https:\/\/agora-eoi.xtec.cat\/eoisabadell\/wp-json\/wp\/v2\/media?parent=15583"}],"curies":[{"name":"wp","href":"https:\/\/api.w.org\/{rel}","templated":true}]}}