{"id":15394,"date":"2022-10-24T10:54:47","date_gmt":"2022-10-24T08:54:47","guid":{"rendered":"https:\/\/agora-eoi.xtec.cat\/eoisabadell\/?page_id=15394"},"modified":"2025-07-08T14:08:06","modified_gmt":"2025-07-08T12:08:06","slug":"horaris-2","status":"publish","type":"page","link":"https:\/\/agora-eoi.xtec.cat\/eoisabadell\/horaris-2\/","title":{"rendered":"Horaris"},"content":{"rendered":"<h4><\/h4>\n<table style=\"width: 33.7547%; height: 132px;\">\n<tbody>\n<tr style=\"height: 33px;\">\n<td style=\"width: 9.84456%; text-align: left; height: 33px;\"><strong>1.<\/strong><\/td>\n<td style=\"width: 192.183%; text-align: left; height: 33px;\"><strong><a href=\"#AL\">Horaris del centre i calendari<\/a><\/strong><\/td>\n<\/tr>\n<tr style=\"height: 33px;\">\n<td style=\"width: 9.84456%; text-align: left; height: 33px;\"><strong>2.<\/strong><\/td>\n<td style=\"width: 192.183%; text-align: left; height: 33px;\"><strong><a style=\"color: #2795b6;\" href=\"#AN\">Horari de secretaria \/ departament d&#8217;alumnat<\/a><\/strong><\/td>\n<\/tr>\n<tr style=\"height: 33px;\">\n<td style=\"width: 9.84456%; text-align: left; height: 33px;\"><strong>3.<\/strong><\/td>\n<td style=\"width: 192.183%; text-align: left; height: 33px;\"><strong><a style=\"color: #2795b6;\" href=\"#CA\">Departaments d&#8217;idiomes<\/a><\/strong><\/td>\n<\/tr>\n<tr style=\"height: 33px;\">\n<td style=\"width: 9.84456%; text-align: left; height: 33px;\"><strong>4.<\/strong><\/td>\n<td style=\"width: 192.183%; text-align: left; height: 33px;\"><strong><a href=\"#FR\">Biblioteca<\/a><\/strong><\/td>\n<\/tr>\n<\/tbody>\n<\/table>\n<hr \/>\n<p><a id=\"AL\"><\/a><strong><a href=\"#AL\">1. Horaris del centre i calendari<\/a><\/strong><\/p>\n<hr \/>\n<p>Horari d&#8217;obertura de l&#8217;escola <strong>per\u00edode lectiu (des de l&#8217;inici de curs fins al 30 de juny. Consulteu<a href=\"https:\/\/agora-eoi.xtec.cat\/eoisabadell\/calendari-escolar\/\"> calendari curs actual aqu\u00ed<\/a>)<\/strong><\/p>\n<ul>\n<li>de dilluns a dijous:\n<ul>\n<li><span style=\"font-weight: 400;\">matins: 8:45-14:30<\/span><\/li>\n<li>tardes: 15:30-21:00<\/li>\n<\/ul>\n<\/li>\n<li>divendres nom\u00e9s matins: <span style=\"font-weight: 400;\">8:45-14:30<\/span><\/li>\n<\/ul>\n<p>Horari<strong> juliol: nom\u00e9s matins de 9:00 a 14:30h.<\/strong><\/p>\n<p>Horari <strong>setembre (fins comen\u00e7ament de classes. Consulteu<a href=\"https:\/\/agora-eoi.xtec.cat\/eoisabadell\/calendari-escolar\/\"> calendari curs actual aqu\u00ed<\/a>):\u00a0<\/strong><\/p>\n<ul>\n<li>Matins: de dilluns a divendres: <span style=\"font-weight: 400;\">9:00-14:30<\/span><\/li>\n<li>Tardes. dimecres i dijous: 15:30-20:00<\/li>\n<\/ul>\n<hr \/>\n<p><a id=\"AN\"><\/a><a href=\"#AN\">2. Horari de secretaria \/ departament d&#8217;alumnat<\/a><\/p>\n<hr \/>\n<p><a href=\"https:\/\/agora-eoi.xtec.cat\/eoisabadell\/horari-de-secretaria-2\/\"><b>Cliqueu aqu\u00ed per accedir a l&#8217;horari de la secretaria del centre<\/b><\/a><\/p>\n<hr \/>\n<p><a id=\"CA\"><\/a><a href=\"#CA\">3. Departaments d&#8217;idiomes<\/a><\/p>\n<hr \/>\n<table style=\"border-collapse: collapse; width: 100%; height: 128px;\">\n<tbody>\n<tr style=\"height: 32px;\">\n<td style=\"width: 25%; height: 32px;\"><strong>Departament d&#8217;alemany<\/strong><\/td>\n<td style=\"width: 25%; height: 32px;\"><strong><a href=\"mailto:alemany@eoisabadell.cat\">alemany<span class=\"\">@eoisabadell.cat<\/span><\/a><\/strong><\/td>\n<td style=\"width: 25%; height: 32px;\"><a href=\"https:\/\/agora-eoi.xtec.cat\/eoisabadell\/horaris-de-classe\/\">Horaris de classe d&#8217;alemany<\/a><\/td>\n<td style=\"width: 25%; height: 32px;\"><a href=\"https:\/\/agora-eoi.xtec.cat\/eoisabadell\/alemany\/professorat-dalemany-2\/\">Horaris de visita i correu del professorat d&#8217;alemany<\/a><\/td>\n<\/tr>\n<tr style=\"height: 32px;\">\n<td style=\"width: 25%; height: 32px;\"><strong>Departament d&#8217;angl\u00e8s<\/strong><\/td>\n<td style=\"width: 25%; height: 32px;\"><strong><a href=\"mailto:angles@eoisabadell.cat\">angles<span class=\"\">@eoisabadell.cat<\/span><\/a><\/strong><\/td>\n<td style=\"width: 25%; height: 32px;\"><a href=\"https:\/\/agora-eoi.xtec.cat\/eoisabadell\/horaris-de-classe\/\">Horaris de classe d&#8217;angl\u00e8s<\/a><\/td>\n<td style=\"width: 25%; height: 32px;\"><a href=\"https:\/\/agora-eoi.xtec.cat\/eoisabadell\/angles-2\/professorat-dangles\/\">Horaris de visita i correu del professorat d&#8217;angl\u00e8s<\/a><\/td>\n<\/tr>\n<tr style=\"height: 32px;\">\n<td style=\"width: 25%; height: 32px;\"><strong>Departament de catal\u00e0<\/strong><\/td>\n<td style=\"width: 25%; height: 32px;\"><strong><a href=\"mailto:catala@eoisabadell.cat\">catala@eoisabadell.cat<\/a><\/strong><\/td>\n<td style=\"width: 25%; height: 32px;\"><a href=\"https:\/\/agora-eoi.xtec.cat\/eoisabadell\/horaris-de-classe\/\">Horaris de classe de catal\u00e0<\/a><\/td>\n<td style=\"width: 25%; height: 32px;\"><a href=\"https:\/\/agora-eoi.xtec.cat\/eoisabadell\/catala-2\/professorat-de-catala\/\">Horaris de visita i correu del professorat de catal\u00e0<\/a><\/td>\n<\/tr>\n<tr style=\"height: 32px;\">\n<td style=\"width: 25%; height: 32px;\"><strong>Departament de franc\u00e8s<\/strong><\/td>\n<td style=\"width: 25%; height: 32px;\"><strong><a href=\"mailto:frances@eoisabadell.cat\">frances@eoisabadell.cat<\/a><\/strong><\/td>\n<td style=\"width: 25%; height: 32px;\"><a href=\"https:\/\/agora-eoi.xtec.cat\/eoisabadell\/horaris-de-classe\/\">Horaris de classe de franc\u00e8s<\/a><\/td>\n<td style=\"width: 25%; height: 32px;\"><a href=\"https:\/\/agora-eoi.xtec.cat\/eoisabadell\/frances-2\/professorat-de-frances\/\">Horaris de visita i correu del professorat de franc\u00e8s<\/a><\/td>\n<\/tr>\n<\/tbody>\n<\/table>\n<hr \/>\n<p><a id=\"FR\"><\/a><a href=\"#FR\">4. Biblioteca<\/a><\/p>\n<hr \/>\n<p><strong>Sala d&#8217;estudis: <\/strong>de dilluns a dijous (divendres tancat):<\/p>\n<ul>\n<li style=\"list-style-type: none;\">\n<ul>\n<li><span style=\"font-weight: 400;\">matins: 9:00-14:30h<\/span><\/li>\n<li>tardes: 15:30-20:15h<\/li>\n<\/ul>\n<\/li>\n<\/ul>\n<p><strong>Servei de pr\u00e9stec: <\/strong>de dilluns a dijous, tardes: 16:15 &#8211; 20:15h (divendres tancat)<\/p>\n<p>En cas que la <strong>biblioteca estigui tancada, la devoluci\u00f3 del material en pr\u00e9stec es far\u00e0 a <span style=\"text-decoration: underline;\">Secretaria<\/span><\/strong>, durant l\u2019horari de funcionament de l\u2019escola.<\/p>\n","protected":false},"excerpt":{"rendered":"<p>1.<br \/>\n<a href=\"#AL\">Horaris del centre i calendari<\/a><\/p>\n<p>2.<br \/>\n<a style=\"color: #2795b6;\" href=\"#AN\">Horari de secretaria \/ departament d&#8217;alumnat<\/a><\/p>\n<p>3.<br \/>\n<a style=\"color: #2795b6;\" href=\"#CA\">Departaments d&#8217;idiomes<\/a><\/p>\n<p>4.<br \/>\n<a href=\"#FR\">Biblioteca<\/a><\/p>\n<p><a id=\"AL\"><\/a><a href=\"#AL\">1. Horaris del centre i calendari<\/a><\/p>\n<p>Horari d&#8217;obertura de l&#8217;escola per\u00edode lectiu (des de l&#8217;inici de curs fins al 30 de juny. Consulteu<a href=\"https:\/\/agora-eoi.xtec.cat\/eoisabadell\/calendari-escolar\/\"> calendari curs&hellip;  <a href=\"https:\/\/agora-eoi.xtec.cat\/eoisabadell\/horaris-2\/\" title=\"Read Horaris\">Llegeix m\u00e9s\u00bb<\/a><\/p>\n","protected":false},"author":7,"featured_media":0,"parent":0,"menu_order":0,"comment_status":"closed","ping_status":"closed","template":"","meta":{"_bbp_topic_count":0,"_bbp_reply_count":0,"_bbp_total_topic_count":0,"_bbp_total_reply_count":0,"_bbp_voice_count":0,"_bbp_anonymous_reply_count":0,"_bbp_topic_count_hidden":0,"_bbp_reply_count_hidden":0,"_bbp_forum_subforum_count":0,"footnotes":""},"class_list":["post-15394","page","type-page","status-publish","hentry"],"post_mailing_queue_ids":[],"_links":{"self":[{"href":"https:\/\/agora-eoi.xtec.cat\/eoisabadell\/wp-json\/wp\/v2\/pages\/15394","targetHints":{"allow":["GET"]}}],"collection":[{"href":"https:\/\/agora-eoi.xtec.cat\/eoisabadell\/wp-json\/wp\/v2\/pages"}],"about":[{"href":"https:\/\/agora-eoi.xtec.cat\/eoisabadell\/wp-json\/wp\/v2\/types\/page"}],"author":[{"embeddable":true,"href":"https:\/\/agora-eoi.xtec.cat\/eoisabadell\/wp-json\/wp\/v2\/users\/7"}],"replies":[{"embeddable":true,"href":"https:\/\/agora-eoi.xtec.cat\/eoisabadell\/wp-json\/wp\/v2\/comments?post=15394"}],"version-history":[{"count":6,"href":"https:\/\/agora-eoi.xtec.cat\/eoisabadell\/wp-json\/wp\/v2\/pages\/15394\/revisions"}],"predecessor-version":[{"id":17957,"href":"https:\/\/agora-eoi.xtec.cat\/eoisabadell\/wp-json\/wp\/v2\/pages\/15394\/revisions\/17957"}],"wp:attachment":[{"href":"https:\/\/agora-eoi.xtec.cat\/eoisabadell\/wp-json\/wp\/v2\/media?parent=15394"}],"curies":[{"name":"wp","href":"https:\/\/api.w.org\/{rel}","templated":true}]}}