{"id":15215,"date":"2022-09-25T23:20:27","date_gmt":"2022-09-25T21:20:27","guid":{"rendered":"https:\/\/agora-eoi.xtec.cat\/eoisabadell\/?page_id=15215"},"modified":"2025-06-25T12:03:03","modified_gmt":"2025-06-25T10:03:03","slug":"notes-i-expedient","status":"publish","type":"page","link":"https:\/\/agora-eoi.xtec.cat\/eoisabadell\/notes-i-expedient\/","title":{"rendered":"Notes i expedient"},"content":{"rendered":"<h4><strong>Alumnat oficial:<\/strong><\/h4>\n<p>Per consultar el vostre expedient acad\u00e8mic, faltes d&#8217;assist\u00e8ncia i notes dels ex\u00e0mens cliqueu <a href=\"https:\/\/www.informaticacentros.com\/centrosnet\/ultralogin.php?tcentro=EOI&amp;centro=B03\" target=\"_blank\" rel=\"noopener\"><strong>aqu\u00ed<\/strong><\/a><\/p>\n<p>La primera vegada que hi accediu, a part d\u2019emplenar l\u2019usuari amb la vostra data de naixement i la primera contrasenya amb el vostre n\u00famero de DNI sense la lletra, tamb\u00e9 haureu de crear la vostra contrasenya personal. Per fer-ho, seguiu aquestes instruccions del <a href=\"https:\/\/docs.google.com\/document\/d\/1evpOtYVvo4AjvmqPmmYojPUhFijsHlbb3K39Umy-2b4\/edit?tab=t.0\" target=\"_blank\" rel=\"noopener\">Manual \u00c0rea Alumnat<\/a>.<\/p>\n<h4><strong>Candidats\/es lliures:\u00a0<\/strong><\/h4>\n<p>Podeu consultar el resultat de la prova en aquest\u00a0<a href=\"https:\/\/aplicacions.gestioeducativa.gencat.cat\/pls\/apex\/f?p=2011025:LOGIN:403754958230964\" target=\"_blank\" rel=\"noopener noreferrer\"><strong>enlla\u00e7<\/strong><\/a>.<\/p>\n","protected":false},"excerpt":{"rendered":"<p>Alumnat oficial:<br \/>\nPer consultar el vostre expedient acad\u00e8mic, faltes d&#8217;assist\u00e8ncia i notes dels ex\u00e0mens cliqueu <a href=\"https:\/\/www.informaticacentros.com\/centrosnet\/ultralogin.php?tcentro=EOI&amp;centro=B03\" target=\"_blank\" rel=\"noopener\">aqu\u00ed<\/a><br \/>\nLa primera vegada que hi accediu, a part d\u2019emplenar l\u2019usuari amb la vostra data de naixement i la primera contrasenya amb el vostre n\u00famero de DNI sense la&hellip;  <a href=\"https:\/\/agora-eoi.xtec.cat\/eoisabadell\/notes-i-expedient\/\" title=\"Read Notes i expedient\">Llegeix m\u00e9s\u00bb<\/a><\/p>\n","protected":false},"author":7,"featured_media":0,"parent":0,"menu_order":0,"comment_status":"closed","ping_status":"closed","template":"","meta":{"_bbp_topic_count":0,"_bbp_reply_count":0,"_bbp_total_topic_count":0,"_bbp_total_reply_count":0,"_bbp_voice_count":0,"_bbp_anonymous_reply_count":0,"_bbp_topic_count_hidden":0,"_bbp_reply_count_hidden":0,"_bbp_forum_subforum_count":0,"footnotes":""},"class_list":["post-15215","page","type-page","status-publish","hentry"],"post_mailing_queue_ids":[],"_links":{"self":[{"href":"https:\/\/agora-eoi.xtec.cat\/eoisabadell\/wp-json\/wp\/v2\/pages\/15215","targetHints":{"allow":["GET"]}}],"collection":[{"href":"https:\/\/agora-eoi.xtec.cat\/eoisabadell\/wp-json\/wp\/v2\/pages"}],"about":[{"href":"https:\/\/agora-eoi.xtec.cat\/eoisabadell\/wp-json\/wp\/v2\/types\/page"}],"author":[{"embeddable":true,"href":"https:\/\/agora-eoi.xtec.cat\/eoisabadell\/wp-json\/wp\/v2\/users\/7"}],"replies":[{"embeddable":true,"href":"https:\/\/agora-eoi.xtec.cat\/eoisabadell\/wp-json\/wp\/v2\/comments?post=15215"}],"version-history":[{"count":4,"href":"https:\/\/agora-eoi.xtec.cat\/eoisabadell\/wp-json\/wp\/v2\/pages\/15215\/revisions"}],"predecessor-version":[{"id":17913,"href":"https:\/\/agora-eoi.xtec.cat\/eoisabadell\/wp-json\/wp\/v2\/pages\/15215\/revisions\/17913"}],"wp:attachment":[{"href":"https:\/\/agora-eoi.xtec.cat\/eoisabadell\/wp-json\/wp\/v2\/media?parent=15215"}],"curies":[{"name":"wp","href":"https:\/\/api.w.org\/{rel}","templated":true}]}}