{"id":15208,"date":"2022-09-25T23:03:34","date_gmt":"2022-09-25T21:03:34","guid":{"rendered":"https:\/\/agora-eoi.xtec.cat\/eoisabadell\/?page_id=15208"},"modified":"2025-09-24T23:01:36","modified_gmt":"2025-09-24T21:01:36","slug":"programa-pia-professorat","status":"publish","type":"page","link":"https:\/\/agora-eoi.xtec.cat\/eoisabadell\/programa-pia-professorat\/","title":{"rendered":"Programa PIA+ (professorat en actiu)"},"content":{"rendered":"<p><strong>INFORMACI\u00d3 SOBRE EL PROGRAMA PIA+ PER AL PROFESSORAT EN ACTIU <a href=\"https:\/\/xtec.gencat.cat\/ca\/formacio\/formaciogeneralprofessorat\/llengues\/programa-pia\/\" target=\"_blank\" rel=\"noopener\">trobareu aqu\u00ed l&#8217;enlla\u00e7 al web oficial\u00a0<\/a><\/strong><\/p>\n<p>El Programa PIA+\u00a0 \u00e9s un <strong>ajut a l\u2019estudi per al professorat <span style=\"text-decoration: underline;\">en actiu<\/span> de l&#8217;escola p\u00fablica, concertada o municipal que cursi i superi una llengua estrangera<\/strong> o el <strong>C2 de catal\u00e0<\/strong> en una <strong>EOI<\/strong>\u00a0o a l\u2019<strong>IOC<\/strong>.\u00a0Es tracten de cursos oficials i extensius durant el curs acad\u00e8mic\u00a0<strong>(no durant l\u2019estiu ni cursos especials)<\/strong>\u00a0a les EOI i semestrals a l\u2019IOC,\u00a0en uns idiomes i nivells concrets:<\/p>\n<ul>\n<li>nivells de <strong>B2.1, B2.2, C1, C2.1 i C2.2<\/strong> per a la<strong> llengua anglesa a les EOI<\/strong><\/li>\n<li><strong>tots els nivells<\/strong> per a les lleng\u00fces: <strong>alemany, franc\u00e8s<\/strong>, itali\u00e0, \u00e0rab, rus i xin\u00e8s a les EOI<\/li>\n<li>nivell <strong>C2 de catal\u00e0<\/strong> a les EOI<\/li>\n<li>nivells de B1, B2.1 i B2.2 per a la llengua anglesa a l\u2019IOC<\/li>\n<li>tots els nivells de la llengua alemanya que ofereix l\u2019IOC<\/li>\n<\/ul>\n<p><strong>Requisits:<\/strong><br \/>\n\u2013 Ser docent i estar en actiu en un centre p\u00fablic, concertat o municipal.<br \/>\n\u2013 Disposar de correu xtec. <span style=\"text-decoration: underline;\"><strong>En el moment de fer la preinscripci\u00f3 al setembre<\/strong><\/span>, s&#8217;ha de marcar la casella DESITJO ACOLLIR-ME AL PROGRAMA PIA+ i informar el <strong>correu @xtec com a adre\u00e7a de contacte<\/strong> (fixeu-vos que durant la matr\u00edcula, ja no pots canviar les dades personals i s&#8217;hauria d&#8217;enviar un correu a secretaria@eoisabadell.cat). Si ja ets alumne\/a, canvia el teu correu de contacte a @xtec.cat a l&#8217;\u00e0rea alum del nostre web enviant un correu a secretaria@eoisabadell.cat.<\/p>\n<p><strong>Sol\u00b7licitud de la devoluci\u00f3:<\/strong><\/p>\n<ul>\n<li>Podr\u00e0 sol\u00b7licitar la devoluci\u00f3 de l\u2019import base de la matr\u00edcula (no s&#8217;hi inclouen els 30\u20ac\/15\u20ac en concepte &#8216;d&#8217;acc\u00e9s a la plataforma virtual i materials did\u00e0ctics&#8217;) el <strong>professorat<\/strong> que obtingui, a final de curs, la <strong>qualificaci\u00f3 d\u2019APTE\/A<\/strong> o d<strong>&#8216;Aprofitament<\/strong> (en el cas dels alumnes de matr\u00edcula d\u2019actualitzaci\u00f3).<strong><br \/>\n<\/strong><\/li>\n<li>Es podr\u00e0 sol\u00b7licitar la devoluci\u00f3 de l\u2019import base de matriculaci\u00f3\u00a0<strong>nom\u00e9s d\u2019un idioma.<\/strong><\/li>\n<li>La devoluci\u00f3 no inclou els costos de material,\u00a0d\u2019acc\u00e9s a plataformes digitals, d\u2019expedici\u00f3 de t\u00edtols ni les penalitzacions per repetici\u00f3 de curs, si\u00a0escau.<\/li>\n<li>Al final del curs acad\u00e8mic (<span style=\"text-decoration: underline;\">al curs passat 24-25<\/span>, aquest termini va ser de l&#8217;1 al 14 de juliol de 2025) , els interessats hauran d&#8217;omplir la sol\u00b7licitud <a href=\"https:\/\/educacio.gencat.cat\/ca\/tramits\/tramits-temes\/devolucio-matricula-pia\" target=\"_blank\" rel=\"noopener\">en aquest enlla\u00e7, <\/a><strong>\u00a0 Aquest proc\u00e9s \u00e9s responsabilitat exclusiva dels interessats, l&#8217;EOI Sabadell no enviar\u00e0 cap recordatori.<\/strong><\/li>\n<li>El termini de resoluci\u00f3 de la devoluci\u00f3\u00a0 \u00e9s de <strong>m\u00ednim 12 mesos<\/strong>. Si vau fer el tr\u00e0mit el curs passat\u00a0 i encara no heu obtingut resposta, us podeu posar en contacte directament al seg\u00fcent correu: <strong>gestioingressos.educacio@gencat.cat<br \/>\n<\/strong><\/li>\n<\/ul>\n<p><strong>Actualitzaci\u00f3 de matr\u00edcula EOI<br \/>\n<\/strong>Els docents que disposin d\u2019un t\u00edtol oficial expedit per una EOI o b\u00e9 per l\u2019IOC abans del 2020 i que vulguin actualitzar els coneixements d\u2019aquella llengua poden inscriure\u2019s en la modalitat \u201cmatr\u00edcula d\u2019actualitzaci\u00f3\u201d. Aquesta modalitat permet la inscripci\u00f3 a les mateixes lleng\u00fces i nivells esmentats anteriorment.<\/p>\n<p>M\u00e9s informaci\u00f3 al web del<strong><a href=\"http:\/\/xtec.gencat.cat\/ca\/formacio\/formaciogeneralprofessorat\/llengues\/programa-pia\/\"> Departament d\u2019Educaci\u00f3.<\/a><\/strong><\/p>\n<p>&nbsp;<\/p>\n","protected":false},"excerpt":{"rendered":"<p>INFORMACI\u00d3 SOBRE EL PROGRAMA PIA+ PER AL PROFESSORAT EN ACTIU <a href=\"https:\/\/xtec.gencat.cat\/ca\/formacio\/formaciogeneralprofessorat\/llengues\/programa-pia\/\" target=\"_blank\" rel=\"noopener\">trobareu aqu\u00ed l&#8217;enlla\u00e7 al web oficial\u00a0<\/a><br \/>\nEl Programa PIA+\u00a0 \u00e9s un ajut a l\u2019estudi per al professorat en actiu de l&#8217;escola p\u00fablica, concertada o municipal que cursi i superi una llengua estrangera o&hellip;  <a href=\"https:\/\/agora-eoi.xtec.cat\/eoisabadell\/programa-pia-professorat\/\" title=\"Read Programa PIA+ (professorat en actiu)\">Llegeix m\u00e9s\u00bb<\/a><\/p>\n","protected":false},"author":7,"featured_media":0,"parent":0,"menu_order":0,"comment_status":"closed","ping_status":"closed","template":"","meta":{"_bbp_topic_count":0,"_bbp_reply_count":0,"_bbp_total_topic_count":0,"_bbp_total_reply_count":0,"_bbp_voice_count":0,"_bbp_anonymous_reply_count":0,"_bbp_topic_count_hidden":0,"_bbp_reply_count_hidden":0,"_bbp_forum_subforum_count":0,"footnotes":""},"class_list":["post-15208","page","type-page","status-publish","hentry"],"post_mailing_queue_ids":[],"_links":{"self":[{"href":"https:\/\/agora-eoi.xtec.cat\/eoisabadell\/wp-json\/wp\/v2\/pages\/15208","targetHints":{"allow":["GET"]}}],"collection":[{"href":"https:\/\/agora-eoi.xtec.cat\/eoisabadell\/wp-json\/wp\/v2\/pages"}],"about":[{"href":"https:\/\/agora-eoi.xtec.cat\/eoisabadell\/wp-json\/wp\/v2\/types\/page"}],"author":[{"embeddable":true,"href":"https:\/\/agora-eoi.xtec.cat\/eoisabadell\/wp-json\/wp\/v2\/users\/7"}],"replies":[{"embeddable":true,"href":"https:\/\/agora-eoi.xtec.cat\/eoisabadell\/wp-json\/wp\/v2\/comments?post=15208"}],"version-history":[{"count":7,"href":"https:\/\/agora-eoi.xtec.cat\/eoisabadell\/wp-json\/wp\/v2\/pages\/15208\/revisions"}],"predecessor-version":[{"id":18073,"href":"https:\/\/agora-eoi.xtec.cat\/eoisabadell\/wp-json\/wp\/v2\/pages\/15208\/revisions\/18073"}],"wp:attachment":[{"href":"https:\/\/agora-eoi.xtec.cat\/eoisabadell\/wp-json\/wp\/v2\/media?parent=15208"}],"curies":[{"name":"wp","href":"https:\/\/api.w.org\/{rel}","templated":true}]}}