{"id":15202,"date":"2022-09-25T22:47:57","date_gmt":"2022-09-25T20:47:57","guid":{"rendered":"https:\/\/agora-eoi.xtec.cat\/eoisabadell\/?page_id=15202"},"modified":"2022-09-29T18:34:08","modified_gmt":"2022-09-29T16:34:08","slug":"convalidacions-eso-i-batxillerat","status":"publish","type":"page","link":"https:\/\/agora-eoi.xtec.cat\/eoisabadell\/convalidacions-eso-i-batxillerat\/","title":{"rendered":"Convalidacions ESO i Batxillerat"},"content":{"rendered":"<div class=\"entry-content\">\n<h6><span style=\"text-decoration: underline;\"><strong>Convalidacions ESO<\/strong><\/span><\/h6>\n<p>L\u2019alumnat que cursa una segona llengua estrangera, que no s\u2019ofereixi en el centre educatiu, i que ho faci en una escola oficial d\u2019idiomes o en institucions oficials o governamentals pot sol\u00b7licitar-ne el reconeixement. En aquests casos, l\u2019alumne o alumna ha d\u2019acreditar que est\u00e0 matriculat en un d\u2019aquests centres i ha de comunicar, si fos el cas, l\u2019abandonament d\u2019aquests estudis.<\/p>\n<p>El tr\u00e0mit que han de fer les fam\u00edlies dels alumnes \u00e9s el seg\u00fcent:<\/p>\n<p><strong>a. Sol\u00b7licitar al centre el reconeixement dels estudis com a mat\u00e8ria optativa de Segona Llengua Estrangera, amb el formulari corresponent. En la sol\u00b7licitud cal adjuntar el comprovant de matr\u00edcula de l&#8217;EOI.<\/strong><\/p>\n<p><strong>b. Presentar al centre, a final de curs, el certificat o diploma de superaci\u00f3 dels estudis expedit per l\u2019EOI de Sabadell.<\/strong><\/p>\n<p>El reconeixement de la formaci\u00f3 com a Segona Llengua Estrangera es fa efectiu en finalitzar el curs acad\u00e8mic.<\/p>\n<p><strong><em>Concreci\u00f3 i desenvolupament del curr\u00edculum competencial i l\u2019orientaci\u00f3 educativa a l\u2019ESO<br \/>\n<\/em><\/strong><\/p>\n<p>&nbsp;<\/p>\n<\/div>\n<h6><span style=\"text-decoration: underline;\"><strong>Convalidacions\u00a0Batxillerat<\/strong><\/span><\/h6>\n<p>Convalidacions de mat\u00e8ries del batxillerat per a alumnes que cursen lleng\u00fces estrangeres simult\u00e0niament en una EOI<strong>\u00a0<\/strong><\/p>\n<p>Els i les alumnes que cursen el batxillerat i, al mateix temps, una segona llengua estrangera en una escola oficial d\u2019idiomes (EOI) poden sol\u00b7licitar, a cada curs, la convalidaci\u00f3 de la darrera franja de quatre hores de cada curs que es completa amb una mat\u00e8ria de modalitat, pr\u00f2pia o aliena, o b\u00e9 amb dues mat\u00e8ries espec\u00edfiques, si es dona alguna de les condicions seg\u00fcents:<\/p>\n<ul>\n<li>Es cursa a l\u2019EOI amb el nivell B2 o superior una segona llengua estrangera que ofereix el centre.<\/li>\n<li>Es cursa a l\u2019EOI una llengua estrangera que no ofereix el centre.<\/li>\n<\/ul>\n<p>La sol\u00b7licitud de convalidaci\u00f3 la presenta l\u2019alumne o alumna el primer mes de classe, juntament amb una c\u00f2pia de la matr\u00edcula a l\u2019EOI. El centre ho comunica a la Direcci\u00f3 General de Curr\u00edculum i Personalitzaci\u00f3 abans del 31 d\u2019octubre del curs escolar corresponent.<\/p>\n<p>La convalidaci\u00f3 est\u00e0 condicionada a la superaci\u00f3 del curs a l\u2019EOI, que cal documentar amb un certificat del nivell assolit expedit per la secretaria de l\u2019EOI.<\/p>\n<p><strong><em>Concreci\u00f3 i desenvolupament del curr\u00edculum del batxillerat<\/em><\/strong><\/p>\n","protected":false},"excerpt":{"rendered":"<p>Convalidacions ESO<br \/>\nL\u2019alumnat que cursa una segona llengua estrangera, que no s\u2019ofereixi en el centre educatiu, i que ho faci en una escola oficial d\u2019idiomes o en institucions oficials o governamentals pot sol\u00b7licitar-ne el reconeixement. En aquests casos, l\u2019alumne o alumna ha d\u2019acreditar que est\u00e0 matriculat&hellip;  <a href=\"https:\/\/agora-eoi.xtec.cat\/eoisabadell\/convalidacions-eso-i-batxillerat\/\" title=\"Read Convalidacions ESO i Batxillerat\">Llegeix m\u00e9s\u00bb<\/a><\/p>\n","protected":false},"author":7,"featured_media":0,"parent":0,"menu_order":0,"comment_status":"closed","ping_status":"closed","template":"","meta":{"_bbp_topic_count":0,"_bbp_reply_count":0,"_bbp_total_topic_count":0,"_bbp_total_reply_count":0,"_bbp_voice_count":0,"_bbp_anonymous_reply_count":0,"_bbp_topic_count_hidden":0,"_bbp_reply_count_hidden":0,"_bbp_forum_subforum_count":0,"footnotes":""},"class_list":["post-15202","page","type-page","status-publish","hentry"],"post_mailing_queue_ids":[],"_links":{"self":[{"href":"https:\/\/agora-eoi.xtec.cat\/eoisabadell\/wp-json\/wp\/v2\/pages\/15202","targetHints":{"allow":["GET"]}}],"collection":[{"href":"https:\/\/agora-eoi.xtec.cat\/eoisabadell\/wp-json\/wp\/v2\/pages"}],"about":[{"href":"https:\/\/agora-eoi.xtec.cat\/eoisabadell\/wp-json\/wp\/v2\/types\/page"}],"author":[{"embeddable":true,"href":"https:\/\/agora-eoi.xtec.cat\/eoisabadell\/wp-json\/wp\/v2\/users\/7"}],"replies":[{"embeddable":true,"href":"https:\/\/agora-eoi.xtec.cat\/eoisabadell\/wp-json\/wp\/v2\/comments?post=15202"}],"version-history":[{"count":3,"href":"https:\/\/agora-eoi.xtec.cat\/eoisabadell\/wp-json\/wp\/v2\/pages\/15202\/revisions"}],"predecessor-version":[{"id":15262,"href":"https:\/\/agora-eoi.xtec.cat\/eoisabadell\/wp-json\/wp\/v2\/pages\/15202\/revisions\/15262"}],"wp:attachment":[{"href":"https:\/\/agora-eoi.xtec.cat\/eoisabadell\/wp-json\/wp\/v2\/media?parent=15202"}],"curies":[{"name":"wp","href":"https:\/\/api.w.org\/{rel}","templated":true}]}}