{"id":15074,"date":"2022-09-17T11:19:33","date_gmt":"2022-09-17T09:19:33","guid":{"rendered":"https:\/\/agora-eoi.xtec.cat\/eoisabadell\/?page_id=15074"},"modified":"2025-09-18T18:07:50","modified_gmt":"2025-09-18T16:07:50","slug":"documentacio-obligatoria-alumnat","status":"publish","type":"page","link":"https:\/\/agora-eoi.xtec.cat\/eoisabadell\/documentacio-obligatoria-alumnat\/","title":{"rendered":"Documentaci\u00f3 obligat\u00f2ria alumnat menor d&#8217;edat (Inici de curs)"},"content":{"rendered":"<p><strong>CURS 2025-26<\/strong><\/p>\n<p>Els primers dies de classe el vostre professorat us proporcionar\u00e0 aquesta documentaci\u00f3 obligat\u00f2ria, per tal que l&#8217;ompliu i la signeu. Si no la teniu disponible, la podeu tornar a descarregar en els seg\u00fcents enlla\u00e7os i lliurar-la al vostre professor\/a, al m\u00e9s aviat possible:<\/p>\n<ul>\n<li><a href=\"https:\/\/docs.google.com\/document\/d\/12-4jX6uShAydsKNG7BMnTkNr5JWdn-8O\/edit\" target=\"_blank\" rel=\"noopener\">Autoritzaci\u00f3 sortida del centre de l&#8217;alumnat menor d&#8217;edat (curs 25-26)<\/a><\/li>\n<li><a href=\"https:\/\/drive.google.com\/file\/d\/1t9PsUyhrQGZciaK7R0T3XSqczRG9wfqV\/view?usp=sharing\" target=\"_blank\" rel=\"noopener\">Autoritzaci\u00f3 a l&#8217;\u00fas de serveis i recursos digitals a Internet per treballar a l&#8217;aula de l&#8217;alumnat menor d&#8217;edat (curs 25-26)<\/a><\/li>\n<\/ul>\n<p>Gr\u00e0cies per la vostra col\u00b7laboraci\u00f3!!<\/p>\n","protected":false},"excerpt":{"rendered":"<p>CURS 2025-26<br \/>\nEls primers dies de classe el vostre professorat us proporcionar\u00e0 aquesta documentaci\u00f3 obligat\u00f2ria, per tal que l&#8217;ompliu i la signeu. Si no la teniu disponible, la podeu tornar a descarregar en els seg\u00fcents enlla\u00e7os i lliurar-la al vostre professor\/a, al m\u00e9s aviat possible:<\/p>\n<ul>\n<li><a href=\"https:\/\/docs.google.com\/document\/d\/12-4jX6uShAydsKNG7BMnTkNr5JWdn-8O\/edit\"&hellip;  <a href=\"https:\/\/agora-eoi.xtec.cat\/eoisabadell\/documentacio-obligatoria-alumnat\/\" title=\"Read Documentaci\u00f3 obligat\u00f2ria alumnat menor d&#8217;edat (Inici de curs)\">Llegeix m\u00e9s\u00bb<\/a><br \/>\n","protected":false},"author":7,"featured_media":0,"parent":0,"menu_order":0,"comment_status":"closed","ping_status":"closed","template":"","meta":{"_bbp_topic_count":0,"_bbp_reply_count":0,"_bbp_total_topic_count":0,"_bbp_total_reply_count":0,"_bbp_voice_count":0,"_bbp_anonymous_reply_count":0,"_bbp_topic_count_hidden":0,"_bbp_reply_count_hidden":0,"_bbp_forum_subforum_count":0,"footnotes":""},"class_list":["post-15074","page","type-page","status-publish","hentry"],"post_mailing_queue_ids":[],"_links":{"self":[{"href":"https:\/\/agora-eoi.xtec.cat\/eoisabadell\/wp-json\/wp\/v2\/pages\/15074","targetHints":{"allow":["GET"]}}],"collection":[{"href":"https:\/\/agora-eoi.xtec.cat\/eoisabadell\/wp-json\/wp\/v2\/pages"}],"about":[{"href":"https:\/\/agora-eoi.xtec.cat\/eoisabadell\/wp-json\/wp\/v2\/types\/page"}],"author":[{"embeddable":true,"href":"https:\/\/agora-eoi.xtec.cat\/eoisabadell\/wp-json\/wp\/v2\/users\/7"}],"replies":[{"embeddable":true,"href":"https:\/\/agora-eoi.xtec.cat\/eoisabadell\/wp-json\/wp\/v2\/comments?post=15074"}],"version-history":[{"count":7,"href":"https:\/\/agora-eoi.xtec.cat\/eoisabadell\/wp-json\/wp\/v2\/pages\/15074\/revisions"}],"predecessor-version":[{"id":18050,"href":"https:\/\/agora-eoi.xtec.cat\/eoisabadell\/wp-json\/wp\/v2\/pages\/15074\/revisions\/18050"}],"wp:attachment":[{"href":"https:\/\/agora-eoi.xtec.cat\/eoisabadell\/wp-json\/wp\/v2\/media?parent=15074"}],"curies":[{"name":"wp","href":"https:\/\/api.w.org\/{rel}","templated":true}]}}