{"id":14112,"date":"2021-09-29T13:51:04","date_gmt":"2021-09-29T11:51:04","guid":{"rendered":"https:\/\/agora-eoi.xtec.cat\/eoisabadell\/?page_id=14112"},"modified":"2025-07-08T14:01:37","modified_gmt":"2025-07-08T12:01:37","slug":"candidats-es-lliures","status":"publish","type":"page","link":"https:\/\/agora-eoi.xtec.cat\/eoisabadell\/candidats-es-lliures\/","title":{"rendered":"Candidats\/es lliures"},"content":{"rendered":"<p>El Departament d\u2019Ensenyament organitza\u00a0la\u00a0<a class=\"customize-unpreviewable\" href=\"http:\/\/ensenyament.gencat.cat\/ca\/serveis-tramits\/proves\/proves-lliures-obtencio-titols\/convocat-extraord-idiomes\/\" target=\"_blank\" rel=\"noopener noreferrer\">convocat\u00f2ria extraordin\u00e0ria<\/a> (febrer, nom\u00e9s per angl\u00e8s B1, B2, C1 i C2 i C2 de catal\u00e0) i <a class=\"customize-unpreviewable\" href=\"http:\/\/ensenyament.gencat.cat\/ca\/serveis-tramits\/proves\/proves-lliures-obtencio-titols\/convocat-ordinaria-idiomes\/\" target=\"_blank\" rel=\"noopener noreferrer\">ordin\u00e0ria<\/a> (maig-juny) de les proves per obtenir els certificats seg\u00fcents:<\/p>\n<ul>\n<li><strong>Nivell intermedi B1.<\/strong>\u00a0Corresponent al nivell B1 del Marc europeu\u00a0com\u00fa\u00a0de refer\u00e8ncia per a les lleng\u00fces (MECR)<\/li>\n<li><strong>Nivell intermedi B2.<\/strong>\u00a0Corresponent al nivell B2 del MECR<\/li>\n<li><strong>Nivell avan\u00e7at C1<\/strong>. Corresponent al nivell C1 del MECR<\/li>\n<li><strong>Nivell avan\u00e7at C2<\/strong>. Corresponent al nivell C1 del MECR, nom\u00e9s per <strong>angl\u00e8s i catal\u00e0<\/strong><\/li>\n<\/ul>\n<p>A l\u2019Escola Oficial d\u2019Idiomes de <strong>Sabadell,<\/strong> els candidats lliures poden realitzar la prova en la <strong>convocat\u00f2ria extraordin\u00e0ria &#8211; proves escrites el divendres 30 de gener de 2026 <\/strong><span style=\"text-decoration: underline;\">(<strong>inscripcions del 10 al 14 de novembre de 2025)<\/strong><\/span><strong>,<\/strong> per obtenir el Certificat de Nivell Avan\u00e7at C1 i C2 d\u2019angl\u00e8s i C2 de catal\u00e0.<\/p>\n<p>En canvi, en la <strong>convocat\u00f2ria ordin\u00e0ria al maig-juny <\/strong>(<span style=\"text-decoration: underline;\">inscripcions del 23 al 27 de febrer de 2026<\/span>), els candidats lliures tenen l\u2019opci\u00f3 de presentar-se, a l&#8217;EOI de Sabadell, a la prova per obtenir el Certificat de Nivell intermedi B1 i Certificat de Nivell intermedi B2 d\u2019alemany, angl\u00e8s i franc\u00e8s, el Certificat de Nivell Avan\u00e7at C1 d&#8217;angl\u00e8s i de franc\u00e8s i el Certificat de Nivell Avan\u00e7at C2 d&#8217;angl\u00e8s i de catal\u00e0.<\/p>\n<p>En <a href=\"http:\/\/xtec.gencat.cat\/ca\/curriculum\/idiomes-a-les-eoi\/certificats\/\" target=\"_blank\" rel=\"noopener\">aquesta p\u00e0gina<\/a> trobareu tota informaci\u00f3 referent als Certificats i Proves de les Escoles Oficials d\u2019idiomes de Catalunya.<\/p>\n","protected":false},"excerpt":{"rendered":"<p>El Departament d\u2019Ensenyament organitza\u00a0la\u00a0<a class=\"customize-unpreviewable\" href=\"http:\/\/ensenyament.gencat.cat\/ca\/serveis-tramits\/proves\/proves-lliures-obtencio-titols\/convocat-extraord-idiomes\/\" target=\"_blank\" rel=\"noopener noreferrer\">convocat\u00f2ria extraordin\u00e0ria<\/a> (febrer, nom\u00e9s per angl\u00e8s B1, B2, C1 i C2 i C2 de catal\u00e0) i <a class=\"customize-unpreviewable\" href=\"http:\/\/ensenyament.gencat.cat\/ca\/serveis-tramits\/proves\/proves-lliures-obtencio-titols\/convocat-ordinaria-idiomes\/\" target=\"_blank\" rel=\"noopener noreferrer\">ordin\u00e0ria<\/a> (maig-juny) de les proves per obtenir els certificats seg\u00fcents:<\/p>\n<ul>\n<li>Nivell intermedi B1.\u00a0Corresponent al nivell B1 del&hellip;  <a href=\"https:\/\/agora-eoi.xtec.cat\/eoisabadell\/candidats-es-lliures\/\" title=\"Read Candidats\/es lliures\">Llegeix m\u00e9s\u00bb<\/a><br \/>\n","protected":false},"author":7,"featured_media":0,"parent":0,"menu_order":0,"comment_status":"closed","ping_status":"closed","template":"","meta":{"_bbp_topic_count":0,"_bbp_reply_count":0,"_bbp_total_topic_count":0,"_bbp_total_reply_count":0,"_bbp_voice_count":0,"_bbp_anonymous_reply_count":0,"_bbp_topic_count_hidden":0,"_bbp_reply_count_hidden":0,"_bbp_forum_subforum_count":0,"footnotes":""},"class_list":["post-14112","page","type-page","status-publish","hentry"],"post_mailing_queue_ids":[],"_links":{"self":[{"href":"https:\/\/agora-eoi.xtec.cat\/eoisabadell\/wp-json\/wp\/v2\/pages\/14112","targetHints":{"allow":["GET"]}}],"collection":[{"href":"https:\/\/agora-eoi.xtec.cat\/eoisabadell\/wp-json\/wp\/v2\/pages"}],"about":[{"href":"https:\/\/agora-eoi.xtec.cat\/eoisabadell\/wp-json\/wp\/v2\/types\/page"}],"author":[{"embeddable":true,"href":"https:\/\/agora-eoi.xtec.cat\/eoisabadell\/wp-json\/wp\/v2\/users\/7"}],"replies":[{"embeddable":true,"href":"https:\/\/agora-eoi.xtec.cat\/eoisabadell\/wp-json\/wp\/v2\/comments?post=14112"}],"version-history":[{"count":7,"href":"https:\/\/agora-eoi.xtec.cat\/eoisabadell\/wp-json\/wp\/v2\/pages\/14112\/revisions"}],"predecessor-version":[{"id":17961,"href":"https:\/\/agora-eoi.xtec.cat\/eoisabadell\/wp-json\/wp\/v2\/pages\/14112\/revisions\/17961"}],"wp:attachment":[{"href":"https:\/\/agora-eoi.xtec.cat\/eoisabadell\/wp-json\/wp\/v2\/media?parent=14112"}],"curies":[{"name":"wp","href":"https:\/\/api.w.org\/{rel}","templated":true}]}}