{"id":13798,"date":"2021-06-30T10:14:59","date_gmt":"2021-06-30T08:14:59","guid":{"rendered":"https:\/\/agora-eoi.xtec.cat\/eoisabadell\/?page_id=13798"},"modified":"2025-07-28T20:50:02","modified_gmt":"2025-07-28T18:50:02","slug":"matricula-dactualitzacio-2","status":"publish","type":"page","link":"https:\/\/agora-eoi.xtec.cat\/eoisabadell\/matricula-dactualitzacio-2\/","title":{"rendered":"Matr\u00edcula d&#8217;actualitzaci\u00f3"},"content":{"rendered":"<p><a href=\"https:\/\/agora-eoi.xtec.cat\/eoisabadell\/wp-content\/uploads\/usu2240\/2019\/09\/actualitzat.jpg\"><img loading=\"lazy\" decoding=\"async\" class=\"aligncenter wp-image-12032\" src=\"https:\/\/agora-eoi.xtec.cat\/eoisabadell\/wp-content\/uploads\/usu2240\/2019\/09\/actualitzat.jpg\" alt=\"\" width=\"271\" height=\"157\" \/><\/a><\/p>\n<p>Ja vas estudiar l&#8217;idioma fet per\u00f2 vols posar-te al dia? All\u00f2 que se&#8217;n deia ser\u00a0 &#8216;o\u00efent&#8217; en una classe?<\/p>\n<p><strong>Requisits i condicions.<\/strong><\/p>\n<ul>\n<li>Les persones que ja\u00a0<strong>hagin cursat i superat amb anterioritat cursos de les escoles oficials d\u2019idiomes,<\/strong>\u00a0i que vulguin actualitzar-ne els coneixements,\u00a0<strong>poden sol\u00b7licitar matricular-se en l\u2019\u00faltim curs realitzat o en qualsevol dels cursos inferiors.<\/strong><\/li>\n<li>La sol\u00b7licitud per a aquest tipus de matr\u00edcula s\u2019ha de presentar al centre\u00a0<strong>un cop finalitzat el per\u00edode d\u2019admissi\u00f3 (a finals de setembre)<\/strong>, nom\u00e9s s\u2019admet si existeixen vacants en el curs i l\u2019idioma sol\u00b7licitat. <strong>La sol\u00b7licitud \u00e9s valida \u00fanicament per al curs acad\u00e8mic<\/strong> en qu\u00e8 se sol\u00b7licita i s\u2019ha de tornar a presentar per a cursos acad\u00e8mics posteriors, si l\u2019alumne ho vol. Per tant, <strong>si l&#8217;alumne\/a vol seguir els seus estudis en un nivell encara no superat, haur\u00e0 de fer la preinscripci\u00f3 al setembre<\/strong>.<\/li>\n<li>Aquest tipus de matr\u00edcula no t\u00e9 efectes acad\u00e8mics ni dona lloc a cap certificat oficial. La qualificaci\u00f3 que es fa constar a l\u2019expedient acad\u00e8mic de l\u2019alumne \u00e9s de \u201cno qualificat\/ada\u201d.<\/li>\n<li>En el cas dels cursos que condueixen a l\u2019obtenci\u00f3 d\u2019un certificat, els alumnes en aquesta situaci\u00f3 acad\u00e8mica\u00a0<strong>no tenen dret a examen ni a sol\u00b7licitar una nova expedici\u00f3 del certificat obtingut anteriorment<\/strong>, per\u00f2 poden sol\u00b7licitar un certificat d\u2019actualitzaci\u00f3 al centre on estiguin matriculats.<\/li>\n<li>Pel que fa al preu del servei, aquests alumnes han de pagar la\u00a0<a href=\"https:\/\/agora-eoi.xtec.cat\/eoisabadell\/preus-matricula\/\">taxa o el preu p\u00fablic<\/a>\u00a0corresponent, sense penalitzaci\u00f3 per repetici\u00f3.<\/li>\n<li>No tindran reserva de matr\u00edcula com antic alumnat i l\u2019any acad\u00e8mic seg\u00fcent, si volen continuar com alumne oficial, hauran de fer <strong>preinscripci\u00f3 i sorteig com a nou alumnat per al curs seg\u00fcent<\/strong>.<\/li>\n<li>El professorat en actiu matriculat tamb\u00e9 es pot acollir al pla <a href=\"https:\/\/agora-eoi.xtec.cat\/eoisabadell\/programa-pia-professorat\/\">PIA+.<\/a><\/li>\n<li>Durant un mateix curs acad\u00e8mic no es pot simultanejar una matr\u00edcula ordin\u00e0ria als ensenyaments presencials amb una matr\u00edcula d\u2019actualitzaci\u00f3 del mateix idioma.<\/li>\n<\/ul>\n<p>Si hi est\u00e0s interessat\/da, fes la sol\u00b7licitud <strong>enviant un correu a <a href=\"mailto:secretaria@eoisabadell.cat\">secretaria@eoisabadell.cat. <\/a><\/strong><\/p>\n","protected":false},"excerpt":{"rendered":"<p><a href=\"https:\/\/agora-eoi.xtec.cat\/eoisabadell\/wp-content\/uploads\/usu2240\/2019\/09\/actualitzat.jpg\"><\/a><br \/>\nJa vas estudiar l&#8217;idioma fet per\u00f2 vols posar-te al dia? All\u00f2 que se&#8217;n deia ser\u00a0 &#8216;o\u00efent&#8217; en una classe?<br \/>\nRequisits i condicions.<\/p>\n<ul>\n<li>Les persones que ja\u00a0hagin cursat i superat amb anterioritat cursos de les escoles oficials d\u2019idiomes,\u00a0i que vulguin actualitzar-ne els coneixements,\u00a0poden sol\u00b7licitar matricular-se en l\u2019\u00faltim&hellip;  <a href=\"https:\/\/agora-eoi.xtec.cat\/eoisabadell\/matricula-dactualitzacio-2\/\" title=\"Read Matr\u00edcula d&#8217;actualitzaci\u00f3\">Llegeix m\u00e9s\u00bb<\/a><br \/>\n","protected":false},"author":7,"featured_media":0,"parent":0,"menu_order":0,"comment_status":"closed","ping_status":"closed","template":"","meta":{"_bbp_topic_count":0,"_bbp_reply_count":0,"_bbp_total_topic_count":0,"_bbp_total_reply_count":0,"_bbp_voice_count":0,"_bbp_anonymous_reply_count":0,"_bbp_topic_count_hidden":0,"_bbp_reply_count_hidden":0,"_bbp_forum_subforum_count":0,"footnotes":""},"class_list":["post-13798","page","type-page","status-publish","hentry"],"post_mailing_queue_ids":[],"_links":{"self":[{"href":"https:\/\/agora-eoi.xtec.cat\/eoisabadell\/wp-json\/wp\/v2\/pages\/13798","targetHints":{"allow":["GET"]}}],"collection":[{"href":"https:\/\/agora-eoi.xtec.cat\/eoisabadell\/wp-json\/wp\/v2\/pages"}],"about":[{"href":"https:\/\/agora-eoi.xtec.cat\/eoisabadell\/wp-json\/wp\/v2\/types\/page"}],"author":[{"embeddable":true,"href":"https:\/\/agora-eoi.xtec.cat\/eoisabadell\/wp-json\/wp\/v2\/users\/7"}],"replies":[{"embeddable":true,"href":"https:\/\/agora-eoi.xtec.cat\/eoisabadell\/wp-json\/wp\/v2\/comments?post=13798"}],"version-history":[{"count":6,"href":"https:\/\/agora-eoi.xtec.cat\/eoisabadell\/wp-json\/wp\/v2\/pages\/13798\/revisions"}],"predecessor-version":[{"id":17998,"href":"https:\/\/agora-eoi.xtec.cat\/eoisabadell\/wp-json\/wp\/v2\/pages\/13798\/revisions\/17998"}],"wp:attachment":[{"href":"https:\/\/agora-eoi.xtec.cat\/eoisabadell\/wp-json\/wp\/v2\/media?parent=13798"}],"curies":[{"name":"wp","href":"https:\/\/api.w.org\/{rel}","templated":true}]}}