{"id":13772,"date":"2021-06-29T20:08:25","date_gmt":"2021-06-29T18:08:25","guid":{"rendered":"https:\/\/agora-eoi.xtec.cat\/eoisabadell\/?page_id=13772"},"modified":"2025-09-20T12:50:11","modified_gmt":"2025-09-20T10:50:11","slug":"horaris-de-classe","status":"publish","type":"page","link":"https:\/\/agora-eoi.xtec.cat\/eoisabadell\/horaris-de-classe\/","title":{"rendered":"Horaris de classe"},"content":{"rendered":"<h3><strong><a href=\"https:\/\/docs.google.com\/document\/d\/12XRjanWGZxP_BO2oYY7g6ZatmqYviEDNoCG_iChOzL0\/edit?usp=sharing\" target=\"_blank\" rel=\"noopener\">Cliqueu aqu\u00ed per veure els Horaris del Curs 2025-26<\/a><\/strong><\/h3>\n<p><strong>Informaci\u00f3 addicional sobre els horaris:<\/strong><\/p>\n<table style=\"border-collapse: collapse; width: 100%;\">\n<tbody>\n<tr>\n<td style=\"width: 100%;\"><span style=\"color: #000000;\">Totes les sessions de classe de tots els grups seran de 2h15m.<\/span><\/p>\n<p><strong>Inici de classes: a partir del dilluns, 22 de setembre<\/strong> <strong>de 2025, segons el grup.<\/strong><\/p>\n<p><strong><span style=\"color: #0000ff;\">Com funciona un curs semipresencial?<\/span> <\/strong>Tindr\u00e0s <strong>una classe presencial de 2h15m a la setmana<\/strong> i pel que fa a la segona classe de la setmana, hi haur\u00e0 <strong>activitats disponibilitzades pel professor\/a a la plataforma virtual<\/strong> (e.g. comprensi\u00f3 lectora, oral, etc) que es poden fer quan li vagi b\u00e9 a l&#8217;alumne\/a o s&#8217;han de lliurar en el termini fixat pel docent. S\u00f3n activitats obligat\u00f2ries i fonamentals pel seguiment de la seg\u00fcent classe i aprofitament del curs. <strong>NO es tracta d&#8217;una videotrucada online ni enregistrada. <\/strong>Els cursos 100% presencials i semipresencials tenen el mateix preu p\u00fablic o taxa.<\/p>\n<h5><em><strong>Aquests horaris estan subjectes a possibles canvis per motius de for\u00e7a major, adjudicacions, nomenaments, etc.<\/strong><\/em><\/h5>\n<p><span style=\"color: #000000; font-family: inherit; font-size: 1em;\">No tots els cursos programats en un mateix any acad\u00e8mic tenen assegurada la continu\u00eftat a la mateixa franja hor\u00e0ria o dia per a l\u2019any acad\u00e8mic vinent. Els horaris s\u2019elaboren en funci\u00f3 de la demanda i de la disponibilitat de professorat i espais.\u00a0<\/span><\/td>\n<\/tr>\n<\/tbody>\n<\/table>\n<p>&nbsp;<\/p>\n","protected":false},"excerpt":{"rendered":"<p><a href=\"https:\/\/docs.google.com\/document\/d\/12XRjanWGZxP_BO2oYY7g6ZatmqYviEDNoCG_iChOzL0\/edit?usp=sharing\" target=\"_blank\" rel=\"noopener\">Cliqueu aqu\u00ed per veure els Horaris del Curs 2025-26<\/a><br \/>\nInformaci\u00f3 addicional sobre els horaris:<\/p>\n<p>Totes les sessions de classe de tots els grups seran de 2h15m.<br \/>\nInici de classes: a partir del dilluns, 22 de setembre de 2025, segons el grup.<br \/>\nCom funciona un curs semipresencial?&hellip;  <a href=\"https:\/\/agora-eoi.xtec.cat\/eoisabadell\/horaris-de-classe\/\" title=\"Read Horaris de classe\">Llegeix m\u00e9s\u00bb<\/a><\/p>\n","protected":false},"author":7,"featured_media":0,"parent":0,"menu_order":0,"comment_status":"closed","ping_status":"closed","template":"","meta":{"_bbp_topic_count":0,"_bbp_reply_count":0,"_bbp_total_topic_count":0,"_bbp_total_reply_count":0,"_bbp_voice_count":0,"_bbp_anonymous_reply_count":0,"_bbp_topic_count_hidden":0,"_bbp_reply_count_hidden":0,"_bbp_forum_subforum_count":0,"footnotes":""},"class_list":["post-13772","page","type-page","status-publish","hentry"],"post_mailing_queue_ids":[],"_links":{"self":[{"href":"https:\/\/agora-eoi.xtec.cat\/eoisabadell\/wp-json\/wp\/v2\/pages\/13772","targetHints":{"allow":["GET"]}}],"collection":[{"href":"https:\/\/agora-eoi.xtec.cat\/eoisabadell\/wp-json\/wp\/v2\/pages"}],"about":[{"href":"https:\/\/agora-eoi.xtec.cat\/eoisabadell\/wp-json\/wp\/v2\/types\/page"}],"author":[{"embeddable":true,"href":"https:\/\/agora-eoi.xtec.cat\/eoisabadell\/wp-json\/wp\/v2\/users\/7"}],"replies":[{"embeddable":true,"href":"https:\/\/agora-eoi.xtec.cat\/eoisabadell\/wp-json\/wp\/v2\/comments?post=13772"}],"version-history":[{"count":6,"href":"https:\/\/agora-eoi.xtec.cat\/eoisabadell\/wp-json\/wp\/v2\/pages\/13772\/revisions"}],"predecessor-version":[{"id":18057,"href":"https:\/\/agora-eoi.xtec.cat\/eoisabadell\/wp-json\/wp\/v2\/pages\/13772\/revisions\/18057"}],"wp:attachment":[{"href":"https:\/\/agora-eoi.xtec.cat\/eoisabadell\/wp-json\/wp\/v2\/media?parent=13772"}],"curies":[{"name":"wp","href":"https:\/\/api.w.org\/{rel}","templated":true}]}}