{"id":13644,"date":"2021-06-22T13:13:44","date_gmt":"2021-06-22T11:13:44","guid":{"rendered":"https:\/\/agora-eoi.xtec.cat\/eoisabadell\/?page_id=13644"},"modified":"2025-06-20T08:48:17","modified_gmt":"2025-06-20T06:48:17","slug":"horari-de-secretaria-2","status":"publish","type":"page","link":"https:\/\/agora-eoi.xtec.cat\/eoisabadell\/horari-de-secretaria-2\/","title":{"rendered":"Horari de secretaria"},"content":{"rendered":"<div class=\"textwidget\">\n<p><strong>Per\u00edode lectiu\u00a0<\/strong><strong>(setembre- juny)<\/strong><strong>\u200b<\/strong><\/p>\n<ul>\n<li>Matins dilluns a dijous de 9:45 a 13:00h.<\/li>\n<li>Tardes dimecres i dijous de 15:45 a 18:30h.<\/li>\n<li>Divendres: nom\u00e9s matins de 9:00 a 14:00h.<\/li>\n<\/ul>\n<p><b>Per\u00edode no lectiu (juliol i agost)<\/b><\/p>\n<ul>\n<li>Juliol: De dilluns a divendres: de 9:00 a 14:00h.<\/li>\n<li>Agost: tancat<\/li>\n<\/ul>\n<\/div>\n<p><span style=\"color: #800000;\"><strong>\u200b<\/strong><strong>TR\u00c0MITS DE L&#8217;ALUMNAT (TELEM\u00c0TICS)<\/strong><\/span><\/p>\n<p>La majoria de tr\u00e0mits de l&#8217;alumnat (canvis de grup, ren\u00fancies, trasllats&#8230;) es poden fer de manera <strong>telem\u00e0tica<\/strong> a trav\u00e9s de la nostra web. Trobareu tota la informaci\u00f3 a <strong><a href=\"https:\/\/agora-eoi.xtec.cat\/eoisabadell\/departament-dalumnat\/tramits\/\">Tr\u00e0mits de l&#8217;alumnat.<\/a><\/strong><\/p>\n<p style=\"text-align: left;\">Per a altres consultes, podeu contactar amb nosaltres, <span style=\"text-decoration: underline;\">de manera preferent,<\/span> al nostre correu electr\u00f2nic: <a href=\"mailto:secretaria@eoisabadell.cat\"><strong>secretaria@eoisabadell.cat<\/strong>\u00a0<\/a>i atendrem la vostra consulta i\/o petici\u00f3 tan aviat com sigui possible.<\/p>\n<p style=\"text-align: left;\">Us demanem disculpes, per\u00f2 no podem garantir l&#8217;atenci\u00f3 presencial o telef\u00f2nica, per aix\u00f2 us preguem que la restringiu a casos d&#8217;urg\u00e8ncies.<\/p>\n","protected":false},"excerpt":{"rendered":"<p>Per\u00edode lectiu\u00a0(setembre- juny)\u200b<\/p>\n<ul>\n<li>Matins dilluns a dijous de 9:45 a 13:00h.<\/li>\n<li>Tardes dimecres i dijous de 15:45 a 18:30h.<\/li>\n<li>Divendres: nom\u00e9s matins de 9:00 a 14:00h.<\/li>\n<\/ul>\n<p>Per\u00edode no lectiu (juliol i agost)<\/p>\n<ul>\n<li>Juliol: De dilluns a divendres: de 9:00 a 14:00h.<\/li>\n<li>Agost: tancat<\/li>\n<\/ul>\n<p>\u200bTR\u00c0MITS DE L&#8217;ALUMNAT (TELEM\u00c0TICS)<br \/>\nLa majoria de tr\u00e0mits de l&#8217;alumnat&hellip;  <a href=\"https:\/\/agora-eoi.xtec.cat\/eoisabadell\/horari-de-secretaria-2\/\" title=\"Read Horari de secretaria\">Llegeix m\u00e9s\u00bb<\/a><\/p>\n","protected":false},"author":7,"featured_media":0,"parent":0,"menu_order":0,"comment_status":"closed","ping_status":"closed","template":"","meta":{"_bbp_topic_count":0,"_bbp_reply_count":0,"_bbp_total_topic_count":0,"_bbp_total_reply_count":0,"_bbp_voice_count":0,"_bbp_anonymous_reply_count":0,"_bbp_topic_count_hidden":0,"_bbp_reply_count_hidden":0,"_bbp_forum_subforum_count":0,"footnotes":""},"class_list":["post-13644","page","type-page","status-publish","hentry"],"post_mailing_queue_ids":[],"_links":{"self":[{"href":"https:\/\/agora-eoi.xtec.cat\/eoisabadell\/wp-json\/wp\/v2\/pages\/13644","targetHints":{"allow":["GET"]}}],"collection":[{"href":"https:\/\/agora-eoi.xtec.cat\/eoisabadell\/wp-json\/wp\/v2\/pages"}],"about":[{"href":"https:\/\/agora-eoi.xtec.cat\/eoisabadell\/wp-json\/wp\/v2\/types\/page"}],"author":[{"embeddable":true,"href":"https:\/\/agora-eoi.xtec.cat\/eoisabadell\/wp-json\/wp\/v2\/users\/7"}],"replies":[{"embeddable":true,"href":"https:\/\/agora-eoi.xtec.cat\/eoisabadell\/wp-json\/wp\/v2\/comments?post=13644"}],"version-history":[{"count":6,"href":"https:\/\/agora-eoi.xtec.cat\/eoisabadell\/wp-json\/wp\/v2\/pages\/13644\/revisions"}],"predecessor-version":[{"id":17892,"href":"https:\/\/agora-eoi.xtec.cat\/eoisabadell\/wp-json\/wp\/v2\/pages\/13644\/revisions\/17892"}],"wp:attachment":[{"href":"https:\/\/agora-eoi.xtec.cat\/eoisabadell\/wp-json\/wp\/v2\/media?parent=13644"}],"curies":[{"name":"wp","href":"https:\/\/api.w.org\/{rel}","templated":true}]}}