{"id":13632,"date":"2021-06-22T12:52:45","date_gmt":"2021-06-22T10:52:45","guid":{"rendered":"https:\/\/agora-eoi.xtec.cat\/eoisabadell\/?page_id=13632"},"modified":"2021-06-22T12:52:45","modified_gmt":"2021-06-22T10:52:45","slug":"horari-de-secretaria","status":"publish","type":"page","link":"https:\/\/agora-eoi.xtec.cat\/eoisabadell\/departament-dalumnat\/matricula\/horari-de-secretaria\/","title":{"rendered":"Horari de secretaria"},"content":{"rendered":"<p><strong><span style=\"color: #800000;\">HORARI DE SECRETARIA (<span style=\"text-decoration: underline;\">octubre-juny<\/span>)<\/span><\/strong><\/p>\n<p>De dilluns a dijous:<\/p>\n<ul>\n<li>Matins de 10:00 a 13:00 h.<\/li>\n<li>Tardes de 16:00 a 19:00 h.<\/li>\n<\/ul>\n<p>Divendres:<\/p>\n<ul>\n<li>Matins de 9:00 a 14:00 h.<\/li>\n<\/ul>\n<p><strong><span style=\"color: #0000ff;\">HORARI DE SECRETARIA (<span style=\"text-decoration: underline;\">juliol<\/span>)<\/span><\/strong><\/p>\n<ul>\n<li>dilluns, dimecres i divendres: matins de 10:00 a 13:00 h.<\/li>\n<li>dimarts i dijous: tardes de 16:00 a 19:00 h.<\/li>\n<\/ul>\n<p>A partir del 23 de juliol, la secretaria romandr\u00e0 tancada.<\/p>\n<p>HORARI DE SECRETARIA (setembre)<\/p>\n<p>Pendent de publicaci\u00f3<\/p>\n<p><span style=\"color: #ff6600;\"><strong>\u200b<\/strong><strong>ATENCI\u00d3<\/strong><\/span><\/p>\n<p>&#8211; Si es vol informaci\u00f3 sobre els cursos, els tr\u00e0mits administratius, etc., cal enviar un correu electr\u00f2nic a <a href=\"mailto:secretaria@eoisabadell.cat\">secretaria@eoisabadell.cat<\/a><\/p>\n<p>&#8211; Per fer els tr\u00e0mits presencialment, caldr\u00e0 portar m\u00e0scara i bol\u00edgraf.<\/p>\n<p><strong><span style=\"color: #ff6600;\">TRAMITACI\u00d3 DE T\u00cdTOLS<\/span><\/strong><\/p>\n<p>&#8211; Nom\u00e9s es poden tramitar t\u00edtols de B2, C1 i C2\u00a0<strong>fins a les 17.30\u00a0<\/strong>h. M\u00e9s tard d&#8217;aquesta hora, l&#8217;aplicatiu de tramitaci\u00f3 de t\u00edtols del Departament d&#8217;Educaci\u00f3 est\u00e0 inoperatiu.<\/p>\n","protected":false},"excerpt":{"rendered":"<p>HORARI DE SECRETARIA (octubre-juny)<br \/>\nDe dilluns a dijous:<\/p>\n<ul>\n<li>Matins de 10:00 a 13:00 h.<\/li>\n<li>Tardes de 16:00 a 19:00 h.<\/li>\n<\/ul>\n<p>Divendres:<\/p>\n<ul>\n<li>Matins de 9:00 a 14:00 h.<\/li>\n<\/ul>\n<p>HORARI DE SECRETARIA (juliol)<\/p>\n<ul>\n<li>dilluns, dimecres i divendres: matins de 10:00 a 13:00 h.<\/li>\n<li>dimarts i dijous: tardes de 16:00 a 19:00 h.<\/li>\n<\/ul>\n<p>A partir del 23&hellip;  <a href=\"https:\/\/agora-eoi.xtec.cat\/eoisabadell\/departament-dalumnat\/matricula\/horari-de-secretaria\/\" title=\"Read Horari de secretaria\">Llegeix m\u00e9s\u00bb<\/a><\/p>\n","protected":false},"author":7,"featured_media":0,"parent":12591,"menu_order":0,"comment_status":"closed","ping_status":"closed","template":"page-templates\/front-page.php","meta":{"_bbp_topic_count":0,"_bbp_reply_count":0,"_bbp_total_topic_count":0,"_bbp_total_reply_count":0,"_bbp_voice_count":0,"_bbp_anonymous_reply_count":0,"_bbp_topic_count_hidden":0,"_bbp_reply_count_hidden":0,"_bbp_forum_subforum_count":0,"footnotes":""},"class_list":["post-13632","page","type-page","status-publish","hentry"],"post_mailing_queue_ids":[],"_links":{"self":[{"href":"https:\/\/agora-eoi.xtec.cat\/eoisabadell\/wp-json\/wp\/v2\/pages\/13632","targetHints":{"allow":["GET"]}}],"collection":[{"href":"https:\/\/agora-eoi.xtec.cat\/eoisabadell\/wp-json\/wp\/v2\/pages"}],"about":[{"href":"https:\/\/agora-eoi.xtec.cat\/eoisabadell\/wp-json\/wp\/v2\/types\/page"}],"author":[{"embeddable":true,"href":"https:\/\/agora-eoi.xtec.cat\/eoisabadell\/wp-json\/wp\/v2\/users\/7"}],"replies":[{"embeddable":true,"href":"https:\/\/agora-eoi.xtec.cat\/eoisabadell\/wp-json\/wp\/v2\/comments?post=13632"}],"version-history":[{"count":1,"href":"https:\/\/agora-eoi.xtec.cat\/eoisabadell\/wp-json\/wp\/v2\/pages\/13632\/revisions"}],"predecessor-version":[{"id":13633,"href":"https:\/\/agora-eoi.xtec.cat\/eoisabadell\/wp-json\/wp\/v2\/pages\/13632\/revisions\/13633"}],"up":[{"embeddable":true,"href":"https:\/\/agora-eoi.xtec.cat\/eoisabadell\/wp-json\/wp\/v2\/pages\/12591"}],"wp:attachment":[{"href":"https:\/\/agora-eoi.xtec.cat\/eoisabadell\/wp-json\/wp\/v2\/media?parent=13632"}],"curies":[{"name":"wp","href":"https:\/\/api.w.org\/{rel}","templated":true}]}}