{"id":13583,"date":"2021-06-10T23:39:40","date_gmt":"2021-06-10T21:39:40","guid":{"rendered":"https:\/\/agora-eoi.xtec.cat\/eoisabadell\/?page_id=13583"},"modified":"2025-07-07T14:21:14","modified_gmt":"2025-07-07T12:21:14","slug":"matricula-antics-alumnes","status":"publish","type":"page","link":"https:\/\/agora-eoi.xtec.cat\/eoisabadell\/matricula-antics-alumnes\/","title":{"rendered":"Calendari de matr\u00edcula dels alumnes del curs actual pel curs seg\u00fcent 2025-2026"},"content":{"rendered":"<p><b>MOLT IMPORTANT:<\/b><span style=\"font-weight: 400;\"> comprova a<\/span><a href=\"https:\/\/www.informaticacentros.com\/centrosnet\/ultralogin.php?tcentro=EOI&amp;centro=B03\"> <span style=\"font-weight: 400;\">l\u2019\u00e0rea de l&#8217;alumnat<\/span><\/a><span style=\"font-weight: 400;\"> del nostre web a partir del 23de juny de 2025 ( 00:01h) que la qualificaci\u00f3 del curs 2024-2025 \u00e9s correcta. Et recomanem comprovar que pots accedir a <a href=\"https:\/\/www.informaticacentros.com\/centrosnet\/ultralogin.php?tcentro=EOI&amp;centro=B03\"> l\u2019\u00e0rea de l&#8217;alumnat<\/a> abans del dia 23 ja que, si hi ha qualsevol incid\u00e8ncia i has d&#8217;enviar un email a Secretaria (<span style=\"color: #0000ff;\">secretaria@eoisabadell.cat<\/span>), tens m\u00e9s marge de temps. <a href=\"https:\/\/agora-eoi.xtec.cat\/eoisabadell\/general\/acces-a-larea-dalumnat\/\" target=\"_blank\" rel=\"noopener\">Segueix aquestes instruccions per accedir-hi.<\/a><br \/>\n<\/span><\/p>\n<p><b>Destinataris:<\/b><span style=\"font-weight: 400;\"> Alumnat oficial (que estava matriculat d\u2019A1 a C2.2 (angl\u00e8s**, alemany i franc\u00e8s), C2(catal\u00e0) a l\u2019EOI Sabadell durant el present curs 2024-2025, alumnat PIA+ incl\u00f2s.<\/span><\/p>\n<p><span style=\"font-weight: 400;\">Per tal d\u2019agilitzar el proc\u00e9s de matr\u00edcula d\u2019antics alumnes, a l\u2019EOI Sabadell l\u2019alumne haur\u00e0 de fer la matr\u00edcula pr\u00f2pia <\/span><b>via telem\u00e0tica <\/b><span style=\"font-weight: 400;\">els dies que s\u2019indiquen en el calendari seg\u00fcent i d\u2019acord amb les pautes que s\u2019hi descriuen:<\/span><\/p>\n<p><span style=\"color: #0000ff;\"><b>DATES DE MATR\u00cdCULA PER AL PROPER CURS 2025-2026<\/b><\/span><\/p>\n<table style=\"width: 92%; height: 310px;\" border=\"1\" width=\"92%\" cellspacing=\"0\" cellpadding=\"0\">\n<tbody>\n<tr style=\"height: 55px;\">\n<td style=\"width: 9.93691%; height: 55px;\">\n<p align=\"center\"><strong>DIES<\/strong><\/p>\n<\/td>\n<td style=\"width: 89.9054%; height: 55px;\">\n<p align=\"center\"><strong>ALUMNAT MATRICULAT EN EL PRESENT CURS 2025-2026<\/strong><\/p>\n<\/td>\n<\/tr>\n<tr style=\"height: 79px;\">\n<td style=\"width: 9.93691%; height: 79px;\">1 (9.00h)\u00a0 i 2 de juliol de 2025<\/td>\n<td style=\"width: 89.9054%; height: 79px;\">\n<ul style=\"list-style-type: square;\">\n<li>Alumnat d\u2019A1 a B2.2 i C2.1 (angl\u00e8s, alemany i franc\u00e8s) i catal\u00e0 d&#8217;A1 a C1, del present curs 2024-2025 que ha obtingut la qualificaci\u00f3 d\u2019<strong>APTE\/A\u00a0<\/strong>i que es vol matricular a un grup de la mateixa franja hor\u00e0ria *<\/li>\n<\/ul>\n<\/td>\n<\/tr>\n<tr style=\"height: 99px;\">\n<td style=\"width: 9.93691%; height: 99px;\">3 (9.00h)\u00a0 i 4 de juliol de 2025<\/td>\n<td style=\"width: 89.9054%; height: 99px;\">\n<ul style=\"list-style-type: square;\">\n<li>Alumnat d\u2019A1 a B2.2 i C2.1 (angl\u00e8s, alemany i franc\u00e8s) i catal\u00e0 d&#8217;A1 a C1, del present curs 2024-2025\u00a0 que ha obtingut la qualificaci\u00f3 d\u2019<strong>APTE\/A\u00a0<\/strong>i que es vol matricular a un grup d\u2019una franja hor\u00e0ria diferent*<\/li>\n<\/ul>\n<\/td>\n<\/tr>\n<tr style=\"height: 77px;\">\n<td style=\"width: 9.93691%; height: 77px;\">5 (9.00h), 6 i 7 de juliol de 2025<\/td>\n<td style=\"width: 89.9054%; height: 77px;\">\n<ul style=\"list-style-type: square;\">\n<li>Alumnes d&#8217;A1 a C2.2 (angl\u00e8s, alemany i franc\u00e8s ) i A1 a C2 de catal\u00e0, del present curs 2024-25 que han obtingut la qualificaci\u00f3 de <strong>NO APTE\/A, NO PRESENTAT\/DA<\/strong> o que van fer la <strong>REN\u00daNCIA<\/strong> de matr\u00edcula.<\/li>\n<\/ul>\n<\/td>\n<\/tr>\n<\/tbody>\n<\/table>\n<table style=\"border-collapse: collapse; width: 100%; height: 179px;\">\n<tbody>\n<tr style=\"height: 179px;\">\n<td style=\"width: 100%; height: 179px;\">\n<p style=\"padding-left: 40px;\"><span style=\"color: #ff0000;\"><b>**Atenci\u00f3!<\/b><\/span><\/p>\n<p style=\"padding-left: 40px;\">Els\u00a0<span style=\"color: #0000ff;\"><strong>alumnes aptes de C1 d\u2019angl\u00e8s<\/strong><\/span> que vulguin cursar el nivell C2.1 el proper curs 2025-26 han de fer una <strong>preinscripci\u00f3 telem\u00e0tica de l&#8217;1 de setembre de 2025 (12.00h)\u00a0 al 8 de setembre de 2025 (15.00h)<\/strong> segons la RESOLUCI\u00d3 EDF\/986\/2025, de 20 de mar\u00e7<\/p>\n<p style=\"padding-left: 40px;\"><a href=\"https:\/\/drive.google.com\/file\/d\/1O6wQNI2d_fuGLypxgS2QI_4agpB2kbrA\/view?usp=sharing\" target=\"_blank\" rel=\"noopener\">Cliqueu aqu\u00ed per obtenir tota la informaci\u00f3 sobre el C2.1 d&#8217;angl\u00e8s.<\/a><\/p>\n<\/td>\n<\/tr>\n<\/tbody>\n<\/table>\n<p><span style=\"font-weight: 400;\">*<a href=\"https:\/\/agora-eoi.xtec.cat\/eoisabadell\/horaris-de-classe\/\">Consulteu aqu\u00ed els <\/a><b style=\"font-weight: 400;\">Horaris per al proper Curs 2025-2026 (properament disponible). L\u2019escola no garanteix la <\/b><b>continu\u00eftat<\/b><b style=\"font-weight: 400;\"> en el nivell seg\u00fcent als mateixos dies ni franja hor\u00e0ria.<\/b><br \/>\n<\/span><\/p>\n<p><span style=\"font-weight: 400;\">Per fer aquesta matr\u00edcula, l\u2019alumnat haur\u00e0 d\u2019entrar a la p\u00e0gina web de l\u2019escola, a<\/span><a href=\"https:\/\/www.informaticacentros.com\/centrosnet\/ultralogin.php?tcentro=EOI&amp;centro=B03\"> <span style=\"font-weight: 400;\">l\u2019\u00e0rea d\u2019alumnat<\/span><\/a><span style=\"font-weight: 400;\">, on trobar\u00e0 l\u2019enlla\u00e7 a l\u2019aplicaci\u00f3 des del qual far\u00e0 la matr\u00edcula. Aquesta aplicaci\u00f3 obrir\u00e0 cada nou termini<strong> a les 9.00h sense tancar l\u2019anterior franja.<\/strong><\/span><\/p>\n<p><span style=\"color: #0000ff;\"><b>PAGAMENT<\/b><\/span><\/p>\n<table>\n<tbody>\n<tr>\n<td><a style=\"color: #2795b6;\" href=\"https:\/\/agora-eoi.xtec.cat\/eoisabadell\/preus-matricula\/\">Consulteu aqu\u00ed els\u00a0<strong>preus i taxes de matr\u00edcula<\/strong><\/a><\/td>\n<\/tr>\n<\/tbody>\n<\/table>\n<table>\n<tbody>\n<tr>\n<td><a href=\"https:\/\/agora-eoi.xtec.cat\/eoisabadell\/instruccions-per-fer-el-pagament\/\">Consulteu aqu\u00ed les\u00a0<strong>instruccions per fer el <\/strong><strong>p<\/strong><strong>agament<\/strong><\/a><\/td>\n<\/tr>\n<\/tbody>\n<\/table>\n<p><span style=\"font-weight: 400;\">Teniu dues opcions:<\/span><\/p>\n<ol>\n<li style=\"font-weight: 400;\" aria-level=\"1\"><span style=\"font-weight: 400;\">A trav\u00e9s dels caixers autom\u00e0tics de CaixaBank amb el full que es genera en el moment de formalitzar la matr\u00edcula.<br \/>\n<\/span><\/li>\n<li style=\"font-weight: 400;\" aria-level=\"1\"><span style=\"font-weight: 400;\">Pagament en l\u00ednia mitjan\u00e7ant l\u2019enlla\u00e7 a l\u2019entitat banc\u00e0ria, com qualsevol altra compra online.<br \/>\n<\/span><\/li>\n<\/ol>\n<p><span style=\"font-weight: 400;\">Cal fer dos pagaments, corresponents a cada un dels<\/span><b> dos codis de barres <\/b><span style=\"font-weight: 400;\">del resguard.<\/span><\/p>\n<p><i><span style=\"font-weight: 400;\">El termini per a fer el pagament \u00e9s de <\/span><\/i><b><i>24 hores<\/i><\/b><i><span style=\"font-weight: 400;\"> a partir de la formalitzaci\u00f3 de la matr\u00edcula.<\/span><\/i><\/p>\n<p style=\"padding-left: 40px;\"><b>Atenci\u00f3!<\/b><\/p>\n<ul>\n<li style=\"list-style-type: none;\">\n<ul>\n<li aria-level=\"1\"><b>No cal portar el document de pagament al centre.<\/b><\/li>\n<li aria-level=\"1\"><b>Nom\u00e9s<\/b> en cas d\u2019haver al\u00b7legat una<a href=\"http:\/\/educacio.gencat.cat\/ca\/departament\/normativa\/taxes-preus-publics\/exempcions-bonificacions\/\">\u00a0bonificaci\u00f3 o exempci\u00f3<\/a> de la taxa o preu p\u00fablic, durant el mes de juliol (o setembre, abans de l&#8217;inici de les classes) cal fer arribar al centre la documentaci\u00f3 acreditativa en vigor, preferentment per correu electr\u00f2nic a <a href=\"mailto:secretaria@eoisabadell.cat\">secretaria@eoisabadell.cat<\/a>. <strong>La manca d\u2019acreditaci\u00f3 donar\u00e0 lloc a la baixa d\u2019ofici i, per tant, a la p\u00e8rdua de la pla\u00e7a.<\/strong><\/li>\n<li style=\"font-weight: 400;\" aria-level=\"1\"><span style=\"font-weight: 400;\">L\u2019alumne\/a que no es matriculi dins d\u2019aquest per\u00edode de matr\u00edcula del mes de juliol perdr\u00e0 la seva prioritat de dia i d\u2019horari respecte als que ja ho hagin fet.<\/span><\/li>\n<li style=\"font-weight: 400;\" aria-level=\"1\"><span style=\"font-weight: 400;\">Si hi ha alguna incid\u00e8ncia relacionada amb la matr\u00edcula, l\u2019alumnat haur\u00e0 de posar-se en contacte amb la secretaria del centre mitjan\u00e7ant un correu electr\u00f2nic a <\/span><span style=\"font-weight: 400;\">secretaria@eoisabadell.cat<\/span><\/li>\n<li style=\"font-weight: 400;\" aria-level=\"1\"><span style=\"font-weight: 400;\">Els alumnes que es matriculin el mes de juliol no podran preinscriure\u2019s el mes de setembre de la mateixa llengua i curs en una altra escola amb la intenci\u00f3 de traslladar-hi la matr\u00edcula feta. El trasllat de matr\u00edcula d\u2019una escola a una altra es fa, de manera ordin\u00e0ria, durant el curs i sempre que l\u2019escola a la qual es vulgui traslladar la matr\u00edcula disposi de places.<\/span><\/li>\n<\/ul>\n<\/li>\n<\/ul>\n<p><span style=\"color: #0000ff;\"><b>MATR\u00cdCULA D&#8217;INCID\u00c8NCIES<\/b><\/span><\/p>\n<ul>\n<li style=\"font-weight: 400;\" aria-level=\"1\"><span style=\"font-weight: 400;\">L\u2019alumne\/a que no es matriculi en l\u00ednia de l&#8217;1 al 7 de juliol de 2025 perdr\u00e0 la seva prioritat de dia i d\u2019horari.<\/span><\/li>\n<li style=\"font-weight: 400;\" aria-level=\"1\"><span style=\"font-weight: 400;\">Les incid\u00e8ncies de matr\u00edcula es resoldran telem\u00e0ticament els dies<strong> 8 i 9<\/strong><\/span><b> de juliol de 2025\u00a0 <\/b><span style=\"font-weight: 400;\">des de l\u2019escola de 10.00 a 14.00 h. (NO CAL VENIR PRESENCIALMENT). Si has tingut problemes per fer la matr\u00edcula o te n&#8217;has oblidat, envia\u2019ns un correu a <a href=\"mailto:secretaria@eoisabadell.cat\">secretaria@eoisabadell.cat\u00a0<\/a>amb les teves dades (nom complert i DNI), el teu tel\u00e8fon m\u00f2bil, i la teva millor franja hor\u00e0ria per trucar-te i ens posarem en contacte amb tu, en horari de secretaria, per fer la matr\u00edcula.<br \/>\n<\/span><\/li>\n<\/ul>\n<p><span style=\"font-weight: 400;\">L\u2019alumnat que no es matriculi al juliol haur\u00e0 de preinscriure\u2019s al setembre.<\/span><\/p>\n<p><span style=\"color: #0000ff;\"><b>TRASLLATS DE MATR\u00cdCULA<\/b><\/span><\/p>\n<ul>\n<li style=\"font-weight: 400;\" aria-level=\"1\"><span style=\"font-weight: 400;\">Despr\u00e9s de formalitzar la matr\u00edcula, els alumnes poden demanar un trasllat a una altra escola els dies <\/span><b>10 i 11 de juliol de 2025.\u00a0<\/b><\/li>\n<li style=\"font-weight: 400;\" aria-level=\"1\"><span style=\"font-weight: 400;\">Cal posar-se en contacte amb l\u2019escola de destinaci\u00f3, la qual notificar\u00e0 l\u2019acceptaci\u00f3 o la denegaci\u00f3 del trasllat com a molt tard el<strong> 17<\/strong><\/span><b> de juliol de 2025. <\/b><a href=\"https:\/\/drive.google.com\/file\/d\/1IRxSLcbt0IJ7ooLlE4OBM_zlz5nSekMB\/view?usp=sharing\" target=\"_blank\" rel=\"noopener noreferrer\">Descarrega&#8217;t aqu\u00ed<\/a> el full de sol\u00b7licitud de trasllat cap a la nostra escola, l&#8217;EOI Sabadell.<\/li>\n<li style=\"font-weight: 400;\" aria-level=\"1\"><span style=\"font-weight: 400;\">En el moment del trasllat, caldr\u00e0 aportar la documentaci\u00f3 seg\u00fcent, sense la qual no es podr\u00e0 formalitzar el tr\u00e0mit:<\/span>\n<ul>\n<li><a href=\"https:\/\/drive.google.com\/file\/d\/1IRxSLcbt0IJ7ooLlE4OBM_zlz5nSekMB\/view?usp=sharing\" target=\"_blank\" rel=\"noopener noreferrer\">Full de sol\u00b7licitud de trasllat<\/a> omplert.<\/li>\n<li>Comprovant de pagament de la matr\u00edcula del curs 25-26 de l&#8217;escola d&#8217;origen.<\/li>\n<li>Fotoc\u00f2pia del DNI, NIE\u00a0 o passaport.<\/li>\n<li>Justificant de bonificaci\u00f3 o exempci\u00f3 de pagament (si s&#8217;escau).<\/li>\n<\/ul>\n<\/li>\n<li style=\"font-weight: 400;\" aria-level=\"1\"><span style=\"font-weight: 400;\">Si l\u2019escola de destinaci\u00f3 accepta la petici\u00f3, tramitar\u00e0 el trasllat d\u2019expedient.<\/span><\/li>\n<\/ul>\n<p><span style=\"font-weight: 400;\">Els alumnes que es matriculin el mes de juliol <\/span><b>no<\/b><span style=\"font-weight: 400;\"> podran preinscriure\u2019s el mes de setembre de la mateixa llengua i curs en una altra escola amb la intenci\u00f3 de traslladar-hi la matr\u00edcula feta. El trasllat de matr\u00edcula d\u2019una escola a una altra es fa, de manera ordin\u00e0ria, durant el curs i en el cas que l\u2019escola a la qual es vulgui traslladar la matr\u00edcula disposi de places.<\/span><\/p>\n<p><span style=\"color: #0000ff;\"><b>CONVOCAT\u00d2RIA ADDICIONAL (FER UN CURS PER TERCERA VEGADA)<\/b><\/span><\/p>\n<ul>\n<li style=\"font-weight: 400;\" aria-level=\"1\"><span style=\"font-weight: 400;\">L\u2019alumne que hagi exhaurit el nombre de convocat\u00f2ries per nivell pot presentar una <\/span><a href=\"https:\/\/forms.gle\/aHBnuDpcoV1Ayfoo8\" target=\"_blank\" rel=\"noopener\"><span style=\"font-weight: 400;\">sol\u00b7licitud de convocat\u00f2ria addicional<\/span><\/a><strong> del 25 de juny al 4 de juliol <\/strong><b>de 2025<\/b><span style=\"font-weight: 400;\">\u00a0a la secretaria del centre.\u00a0<\/span><\/li>\n<li style=\"font-weight: 400;\" aria-level=\"1\"><span style=\"font-weight: 400;\">L\u2019escola podr\u00e0 autoritzar una convocat\u00f2ria per nivell\u00a0 sempre que no representi fer el mateix curs per quarta vegada. Per a m\u00e9s informaci\u00f3 sobre <a href=\"https:\/\/agora-eoi.xtec.cat\/eoisabadell\/convocatoria-adicional-3a-matricula-dun-curs\/\">repeticions clica aqu\u00ed<\/a>.<\/span><\/li>\n<li style=\"font-weight: 400;\" aria-level=\"1\"><span style=\"font-weight: 400;\">Els dies <strong>8<\/strong><\/span><b> i 9 de juliol de 2025<\/b><span style=\"font-weight: 400;\">, les persones que tinguin la convocat\u00f2ria addicional autoritzada podran fer la matr\u00edcula presencial a la secretaria del centre de 10.00 a 14.00h.\u00a0<\/span><\/li>\n<li style=\"font-weight: 400;\" aria-level=\"1\"><span style=\"font-weight: 400;\">En cas de no presentar la sol\u00b7licitud dins del termini, no es podr\u00e0 fer la matr\u00edcula per al nou curs.<\/span><\/li>\n<\/ul>\n","protected":false},"excerpt":{"rendered":"<p>MOLT IMPORTANT: comprova a<a href=\"https:\/\/www.informaticacentros.com\/centrosnet\/ultralogin.php?tcentro=EOI&amp;centro=B03\"> l\u2019\u00e0rea de l&#8217;alumnat<\/a> del nostre web a partir del 23de juny de 2025 ( 00:01h) que la qualificaci\u00f3 del curs 2024-2025 \u00e9s correcta. Et recomanem comprovar que pots accedir a <a href=\"https:\/\/www.informaticacentros.com\/centrosnet\/ultralogin.php?tcentro=EOI&amp;centro=B03\"> l\u2019\u00e0rea de l&#8217;alumnat<\/a> abans del dia 23 ja&hellip;  <a href=\"https:\/\/agora-eoi.xtec.cat\/eoisabadell\/matricula-antics-alumnes\/\" title=\"Read Calendari de matr\u00edcula dels alumnes del curs actual pel curs seg\u00fcent 2025-2026\">Llegeix m\u00e9s\u00bb<\/a><\/p>\n","protected":false},"author":7,"featured_media":0,"parent":0,"menu_order":0,"comment_status":"closed","ping_status":"closed","template":"","meta":{"_bbp_topic_count":0,"_bbp_reply_count":0,"_bbp_total_topic_count":0,"_bbp_total_reply_count":0,"_bbp_voice_count":0,"_bbp_anonymous_reply_count":0,"_bbp_topic_count_hidden":0,"_bbp_reply_count_hidden":0,"_bbp_forum_subforum_count":0,"footnotes":""},"class_list":["post-13583","page","type-page","status-publish","hentry"],"post_mailing_queue_ids":[],"_links":{"self":[{"href":"https:\/\/agora-eoi.xtec.cat\/eoisabadell\/wp-json\/wp\/v2\/pages\/13583","targetHints":{"allow":["GET"]}}],"collection":[{"href":"https:\/\/agora-eoi.xtec.cat\/eoisabadell\/wp-json\/wp\/v2\/pages"}],"about":[{"href":"https:\/\/agora-eoi.xtec.cat\/eoisabadell\/wp-json\/wp\/v2\/types\/page"}],"author":[{"embeddable":true,"href":"https:\/\/agora-eoi.xtec.cat\/eoisabadell\/wp-json\/wp\/v2\/users\/7"}],"replies":[{"embeddable":true,"href":"https:\/\/agora-eoi.xtec.cat\/eoisabadell\/wp-json\/wp\/v2\/comments?post=13583"}],"version-history":[{"count":7,"href":"https:\/\/agora-eoi.xtec.cat\/eoisabadell\/wp-json\/wp\/v2\/pages\/13583\/revisions"}],"predecessor-version":[{"id":13651,"href":"https:\/\/agora-eoi.xtec.cat\/eoisabadell\/wp-json\/wp\/v2\/pages\/13583\/revisions\/13651"}],"wp:attachment":[{"href":"https:\/\/agora-eoi.xtec.cat\/eoisabadell\/wp-json\/wp\/v2\/media?parent=13583"}],"curies":[{"name":"wp","href":"https:\/\/api.w.org\/{rel}","templated":true}]}}