{"id":13576,"date":"2021-06-10T21:45:11","date_gmt":"2021-06-10T19:45:11","guid":{"rendered":"https:\/\/agora-eoi.xtec.cat\/eoisabadell\/?page_id=13576"},"modified":"2021-06-15T16:39:09","modified_gmt":"2021-06-15T14:39:09","slug":"informacio-matricula-curs-2021-22","status":"publish","type":"page","link":"https:\/\/agora-eoi.xtec.cat\/eoisabadell\/informacio-matricula-curs-2021-22\/","title":{"rendered":"Informaci\u00f3 matr\u00edcula curs 2021-22"},"content":{"rendered":"<h3>Antic alumnat (excepte C2.1 d\u2019angl\u00e8s)<\/h3>\n<p>Persones matriculades en aquesta escola en un curs oficial del mateix idioma el curs 2020-2021.<\/p>\n<p>La matr\u00edcula \u00e9s telem\u00e0tica.*<\/p>\n<table>\n<tbody>\n<tr>\n<td>1 i 2 de juliol<\/td>\n<td>Alumnat\u00a0<strong>apte<\/strong>\u00a0que vol\u00a0<strong>mantenir<\/strong>\u00a0la mateixa franja hor\u00e0ria<\/td>\n<\/tr>\n<tr>\n<td>3 i 4 de juliol<\/td>\n<td>Alumnat\u00a0<strong>apte<\/strong>\u00a0que vol\u00a0<strong>canviar<\/strong>\u00a0la franja hor\u00e0ria<\/td>\n<\/tr>\n<tr>\n<td>5 i 6 de juliol<\/td>\n<td>Alumnat\u00a0<strong>no apte<\/strong>,\u00a0<strong>no presentat<\/strong>\u00a0o que ha\u00a0<strong>renunciat<\/strong><\/td>\n<\/tr>\n<\/tbody>\n<\/table>\n<p>M\u00e9s informaci\u00f3 properament.<\/p>\n<p>(*) IMPORTANT: abans de fer la vostra matr\u00edcula, consulteu el vostre resultat a partir del 23 de juny (a les 00:01h.) <a href=\"https:\/\/www.informaticacentros.com\/centrosnet\/ultralogin.php?tcentro=EOI&amp;centro=B03\" target=\"_blank\" rel=\"noopener noreferrer\">aqu\u00ed<\/a>.<\/p>\n<h3>Nou alumnat<\/h3>\n<p>Qualsevol persona no matriculada en aquesta escola durant el curs 2020-2021 (i tot l\u2019alumnat de C2.1 d\u2019angl\u00e8s).<\/p>\n<p>La preinscripcio i la matr\u00edcula s\u00f3n telem\u00e0tiques.<\/p>\n<p>L\u2019ordre i la data de matr\u00edcula venen determinats per un sorteig.<\/p>\n<table>\n<tbody>\n<tr>\n<td>Del 31 d\u2019agost al 3 de setembre<\/td>\n<td>Preinscripci\u00f3 obligat\u00f2ria<\/td>\n<\/tr>\n<tr>\n<td>Del 15 al 17 de setembre<\/td>\n<td>Matr\u00edcula 1a assignaci\u00f3<\/td>\n<\/tr>\n<tr>\n<td>21 i 22 de setembre<\/td>\n<td>Matr\u00edcula 2a assignaci\u00f3<\/td>\n<\/tr>\n<tr>\n<td>Del 16 al 20 i el 22 de setembre<\/td>\n<td>Matr\u00edcula de C2.1 d\u2019angl\u00e8s<\/td>\n<\/tr>\n<\/tbody>\n<\/table>\n<p>M\u00e9s informaci\u00f3 properament. Els horaris es publicaran al nostre web en els propers dies tamb\u00e9.<\/p>\n<p>Per a m\u00e9s informaci\u00f3, consulteu la p\u00e0gina web del\u00a0<a href=\"https:\/\/preinscripcio.gencat.cat\/ca\/estudis\/idiomes-eoi\/informat\/calendari\/\">Departament d\u2019Educaci\u00f3.<\/a><\/p>\n","protected":false},"excerpt":{"rendered":"<p>Antic alumnat (excepte C2.1 d\u2019angl\u00e8s)<br \/>\nPersones matriculades en aquesta escola en un curs oficial del mateix idioma el curs 2020-2021.<br \/>\nLa matr\u00edcula \u00e9s telem\u00e0tica.*<\/p>\n<p>1 i 2 de juliol<br \/>\nAlumnat\u00a0apte\u00a0que vol\u00a0mantenir\u00a0la mateixa franja hor\u00e0ria<\/p>\n<p>3 i 4 de juliol<br \/>\nAlumnat\u00a0apte\u00a0que vol\u00a0canviar\u00a0la franja hor\u00e0ria<\/p>\n<p>5 i 6 de juliol<br \/>\nAlumnat\u00a0no apte,\u00a0no presentat\u00a0o que ha\u00a0renunciat<\/p>\n<p>M\u00e9s&hellip;  <a href=\"https:\/\/agora-eoi.xtec.cat\/eoisabadell\/informacio-matricula-curs-2021-22\/\" title=\"Read Informaci\u00f3 matr\u00edcula curs 2021-22\">Llegeix m\u00e9s\u00bb<\/a><\/p>\n","protected":false},"author":7,"featured_media":0,"parent":0,"menu_order":0,"comment_status":"closed","ping_status":"closed","template":"","meta":{"_bbp_topic_count":0,"_bbp_reply_count":0,"_bbp_total_topic_count":0,"_bbp_total_reply_count":0,"_bbp_voice_count":0,"_bbp_anonymous_reply_count":0,"_bbp_topic_count_hidden":0,"_bbp_reply_count_hidden":0,"_bbp_forum_subforum_count":0,"footnotes":""},"class_list":["post-13576","page","type-page","status-publish","hentry"],"post_mailing_queue_ids":[],"_links":{"self":[{"href":"https:\/\/agora-eoi.xtec.cat\/eoisabadell\/wp-json\/wp\/v2\/pages\/13576","targetHints":{"allow":["GET"]}}],"collection":[{"href":"https:\/\/agora-eoi.xtec.cat\/eoisabadell\/wp-json\/wp\/v2\/pages"}],"about":[{"href":"https:\/\/agora-eoi.xtec.cat\/eoisabadell\/wp-json\/wp\/v2\/types\/page"}],"author":[{"embeddable":true,"href":"https:\/\/agora-eoi.xtec.cat\/eoisabadell\/wp-json\/wp\/v2\/users\/7"}],"replies":[{"embeddable":true,"href":"https:\/\/agora-eoi.xtec.cat\/eoisabadell\/wp-json\/wp\/v2\/comments?post=13576"}],"version-history":[{"count":3,"href":"https:\/\/agora-eoi.xtec.cat\/eoisabadell\/wp-json\/wp\/v2\/pages\/13576\/revisions"}],"predecessor-version":[{"id":13624,"href":"https:\/\/agora-eoi.xtec.cat\/eoisabadell\/wp-json\/wp\/v2\/pages\/13576\/revisions\/13624"}],"wp:attachment":[{"href":"https:\/\/agora-eoi.xtec.cat\/eoisabadell\/wp-json\/wp\/v2\/media?parent=13576"}],"curies":[{"name":"wp","href":"https:\/\/api.w.org\/{rel}","templated":true}]}}