{"id":13549,"date":"2021-05-19T17:32:29","date_gmt":"2021-05-19T15:32:29","guid":{"rendered":"https:\/\/agora-eoi.xtec.cat\/eoisabadell\/?page_id=13549"},"modified":"2021-09-18T12:29:11","modified_gmt":"2021-09-18T10:29:11","slug":"area-professorat","status":"publish","type":"page","link":"https:\/\/agora-eoi.xtec.cat\/eoisabadell\/area-professorat\/","title":{"rendered":"\u00c0rea professorat"},"content":{"rendered":"<p><span style=\"color: #ff0000;\"><a href=\"https:\/\/agora-eoi.xtec.cat\/eoisabadell\/wp-content\/uploads\/usu2240\/2019\/07\/atenci\u00f3-1.gif\"><img loading=\"lazy\" decoding=\"async\" class=\"wp-image-11798 alignnone\" src=\"https:\/\/agora-eoi.xtec.cat\/eoisabadell\/wp-content\/uploads\/usu2240\/2019\/07\/atenci\u00f3-1.gif\" alt=\"\" width=\"46\" height=\"43\" \/> <\/a>ATENCI\u00d3: Aquest lloc \u00e9s<strong> <span style=\"text-decoration: underline;\">NOM\u00c9S d&#8217;acc\u00e9s restringit per al personal de l&#8217;escola.<\/span><\/strong><\/span><\/p>\n<ul>\n<li><span style=\"text-decoration: underline;\"><strong><a href=\"https:\/\/drive.google.com\/drive\/folders\/1ZULc-sptSHfFpd0LgC03aOb0QUgLFR1C?usp=sharing\" target=\"_blank\" rel=\"noopener noreferrer\">CURS 20-21<\/a><\/strong><\/span><\/li>\n<li><strong><a href=\"https:\/\/drive.google.com\/drive\/folders\/1ozb_FnrfpXE0UOt67zoO8MNdr9DfxnXY?usp=sharing\" target=\"_blank\" rel=\"noopener noreferrer\">CURS 21-22<\/a><\/strong><\/li>\n<\/ul>\n","protected":false},"excerpt":{"rendered":"<p><a href=\"https:\/\/agora-eoi.xtec.cat\/eoisabadell\/wp-content\/uploads\/usu2240\/2019\/07\/atenci\u00f3-1.gif\"> <\/a>ATENCI\u00d3: Aquest lloc \u00e9s NOM\u00c9S d&#8217;acc\u00e9s restringit per al personal de l&#8217;escola.<\/p>\n<ul>\n<li><a href=\"https:\/\/drive.google.com\/drive\/folders\/1ZULc-sptSHfFpd0LgC03aOb0QUgLFR1C?usp=sharing\" target=\"_blank\" rel=\"noopener noreferrer\">CURS 20-21<\/a><\/li>\n<li><a href=\"https:\/\/drive.google.com\/drive\/folders\/1ozb_FnrfpXE0UOt67zoO8MNdr9DfxnXY?usp=sharing\" target=\"_blank\" rel=\"noopener noreferrer\">CURS 21-22<\/a><\/li>\n<\/ul>\n","protected":false},"author":7,"featured_media":0,"parent":0,"menu_order":0,"comment_status":"closed","ping_status":"closed","template":"","meta":{"_bbp_topic_count":0,"_bbp_reply_count":0,"_bbp_total_topic_count":0,"_bbp_total_reply_count":0,"_bbp_voice_count":0,"_bbp_anonymous_reply_count":0,"_bbp_topic_count_hidden":0,"_bbp_reply_count_hidden":0,"_bbp_forum_subforum_count":0,"footnotes":""},"class_list":["post-13549","page","type-page","status-publish","hentry"],"post_mailing_queue_ids":[],"_links":{"self":[{"href":"https:\/\/agora-eoi.xtec.cat\/eoisabadell\/wp-json\/wp\/v2\/pages\/13549","targetHints":{"allow":["GET"]}}],"collection":[{"href":"https:\/\/agora-eoi.xtec.cat\/eoisabadell\/wp-json\/wp\/v2\/pages"}],"about":[{"href":"https:\/\/agora-eoi.xtec.cat\/eoisabadell\/wp-json\/wp\/v2\/types\/page"}],"author":[{"embeddable":true,"href":"https:\/\/agora-eoi.xtec.cat\/eoisabadell\/wp-json\/wp\/v2\/users\/7"}],"replies":[{"embeddable":true,"href":"https:\/\/agora-eoi.xtec.cat\/eoisabadell\/wp-json\/wp\/v2\/comments?post=13549"}],"version-history":[{"count":3,"href":"https:\/\/agora-eoi.xtec.cat\/eoisabadell\/wp-json\/wp\/v2\/pages\/13549\/revisions"}],"predecessor-version":[{"id":14010,"href":"https:\/\/agora-eoi.xtec.cat\/eoisabadell\/wp-json\/wp\/v2\/pages\/13549\/revisions\/14010"}],"wp:attachment":[{"href":"https:\/\/agora-eoi.xtec.cat\/eoisabadell\/wp-json\/wp\/v2\/media?parent=13549"}],"curies":[{"name":"wp","href":"https:\/\/api.w.org\/{rel}","templated":true}]}}