{"id":13080,"date":"2020-10-07T10:15:35","date_gmt":"2020-10-07T08:15:35","guid":{"rendered":"https:\/\/agora-eoi.xtec.cat\/eoisabadell\/?page_id=13080"},"modified":"2026-02-23T08:41:32","modified_gmt":"2026-02-23T07:41:32","slug":"certificats-i-titols","status":"publish","type":"page","link":"https:\/\/agora-eoi.xtec.cat\/eoisabadell\/certificats-i-titols\/","title":{"rendered":"Certificats i t\u00edtols"},"content":{"rendered":"<p><span style=\"color: #0000ff;\"><strong>PETICI\u00d3 DE<\/strong> <span style=\"text-decoration: underline;\"><strong>CERTIFICATS<\/strong> <\/span><strong>NIVELL B\u00c0SIC I INTERMEDI B1,\u00a0 O CERTIFICAT EXPEDIENT ACAD\u00c8MIC DE <span style=\"text-decoration: underline;\">QUALSEVOL NIVELL<\/span><\/strong><\/span><\/p>\n<p>Si voleu demanar un certificat dels <span style=\"text-decoration: underline;\">nivells A2 i B1<\/span> o un <span style=\"text-decoration: underline;\">certificat d&#8217;expedient acad\u00e8mic, de matr\u00edcula o per al Ministeri, de qualsevol nivell<\/span>, (es un document DIN A4 expedit per la Secretaria de l&#8217;escola, gratu\u00eft i amb validesa de 2 anys a comptar de la data de la seva expedici\u00f3), ho heu de fer <strong>telem\u00e0ticament<\/strong>, omplint <a href=\"https:\/\/docs.google.com\/forms\/d\/e\/1FAIpQLSexMEJlGjHsHti_er_45LMYO5pxFEF6DalnPt8enLzZgRM4fA\/viewform\">el seg\u00fcent formulari<\/a>:<\/p>\n<ul>\n<li>Tots els camps del formulari s\u00f3n obligatoris.<\/li>\n<li>Comproveu les vostres dades.<\/li>\n<li>Un cop finalitzat el proc\u00e9s rebreu un missatge de confirmaci\u00f3 de la sol\u00b7licitud.<\/li>\n<\/ul>\n<p>Es podran demanar aquests certificats\u00a0 durant tot l&#8217;any, <strong>excepte al mes de\u00a0 setembre<\/strong>. Aquests certificats s\u00f3n gratu\u00efts i\u00a0 tenen una <strong>validesa de 2 (dos) anys<\/strong> a comptar a partir de la seva data d&#8217;expedici\u00f3.<\/p>\n<p>En un termini de m\u00e0xim 6 dies se us confirmar\u00e0 a la vostra adre\u00e7a de correu electr\u00f2nic\u00a0 facilitada al formulari que el certificat ja est\u00e0 disponible i el podreu passar a recollir per la secretaria de l\u2019EOI. Una altra persona\u00a0 el pot recollir en nom vostre, no cal autoritzaci\u00f3 per escrit.<\/p>\n<p><span style=\"color: #0000ff;\"><strong>PETICI\u00d3 DE <span style=\"text-decoration: underline;\">T\u00cdTOLS<\/span> NIVELL INTERMEDI B2 I AVAN\u00c7AT C1 I C2<\/strong><\/span><\/p>\n<p>Els t\u00edtols oficials dels nivells intermedi B2, avan\u00e7at C1 i avan\u00e7at C2\u00a0 (document signat pel Rei, en format DIN A3) s\u2019han de sol\u00b7licitar en l\u00ednia a trav\u00e9s d\u2019<a href=\"https:\/\/tramits.gencat.cat\/ca\/tramits\/tramits-temes\/titols-academics-no-universitaris\">aquest tr\u00e0mit espec\u00edfic<\/a>. En aquests enlla\u00e7os trobareu les instruccions per <a href=\"https:\/\/tramits.gencat.cat\/web\/shared\/OVT\/Departaments\/ENS\/TramitOVT\/tramitacio-titols\/sollicitud-primera-expedicio.pdf\">sol\u00b7licitar un t\u00edtol d\u2019idiomes per primera vegada<\/a> i per <a href=\"https:\/\/tramits.gencat.cat\/web\/shared\/OVT\/Departaments\/ENS\/TramitOVT\/tramitacio-titols\/duplicat-actualitzacio.pdf\">sol\u00b7licitar un duplicat o una actualitzaci\u00f3 d\u2019un t\u00edtol<\/a>.<\/p>\n<p>NOTA: els t\u00edtols obtinguts al mes de juny de l\u2019any en curs es podran sol\u00b7licitar a partir de mitjans d\u2019octubre, a causa del gran volum de feina administrativa durant el final i l\u2019inici del curs.<\/p>\n<table style=\"border-collapse: collapse; width: 51.8465%;\">\n<tbody>\n<tr>\n<td style=\"width: 69.8659%; text-align: center;\"><strong>Tipus de taxa<\/strong><\/td>\n<td style=\"width: 9.09385%; text-align: center;\"><strong>Taxa<\/strong><\/td>\n<\/tr>\n<tr>\n<td style=\"width: 69.8659%;\"><a href=\"https:\/\/educacio.gencat.cat\/ca\/departament\/normativa\/taxes-preus-publics\/taxes\/#taxa-per-l-expedicio-de-titols-academics-i-professionals\">Ordin\u00e0ria<\/a><\/td>\n<td style=\"width: 9.09385%;\">78,00 \u20ac<\/td>\n<\/tr>\n<tr>\n<td style=\"width: 69.8659%;\"><a href=\"https:\/\/educacio.gencat.cat\/ca\/departament\/normativa\/taxes-preus-publics\/exempcions-bonificacions\/\">Bonificaci\u00f3 del 50%<\/a>:<\/p>\n<ul>\n<li>Fam\u00edlia nombrosa de categoria general<\/li>\n<li>Fam\u00edlia monoparental<\/li>\n<\/ul>\n<\/td>\n<td style=\"width: 9.09385%;\">39,00 \u20ac<\/td>\n<\/tr>\n<tr>\n<td style=\"width: 69.8659%;\"><a href=\"https:\/\/educacio.gencat.cat\/ca\/departament\/normativa\/taxes-preus-publics\/exempcions-bonificacions\/\">Exempci\u00f3 de pagament<\/a>:<\/p>\n<ul>\n<li>Fam\u00edlia nombrosa de categoria especial<\/li>\n<li>Discapacitat igual o superior al 33%<\/li>\n<li>V\u00edctima de terrorisme (i els seus c\u00f2njuges i fills i filles)<\/li>\n<li>Menors en acolliment familiar<\/li>\n<\/ul>\n<\/td>\n<td style=\"width: 9.09385%;\">Exempts<\/td>\n<\/tr>\n<\/tbody>\n<\/table>\n<p>Un cop fet el pagament del t\u00edtol, haureu d\u2019enviar un correu electr\u00f2nic a <a href=\"mailto:secretaria@eoisabadell.cat\">secretaria@eoisabadell.cat<\/a>, indicant:<\/p>\n<ul>\n<li>Nom i cognoms.<\/li>\n<li>DNI \/ NIE \/ Passaport.<\/li>\n<li>T\u00edtol sol\u00b7licitat.<\/li>\n<\/ul>\n<p>L\u2019escola us respondr\u00e0 quan s\u2019hagi fet la conciliaci\u00f3 del pagament, que pot trigar unes 48 hores.<\/p>\n<p>Un cop confirmat el pagament, cal venir presencialment a la <a href=\"https:\/\/agora-eoi.xtec.cat\/eoisabadell\/horari-de-secretaria-2\/\">Secretaria del centre<\/a> amb el document d\u2019identitat i el comprovant bancari del pagament, per tal de recollir el resguard del t\u00edtol. Aquest resguard t\u00e9 tots els efectes del t\u00edtol respectiu mentre aquest no s&#8217;expedeixi materialment.<\/p>\n<p>En cas de no poder recollir el resguard personalment pot venir una persona autoritzada, portant <a href=\"https:\/\/drive.google.com\/file\/d\/1whFbkdgPy4Otc8dZ4kPR9BGK-sP-CpVr\/view\">aquesta autoritzaci\u00f3<\/a> emplenada i el seu document d&#8217;identitat.<\/p>\n<p>El termini d\u2019expedici\u00f3 \u00e9s for\u00e7a llarg, en aquests moments de 2-3 anys. Quan rebem el t\u00edtol us avisem per correu electr\u00f2nic.<\/p>\n","protected":false},"excerpt":{"rendered":"<p>PETICI\u00d3 DE CERTIFICATS NIVELL B\u00c0SIC I INTERMEDI B1,\u00a0 O CERTIFICAT EXPEDIENT ACAD\u00c8MIC DE QUALSEVOL NIVELL<br \/>\nSi voleu demanar un certificat dels nivells A2 i B1 o un certificat d&#8217;expedient acad\u00e8mic, de matr\u00edcula o per al Ministeri, de qualsevol nivell, (es un document DIN A4 expedit per&hellip;  <a href=\"https:\/\/agora-eoi.xtec.cat\/eoisabadell\/certificats-i-titols\/\" title=\"Read Certificats i t\u00edtols\">Llegeix m\u00e9s\u00bb<\/a><\/p>\n","protected":false},"author":7,"featured_media":0,"parent":0,"menu_order":0,"comment_status":"closed","ping_status":"closed","template":"","meta":{"_bbp_topic_count":0,"_bbp_reply_count":0,"_bbp_total_topic_count":0,"_bbp_total_reply_count":0,"_bbp_voice_count":0,"_bbp_anonymous_reply_count":0,"_bbp_topic_count_hidden":0,"_bbp_reply_count_hidden":0,"_bbp_forum_subforum_count":0,"footnotes":""},"class_list":["post-13080","page","type-page","status-publish","hentry"],"post_mailing_queue_ids":[],"_links":{"self":[{"href":"https:\/\/agora-eoi.xtec.cat\/eoisabadell\/wp-json\/wp\/v2\/pages\/13080","targetHints":{"allow":["GET"]}}],"collection":[{"href":"https:\/\/agora-eoi.xtec.cat\/eoisabadell\/wp-json\/wp\/v2\/pages"}],"about":[{"href":"https:\/\/agora-eoi.xtec.cat\/eoisabadell\/wp-json\/wp\/v2\/types\/page"}],"author":[{"embeddable":true,"href":"https:\/\/agora-eoi.xtec.cat\/eoisabadell\/wp-json\/wp\/v2\/users\/7"}],"replies":[{"embeddable":true,"href":"https:\/\/agora-eoi.xtec.cat\/eoisabadell\/wp-json\/wp\/v2\/comments?post=13080"}],"version-history":[{"count":6,"href":"https:\/\/agora-eoi.xtec.cat\/eoisabadell\/wp-json\/wp\/v2\/pages\/13080\/revisions"}],"predecessor-version":[{"id":18396,"href":"https:\/\/agora-eoi.xtec.cat\/eoisabadell\/wp-json\/wp\/v2\/pages\/13080\/revisions\/18396"}],"wp:attachment":[{"href":"https:\/\/agora-eoi.xtec.cat\/eoisabadell\/wp-json\/wp\/v2\/media?parent=13080"}],"curies":[{"name":"wp","href":"https:\/\/api.w.org\/{rel}","templated":true}]}}