{"id":12901,"date":"2020-09-13T21:56:18","date_gmt":"2020-09-13T19:56:18","guid":{"rendered":"https:\/\/agora-eoi.xtec.cat\/eoisabadell\/?page_id=12901"},"modified":"2025-07-09T14:00:59","modified_gmt":"2025-07-09T12:00:59","slug":"renuncies","status":"publish","type":"page","link":"https:\/\/agora-eoi.xtec.cat\/eoisabadell\/renuncies\/","title":{"rendered":"Ren\u00fancia a la matr\u00edcula SENSE retorn de taxes\/preus p\u00fablics AMB reserva de pla\u00e7a"},"content":{"rendered":"<p><strong>1. Ren\u00fancia a la matr\u00edcula oficial SENSE retorn de taxes\/preus p\u00fablics AMB reserva de pla\u00e7a.<\/strong><\/p>\n<p><strong>\u2013\u00a0<\/strong>Es podr\u00e0 renunciar a la matr\u00edcula oficial quan l\u2019alumne es vegi en la impossibilitat de continuar assistint a classe amb regularitat (deixar de venir a classe, havent avisat al docent o no, no \u00e9s suficient). La ren\u00fancia implica que <strong>no es computi el curs a efectes de repetici\u00f3 (=no corre convocat\u00f2ria, no hi ha rec\u00e0rrec de repetici\u00f3 quan es torni a matricular). <\/strong>Veure normativa repeticions<a href=\"https:\/\/drive.google.com\/file\/d\/15Ur1TjtTAf6718QuxL0Tvm6KoPFy9E9W\/view\"> aqu\u00ed<\/a> . No es perd l\u2019oficialitat (=no perds la pla\u00e7a) per\u00f2 <strong>n<span style=\"text-decoration: underline;\">o d\u00f3na dret a la devoluci\u00f3 de cap taxa o preu p\u00fablic.*<\/span><\/strong><\/p>\n<p>Per matricular-se l\u2019any acad\u00e8mic posterior, l\u2019alumne que ha renunciat es matricular\u00e0 al mateix moment que els repetidors a la primera quinzena de juliol i ha de tornar a pagar la matr\u00edcula, per\u00f2 sense cap rec\u00e0rrec per repetici\u00f3 perqu\u00e8 no li corre convocat\u00f2ria. Si no es matr\u00edcula al juliol posterior, l&#8217;alumne\/a perd la pla\u00e7a i ha de fer preinscripci\u00f3 al setembre.<\/p>\n<p>La ren\u00fancia a la matr\u00edcula implica, des del mateix moment de formalitzar-la, <strong>la p\u00e8rdua del dret a assistir a classe<\/strong>\u00a0fins al final del curs en qu\u00e8 es realitza, i tamb\u00e9\u00a0<strong>impedeix presentar-se als ex\u00e0mens finals\u00a0<\/strong>d\u2019aquell any.<\/p>\n<p><strong>\u2013 <\/strong>El termini per fer la sol. licitud de la ren\u00fancia a la matr\u00edcula oficial \u00e9s el <strong><u>\u00a030 de novembre de 2025<\/u><\/strong>\u00a0(per a la <a href=\"https:\/\/agora-eoi.xtec.cat\/eoisabadell\/devolucio-de-taxes\/\" target=\"_blank\" rel=\"noopener\"><strong>sol\u00b7licitud de ren\u00fancia AMB devoluci\u00f3 de taxes\/preu p\u00fablic SENSE reserva de pla\u00e7a <\/strong><\/a>\u00a0el termini \u00e9s el <span style=\"text-decoration: underline;\"><strong>dimarts 10 d&#8217;octubre de 2025, veure tr\u00e0mit <\/strong><\/span>).<\/p>\n<p><strong>\u2013 \u00a0<\/strong>D\u2019aquesta ren\u00fancia (ren\u00fancia a la matr\u00edcula oficial), l\u2019alumne\/a en podr\u00e0 fer nom\u00e9s una per curs. El nombre m\u00e0xim de ren\u00fancies per alumne\/a est\u00e0 limitat a 4(quatre).<\/p>\n<h5><a href=\"https:\/\/drive.google.com\/file\/d\/1gA3_v4bny4uffWizNnDO8hPH2kSjNEFI\/view?usp=sharing\" target=\"_blank\" rel=\"noopener\">Trobareu el model de <strong>sol\u00b7licitud de ren\u00fancia a la matr\u00edcula oficial\u00a0 AMB reserva de pla\u00e7a i SENSE retorn de taxes\/preu p\u00fablic<\/strong> en aquest enlla\u00e7.<\/a><\/h5>\n<p>&nbsp;<\/p>\n<p><strong>2.<\/strong>\u00a0\u00a0<strong>Ren\u00fancia a un curs:<\/strong><\/p>\n<p>Qualsevol persona que tingui un expedient acad\u00e8mic obert en una escola oficial d\u2019idiomes podr\u00e0 sol\u00b7licitar al director o directora de l\u2019escola la ren\u00fancia a un dels cursos acad\u00e8mics superats en aquell idioma, sempre que no siguin cursos que hagin comportat l\u2019obtenci\u00f3 d\u2019un certificat. L\u2019escola la podr\u00e0 concedir un cop obtinguts els informes oportuns del departament d\u2019aquell idioma.<\/p>\n<p>El curs renunciat en aquest cas computar\u00e0 a l\u2019efecte de repetici\u00f3.<\/p>\n","protected":false},"excerpt":{"rendered":"<p>1. Ren\u00fancia a la matr\u00edcula oficial SENSE retorn de taxes\/preus p\u00fablics AMB reserva de pla\u00e7a.<br \/>\n\u2013\u00a0Es podr\u00e0 renunciar a la matr\u00edcula oficial quan l\u2019alumne es vegi en la impossibilitat de continuar assistint a classe amb regularitat (deixar de venir a classe, havent avisat al docent o&hellip;  <a href=\"https:\/\/agora-eoi.xtec.cat\/eoisabadell\/renuncies\/\" title=\"Read Ren\u00fancia a la matr\u00edcula SENSE retorn de taxes\/preus p\u00fablics AMB reserva de pla\u00e7a\">Llegeix m\u00e9s\u00bb<\/a><\/p>\n","protected":false},"author":7,"featured_media":0,"parent":0,"menu_order":0,"comment_status":"closed","ping_status":"closed","template":"","meta":{"_bbp_topic_count":0,"_bbp_reply_count":0,"_bbp_total_topic_count":0,"_bbp_total_reply_count":0,"_bbp_voice_count":0,"_bbp_anonymous_reply_count":0,"_bbp_topic_count_hidden":0,"_bbp_reply_count_hidden":0,"_bbp_forum_subforum_count":0,"footnotes":""},"class_list":["post-12901","page","type-page","status-publish","hentry"],"post_mailing_queue_ids":[],"_links":{"self":[{"href":"https:\/\/agora-eoi.xtec.cat\/eoisabadell\/wp-json\/wp\/v2\/pages\/12901","targetHints":{"allow":["GET"]}}],"collection":[{"href":"https:\/\/agora-eoi.xtec.cat\/eoisabadell\/wp-json\/wp\/v2\/pages"}],"about":[{"href":"https:\/\/agora-eoi.xtec.cat\/eoisabadell\/wp-json\/wp\/v2\/types\/page"}],"author":[{"embeddable":true,"href":"https:\/\/agora-eoi.xtec.cat\/eoisabadell\/wp-json\/wp\/v2\/users\/7"}],"replies":[{"embeddable":true,"href":"https:\/\/agora-eoi.xtec.cat\/eoisabadell\/wp-json\/wp\/v2\/comments?post=12901"}],"version-history":[{"count":7,"href":"https:\/\/agora-eoi.xtec.cat\/eoisabadell\/wp-json\/wp\/v2\/pages\/12901\/revisions"}],"predecessor-version":[{"id":17964,"href":"https:\/\/agora-eoi.xtec.cat\/eoisabadell\/wp-json\/wp\/v2\/pages\/12901\/revisions\/17964"}],"wp:attachment":[{"href":"https:\/\/agora-eoi.xtec.cat\/eoisabadell\/wp-json\/wp\/v2\/media?parent=12901"}],"curies":[{"name":"wp","href":"https:\/\/api.w.org\/{rel}","templated":true}]}}