{"id":12875,"date":"2020-09-10T20:23:38","date_gmt":"2020-09-10T18:23:38","guid":{"rendered":"https:\/\/agora-eoi.xtec.cat\/eoisabadell\/?page_id=12875"},"modified":"2025-10-09T16:42:56","modified_gmt":"2025-10-09T14:42:56","slug":"devolucio-de-taxes","status":"publish","type":"page","link":"https:\/\/agora-eoi.xtec.cat\/eoisabadell\/devolucio-de-taxes\/","title":{"rendered":"Ren\u00fancia de matr\u00edcula AMB devoluci\u00f3 de taxes\/preu p\u00fablic SENSE RESERVA DE PLA\u00c7A, i d&#8217;altres sup\u00f2sits de devolucions"},"content":{"rendered":"<div class=\"e431-105 x-text\">\n<p>Les taxes o preus p\u00fablics de la matr\u00edcula nom\u00e9s es poden retornar en els sup\u00f2sits seg\u00fcents i dins els terminis assenyalats:<\/p>\n<ol>\n<li>Ren\u00fancia a la matr\u00edcula oficial <strong>que implica p\u00e8rdua de la pla\u00e7a<\/strong>, quan la ren\u00fancia i la sol\u00b7licitud de retorn de taxes o preus p\u00fablics es produeixin no m\u00e9s tard del <strong><span style=\"text-decoration: underline;\">divendres 10 d&#8217;octubre de 2025 (23.59h)<\/span>.<\/strong><\/li>\n<\/ol>\n<p><b>S&#8217;ha de formular la ren\u00fancia EXCLUSIVAMENT mitjan\u00e7ant <a href=\"https:\/\/web.gencat.cat\/ca\/tramits\/tramits-temes\/devolucio-ingressos-indeguts\" target=\"_blank\" rel=\"noopener\">el tr\u00e0mit electr\u00f2nic Devoluci\u00f3 d&#8217;ingressos indeguts per cobrament de taxes i preus p\u00fablics del Departament d&#8217;Educaci\u00f3 <\/a><\/b>\u00a0 adjuntant la seg\u00fcent documentaci\u00f3 que heu de pujar en pdf cadascuna <span style=\"text-decoration: underline;\">per separat<\/span>:<\/p>\n<ul>\n<li><a href=\"https:\/\/documents.espai.educacio.gencat.cat\/FormularisModels\/GestioEconomica\/A677.pdf\" target=\"_blank\" rel=\"noopener\">formulari de sol\u00b7licitud de devoluci\u00f3 de taxa per la prestaci\u00f3 dels serveis docents en les Escoles Oficials d&#8217;Idiomes (EOI) o per la inscripci\u00f3 en les proves lliures<\/a><\/li>\n<li>full de matricula (amb el logo de l&#8217;EOI Sabadell, on consten les dades de l&#8217;alumne\/a, curs 25-26 idioma, nivell i grup).<\/li>\n<li>resguard de pagament (=justificants bancaris) de la taxa o preu p\u00fablic.<\/li>\n<\/ul>\n<p>Les persones que no disposen dels mitjans o dels coneixements necessaris per fer el tr\u00e0mit en l\u00ednia, poden fer-lo presencialment a la secretaria del centre (consulteu horaris d&#8217;atenci\u00f3 presencial <a href=\"https:\/\/agora-eoi.xtec.cat\/eoisabadell\/horaris-2\/#AN\">aqu\u00ed<\/a>), i tamb\u00e9 a les Oficines de Registre dels serveis centrals d\u2019Educaci\u00f3 i dels Serveis Territorials, utilitzant el servei de \u201ctramitaci\u00f3 atesa\u201d. Aquest servei ofereix assist\u00e8ncia per poder dur a terme el tr\u00e0mit sense dificultats.<\/p>\n<p><strong>Nom\u00e9s en els sup\u00f2sits de devoluci\u00f3 2, 3 i 4<\/strong> esmentats a continuaci\u00f3, la ren\u00fancia es pot presentar presencialment a la Secretaria de l&#8217;EOI Sabadell durant el mateix curs escolar per\u00f2 la tramitaci\u00f3 electr\u00f2nica no es far\u00e0 de manera immediata, la qual cosa pot endarrerir la devoluci\u00f3.<\/p>\n<p><strong>***** No atendrem a les sol\u00b7licituds incompletes o que arribin fora de termini.******<\/strong><\/p>\n<p>MOLT IMPORTANT:\u00a0La ren\u00fancia a la matr\u00edcula oficial amb devoluci\u00f3 de taxa\/preu p\u00fablic suposa l&#8217;anul\u00b7laci\u00f3 de la matr\u00edcula a tots els efectes i l&#8217;exclusi\u00f3 de la matr\u00edcula de l&#8217;expedient acad\u00e8mic de<br \/>\nl&#8217;alumne o alumna i, per tant, la ren\u00fancia a la pla\u00e7a. La matr\u00edcula deixa de ser v\u00e0lida i, en el cas que es vulguin continuar els estudis el curs seg\u00fcent, <strong>caldr\u00e0 demanar l&#8217;ingr\u00e9s com a nou alumne mitjan\u00e7ant la preinscripci\u00f3 al mes de setembre.\u00a0<\/strong><\/p>\n<p><span style=\"font-family: inherit; font-size: 1em;\">2. Ren\u00fancia a la inscripci\u00f3 a les proves lliures per a l\u2019obtenci\u00f3 del certificat de nivell intermedi B1, B2 o del certificat de nivell C1 i C2, quan la ren\u00fancia i la sol\u00b7licitud de retorn de taxes es produeixin amb antelaci\u00f3 a la data de publicaci\u00f3 de les llistes definitives de persones admeses.<\/span><\/p>\n<\/div>\n<p>3. Pagaments duplicats o per import superior, per l\u2019exc\u00e9s de pagament.<\/p>\n<p>4. Inaplicaci\u00f3 de bonificacions o exempcions a les quals l\u2019alumnat t\u00e9 dret en el moment de la matriculaci\u00f3, per l\u2019import corresponen.<\/p>\n<p><a href=\"https:\/\/drive.google.com\/file\/d\/1J-GhcSBcDGQQtL3QqvOshVtD3kGd67mB\/view?usp=sharing\" target=\"_blank\" rel=\"noopener\">Trobareu aqu\u00ed la Sol\u00b7licitud de devoluci\u00f3 de taxa pels sup\u00f2sits 2, 3 i 4.<\/a> i heu d&#8217;adjuntar la seg\u00fcent documentaci\u00f3:<\/p>\n<div class=\"e431-105 x-text\">\n<ul>\n<li>full de matricula (on consten les dades de l&#8217;alumne\/a, idioma, nivell i grup, data).<\/li>\n<li>resguard de pagament (=justificants bancaris) de la taxa o preu p\u00fablic.<\/li>\n<li>documentaci\u00f3 acreditativa del motiu pel qual es demana la devoluci\u00f3 de taxes o preu p\u00fablic, si escau.<\/li>\n<\/ul>\n<p><strong>****** IMPORTANT EN TOTES LES DEVOLUCIONS *****<\/strong><\/p>\n<p>Un cop rebuda la documentaci\u00f3 i fet el registre d&#8217;entrada, l&#8217;escola trametr\u00e0 la sol\u00b7licitud al Servei de Pressupostos i Gesti\u00f3 Financera, el qual comunicar\u00e0 a l\u2019interessat\/da la resoluci\u00f3 adoptada.<\/p>\n<p><strong>El termini de resoluci\u00f3<\/strong> de tot el procediment, el tindreu <strong><span style=\"text-decoration: underline;\">a partir dels 12\u00a0mesos<\/span><\/strong> des de la vostra tramitaci\u00f3. Si vau fer el tr\u00e0mit el curs passat (2023-2024) i encara no heu obtingut resposta, us podeu posar en contacte directament al seg\u00fcent correu: <a href=\"mailto:gestioingressos.educacio@gencat.cat\" target=\"_blank\" rel=\"noopener noreferrer\">gestioingressos.educacio@<wbr \/><span class=\"il\">gencat<\/span>.<span class=\"il\">cat<\/span><\/a><\/p>\n<p>Podr\u00e0s fer el seguiment de la teva sol\u00b7licitud <a href=\"https:\/\/web.gencat.cat\/ca\/tramits\/suport-tramitacio\/despres-de-fer-un-tramit\/avisos-notificacions-electroniques\/\" target=\"_blank\" rel=\"noopener\">en aquest enlla\u00e7<\/a> i tamb\u00e9 per email si marques la casella de &#8216;notificacions electr\u00f2niques&#8217; en el formulari de la sol\u00b7licitud.<\/p>\n<p>En aproximadament 12 mesos, <strong><span style=\"text-decoration: underline;\">un cop acceptada la devoluci\u00f3 de taxes pel Servei de Pressupostos i Gesti\u00f3 Financera,<\/span> es podr\u00e0 fer la sol\u00b7licitud a l&#8217;escola de la devoluci\u00f3 de la quota complement\u00e0ria<\/strong> en concepte d&#8217;acc\u00e9s a la plataforma virtual i materials did\u00e0ctics a Secretaria, enviant-nos la Resoluci\u00f3 i les teves dades banc\u00e0ries.<\/p>\n<p><a href=\"http:\/\/educacio.gencat.cat\/ca\/departament\/normativa\/taxes-preus-publics\/devolucions\/\" target=\"_blank\" rel=\"noopener noreferrer\">Consulteu aqu\u00ed<\/a> tota la informaci\u00f3 del web del Departament d&#8217;Educaci\u00f3 sobre devolucions.<\/p>\n<\/div>\n","protected":false},"excerpt":{"rendered":"<p>Les taxes o preus p\u00fablics de la matr\u00edcula nom\u00e9s es poden retornar en els sup\u00f2sits seg\u00fcents i dins els terminis assenyalats:<\/p>\n<ol>\n<li>Ren\u00fancia a la matr\u00edcula oficial que implica p\u00e8rdua de la pla\u00e7a, quan la ren\u00fancia i la sol\u00b7licitud de retorn de taxes o preus p\u00fablics es&hellip;  <a href=\"https:\/\/agora-eoi.xtec.cat\/eoisabadell\/devolucio-de-taxes\/\" title=\"Read Ren\u00fancia de matr\u00edcula AMB devoluci\u00f3 de taxes\/preu p\u00fablic SENSE RESERVA DE PLA\u00c7A, i d&#8217;altres sup\u00f2sits de devolucions\">Llegeix m\u00e9s\u00bb<\/a><br \/>\n","protected":false},"author":7,"featured_media":0,"parent":0,"menu_order":0,"comment_status":"closed","ping_status":"closed","template":"","meta":{"_bbp_topic_count":0,"_bbp_reply_count":0,"_bbp_total_topic_count":0,"_bbp_total_reply_count":0,"_bbp_voice_count":0,"_bbp_anonymous_reply_count":0,"_bbp_topic_count_hidden":0,"_bbp_reply_count_hidden":0,"_bbp_forum_subforum_count":0,"footnotes":""},"class_list":["post-12875","page","type-page","status-publish","hentry"],"post_mailing_queue_ids":[],"_links":{"self":[{"href":"https:\/\/agora-eoi.xtec.cat\/eoisabadell\/wp-json\/wp\/v2\/pages\/12875","targetHints":{"allow":["GET"]}}],"collection":[{"href":"https:\/\/agora-eoi.xtec.cat\/eoisabadell\/wp-json\/wp\/v2\/pages"}],"about":[{"href":"https:\/\/agora-eoi.xtec.cat\/eoisabadell\/wp-json\/wp\/v2\/types\/page"}],"author":[{"embeddable":true,"href":"https:\/\/agora-eoi.xtec.cat\/eoisabadell\/wp-json\/wp\/v2\/users\/7"}],"replies":[{"embeddable":true,"href":"https:\/\/agora-eoi.xtec.cat\/eoisabadell\/wp-json\/wp\/v2\/comments?post=12875"}],"version-history":[{"count":6,"href":"https:\/\/agora-eoi.xtec.cat\/eoisabadell\/wp-json\/wp\/v2\/pages\/12875\/revisions"}],"predecessor-version":[{"id":18133,"href":"https:\/\/agora-eoi.xtec.cat\/eoisabadell\/wp-json\/wp\/v2\/pages\/12875\/revisions\/18133"}],"wp:attachment":[{"href":"https:\/\/agora-eoi.xtec.cat\/eoisabadell\/wp-json\/wp\/v2\/media?parent=12875"}],"curies":[{"name":"wp","href":"https:\/\/api.w.org\/{rel}","templated":true}]}}