{"id":12706,"date":"2020-07-01T14:31:42","date_gmt":"2020-07-01T12:31:42","guid":{"rendered":"https:\/\/agora-eoi.xtec.cat\/eoisabadell\/?page_id=12706"},"modified":"2025-06-11T13:31:43","modified_gmt":"2025-06-11T11:31:43","slug":"convocatoria-adicional-3a-matricula-dun-curs","status":"publish","type":"page","link":"https:\/\/agora-eoi.xtec.cat\/eoisabadell\/convocatoria-adicional-3a-matricula-dun-curs\/","title":{"rendered":"Repeticions de curs i matr\u00edcula addicional"},"content":{"rendered":"<h2>Repeticions de curs<\/h2>\n<p>Dins de cada nivell \u2014b\u00e0sic, intermedi i avan\u00e7at\u2014, l\u2019alumnat t\u00e9 dret a romandre matriculat en el r\u00e8gim d\u2019ensenyament oficial, modalitat presencial, durant <strong>un m\u00e0xim de cursos acad\u00e8mics equivalents al doble dels cursos de qu\u00e8 consta el nivell per a l\u2019idioma corresponent<\/strong>.<\/p>\n<p>L\u2019alumnat podr\u00e0 matricular-se de cada curs un m\u00e0xim de dues vegades.<\/p>\n<p>Si s\u2019ha fet una ren\u00fancia durant l\u2019any acad\u00e8mic, el curs no computa a efectes de repeticions.<\/p>\n<p><span style=\"text-decoration: underline;\">Alumnat oficial:<\/span> Per saber les vegades que est\u00e0 perm\u00e8s matricular-se en un curs consulteu les combinacions possibles seg\u00fcents en<strong>\u00a0<a href=\"https:\/\/drive.google.com\/file\/d\/15Ur1TjtTAf6718QuxL0Tvm6KoPFy9E9W\/view?usp=sharing\" target=\"_blank\" rel=\"noopener\">aquest document.<\/a><\/strong><\/p>\n<p><span style=\"text-decoration: underline;\">Alumnat lliure:<\/span> no hi ha l\u00edmit de convocat\u00f2ries per matricular-se com a candidat lliure dels Certificats de Nivell Intermedi i Avan\u00e7at.<\/p>\n<h3>Convocat\u00f2ria addicional (3a matr\u00edcula d&#8217;un mateix curs)<\/h3>\n<p>En casos excepcionals i justificats documentalment, la direcci\u00f3 de l\u2019escola podria autoritzar<strong>\u00a0una\u00a0convocat\u00f2ria addicional per nivell<\/strong> (b\u00e0sic, intermedi B1, intermedi B2, avan\u00e7at C1 i avan\u00e7at C2) sempre que no representi fer <strong>el mateix curs per\u00a0quarta vegada<\/strong>.<\/p>\n<p><strong>L\u2019alumnat que accedeix directament al segon curs del nivell b\u00e0sic (A2) o al tercer curs del nivell intermedi B2(B2.2) el pot cursar un m\u00e0xim de dues vegades.<\/strong><\/p>\n<p>Per saber les vegades que est\u00e0 perm\u00e8s matricular-se en un curs consulteu les combinacions possibles seg\u00fcents en<strong>\u00a0<a href=\"https:\/\/drive.google.com\/file\/d\/15Ur1TjtTAf6718QuxL0Tvm6KoPFy9E9W\/view?usp=sharing\" target=\"_blank\" rel=\"noopener\">aquest document.<\/a><\/strong><\/p>\n<p><span lang=\"CA\">NOTA: La plataforma de matr\u00edcula en l\u00ednia\u00a0\u00a0<strong>NO permetr\u00e0 fer autom\u00e0ticament tres matr\u00edcules a cap curs<\/strong>.\u00a0<\/span><span lang=\"CA\">Els alumnes que vulguin cursar per tercera vegada un curs<\/span>, h<span lang=\"CA\">auran de seguir el seg\u00fcent procediment.<\/span><\/p>\n<h3><strong>Procediment per la matr\u00edcula addicional<\/strong><\/h3>\n<ul>\n<li>En alguns casos (consulteu Secretaria per saber si \u00e9s el teu), s&#8217;ha d&#8217;emplenar <a href=\"https:\/\/agora-eoi.xtec.cat\/eoisabadell\/wp-content\/uploads\/usu2240\/2018\/04\/instancia.pdf\">aquesta inst\u00e0ncia<\/a> i enviar-la a secretaria@eoisabadell.cat. En d&#8217;altres, no cal fer la inst\u00e0ncia per\u00f2 \u00e9s la<span style=\"text-decoration: underline;\"> Secretaria de l&#8217;escola que ha de fer la matr\u00edcula manualment, l&#8217;alumne\/a no pot fer-la en l\u00ednia<\/span>.<\/li>\n<li>La resoluci\u00f3 de la sol\u00b7licitud i la notificaci\u00f3 del dia de matr\u00edcula es comunicar\u00e0 per correu electr\u00f2nic. L<strong>a matr\u00edcula ser\u00e0 presencial un cop acabat el termini de matr\u00edcula telem\u00e0tica ordin\u00e0ria (consulteu <a href=\"https:\/\/agora-eoi.xtec.cat\/eoisabadell\/matricula-antics-alumnes\/\">calendari matr\u00edcula antics alumnes al juliol<\/a>).<\/strong><\/li>\n<\/ul>\n<h5>Preus convocat\u00f2ria addicional (3a matr\u00edcula)<\/h5>\n<table>\n<tbody>\n<tr style=\"height: 32px;\">\n<td style=\"width: 113px; height: 32px;\"><strong>MATR\u00cdCULA<\/strong><\/td>\n<td style=\"width: 302.984px; height: 32px;\" colspan=\"2\"><strong>Cursos: B1, B1.1, B1.2, B2.1 i B2.2 (taxes)<br \/>\n<\/strong><\/td>\n<td style=\"width: 287.016px; height: 32px;\" colspan=\"2\"><strong>Cursos: A1, A2, C1 i C2<\/strong><strong>\u00a0(preus p\u00fablics)<br \/>\n<\/strong><\/td>\n<\/tr>\n<tr style=\"height: 47px;\">\n<td style=\"width: 113px; height: 47px;\"><\/td>\n<td style=\"width: 152px; height: 47px;\"><strong>Matr\u00edcula ordin\u00e0ria<\/strong><\/td>\n<td style=\"width: 148.984px; height: 47px;\"><strong>Bonificaci\u00f3 50%<\/strong><\/td>\n<td style=\"width: 140.984px; height: 47px;\"><strong>Matr\u00edcula ordin\u00e0ria<\/strong><\/td>\n<td style=\"width: 144.031px; height: 47px;\"><strong>Bonificaci\u00f3 50%<\/strong><\/td>\n<\/tr>\n<tr style=\"height: 32px;\">\n<td style=\"width: 113px; height: 32px;\"><strong>1a Matr\u00edcula<\/strong><\/td>\n<td style=\"width: 152px; height: 32px;\">288,90 \u20ac<\/td>\n<td style=\"width: 148.984px; height: 32px;\">144,45 \u20ac<\/td>\n<td style=\"width: 140.984px; height: 32px;\">275,00\u20ac<\/td>\n<td style=\"width: 144.031px; height: 32px;\">137,50 \u20ac<\/td>\n<\/tr>\n<tr style=\"height: 32px;\">\n<td style=\"width: 113px; height: 32px;\"><strong>2a Matr\u00edcula<\/strong><\/td>\n<td style=\"width: 152px; height: 32px;\">375,60 \u20ac<\/td>\n<td style=\"width: 148.984px; height: 32px;\">187,80 \u20ac<\/td>\n<td style=\"width: 140.984px; height: 32px;\">357,50\u20ac<\/td>\n<td style=\"width: 144.031px; height: 32px;\">178,75 \u20ac<\/td>\n<\/tr>\n<tr style=\"height: 32px;\">\n<td style=\"width: 113px; height: 32px; background-color: #f2ec29;\"><span style=\"color: #000000;\"><strong>3a Matr\u00edcula<\/strong><\/span><\/td>\n<td style=\"width: 152px; height: 32px; background-color: #f2ec29;\"><span style=\"color: #000000;\">520,05 \u20ac<\/span><\/td>\n<td style=\"width: 148.984px; height: 32px; background-color: #f2ec29;\"><span style=\"color: #000000;\">260,05 \u20ac<\/span><\/td>\n<td style=\"width: 140.984px; height: 32px; background-color: #f2ec29;\"><span style=\"color: #000000;\">495,00\u20ac<\/span><\/td>\n<td style=\"width: 144.031px; height: 32px; background-color: #f2ec29;\"><span style=\"color: #000000;\">247,50 \u20ac<\/span><\/td>\n<\/tr>\n<tr style=\"height: 47px;\">\n<td style=\"width: 113px; height: 47px;\"><\/td>\n<td style=\"width: 302.984px; height: 47px;\" colspan=\"2\">Bonificacions o exempcions de taxes.\u00a0<a href=\"http:\/\/ensenyament.gencat.cat\/ca\/departament\/normativa\/taxes-preus-publics\/taxes\/\">Cliqueu aqu\u00ed &gt;&gt;<\/a><\/td>\n<td style=\"width: 287.016px; height: 47px;\" colspan=\"2\">Bonificacions o exempcions de preus p\u00fablics.\u00a0<a href=\"http:\/\/ensenyament.gencat.cat\/ca\/departament\/normativa\/taxes-preus-publics\/preu-public\/\">Cliqueu aqu\u00ed &gt;&gt;<\/a><\/td>\n<\/tr>\n<tr style=\"height: 77px;\">\n<td style=\"width: 113px; height: 77px;\"><span style=\"color: #0000ff;\"><strong>Per a tots el nivells, a part de l\u2019import de matr\u00edcula<\/strong><\/span><\/td>\n<td style=\"width: 592px; height: 77px;\" colspan=\"4\"><strong>0\u20ac<\/strong>\u00a0si tens\u00a0<strong>exempci\u00f3<\/strong><\/p>\n<p><strong>15\u20ac<\/strong>\u00a0si tens\u00a0<strong>bonificaci\u00f3 del 50%<\/strong><\/p>\n<p><strong>30\u20ac<\/strong>\u00a0per acc\u00e9s a la plataforma i materials did\u00e0ctics (preu p\u00fablic)*<\/p>\n<p><strong>39\u20ac<\/strong>\u00a0per<strong>\u00a02a matr\u00edcula (repetidors)<\/strong><\/p>\n<p><strong>19,50\u20ac<\/strong>\u00a0per<strong> 2a matr\u00edcula (repetidors) amb bonificaci\u00f3 del 50%<br \/>\n<\/strong><\/p>\n<p><strong>54\u20ac<\/strong>\u00a0per\u00a0<strong>3a matr\u00edcula (tripitidors)<\/strong><\/p>\n<p><strong>27\u20ac<\/strong>\u00a0per\u00a0<strong>3a matr\u00edcula (tripitidors) amb bonificaci\u00f3 del 50%<br \/>\n<\/strong><\/td>\n<\/tr>\n<\/tbody>\n<\/table>\n<p><em>(*) El pagament dels 30\u20ac per acc\u00e9s a la plataforma i materials did\u00e0ctics \u00e9s\u00a0<strong>obligatori<\/strong>, per\u00f2 est\u00e0 subjecte a les bonificacions i\/o exempcions dels preus p\u00fablics, ja que t\u00e9 la categoria de preu p\u00fablic (llibres no inclosos) \u2013<a href=\"https:\/\/dogc.gencat.cat\/ca\/document-del-dogc\/?documentId=902034\" target=\"_blank\" rel=\"noopener noreferrer\">Ordre EDU\/114\/2021<\/a>\u2013 Aix\u00f2 pot comportar pagar 15\u20ac amb si es gaudeix d\u2019una bonificaci\u00f3 del 50% o 0\u20ac si es tracta d\u2019una exempci\u00f3. Tamb\u00e9, d\u2019acord amb l\u2019<a href=\"https:\/\/portaldogc.gencat.cat\/utilsEADOP\/PDF\/8230\/1813076.pdf\" target=\"_blank\" rel=\"noopener noreferrer\">Ordre EDU\/155\/2020<\/a>, s\u2019aplicaran les penalitzacions per segona i tercera matr\u00edcula en aquest\u00a0 servei (coeficient d\u20191,3 a l\u2019import previst en la segona matr\u00edcula -39\u20ac- i coeficient d\u20191,8 a l\u2019import previst en la tercera matr\u00edcula -54\u20ac).<\/em><\/p>\n","protected":false},"excerpt":{"rendered":"<p>Repeticions de curs<br \/>\nDins de cada nivell \u2014b\u00e0sic, intermedi i avan\u00e7at\u2014, l\u2019alumnat t\u00e9 dret a romandre matriculat en el r\u00e8gim d\u2019ensenyament oficial, modalitat presencial, durant un m\u00e0xim de cursos acad\u00e8mics equivalents al doble dels cursos de qu\u00e8 consta el nivell per a l\u2019idioma corresponent.<br \/>\nL\u2019alumnat podr\u00e0 matricular-se&hellip;  <a href=\"https:\/\/agora-eoi.xtec.cat\/eoisabadell\/convocatoria-adicional-3a-matricula-dun-curs\/\" title=\"Read Repeticions de curs i matr\u00edcula addicional\">Llegeix m\u00e9s\u00bb<\/a><\/p>\n","protected":false},"author":7,"featured_media":0,"parent":0,"menu_order":0,"comment_status":"closed","ping_status":"closed","template":"","meta":{"_bbp_topic_count":0,"_bbp_reply_count":0,"_bbp_total_topic_count":0,"_bbp_total_reply_count":0,"_bbp_voice_count":0,"_bbp_anonymous_reply_count":0,"_bbp_topic_count_hidden":0,"_bbp_reply_count_hidden":0,"_bbp_forum_subforum_count":0,"footnotes":""},"class_list":["post-12706","page","type-page","status-publish","hentry"],"post_mailing_queue_ids":[],"_links":{"self":[{"href":"https:\/\/agora-eoi.xtec.cat\/eoisabadell\/wp-json\/wp\/v2\/pages\/12706","targetHints":{"allow":["GET"]}}],"collection":[{"href":"https:\/\/agora-eoi.xtec.cat\/eoisabadell\/wp-json\/wp\/v2\/pages"}],"about":[{"href":"https:\/\/agora-eoi.xtec.cat\/eoisabadell\/wp-json\/wp\/v2\/types\/page"}],"author":[{"embeddable":true,"href":"https:\/\/agora-eoi.xtec.cat\/eoisabadell\/wp-json\/wp\/v2\/users\/7"}],"replies":[{"embeddable":true,"href":"https:\/\/agora-eoi.xtec.cat\/eoisabadell\/wp-json\/wp\/v2\/comments?post=12706"}],"version-history":[{"count":6,"href":"https:\/\/agora-eoi.xtec.cat\/eoisabadell\/wp-json\/wp\/v2\/pages\/12706\/revisions"}],"predecessor-version":[{"id":17883,"href":"https:\/\/agora-eoi.xtec.cat\/eoisabadell\/wp-json\/wp\/v2\/pages\/12706\/revisions\/17883"}],"wp:attachment":[{"href":"https:\/\/agora-eoi.xtec.cat\/eoisabadell\/wp-json\/wp\/v2\/media?parent=12706"}],"curies":[{"name":"wp","href":"https:\/\/api.w.org\/{rel}","templated":true}]}}