{"id":12647,"date":"2020-06-26T17:45:53","date_gmt":"2020-06-26T15:45:53","guid":{"rendered":"https:\/\/agora-eoi.xtec.cat\/eoisabadell\/?page_id=12647"},"modified":"2020-06-26T17:45:53","modified_gmt":"2020-06-26T15:45:53","slug":"nota-informativa-curs-2020-21","status":"publish","type":"page","link":"https:\/\/agora-eoi.xtec.cat\/eoisabadell\/nota-informativa-curs-2020-21\/","title":{"rendered":"Nota informativa curs 2020-21"},"content":{"rendered":"<p><strong><span style=\"color: #ff0000;\">IMPORTANT:<\/span> Els horaris publicats per al curs 2020-2021 poden estar sotmesos a canvis. L\u2019EOI Sabadell treballa per garantir el m\u00e0xim de presencialitat, tot i que, segons l\u2019evoluci\u00f3 de la pand\u00e8mia i les instruccions del Departament d\u2019Educaci\u00f3 i del Departament de Sanitat, \u00e9s possible que una part de la doc\u00e8ncia hagi de ser en l\u00ednia. \u00c9s important tenir aquests aspectes en compte abans de formalitzar la matr\u00edcula.<\/strong><\/p>\n","protected":false},"excerpt":{"rendered":"<p>IMPORTANT: Els horaris publicats per al curs 2020-2021 poden estar sotmesos a canvis. L\u2019EOI Sabadell treballa per garantir el m\u00e0xim de presencialitat, tot i que, segons l\u2019evoluci\u00f3 de la pand\u00e8mia i les instruccions del Departament d\u2019Educaci\u00f3 i del Departament de Sanitat, \u00e9s possible que una&hellip;  <a href=\"https:\/\/agora-eoi.xtec.cat\/eoisabadell\/nota-informativa-curs-2020-21\/\" title=\"Read Nota informativa curs 2020-21\">Llegeix m\u00e9s\u00bb<\/a><\/p>\n","protected":false},"author":7,"featured_media":0,"parent":0,"menu_order":0,"comment_status":"closed","ping_status":"closed","template":"","meta":{"_bbp_topic_count":0,"_bbp_reply_count":0,"_bbp_total_topic_count":0,"_bbp_total_reply_count":0,"_bbp_voice_count":0,"_bbp_anonymous_reply_count":0,"_bbp_topic_count_hidden":0,"_bbp_reply_count_hidden":0,"_bbp_forum_subforum_count":0,"footnotes":""},"class_list":["post-12647","page","type-page","status-publish","hentry"],"post_mailing_queue_ids":[],"_links":{"self":[{"href":"https:\/\/agora-eoi.xtec.cat\/eoisabadell\/wp-json\/wp\/v2\/pages\/12647","targetHints":{"allow":["GET"]}}],"collection":[{"href":"https:\/\/agora-eoi.xtec.cat\/eoisabadell\/wp-json\/wp\/v2\/pages"}],"about":[{"href":"https:\/\/agora-eoi.xtec.cat\/eoisabadell\/wp-json\/wp\/v2\/types\/page"}],"author":[{"embeddable":true,"href":"https:\/\/agora-eoi.xtec.cat\/eoisabadell\/wp-json\/wp\/v2\/users\/7"}],"replies":[{"embeddable":true,"href":"https:\/\/agora-eoi.xtec.cat\/eoisabadell\/wp-json\/wp\/v2\/comments?post=12647"}],"version-history":[{"count":1,"href":"https:\/\/agora-eoi.xtec.cat\/eoisabadell\/wp-json\/wp\/v2\/pages\/12647\/revisions"}],"predecessor-version":[{"id":12648,"href":"https:\/\/agora-eoi.xtec.cat\/eoisabadell\/wp-json\/wp\/v2\/pages\/12647\/revisions\/12648"}],"wp:attachment":[{"href":"https:\/\/agora-eoi.xtec.cat\/eoisabadell\/wp-json\/wp\/v2\/media?parent=12647"}],"curies":[{"name":"wp","href":"https:\/\/api.w.org\/{rel}","templated":true}]}}