{"id":12606,"date":"2020-05-22T13:10:59","date_gmt":"2020-05-22T11:10:59","guid":{"rendered":"https:\/\/agora-eoi.xtec.cat\/eoisabadell\/?page_id=12606"},"modified":"2026-03-24T13:03:24","modified_gmt":"2026-03-24T12:03:24","slug":"nous-alumnes","status":"publish","type":"page","link":"https:\/\/agora-eoi.xtec.cat\/eoisabadell\/departament-dalumnat\/matricula\/nous-alumnes\/","title":{"rendered":"Nous alumnes-Preinscripci\u00f3 i matr\u00edcula 2026-2027"},"content":{"rendered":"<p><a href=\"https:\/\/agora-eoi.xtec.cat\/eoisabadell\/wp-content\/uploads\/usu2240\/2025\/05\/Preinscripcio2526.jpg\"><img loading=\"lazy\" decoding=\"async\" class=\"size-medium wp-image-17808 alignleft\" src=\"https:\/\/agora-eoi.xtec.cat\/eoisabadell\/wp-content\/uploads\/usu2240\/2025\/05\/Preinscripcio2526-300x169.jpg\" alt=\"\" width=\"300\" height=\"169\" srcset=\"https:\/\/agora-eoi.xtec.cat\/eoisabadell\/wp-content\/uploads\/usu2240\/2025\/05\/Preinscripcio2526-300x169.jpg 300w, https:\/\/agora-eoi.xtec.cat\/eoisabadell\/wp-content\/uploads\/usu2240\/2025\/05\/Preinscripcio2526-768x432.jpg 768w, https:\/\/agora-eoi.xtec.cat\/eoisabadell\/wp-content\/uploads\/usu2240\/2025\/05\/Preinscripcio2526.jpg 960w\" sizes=\"auto, (max-width: 300px) 100vw, 300px\" \/><\/a><\/p>\n<p style=\"text-align: center;\"><strong>*** LLEGIU ATENTAMENT TOTA LA INFORMACI\u00d3 A CONTINUACI\u00d3. TOT EL PROCEDIMENT, APLICACI\u00d3 INFORM\u00c0TICA I TERMINIS S\u00d3N FIXATS PEL <span style=\"text-decoration: underline;\">DEPARTAMENT D&#8217;EDUCACI\u00d3<\/span> ***<\/strong><\/p>\n<p style=\"text-align: center;\">En el seg\u00fcent enlla\u00e7 trobareu una <a href=\"https:\/\/docs.google.com\/document\/d\/1gNEoSK9iGRZQcil1Q_WjCtDviVChofCWaOJhYzDKO6s\/edit?usp=sharing\" target=\"_blank\" rel=\"noopener\"><strong>GUIA PAS A PAS DEL PROC\u00c9S DE PREINSCRIPCI\u00d3 I MATRICULACI\u00d3 A L&#8217;EOI<\/strong><\/a><\/p>\n<h5><span style=\"color: #0000ff;\"><b>Qui ha de fer la preinscripci\u00f3?<\/b><\/span><\/h5>\n<p>La preinscripci\u00f3 \u00e9s un tr\u00e0mit obligatori per entrar com alumnat nou a l\u2019EOI Sabadell. Qualsevol persona no matriculada en un curs oficial d\u2019un idioma en aquesta escola l\u2019any acad\u00e8mic immediatament anterior es considera nou alumnat d\u2019aquell idioma.<\/p>\n<p>Es considera alumnat nou tamb\u00e9:<\/p>\n<ul>\n<li>Aquells que accedeixen per primera vegada a l\u2019EOI Sabadell.<\/li>\n<li>Els que comencen un altre idioma.<\/li>\n<li>Els que han perdut l\u2019oficialitat.<\/li>\n<li>Els que provenen d\u2019una altra EOI.<\/li>\n<li>Alumnes lliures que volen ser oficials.<\/li>\n<\/ul>\n<table style=\"border-collapse: collapse; width: 100%; height: 86px;\">\n<tbody>\n<tr style=\"height: 179px;\">\n<td style=\"width: 100%; height: 86px;\">\n<p style=\"padding-left: 40px;\"><span style=\"color: #ff0000;\"><b>**Atenci\u00f3!<\/b><\/span><\/p>\n<p style=\"padding-left: 40px;\">Els\u00a0<span style=\"color: #0000ff;\"><strong>alumnes aptes de C1 d\u2019angl\u00e8s<\/strong><\/span> que vulguin cursar el nivell C2.1 el proper curs 2025-26 tamb\u00e9 han de fer una <strong>preinscripci\u00f3 telem\u00e0tica de l&#8217;1 de setembre de 2025 (12.00h)\u00a0 al 8 de setembre de 2025 (15.00h)<\/strong> segons la RESOLUCI\u00d3 EDF\/814\/2026, de 19 de mar\u00e7<\/p>\n<p style=\"padding-left: 40px;\"><a href=\"https:\/\/drive.google.com\/file\/d\/1O6wQNI2d_fuGLypxgS2QI_4agpB2kbrA\/view?usp=sharing\" target=\"_blank\" rel=\"noopener\">Cliqueu aqu\u00ed per obtenir tota la informaci\u00f3 sobre el C2.1 d&#8217;angl\u00e8s.<\/a><\/p>\n<\/td>\n<\/tr>\n<\/tbody>\n<\/table>\n<h5><span style=\"color: #0000ff;\"><b>Quines s\u00f3n les dates i el proc\u00e9s de preinscripci\u00f3 i matriculaci\u00f3?<\/b><\/span><\/h5>\n<p style=\"font-family: 'Helvetica Neue', Helvetica, Helvetica, Arial, sans-serif; font-size: 16px;\"><strong>\u00a0&#8211; PREINSCRIPCI\u00d3 TELEM\u00c0TICA<\/strong>:<strong> de\u00a0les 12.00h del dl. 31 d&#8217;agost les 15.00 del dl. 7 de setembre de 2026<\/strong>\u00a0(FESTA MAJOR DE SABADELL- ESCOLA TANCADA) mitjan\u00e7ant el web<\/p>\n<p style=\"font-family: 'Helvetica Neue', Helvetica, Helvetica, Arial, sans-serif; font-size: 16px;\"><a href=\"http:\/\/www.eoidigital.com\/preinscripcio\/alumnes\/\" target=\"_blank\" rel=\"noopener\">http:\/\/www.eoidigital.com\/preinscripcio\/alumnes\/<\/a><\/p>\n<p><span style=\"text-decoration: underline;\"><strong>Tots els seg\u00fcents tr\u00e0mits es fan des d&#8217;aquest mateix enlla\u00e7:<\/strong><\/span><\/p>\n<ul style=\"list-style-type: circle;\">\n<li>Preinscripci\u00f3 telem\u00e0tica a <a href=\"http:\/\/www.eoidigital.com\/preinscripcio\/alumnes\/\" target=\"_blank\" rel=\"noopener\">http:\/\/www.eoidigital.com\/preinscripcio\/alumnes\/<\/a> (<strong>de<\/strong>\u00a0<strong>les 12.00h del dl. 31 d&#8217;agost fins les 15.00 del dl. 7 de setembre de 2026)<\/strong><\/li>\n<li><strong>TEST DE NIVELL ONLINE <sup>1<\/sup> (termini fins les 17h del dc.9 de setembre) o ADJUNTAR CERTIFICAT DE NIVELL AL\u00b7LEGAT <sup>2<\/sup>\u00a0 (segons el cas) i\/o ADJUNTAR DOCUMENTACI\u00d3 DE L&#8217;INSTITUT (per a estudiants de la ESO <sup>3<\/sup><\/strong>(termini per lliurar qualsevol documentaci\u00f3 fins les 17h del dl.7 de setembre). <strong>ATENCI\u00d3!!<\/strong> <span style=\"text-decoration: underline;\"><strong>Si aquestes accions no es fan dintre del termini, ES QUEDA EXCL\u00d2S\/A DEL SORTEIG DE PLACES<\/strong><\/span><strong>.<\/strong><\/li>\n<li>Consultar si la Secretaria de l&#8217;EOI Sabadell ha validat o no el certificat de nivell al\u00b7legat i en cas negatiu, fer el canvi a &#8216;Test de nivell online&#8217; i enllestir-lo dintre del termini<\/li>\n<li>Tria d&#8217; horaris <sup>4<\/sup> \u00a0<strong>imprescindible per entrar en el sorteig de places<\/strong>: fins les 10.00h del dl. 14 de setembre de 2026.<\/li>\n<li><strong>SORTEIG DE PLACES:<\/strong> 14 de setembre de 2026 a les 12.00h.<\/li>\n<li>Consulta d&#8217;adjudicaci\u00f3 de places i <strong>matr\u00edcula<\/strong>: <strong>de les 18.00h del dl.14 de setembre fins les 23.59h del dc.16 de setembre de 2026.<\/strong><\/li>\n<li><strong>MATR\u00cdCULA ONLINE LLISTA D&#8217;ESPERA<\/strong>: NOM\u00c9S PER ANGL\u00c8S de les 12.00h del dv.18 de setembre (a partir de la franja hor\u00e0ria assignada com a llista d&#8217;espera) i PER TOTS ELS IDIOMES I PREINSCRITS que s\u00f3n ADMESOS o en LLISTA D&#8217;ESPERA, de les 9.00h del ds.19\u00a0 fins les 23.59h del dg. 20 de setembre de 2026.<\/li>\n<\/ul>\n<p><sup><strong>1<\/strong><\/sup> Per entrar a partir del nivell A2 fins al C1. El <strong>test de nivell de catal\u00e0<\/strong> \u00e9s <span style=\"text-decoration: underline;\"><strong>presencial<\/strong><\/span> i es podr\u00e0 fer el dc.3 i dj. 4 setembre de 2025 a les 17.30h i dv.5 de setembre de 2025 a les 11h. NO CAL CITA PR\u00c8VIA.<\/p>\n<p><sup><strong>2 <\/strong><\/sup>Si es tracta d&#8217;un <strong>ex-alumne\/a de l&#8217;EOI Sabadell,<\/strong> adjunta un escrit en el lloc del certificat de nivell al\u00b7legat i nosaltres ho buscarem al nostre sistema. Si no ets ex-alumne\/a, comprova, a<span style=\"text-decoration: underline;\">mb l&#8217;antelaci\u00f3 necess\u00e0ria i<\/span> <strong>abans de les 17h del dt. 8 de setembre de 2026<\/strong>, que la nostra Secretaria hagi validat el teu certificat de nivell al\u00b7legat. En cas negatiu, s&#8217;ha de fer el canvi a la pestanya CURS a\u00a0 &#8216; test de nivell online&#8217; i enllestir-lo\u00a0 <span style=\"text-decoration: underline;\">abans de les 17.00 del dc. 9 de setembre de 2026<\/span>).<\/p>\n<p><strong><sup>3<\/sup> Els estudiants de la ESO<\/strong> han d&#8217;adjuntar, fins les 17h del dilluns 7 de setembre de 2026, el certificat del seu institut que confirmi que NO hi estudien, com a primera llengua estrangera, la llengua a la qual es preinscriuen a l&#8217;EOI.<\/p>\n<p><sup><strong>4 <\/strong><\/sup>S&#8217;ha de fer la tria d&#8217;horaris quan es tingui el resultat definitiu del test de nivell online (en el cas que l&#8217;EOI hagi de corregir la redacci\u00f3) o quan la Secretaria de l&#8217;EOI Sabadell hagi validat el certificat de nivell al\u00b7legat o el document de l&#8217;institut (aquest \u00faltim nom\u00e9s per a estudiants de la ESO). El termini \u00e9s les 10h del dilluns 14 de setembre de 2026.<\/p>\n<h5><span style=\"color: #0000ff;\"><b>Com triar nivell en la preinscripci\u00f3?<\/b><\/span><\/h5>\n<ul>\n<li><strong>Tria el nivell A1: <\/strong>en el cas de tenir pocs o no tenir coneixements de l\u2019idioma, o es vol comen\u00e7ar des de zero.<\/li>\n<li><span class=\"Y2IQFc\" lang=\"ca\"><strong>Tria un nivell a partir d&#8217;A2 <\/strong>(fins C2.1 d&#8217;angl\u00e8s):<\/span>\n<ul>\n<li><span class=\"Y2IQFc\" lang=\"ca\">Si es disposa d\u2019un curs o certificat d\u2019una EOI aprovat.<\/span><\/li>\n<li><span class=\"Y2IQFc\" lang=\"ca\">Si es disposa d\u2019un certificat de nivell amb equival\u00e8ncia reconeguda pel Departament d&#8217;Educaci\u00f3. Vegeu<a href=\"https:\/\/preinscripcio.gencat.cat\/ca\/estudis\/idiomes-eoi\/informat\/test-nivell-a2-c1\/\"> taula d&#8217;equival\u00e8ncies<\/a>.<\/span><\/li>\n<\/ul>\n<\/li>\n<li><strong>Tria Test de nivell online:<\/strong>\u00a0si es tenen coneixements de l\u2019idioma i es vol comen\u00e7ar des d\u2019un nivell superior a A1 i <strong>NO<\/strong> es disposa d\u2019un CERTIFICAT de nivell al\u00b7legat de l\u2019idioma segons <a href=\"https:\/\/preinscripcio.gencat.cat\/ca\/estudis\/idiomes-eoi\/informat\/test-nivell-a2-c1\/\"><strong>la taula d\u2019equival\u00e8ncies<\/strong><\/a>. En aquest cas, s\u2019haur\u00e0 de fer el test de nivell online pel que fa a angl\u00e8s, alemany i franc\u00e8s abans de les 17.00h del dc.9 de setembre de 2026. Per catal\u00e0, s\u2019haur\u00e0 de venir a l\u2019escola el dia assenyalat, no cal cita pr\u00e8via.<\/li>\n<\/ul>\n<h5><span style=\"color: #0000ff;\"><b>Com fer el Test de Nivell online?<\/b><\/span><\/h5>\n<ul style=\"list-style-type: disc;\">\n<li><strong style=\"font-family: inherit; font-size: 1em;\">Es recomana fer-lo des d&#8217;un ordenador, no pas un m\u00f2bil.<\/strong><\/li>\n<li>El resultat del test de nivell nom\u00e9s t\u00e9 <strong>car\u00e0cter diagn\u00f2stic<\/strong> i nom\u00e9s \u00e9s v\u00e0lid per a la formalitzaci\u00f3 de la matr\u00edcula durant l&#8217;any acad\u00e8mic 2026-2027. No se&#8217;n fan certificats. Si un cop comen\u00e7at el curs, el professorat detecta que no s&#8217;est\u00e0 al nivell que correspon,<strong> l&#8217;escola pot canviar la matr\u00edcula al nivell adequat i si hi ha disponibilitat de places.<\/strong><\/li>\n<li>Una vegada feta la preinscripci\u00f3, cal consultar al web el dia i hora que es realitzar\u00e0 la prova de <strong>catal\u00e0 que es fa presencialment.<\/strong><\/li>\n<li><strong>La no realitzaci\u00f3 del test de nivell online dintre del termini i la NO presentaci\u00f3 al test de nivell presencial suposa la l\u2019anul\u00b7laci\u00f3 de la preinscripci\u00f3.<\/strong><\/li>\n<\/ul>\n<p><strong>ATENCI\u00d3!!: <span style=\"text-decoration: underline;\">Recomanem fer la preinscripci\u00f3 i el test de nivell online amb antelaci\u00f3<\/span> ja que al tractar-se d&#8217;una plataforma digital, es pot bloquejar si hi ha molts accessos alhora. <\/strong><strong style=\"font-family: inherit; font-size: 1em;\">A m\u00e9s, poden haver-hi incid\u00e8ncies que requereixin la intervenci\u00f3 de la nostra Secretaria (<a href=\"mailto:secretaria@eoisabadell.cat\">secretaria@eoisabadell.cat<\/a>)<\/strong><\/p>\n<h5><span style=\"color: #0000ff;\"><b>Com formalitzar la matr\u00edcula?<\/b><\/span><\/h5>\n<p><strong>Per formalitzar la matr\u00edcula <\/strong>cal tenir en compte els aspectes seg\u00fcents:<\/p>\n<ul>\n<li><span class=\"Y2IQFc\" lang=\"ca\">L\u2019ordre de matr\u00edcula es determina mitjan\u00e7ant un sorteig d\u2019adjudicaci\u00f3 de places.<\/span><\/li>\n<li><span class=\"Y2IQFc\" lang=\"ca\">No es permet matricular-se com a alumne oficial i lliure del mateix idioma durant el mateix any acad\u00e8mic.<\/span><\/li>\n<li><span class=\"Y2IQFc\" lang=\"ca\">Per con\u00e8ixer el nombre de vegades que est\u00e0 perm\u00e8s matricular-se en un curs consulteu\u00a0<a href=\"https:\/\/agora-eoi.xtec.cat\/eoisabadell\/convocatoria-adicional-3a-matricula-dun-curs\/\">aqu\u00ed<\/a><\/span>.<\/li>\n<li><span class=\"Y2IQFc\" lang=\"ca\">Els candidats han de matricular-se en un horari que els convingui <a href=\"https:\/\/agora-eoi.xtec.cat\/eoisabadell\/horaris-de-classe\/\" target=\"_blank\" rel=\"noopener\">(Consulteu aqu\u00ed Horaris per al curs 2025-26)<\/a>, ja que els canvis d\u2019horari nom\u00e9s s\u2019acceptaran segons la disponibilitat de places i justificats documentalment.<\/span><\/li>\n<\/ul>\n<h5><span style=\"color: #0000ff;\"><b>Com fer el pagament?<\/b><\/span><\/h5>\n<table>\n<tbody>\n<tr>\n<td><a style=\"color: #2795b6;\" href=\"https:\/\/agora-eoi.xtec.cat\/eoisabadell\/preus-matricula\/\">Consulteu aqu\u00ed els\u00a0<strong>preus i taxes de matr\u00edcula<\/strong><\/a><\/td>\n<\/tr>\n<\/tbody>\n<\/table>\n<table>\n<tbody>\n<tr>\n<td><a href=\"https:\/\/agora-eoi.xtec.cat\/eoisabadell\/instruccions-per-fer-el-pagament\/\">Consulteu aqu\u00ed les\u00a0<strong>instruccions per fer el <\/strong><strong>p<\/strong><strong>agament<\/strong><\/a><\/td>\n<\/tr>\n<\/tbody>\n<\/table>\n<p><span style=\"font-weight: 400;\">Teniu dues opcions:<\/span><\/p>\n<ol>\n<li style=\"font-weight: 400;\" aria-level=\"1\"><span style=\"font-weight: 400;\">A trav\u00e9s dels caixers autom\u00e0tics de CaixaBank amb el full que es genera en el moment de formalitzar la matr\u00edcula.<br \/>\n<\/span><\/li>\n<li style=\"font-weight: 400;\" aria-level=\"1\"><span style=\"font-weight: 400;\">Pagament en l\u00ednia mitjan\u00e7ant l\u2019enlla\u00e7 a l\u2019entitat banc\u00e0ria, com qualsevol altra compra online.<br \/>\n<\/span><\/li>\n<li aria-level=\"1\">MItjan\u00e7ant <a href=\"https:\/\/www.caixabank.cat\/particular\/pagos\/impuestosrecibosmatriculas_ca.html\" target=\"_blank\" rel=\"noopener\">aquest enlla\u00e7 de CaixaBank<\/a> (no cal ser-ne client) posat les dades d&#8217;<strong>Emissora i sufix, Refer\u00e8ncia, ID i import<\/strong> que surten als fulls de pagament.<\/li>\n<\/ol>\n<p><span style=\"font-weight: 400;\">Cal fer dos pagaments, corresponents a cada un dels<\/span><b> dos codis de barres <\/b><span style=\"font-weight: 400;\">del resguard.<\/span><\/p>\n<p><i><span style=\"font-weight: 400;\">El termini per a fer el pagament \u00e9s de <\/span><\/i><b><i>24 hores<\/i><\/b><i><span style=\"font-weight: 400;\"> a partir de la formalitzaci\u00f3 de la matr\u00edcula.<\/span><\/i><\/p>\n<p style=\"padding-left: 40px;\"><b>Atenci\u00f3!<\/b><\/p>\n<ul>\n<li style=\"list-style-type: none;\">\n<ul>\n<li aria-level=\"1\"><b>No cal portar el document de pagament al centre.<\/b><\/li>\n<li aria-level=\"1\">En cas d\u2019haver al\u00b7legat una<a href=\"http:\/\/educacio.gencat.cat\/ca\/departament\/normativa\/taxes-preus-publics\/exempcions-bonificacions\/\">\u00a0bonificaci\u00f3 o exempci\u00f3<\/a> de la taxa o preu p\u00fablic, cal validar l&#8217;opci\u00f3 d&#8217;<strong>Autoritzaci\u00f3 de consulta de dades<\/strong>. <span style=\"text-decoration: underline;\">Nom\u00e9s si la documentaci\u00f3 NO \u00e9s correcta o NO es valida l&#8217;opci\u00f3 d&#8217;<em>Autoritzaci\u00f3 de consulta de dades<\/em><\/span>, caldr\u00e0\u00a0 fer arribar al centre la documentaci\u00f3 acreditativa en vigor, preferentment per correu electr\u00f2nic a <a href=\"mailto:secretaria@eoisabadell.cat\">secretaria@eoisabadell.cat<\/a>. <strong>La manca d\u2019acreditaci\u00f3 donar\u00e0 lloc a la baixa d\u2019ofici i, per tant, a la p\u00e8rdua de la pla\u00e7a.<\/strong><\/li>\n<\/ul>\n<\/li>\n<\/ul>\n<h5><span style=\"color: #0000ff;\"><b>Matr\u00edcula d&#8217;actualitzaci\u00f3 (tornar a fer de cursos ja aprovats en una EOI)<\/b><\/span><\/h5>\n<p>Les persones que ja\u00a0<strong>hagin cursat i superat amb anterioritat cursos de les Escoles Oficials d\u2019Idiomes,<\/strong>\u00a0i que vulguin actualitzar-ne els coneixements,\u00a0<strong>poden sol\u00b7licitar matricular-se en l\u2019\u00faltim curs realitzat o en qualsevol dels cursos inferiors<\/strong>.<\/p>\n<p>Aquesta matr\u00edcula s&#8217;ha de fer passada la matriculaci\u00f3 de tot el nou alumnat, <strong>a partir del 21 de setembre de 2026<\/strong>, i est\u00e0 <span style=\"text-decoration: underline;\">subjecta a disponibilitat de places<\/span>. Si n&#8217;esteu interessats\/des, caldr\u00e0 que feu la sol\u00b7licitud <strong>enviant un correu a <a href=\"mailto:secretaria@eoisabadell.cat\">secretaria@eoisabadell.cat.<\/a><\/strong><\/p>\n<p>Llegiu en el seg\u00fcent enlla\u00e7 tota la informaci\u00f3\u00a0 sobre els <strong><a href=\"https:\/\/agora-eoi.xtec.cat\/eoisabadell\/matricula-dactualitzacio-2\/\">Procediment per fer una matr\u00edcula d&#8217;actualitzaci\u00f3.<\/a><\/strong><\/p>\n<h5><span style=\"color: #0000ff;\"><b>Altres enlla\u00e7os d&#8217;inter\u00e8s<\/b><\/span><\/h5>\n<ul>\n<li>Consulteu tota la informaci\u00f3 detallada al web del <a href=\"https:\/\/preinscripcio.gencat.cat\/ca\/estudis\/idiomes-eoi\/informat\/calendari\/\" target=\"_blank\" rel=\"noopener\">Departament d&#8217;Educaci\u00f3<\/a><\/li>\n<li><a href=\"https:\/\/triaeducativa.gencat.cat\/ca\/idiomes-eoi\/\" target=\"_blank\" rel=\"noopener\">Idioma (EOI).Tria educativa<\/a><\/li>\n<li><a href=\"https:\/\/agora-eoi.xtec.cat\/eoisabadell\/informacio\/preguntes-frequents\/\" target=\"_blank\" rel=\"noopener\">Pla d&#8217;estudis\u00a0<\/a><\/li>\n<\/ul>\n","protected":false},"excerpt":{"rendered":"<p><a href=\"https:\/\/agora-eoi.xtec.cat\/eoisabadell\/wp-content\/uploads\/usu2240\/2025\/05\/Preinscripcio2526.jpg\"><\/a><br \/>\n*** LLEGIU ATENTAMENT TOTA LA INFORMACI\u00d3 A CONTINUACI\u00d3. TOT EL PROCEDIMENT, APLICACI\u00d3 INFORM\u00c0TICA I TERMINIS S\u00d3N FIXATS PEL DEPARTAMENT D&#8217;EDUCACI\u00d3 ***<br \/>\nEn el seg\u00fcent enlla\u00e7 trobareu una <a href=\"https:\/\/docs.google.com\/document\/d\/1gNEoSK9iGRZQcil1Q_WjCtDviVChofCWaOJhYzDKO6s\/edit?usp=sharing\" target=\"_blank\" rel=\"noopener\">GUIA PAS A PAS DEL PROC\u00c9S DE PREINSCRIPCI\u00d3 I MATRICULACI\u00d3 A L&#8217;EOI<\/a><br \/>\nQui ha de fer&hellip;  <a href=\"https:\/\/agora-eoi.xtec.cat\/eoisabadell\/departament-dalumnat\/matricula\/nous-alumnes\/\" title=\"Read Nous alumnes-Preinscripci\u00f3 i matr\u00edcula 2026-2027\">Llegeix m\u00e9s\u00bb<\/a><\/p>\n","protected":false},"author":7,"featured_media":0,"parent":12591,"menu_order":2,"comment_status":"closed","ping_status":"closed","template":"","meta":{"_bbp_topic_count":0,"_bbp_reply_count":0,"_bbp_total_topic_count":0,"_bbp_total_reply_count":0,"_bbp_voice_count":0,"_bbp_anonymous_reply_count":0,"_bbp_topic_count_hidden":0,"_bbp_reply_count_hidden":0,"_bbp_forum_subforum_count":0,"footnotes":""},"class_list":["post-12606","page","type-page","status-publish","hentry"],"post_mailing_queue_ids":[],"_links":{"self":[{"href":"https:\/\/agora-eoi.xtec.cat\/eoisabadell\/wp-json\/wp\/v2\/pages\/12606","targetHints":{"allow":["GET"]}}],"collection":[{"href":"https:\/\/agora-eoi.xtec.cat\/eoisabadell\/wp-json\/wp\/v2\/pages"}],"about":[{"href":"https:\/\/agora-eoi.xtec.cat\/eoisabadell\/wp-json\/wp\/v2\/types\/page"}],"author":[{"embeddable":true,"href":"https:\/\/agora-eoi.xtec.cat\/eoisabadell\/wp-json\/wp\/v2\/users\/7"}],"replies":[{"embeddable":true,"href":"https:\/\/agora-eoi.xtec.cat\/eoisabadell\/wp-json\/wp\/v2\/comments?post=12606"}],"version-history":[{"count":6,"href":"https:\/\/agora-eoi.xtec.cat\/eoisabadell\/wp-json\/wp\/v2\/pages\/12606\/revisions"}],"predecessor-version":[{"id":18450,"href":"https:\/\/agora-eoi.xtec.cat\/eoisabadell\/wp-json\/wp\/v2\/pages\/12606\/revisions\/18450"}],"up":[{"embeddable":true,"href":"https:\/\/agora-eoi.xtec.cat\/eoisabadell\/wp-json\/wp\/v2\/pages\/12591"}],"wp:attachment":[{"href":"https:\/\/agora-eoi.xtec.cat\/eoisabadell\/wp-json\/wp\/v2\/media?parent=12606"}],"curies":[{"name":"wp","href":"https:\/\/api.w.org\/{rel}","templated":true}]}}