{"id":12591,"date":"2020-05-22T11:36:42","date_gmt":"2020-05-22T09:36:42","guid":{"rendered":"https:\/\/agora-eoi.xtec.cat\/eoisabadell\/?page_id=12591"},"modified":"2021-06-11T09:07:02","modified_gmt":"2021-06-11T07:07:02","slug":"matricula","status":"publish","type":"page","link":"https:\/\/agora-eoi.xtec.cat\/eoisabadell\/departament-dalumnat\/matricula\/","title":{"rendered":"Matr\u00edcula"},"content":{"rendered":"<ul>\n<li><a href=\"https:\/\/agora-eoi.xtec.cat\/eoisabadell\/departament-dalumnat\/matricula\/antics-alumnes\/\">Antics alumnes<\/a>\u00a0(exalumnes del curs inmediatament anterior)<\/li>\n<li><a href=\"https:\/\/agora-eoi.xtec.cat\/eoisabadell\/departament-dalumnat\/matricula\/nous-alumnes\/\">Nous alumnes <\/a>(alumnat nou o exalumnes de cursos antics, no inmediatemant anterior)<\/li>\n<li><a href=\"https:\/\/agora-eoi.xtec.cat\/eoisabadell\/candidats-lliures-3\/\">Candidats lliures<\/a> (convocat\u00f2ries extraordin\u00e0ria, al febrer i ordin\u00e0ria, al juny)<\/li>\n<\/ul>\n","protected":false},"excerpt":{"rendered":"<ul>\n<li><a href=\"https:\/\/agora-eoi.xtec.cat\/eoisabadell\/departament-dalumnat\/matricula\/antics-alumnes\/\">Antics alumnes<\/a>\u00a0(exalumnes del curs inmediatament anterior)<\/li>\n<li><a href=\"https:\/\/agora-eoi.xtec.cat\/eoisabadell\/departament-dalumnat\/matricula\/nous-alumnes\/\">Nous alumnes <\/a>(alumnat nou o exalumnes de cursos antics, no inmediatemant anterior)<\/li>\n<li><a href=\"https:\/\/agora-eoi.xtec.cat\/eoisabadell\/candidats-lliures-3\/\">Candidats lliures<\/a> (convocat\u00f2ries extraordin\u00e0ria, al febrer i ordin\u00e0ria, al juny)<\/li>\n<\/ul>\n","protected":false},"author":7,"featured_media":0,"parent":8954,"menu_order":1,"comment_status":"closed","ping_status":"closed","template":"","meta":{"_bbp_topic_count":0,"_bbp_reply_count":0,"_bbp_total_topic_count":0,"_bbp_total_reply_count":0,"_bbp_voice_count":0,"_bbp_anonymous_reply_count":0,"_bbp_topic_count_hidden":0,"_bbp_reply_count_hidden":0,"_bbp_forum_subforum_count":0,"footnotes":""},"class_list":["post-12591","page","type-page","status-publish","hentry"],"post_mailing_queue_ids":[],"_links":{"self":[{"href":"https:\/\/agora-eoi.xtec.cat\/eoisabadell\/wp-json\/wp\/v2\/pages\/12591","targetHints":{"allow":["GET"]}}],"collection":[{"href":"https:\/\/agora-eoi.xtec.cat\/eoisabadell\/wp-json\/wp\/v2\/pages"}],"about":[{"href":"https:\/\/agora-eoi.xtec.cat\/eoisabadell\/wp-json\/wp\/v2\/types\/page"}],"author":[{"embeddable":true,"href":"https:\/\/agora-eoi.xtec.cat\/eoisabadell\/wp-json\/wp\/v2\/users\/7"}],"replies":[{"embeddable":true,"href":"https:\/\/agora-eoi.xtec.cat\/eoisabadell\/wp-json\/wp\/v2\/comments?post=12591"}],"version-history":[{"count":3,"href":"https:\/\/agora-eoi.xtec.cat\/eoisabadell\/wp-json\/wp\/v2\/pages\/12591\/revisions"}],"predecessor-version":[{"id":13601,"href":"https:\/\/agora-eoi.xtec.cat\/eoisabadell\/wp-json\/wp\/v2\/pages\/12591\/revisions\/13601"}],"up":[{"embeddable":true,"href":"https:\/\/agora-eoi.xtec.cat\/eoisabadell\/wp-json\/wp\/v2\/pages\/8954"}],"wp:attachment":[{"href":"https:\/\/agora-eoi.xtec.cat\/eoisabadell\/wp-json\/wp\/v2\/media?parent=12591"}],"curies":[{"name":"wp","href":"https:\/\/api.w.org\/{rel}","templated":true}]}}