{"id":12567,"date":"2020-04-30T14:06:29","date_gmt":"2020-04-30T12:06:29","guid":{"rendered":"https:\/\/agora-eoi.xtec.cat\/eoisabadell\/?page_id=12567"},"modified":"2020-05-22T15:25:18","modified_gmt":"2020-05-22T13:25:18","slug":"informacio-20-maig-2020","status":"publish","type":"page","link":"https:\/\/agora-eoi.xtec.cat\/eoisabadell\/informacio-20-maig-2020\/","title":{"rendered":"NOVA INFORMACI\u00d3 20 MAIG 2020"},"content":{"rendered":"<p>Benvolgudes i benvolguts,<\/p>\n<p>A causa de la situaci\u00f3 de crisi sanit\u00e0ria que viu el pa\u00eds per la Covid-19, i seguint les indicacions de les autoritats sanit\u00e0ries i del Govern de la Generalitat de Catalunya, l\u2019escola romandr\u00e0 tancada fins que acabi l\u2019Estat d\u2019Alarma i el Departament d\u2019Educaci\u00f3 ho determini. Fins llavors, l\u2019alumnat oficial continuar\u00e0 el curs de manera virtual.<\/p>\n<h3>Alumnat lliure<\/h3>\n<p><span style=\"color: #ff0000;\">Segons\u00a0la\u00a0<a href=\"https:\/\/dogc.gencat.cat\/ca\/pdogc_canals_interns\/pdogc_resultats_fitxa\/?action=fitxa&amp;documentId=873036&amp;language=ca_ES\" target=\"_blank\" rel=\"noopener noreferrer\"><b>Resoluci\u00f3\u00a0EDU\/975\/2020<\/b><\/a>, de 8 de maig, <span style=\"text-decoration: underline;\">se suprimeix la convocat\u00f2ria ordin\u00e0ria de les proves lliures per a l&#8217;obtenci\u00f3 dels certificats de nivell intermedi B1, B2 i de nivell avan\u00e7at C1<\/span>. <\/span><\/p>\n<p><span style=\"color: #ff0000;\">Les instruccions sobre el retorn de taxes es publicaran en aquest web tan aviat com es rebin.<\/span><\/p>\n<p><span style=\"font-family: verdana, sans-serif;\">Pel que fa a\u00a0<b>les proves per al Programa Experimental<\/b>\u00a0regulada a la\u00a0<i>Resoluci\u00f3 EDU\/2586\/2019, de 8 d&#8217;octubre, per la qual es convoquen proves lliures adre\u00e7ades als alumnes\u00a0dels centres seleccionats per formar part del programa experimental de suport a la certificaci\u00f3 dels\u00a0coneixements de lleng\u00fces estrangeres en determinats ensenyaments per al curs 2019-2020<\/i>, la resoluci\u00f3 publicada estableix que\u00a0<b>els nous calendaris d&#8217;actuaci\u00f3\u00a0es faran p\u00fablics a la p\u00e0gina web del Departament d&#8217;Educaci\u00f3<\/b>\u00a0(<a href=\"http:\/\/www.gencat.cat\/ensenyament\" target=\"_blank\" rel=\"noopener noreferrer\" data-saferedirecturl=\"https:\/\/www.google.com\/url?q=http:\/\/www.gencat.cat\/ensenyament&amp;source=gmail&amp;ust=1589310122848000&amp;usg=AFQjCNGqmFGgdplKI2SIPn5P_1NkYKRCQA\">www.gencat.cat\/<wbr \/>ensenyament<\/a>).<\/span><\/p>\n<h3>Alumnat oficial<\/h3>\n<p>Despr\u00e9s d\u2019haver rebut les darreres instruccions del Departament d\u2019Educaci\u00f3 sobre el desenvolupament de l\u2019acci\u00f3 educativa i l\u2019avaluaci\u00f3 dels alumnes davant la prolongaci\u00f3 del per\u00edode de confinament pel Covid19, us transmetem aquestes instruccions adaptades al nostre centre:<\/p>\n<p>Ens organitzarem preveient que a final de curs ens trobarem en un escenari similar a l&#8217;actual, que ens porta a haver de programar una avaluaci\u00f3 final en l\u00ednia.<\/p>\n<p>Pel que fa <strong>als <\/strong><strong>\u200b<\/strong><strong>nivells A1, A2 i B2.1, <\/strong>que NO finalitzen amb una prova de certificat, la qualificaci\u00f3 final s\u2019obtindr\u00e0 a partir de les dades de l\u2019avaluaci\u00f3 continuada. Les concrecions m\u00e9s espec\u00edfiques les anir\u00e0 donant cada professor\/a a trav\u00e9s dels mitjans de comunicaci\u00f3 habituals.<\/p>\n<p>Pel que fa als \u200b<strong>nivells B1, B2.2, C1 i C2<\/strong>\u200b que, en situaci\u00f3 normal, porten a una prova final de certificat, <span style=\"color: #ff0000;\">segons\u00a0la\u00a0<a href=\"https:\/\/dogc.gencat.cat\/ca\/pdogc_canals_interns\/pdogc_resultats_fitxa\/?action=fitxa&amp;documentId=873036&amp;language=ca_ES\" target=\"_blank\" rel=\"noopener noreferrer\"><b>Resoluci\u00f3\u00a0EDU\/975\/2020<\/b><\/a>, de 8 de maig, \u00a0<b>les proves de certificaci\u00f3 de la convocat\u00f2ria ordin\u00e0ria queden cancel\u00b7lades, tant per a l\u2019alumnat oficial com per al lliure<\/b><\/span>. \u00c9s per aix\u00f2 que continuarem la doc\u00e8ncia en l\u00ednia durant aquest tercer trimestre i, tenint en compte les dades d\u2019avaluaci\u00f3 que els docents han anat recollint durant el curs, el professorat proporcionar\u00e0 una qualificaci\u00f3 final. Si aquesta \u00e9s \u201cAPTE\/A\u201d, l\u2019alumnat obtindr\u00e0 la certificaci\u00f3 corresponent.<\/p>\n<p>En \u200b<strong>tots els nivells l\u2019activitat docent acabar\u00e0 l\u201911 de juny<\/strong>. \u200bEn els casos en qu\u00e8\u200b <strong>el professorat no disposi de suficient informaci\u00f3 del progr\u00e9s de l\u2019alumne\/a<\/strong>, b\u00e9 per manca d\u2019assist\u00e8ncia durant els dos primers trimestres, b\u00e9 per manca de dades d\u2019avaluaci\u00f3, cada idioma i nivell programar\u00e0 \u200b<strong>activitats telem\u00e0tiques avaluatives entre el 12 i el 19 de juny<\/strong>\u200b, que portaran a l\u2019avaluaci\u00f3 final. Si\u00a0 considereu que us trobeu en un d\u2019aquests casos, \u00e9s indispensable que contacteu amb el vostre professor\/professora <strong>abans del 5 de juny<\/strong>.<\/p>\n<p>Les \u200bqualificacions de final de curs\u200b es publicaran mitjan\u00e7ant el web <a href=\"https:\/\/agora-eoi.xtec.cat\/eoisabadell\/\">eoisabadell.cat<\/a>, en una data encara per determinar.<\/p>\n<p>Visiteu el <a href=\"https:\/\/agora-eoi.xtec.cat\/eoisabadell\/\">nostre \u200bweb<\/a> \u200bper mantenir-vos informats.<\/p>\n<p>Si teniu dubtes, us recomanem que us poseu en contacte amb el\/la vostre\/a professor\/a.<\/p>\n<p>Gr\u00e0cies a tots i totes per l\u2019esfor\u00e7 d\u2019adaptaci\u00f3 a aquesta nova situaci\u00f3.<\/p>\n<p>Us desitgem un bon acabament de curs i esperem que el curs vinent es pugui reprendre amb normalitat.<\/p>\n<p>Tan bon punt tinguem m\u00e9s not\u00edcies, ho publicarem en aquesta p\u00e0gina web.<\/p>\n<p>20 de maig de 2020<\/p>\n","protected":false},"excerpt":{"rendered":"<p>Benvolgudes i benvolguts,<br \/>\nA causa de la situaci\u00f3 de crisi sanit\u00e0ria que viu el pa\u00eds per la Covid-19, i seguint les indicacions de les autoritats sanit\u00e0ries i del Govern de la Generalitat de Catalunya, l\u2019escola romandr\u00e0 tancada fins que acabi l\u2019Estat d\u2019Alarma i el Departament d\u2019Educaci\u00f3&hellip;  <a href=\"https:\/\/agora-eoi.xtec.cat\/eoisabadell\/informacio-20-maig-2020\/\" title=\"Read NOVA INFORMACI\u00d3 20 MAIG 2020\">Llegeix m\u00e9s\u00bb<\/a><\/p>\n","protected":false},"author":7,"featured_media":0,"parent":0,"menu_order":0,"comment_status":"closed","ping_status":"closed","template":"","meta":{"_bbp_topic_count":0,"_bbp_reply_count":0,"_bbp_total_topic_count":0,"_bbp_total_reply_count":0,"_bbp_voice_count":0,"_bbp_anonymous_reply_count":0,"_bbp_topic_count_hidden":0,"_bbp_reply_count_hidden":0,"_bbp_forum_subforum_count":0,"footnotes":""},"class_list":["post-12567","page","type-page","status-publish","hentry"],"post_mailing_queue_ids":[],"_links":{"self":[{"href":"https:\/\/agora-eoi.xtec.cat\/eoisabadell\/wp-json\/wp\/v2\/pages\/12567","targetHints":{"allow":["GET"]}}],"collection":[{"href":"https:\/\/agora-eoi.xtec.cat\/eoisabadell\/wp-json\/wp\/v2\/pages"}],"about":[{"href":"https:\/\/agora-eoi.xtec.cat\/eoisabadell\/wp-json\/wp\/v2\/types\/page"}],"author":[{"embeddable":true,"href":"https:\/\/agora-eoi.xtec.cat\/eoisabadell\/wp-json\/wp\/v2\/users\/7"}],"replies":[{"embeddable":true,"href":"https:\/\/agora-eoi.xtec.cat\/eoisabadell\/wp-json\/wp\/v2\/comments?post=12567"}],"version-history":[{"count":3,"href":"https:\/\/agora-eoi.xtec.cat\/eoisabadell\/wp-json\/wp\/v2\/pages\/12567\/revisions"}],"predecessor-version":[{"id":12588,"href":"https:\/\/agora-eoi.xtec.cat\/eoisabadell\/wp-json\/wp\/v2\/pages\/12567\/revisions\/12588"}],"wp:attachment":[{"href":"https:\/\/agora-eoi.xtec.cat\/eoisabadell\/wp-json\/wp\/v2\/media?parent=12567"}],"curies":[{"name":"wp","href":"https:\/\/api.w.org\/{rel}","templated":true}]}}