{"id":12040,"date":"2019-09-29T19:44:11","date_gmt":"2019-09-29T17:44:11","guid":{"rendered":"https:\/\/agora-eoi.xtec.cat\/eoisabadell\/?page_id=12040"},"modified":"2021-09-27T14:02:47","modified_gmt":"2021-09-27T12:02:47","slug":"beques-i-ajuts","status":"publish","type":"page","link":"https:\/\/agora-eoi.xtec.cat\/eoisabadell\/beques-i-ajuts\/","title":{"rendered":"Beques i ajuts"},"content":{"rendered":"<p><strong><span style=\"color: #ff6600;\">PROGRAMA PARLA 3 PER A ESTUDIANTS UNIVERSITARIS<\/span><\/strong><\/p>\n<p>Ajuts per a promoure la formaci\u00f3 i l&#8217;acreditaci\u00f3 en terceres lleng\u00fces (programa PARLA-3)<\/p>\n<p style=\"padding-left: 40px;\"><strong><a href=\"http:\/\/agaur.gencat.cat\/ca\/beques-i-ajuts\/pagines-especials\/programa-de-terceres-llengues\/\">+Info<\/a>1\u00a0\/ <a href=\"http:\/\/universitats.gencat.cat\/ca\/beques_preus\/beques_ajuts\/#bloc5?page_id=349\">+Info<\/a>2<\/strong><\/p>\n<p><span style=\"color: #ff6600;\"><strong>BEQUES PER A ENSENYAMENTS POSTOBLIGATORIS NO UNIVERSITARIS<\/strong><\/span><\/p>\n<ul style=\"list-style-type: circle;\">\n<li>Beques convocades pel <strong>Ministeri d&#8217;Educaci\u00f3<\/strong> i Formaci\u00f3 Professional per a estudiants que el curs acad\u00e8mic 2019-2020 cursen ensenyaments postobligatoris. (<a href=\"http:\/\/web.gencat.cat\/ca\/tramits\/tramits-temes\/Beques-de-caracter-general-per-a-estudis-postobligatoris?category=7449fd1c-a82c-11e3-a972-000c29052e2c\">+info<\/a>)<\/li>\n<li>Podeu consultar tota la informaci\u00f3 referent a beques i ajuts del<strong> Departament d&#8217;Educaci\u00f3 de la Generalitat de Catalunya<\/strong> en <a href=\"http:\/\/ensenyament.gencat.cat\/ca\/serveis-tramits\/beques\/\">aquest enlla\u00e7<\/a>.<\/li>\n<\/ul>\n","protected":false},"excerpt":{"rendered":"<p>PROGRAMA PARLA 3 PER A ESTUDIANTS UNIVERSITARIS<br \/>\nAjuts per a promoure la formaci\u00f3 i l&#8217;acreditaci\u00f3 en terceres lleng\u00fces (programa PARLA-3)<br \/>\n<a href=\"http:\/\/agaur.gencat.cat\/ca\/beques-i-ajuts\/pagines-especials\/programa-de-terceres-llengues\/\">+Info<\/a>1\u00a0\/ <a href=\"http:\/\/universitats.gencat.cat\/ca\/beques_preus\/beques_ajuts\/#bloc5?page_id=349\">+Info<\/a>2<br \/>\nBEQUES PER A ENSENYAMENTS POSTOBLIGATORIS NO UNIVERSITARIS<\/p>\n<ul style=\"list-style-type: circle;\">\n<li>Beques convocades pel Ministeri d&#8217;Educaci\u00f3 i Formaci\u00f3 Professional per a estudiants que el curs acad\u00e8mic 2019-2020&hellip;  <a href=\"https:\/\/agora-eoi.xtec.cat\/eoisabadell\/beques-i-ajuts\/\" title=\"Read Beques i ajuts\">Llegeix m\u00e9s\u00bb<\/a><br \/>\n","protected":false},"author":7,"featured_media":0,"parent":0,"menu_order":0,"comment_status":"closed","ping_status":"closed","template":"","meta":{"_bbp_topic_count":0,"_bbp_reply_count":0,"_bbp_total_topic_count":0,"_bbp_total_reply_count":0,"_bbp_voice_count":0,"_bbp_anonymous_reply_count":0,"_bbp_topic_count_hidden":0,"_bbp_reply_count_hidden":0,"_bbp_forum_subforum_count":0,"footnotes":""},"class_list":["post-12040","page","type-page","status-publish","hentry"],"post_mailing_queue_ids":[],"_links":{"self":[{"href":"https:\/\/agora-eoi.xtec.cat\/eoisabadell\/wp-json\/wp\/v2\/pages\/12040","targetHints":{"allow":["GET"]}}],"collection":[{"href":"https:\/\/agora-eoi.xtec.cat\/eoisabadell\/wp-json\/wp\/v2\/pages"}],"about":[{"href":"https:\/\/agora-eoi.xtec.cat\/eoisabadell\/wp-json\/wp\/v2\/types\/page"}],"author":[{"embeddable":true,"href":"https:\/\/agora-eoi.xtec.cat\/eoisabadell\/wp-json\/wp\/v2\/users\/7"}],"replies":[{"embeddable":true,"href":"https:\/\/agora-eoi.xtec.cat\/eoisabadell\/wp-json\/wp\/v2\/comments?post=12040"}],"version-history":[{"count":2,"href":"https:\/\/agora-eoi.xtec.cat\/eoisabadell\/wp-json\/wp\/v2\/pages\/12040\/revisions"}],"predecessor-version":[{"id":14090,"href":"https:\/\/agora-eoi.xtec.cat\/eoisabadell\/wp-json\/wp\/v2\/pages\/12040\/revisions\/14090"}],"wp:attachment":[{"href":"https:\/\/agora-eoi.xtec.cat\/eoisabadell\/wp-json\/wp\/v2\/media?parent=12040"}],"curies":[{"name":"wp","href":"https:\/\/api.w.org\/{rel}","templated":true}]}}