{"id":11986,"date":"2019-09-24T13:49:02","date_gmt":"2019-09-24T11:49:02","guid":{"rendered":"https:\/\/agora-eoi.xtec.cat\/eoisabadell\/?page_id=11986"},"modified":"2020-10-23T12:02:59","modified_gmt":"2020-10-23T10:02:59","slug":"curs-perfeccionament-b2-angles-i-frances","status":"publish","type":"page","link":"https:\/\/agora-eoi.xtec.cat\/eoisabadell\/curs-perfeccionament-b2-angles-i-frances\/","title":{"rendered":"Curs perfeccionament B2+ angl\u00e8s i franc\u00e8s 2020\/2021"},"content":{"rendered":"<table style=\"height: 388px; width: 723px;\" width=\"659\">\n<tbody>\n<tr style=\"height: 75px;\">\n<td style=\"height: 75px; width: 99.7667px;\">Descripci\u00f3<\/td>\n<td style=\"height: 75px; width: 615.233px;\">Curs semipresencial de perfeccionament, i en setmanes alternes, adre\u00e7at a persones interessades a mantenir i actualitzar el seu coneixement de l\u2019idioma i que tinguin un nivell de llengua B2 del <em>Marc Europeu Com\u00fa de Refer\u00e8ncia.<\/em><\/td>\n<\/tr>\n<tr style=\"height: 57px;\">\n<td style=\"height: 57px; width: 99.7667px;\">Durada<\/td>\n<td style=\"height: 57px; width: 615.233px;\">70 hores<\/td>\n<\/tr>\n<tr style=\"height: 57px;\">\n<td style=\"height: 57px; width: 99.7667px;\">Dates<\/td>\n<td style=\"height: 57px; width: 615.233px;\">del 4 de novembre de 2020 al 9 de juny de 2021 (ambd\u00f3s inclosos)<\/td>\n<\/tr>\n<tr style=\"height: 57px;\">\n<td style=\"height: 57px; width: 99.7667px;\">Horari<\/td>\n<td style=\"height: 57px; width: 615.233px;\">Dimecres de 18:30 a 21 hores, un presencialment i el seg\u00fcent online<\/td>\n<\/tr>\n<tr style=\"height: 142px;\">\n<td style=\"height: 142px; width: 99.7667px;\">Avaluaci\u00f3<\/td>\n<td style=\"height: 142px; width: 615.233px;\">Hi haur\u00e0 una avaluaci\u00f3 cont\u00ednua i en acabar el curs, es lliurar\u00e0 un certificat d\u2019aprofitament, en cas de superar el curs\u00a0 o d\u2019assist\u00e8ncia a aquells alumnes que hagin assistit, com a m\u00ednim, al 80% de les classes.<\/p>\n<p>*Curs reconegut com a cr\u00e8dit de formaci\u00f3.<\/td>\n<\/tr>\n<\/tbody>\n<\/table>\n<p><strong>Matriculaci\u00f3:<\/strong><\/p>\n<p>Matr\u00edcula: a partir del 8 d&#8217;octubre.<\/p>\n<ul>\n<li>Presencialment en horari del departament d&#8217;alumnat.<\/li>\n<li>Telem\u00e0tica: Trametre l&#8217;<a href=\"https:\/\/drive.google.com\/file\/d\/1vcQ2cCs1mTfQR4_9QDzoT9RdMizID5j7\/view?usp=sharing\" target=\"_blank\" rel=\"noopener noreferrer\"><strong>impr\u00e8s d&#8217;inscripci\u00f3<\/strong><\/a>\u00a0+ comprovant de pagament a <strong>secretaria@eoisabadell.cat<\/strong>. <span style=\"color: #000000;\">Cap matr\u00edcula ser\u00e0 v\u00e0lida sense el correu de confirmaci\u00f3 que es trametr\u00e0 des de l\u2019escola un cop comprovat el pagament.<\/span><\/li>\n<\/ul>\n<p><span style=\"text-decoration: underline;\">Documentaci\u00f3:<\/span><\/p>\n<ul>\n<li><a href=\"https:\/\/drive.google.com\/file\/d\/1vcQ2cCs1mTfQR4_9QDzoT9RdMizID5j7\/view?usp=sharing\" target=\"_blank\" rel=\"noopener noreferrer\"><strong>Impr\u00e8s<\/strong><\/a><\/li>\n<li>Fotoc\u00f2pia del DNI.<\/li>\n<li>Fotoc\u00f2pia del carnet actualitzat acreditatiu de la reducci\u00f3\/exempci\u00f3 de taxes, si escau.<\/li>\n<\/ul>\n<p><span style=\"text-decoration: underline;\">Preus:<\/span><\/p>\n<table>\n<tbody>\n<tr>\n<td style=\"text-align: center;\" width=\"173\">Matr\u00edcula ordin\u00e0ria<\/td>\n<td style=\"text-align: center;\" width=\"129\">Bonificacions*<\/td>\n<td style=\"text-align: center;\" width=\"120\">Exempcions*<\/td>\n<\/tr>\n<tr>\n<td style=\"text-align: center;\" width=\"173\">302,80 \u20ac<\/td>\n<td style=\"text-align: center;\" width=\"129\">151,40<\/td>\n<td style=\"text-align: center;\" width=\"120\">40\u20ac<\/td>\n<\/tr>\n<\/tbody>\n<\/table>\n<p>*Les persones amb document acreditatiu de reducci\u00f3 o exempci\u00f3 \u00a0de taxes hauran de formalitzar la matr\u00edcula presencialment a secretaria.<\/p>\n<p>Reducci\u00f3\/exempci\u00f3\u00a0del preu p\u00fablic (imprescindible l\u2019acreditaci\u00f3 corresponent):<\/p>\n<ul>\n<li>Bonificaci\u00f3 del 50%: fam\u00edlies nombroses de categoria general i fam\u00edlies monoparentals.<\/li>\n<li>Exempci\u00f3: fam\u00edlies nombroses de categoria especial, persones\u00a0amb una discapacitat m\u00ednima del 33%, v\u00edctimes del terrorisme,\u00a0persones subjectes a mesures privatives de llibertat, persones membres\u00a0d\u2019unitats familiars que percebin renda m\u00ednima d\u2019inserci\u00f3\u00a0o renda activa d\u2019inserci\u00f3 i v\u00edctimes de viol\u00e8ncia\u00a0de g\u00e8nere.<\/li>\n<\/ul>\n<p>En cas de no tenir acreditat el nivell, caldr\u00e0 sol\u00b7licitar test de nivell.<\/p>\n<p>Anul\u00b7laci\u00f3\u00a0de la matr\u00edcula:<\/p>\n<ul>\n<li>A iniciativa de l\u2019escola, si no s\u2019arriba al m\u00ednim d\u2019alumnes establert. En aquest cas, es retornar\u00e0 l\u2019import total de la matr\u00edcula.<\/li>\n<li>A iniciativa de l\u2019alumne es reemborsar\u00e0 l\u2019import pagat menys les\u00a0taxes en concepte de despeses administratives, sempre que l\u2019anul\u00b7laci\u00f3\u00a0es faci abans d\u2019inici del curs.<span style=\"color: #000000;\"> No es reemborsar\u00e0 cap import un\u00a0cop hagi iniciat el curs.<\/span><\/li>\n<\/ul>\n","protected":false},"excerpt":{"rendered":"<p>Descripci\u00f3<br \/>\nCurs semipresencial de perfeccionament, i en setmanes alternes, adre\u00e7at a persones interessades a mantenir i actualitzar el seu coneixement de l\u2019idioma i que tinguin un nivell de llengua B2 del Marc Europeu Com\u00fa de Refer\u00e8ncia.<\/p>\n<p>Durada<br \/>\n70 hores<\/p>\n<p>Dates<br \/>\ndel 4 de novembre de 2020 al 9 de juny&hellip;  <a href=\"https:\/\/agora-eoi.xtec.cat\/eoisabadell\/curs-perfeccionament-b2-angles-i-frances\/\" title=\"Read Curs perfeccionament B2+ angl\u00e8s i franc\u00e8s 2020\/2021\">Llegeix m\u00e9s\u00bb<\/a><\/p>\n","protected":false},"author":7,"featured_media":0,"parent":0,"menu_order":0,"comment_status":"closed","ping_status":"closed","template":"","meta":{"_bbp_topic_count":0,"_bbp_reply_count":0,"_bbp_total_topic_count":0,"_bbp_total_reply_count":0,"_bbp_voice_count":0,"_bbp_anonymous_reply_count":0,"_bbp_topic_count_hidden":0,"_bbp_reply_count_hidden":0,"_bbp_forum_subforum_count":0,"footnotes":""},"class_list":["post-11986","page","type-page","status-publish","hentry"],"post_mailing_queue_ids":[],"_links":{"self":[{"href":"https:\/\/agora-eoi.xtec.cat\/eoisabadell\/wp-json\/wp\/v2\/pages\/11986","targetHints":{"allow":["GET"]}}],"collection":[{"href":"https:\/\/agora-eoi.xtec.cat\/eoisabadell\/wp-json\/wp\/v2\/pages"}],"about":[{"href":"https:\/\/agora-eoi.xtec.cat\/eoisabadell\/wp-json\/wp\/v2\/types\/page"}],"author":[{"embeddable":true,"href":"https:\/\/agora-eoi.xtec.cat\/eoisabadell\/wp-json\/wp\/v2\/users\/7"}],"replies":[{"embeddable":true,"href":"https:\/\/agora-eoi.xtec.cat\/eoisabadell\/wp-json\/wp\/v2\/comments?post=11986"}],"version-history":[{"count":3,"href":"https:\/\/agora-eoi.xtec.cat\/eoisabadell\/wp-json\/wp\/v2\/pages\/11986\/revisions"}],"predecessor-version":[{"id":13133,"href":"https:\/\/agora-eoi.xtec.cat\/eoisabadell\/wp-json\/wp\/v2\/pages\/11986\/revisions\/13133"}],"wp:attachment":[{"href":"https:\/\/agora-eoi.xtec.cat\/eoisabadell\/wp-json\/wp\/v2\/media?parent=11986"}],"curies":[{"name":"wp","href":"https:\/\/api.w.org\/{rel}","templated":true}]}}