{"id":9097,"date":"2020-08-07T19:05:26","date_gmt":"2020-08-07T17:05:26","guid":{"rendered":"https:\/\/agora-eoi.xtec.cat\/eoirubi\/?page_id=9097"},"modified":"2025-07-03T12:50:01","modified_gmt":"2025-07-03T10:50:01","slug":"matricula-dactualitzacio-en-cursos-inferiors","status":"publish","type":"page","link":"https:\/\/agora-eoi.xtec.cat\/eoirubi\/matricula\/matricula-dactualitzacio-en-cursos-inferiors\/","title":{"rendered":"Matr\u00edcula d&#8217;actualitzaci\u00f3 en cursos inferiors"},"content":{"rendered":"<p>Aquesta modalitat de matr\u00edcula s&#8217;adre\u00e7a a antics alumnes de l&#8217;EOI que ja posseeixen un certificat d&#8217;un nivell d&#8217;idioma i desitgen reprendre els seus estudis per refrescar i consolidar els seus coneixements. Aquesta matr\u00edcula no t\u00e9 validesa acad\u00e8mica per a l&#8217;obtenci\u00f3 d&#8217;un nou certificat.<\/p>\n<p><strong>A qui va adre\u00e7ada?<\/strong><\/p>\n<p>A les persones que ja hagin cursat i superat amb anterioritat cursos de les escoles oficials d&#8217;idiomes, i que vulguin actualitzar-ne els coneixements, poden sol\u00b7licitar matricular-se en l&#8217;\u00faltim curs fet o en qualsevol dels cursos inferiors.<\/p>\n<p>Tamb\u00e9 poden inscriure&#8217;s en un curs d&#8217;actualitzaci\u00f3 de coneixements els i les alumnes que hagin cursat i superat amb anterioritat cursos de nivell A1 i A2 als centres de formaci\u00f3 d&#8217;adults. Igualment, poden inscriure&#8217;s en cursos d&#8217;actualitzaci\u00f3 les persones que s&#8217;hagin presentat a les proves lliures i hagin obtingut el certificat corresponent en els mateixos termes.<\/p>\n<p><strong>Requisits:<\/strong><\/p>\n<p>Aquest tipus de matricula s&#8217;ha de presentar al centre una vegada finalitzat el per\u00edode d&#8217;admissi\u00f3, i nomes s&#8217;admet si hi ha vacants en el curs i l&#8217;idioma sol\u00b7licitat. La sol\u00b7licitud es valida \u00fanicament per al curs acad\u00e8mic en que es sol\u00b7licita i s&#8217;ha de tornar a presentar per a cursos acad\u00e8mics posteriors, si l&#8217;alumne o alumna ho vol.<\/p>\n<p>Aquest tipus de matricula no te afectes acad\u00e8mics ni comporta cap certificat oficial. La qualificaci\u00f3 que es fa constar a l&#8217;expedient acad\u00e8mic de l&#8217;alumne o alumna es de &#8220;no qualificat\/ada&#8221;<\/p>\n<p>Durant un mateix curs acad\u00e8mic no es pot simultaniejar una matricula ordin\u00e0ria als ensenyaments presencials amb una matricula d&#8217;actualitzaci\u00f3 del mateix idioma.<\/p>\n<p><strong>Com matricular-se?<\/strong><\/p>\n<p>La sol\u00b7licitud per a aquest tipus de matr\u00edcula s\u2019ha de presentar al centre\u00a0<strong>una vegada finalitzat el per\u00edode d\u2019admissi\u00f3<\/strong>, i nom\u00e9s s\u2019admet si hi ha vacants en el curs i l\u2019idioma sol\u00b7licitat. La sol\u00b7licitud \u00e9s valida \u00fanicament per al curs acad\u00e8mic en qu\u00e8 se sol\u00b7licita i s\u2019ha de tornar a presentar per a cursos acad\u00e8mics posteriors, si l\u2019alumne o alumna ho vol.<\/p>\n<p>Omplir el <span style=\"background-color: #ffff99;\"><a style=\"background-color: #ffff99;\" href=\"https:\/\/docs.google.com\/forms\/d\/e\/1FAIpQLSfZVyEU25olIWeYAao5WGBwP1cei_SblwHHDNUhckVDx70wTg\/viewform\">Formulari d&#8217;Informaci\u00f3 Curs 25-26<\/a><\/span> i especificant a observacions que voleu fer matricula d\u2019actualitzaci\u00f3\u00a0 i l\u2019escola es posar\u00e0 en contacte amb els sol\u00b7licitants.<\/p>\n<p><strong>Preus i Taxes:<\/strong><\/p>\n<ul>\n<li>Pel que fa al preu del servei, aquest alumnat ha de pagar la\u00a0<a href=\"http:\/\/eoisantcugat.com\/secretaria\/taxes\/taxes-i-preus-publics-matricula\">taxa o el preu p\u00fablic <\/a>corresponent, sense penalitzaci\u00f3 per repetici\u00f3.<\/li>\n<\/ul>\n<p>&nbsp;<\/p>\n","protected":false},"excerpt":{"rendered":"<p>Aquesta modalitat de matr\u00edcula s&#8217;adre\u00e7a a antics alumnes de l&#8217;EOI que ja posseeixen un certificat d&#8217;un nivell d&#8217;idioma i desitgen reprendre els seus estudis per refrescar i consolidar els seus coneixements. Aquesta matr\u00edcula no t\u00e9 validesa acad\u00e8mica per a l&#8217;obtenci\u00f3 d&#8217;un nou certificat.<br \/>\nA qui va&hellip;  <a href=\"https:\/\/agora-eoi.xtec.cat\/eoirubi\/matricula\/matricula-dactualitzacio-en-cursos-inferiors\/\" title=\"Read Matr\u00edcula d&#8217;actualitzaci\u00f3 en cursos inferiors\">Llegeix m\u00e9s\u00bb<\/a><\/p>\n","protected":false},"author":4,"featured_media":0,"parent":8161,"menu_order":40,"comment_status":"closed","ping_status":"closed","template":"page-templates\/side-menu.php","meta":{"_bbp_topic_count":0,"_bbp_reply_count":0,"_bbp_total_topic_count":0,"_bbp_total_reply_count":0,"_bbp_voice_count":0,"_bbp_anonymous_reply_count":0,"_bbp_topic_count_hidden":0,"_bbp_reply_count_hidden":0,"_bbp_forum_subforum_count":0,"footnotes":""},"class_list":["post-9097","page","type-page","status-publish","hentry"],"post_mailing_queue_ids":[],"_links":{"self":[{"href":"https:\/\/agora-eoi.xtec.cat\/eoirubi\/wp-json\/wp\/v2\/pages\/9097","targetHints":{"allow":["GET"]}}],"collection":[{"href":"https:\/\/agora-eoi.xtec.cat\/eoirubi\/wp-json\/wp\/v2\/pages"}],"about":[{"href":"https:\/\/agora-eoi.xtec.cat\/eoirubi\/wp-json\/wp\/v2\/types\/page"}],"author":[{"embeddable":true,"href":"https:\/\/agora-eoi.xtec.cat\/eoirubi\/wp-json\/wp\/v2\/users\/4"}],"replies":[{"embeddable":true,"href":"https:\/\/agora-eoi.xtec.cat\/eoirubi\/wp-json\/wp\/v2\/comments?post=9097"}],"version-history":[{"count":6,"href":"https:\/\/agora-eoi.xtec.cat\/eoirubi\/wp-json\/wp\/v2\/pages\/9097\/revisions"}],"predecessor-version":[{"id":10637,"href":"https:\/\/agora-eoi.xtec.cat\/eoirubi\/wp-json\/wp\/v2\/pages\/9097\/revisions\/10637"}],"up":[{"embeddable":true,"href":"https:\/\/agora-eoi.xtec.cat\/eoirubi\/wp-json\/wp\/v2\/pages\/8161"}],"wp:attachment":[{"href":"https:\/\/agora-eoi.xtec.cat\/eoirubi\/wp-json\/wp\/v2\/media?parent=9097"}],"curies":[{"name":"wp","href":"https:\/\/api.w.org\/{rel}","templated":true}]}}