{"id":9066,"date":"2020-08-07T17:33:25","date_gmt":"2020-08-07T15:33:25","guid":{"rendered":"https:\/\/agora-eoi.xtec.cat\/eoirubi\/?page_id=9066"},"modified":"2021-09-28T11:42:39","modified_gmt":"2021-09-28T09:42:39","slug":"aules-i-equipaments","status":"publish","type":"page","link":"https:\/\/agora-eoi.xtec.cat\/eoirubi\/serveis\/aules-i-equipaments\/","title":{"rendered":"Aules i equipaments"},"content":{"rendered":"<h6 align=\"justify\"><strong style=\"font-family: inherit; font-size: 1em;\">Aules:\u00a0<\/strong><\/h6>\n<div align=\"justify\">\n<p>Cada aula est\u00e0 equipada amb una pantalla t\u00e0ctil, pissarra, ordinador, acc\u00e9s a Internet i equip de so.<\/p>\n<p><strong>Sala d\u2019estudi:<\/strong><br \/>\nHem habilitat una aula com a sala d\u2019estudi, de treball en grup i consulta. L\u2019alumnat disposar\u00e0 de diccionaris, gram\u00e0tiques i revistes . Hi haur\u00e0 connexi\u00f3 wifi.<\/p>\n<p><strong>Sala d\u2019actes:<\/strong><br \/>\nL\u2019escola pot disposar de la sala d\u2019actes de l&#8217;INS Duc de Montblanc amb capacitat per a 100 persones, ideal per a confer\u00e8ncies, teatre o altres activitats culturals.<\/p>\n<p><strong>Servei de Cafeteria:<\/strong><br \/>\nL\u2019escola tamb\u00e9 disposa de m\u00e0quines distribu\u00efdores de caf\u00e8s, refrescos i snacks a l\u2019ala de consergeria.<\/p>\n<p><strong>Aparcament: <\/strong><br \/>\nHi ha aparcament gratu\u00eft dins del recinte de l\u2019escola amb capacitat per a 60 cotxes i motos.<\/p>\n<p><strong>Horari d&#8217;obertura : <\/strong>de les 15:30 a les 21h<\/p>\n<\/div>\n","protected":false},"excerpt":{"rendered":"<p>Aules:\u00a0<\/p>\n<p>Cada aula est\u00e0 equipada amb una pantalla t\u00e0ctil, pissarra, ordinador, acc\u00e9s a Internet i equip de so.<br \/>\nSala d\u2019estudi:<br \/>\nHem habilitat una aula com a sala d\u2019estudi, de treball en grup i consulta. L\u2019alumnat disposar\u00e0 de diccionaris, gram\u00e0tiques i revistes . Hi haur\u00e0 connexi\u00f3 wifi.<br \/>\nSala d\u2019actes:<br \/>\nL\u2019escola pot&hellip;  <a href=\"https:\/\/agora-eoi.xtec.cat\/eoirubi\/serveis\/aules-i-equipaments\/\" title=\"Read Aules i equipaments\">Llegeix m\u00e9s\u00bb<\/a><\/p>\n","protected":false},"author":4,"featured_media":0,"parent":8411,"menu_order":0,"comment_status":"closed","ping_status":"closed","template":"page-templates\/side-menu.php","meta":{"_bbp_topic_count":0,"_bbp_reply_count":0,"_bbp_total_topic_count":0,"_bbp_total_reply_count":0,"_bbp_voice_count":0,"_bbp_anonymous_reply_count":0,"_bbp_topic_count_hidden":0,"_bbp_reply_count_hidden":0,"_bbp_forum_subforum_count":0,"footnotes":""},"class_list":["post-9066","page","type-page","status-publish","hentry"],"post_mailing_queue_ids":[],"_links":{"self":[{"href":"https:\/\/agora-eoi.xtec.cat\/eoirubi\/wp-json\/wp\/v2\/pages\/9066","targetHints":{"allow":["GET"]}}],"collection":[{"href":"https:\/\/agora-eoi.xtec.cat\/eoirubi\/wp-json\/wp\/v2\/pages"}],"about":[{"href":"https:\/\/agora-eoi.xtec.cat\/eoirubi\/wp-json\/wp\/v2\/types\/page"}],"author":[{"embeddable":true,"href":"https:\/\/agora-eoi.xtec.cat\/eoirubi\/wp-json\/wp\/v2\/users\/4"}],"replies":[{"embeddable":true,"href":"https:\/\/agora-eoi.xtec.cat\/eoirubi\/wp-json\/wp\/v2\/comments?post=9066"}],"version-history":[{"count":3,"href":"https:\/\/agora-eoi.xtec.cat\/eoirubi\/wp-json\/wp\/v2\/pages\/9066\/revisions"}],"predecessor-version":[{"id":9744,"href":"https:\/\/agora-eoi.xtec.cat\/eoirubi\/wp-json\/wp\/v2\/pages\/9066\/revisions\/9744"}],"up":[{"embeddable":true,"href":"https:\/\/agora-eoi.xtec.cat\/eoirubi\/wp-json\/wp\/v2\/pages\/8411"}],"wp:attachment":[{"href":"https:\/\/agora-eoi.xtec.cat\/eoirubi\/wp-json\/wp\/v2\/media?parent=9066"}],"curies":[{"name":"wp","href":"https:\/\/api.w.org\/{rel}","templated":true}]}}