{"id":8920,"date":"2020-07-21T17:18:09","date_gmt":"2020-07-21T15:18:09","guid":{"rendered":"https:\/\/agora-eoi.xtec.cat\/eoirubi\/?page_id=8920"},"modified":"2020-08-06T12:21:23","modified_gmt":"2020-08-06T10:21:23","slug":"preguntes-mes-frequents","status":"publish","type":"page","link":"https:\/\/agora-eoi.xtec.cat\/eoirubi\/el-servei-educatiu\/preguntes-mes-frequents\/","title":{"rendered":"Preguntes m\u00e9s freq\u00fcents"},"content":{"rendered":"<h2>Quins s\u00f3n els requisits d\u2019acc\u00e9s?<\/h2>\n<p align=\"justify\">Per accedir als ensenyaments d\u2019idiomes de les Escoles Oficials d\u2019Idiomes \u00e9s requisit tenir setze anys complerts en l\u2019any natural en qu\u00e8 es comencin els estudis. Tamb\u00e9 poden accedir-hi els i les majors de catorze anys per seguir els ensenyaments d\u2019un idioma diferent del que estan cursant en l\u2019educaci\u00f3 secund\u00e0ria obligat\u00f2ria com a primera llengua estrangera.<br \/>\nSi es tenen coneixements de l&#8217;idioma es pot accedir mitjan\u00e7ant test de nivell o amb el document acreditatiu dels coneixements, veure taula d&#8217;equival\u00e8ncia. Aix\u00f2 no d\u00f3na dret per\u00f2 a l&#8217;expedici\u00f3 autom\u00e0tica dels certificats de nivells inferiors.<br \/>\nPer formalitzar la matr\u00edcula lliure cal acreditar la superaci\u00f3 del segon curs de l\u2019Educaci\u00f3 Secund\u00e0ria Obligat\u00f2ria o nivell equivalent, i ser major de catorze anys.<\/p>\n<h2>De quantes hores consta un curs acad\u00e8mic?<\/h2>\n<p>D\u2019un m\u00ednim de 130 hores.<\/p>\n<h2>Es pot estudiar a dist\u00e0ncia?<\/h2>\n<p align=\"justify\">S\u00ed, es poden cursar, en r\u00e8gim oficial a dist\u00e0ncia,a l\u2019IOC.<\/p>\n<p align=\"justify\">Consulteu el web <a href=\"http:\/\/ioc.xtec.cat\/educacio\/\" target=\"_blank\" rel=\"noopener noreferrer\">www.iesoc.xtec.cat<\/a><\/p>\n<h2>Podem convalidar un curs de les EOIs per cr\u00e8dits de lliure elecci\u00f3 a les universitats de Catalunya?<\/h2>\n<p>S\u00ed. Informa-te\u2019n a la teva universitat.<\/p>\n<h2>Puc repetir curs?<\/h2>\n<p align=\"justify\">Dins de cada nivell \u2013b\u00e0sic, intermedi i avan\u00e7at-, l\u2019alumne\/a es pot matricular com alumne\/a oficial un m\u00e0xim de vegades equivalents al doble dels cursos ordenats per al nivell de l\u2019idioma corresponent.<\/p>\n<ul>\n<li>Nivell B\u00e0sic- <strong>A2<\/strong> ( 1r i 2n ) un m\u00e0xim de 4 vegades en total.<\/li>\n<li>Nivell Intermedi &#8211; <strong>B1<\/strong>( 3r ) un m\u00e0xim de 2 vegades en total.<\/li>\n<li>Nivell Intermedi &#8211; <strong>B2<\/strong> ( 4r i 5\u00e8) un m\u00e0xim de 4 vegades en total.<\/li>\n<li>Nivell Avan\u00e7at- <strong>C1<\/strong> (6\u00e8) un m\u00e0xim de 2 vegades en total.<\/li>\n<\/ul>\n<div align=\"justify\">\n<p>Si no es supera el curs en aquestes convocat\u00f2ries, l\u2019alumne\/a no pot tornar a matricular-se d\u2019aquell curs en r\u00e8gim oficial. Nom\u00e9s podr\u00e0 examinar-se en r\u00e8gim lliure, de les proves de certificat.<br \/>\nM\u00e9s endavant, si considera que el seu nivell ha millorat, podr\u00e0 presentar-se al test de nivell, per mirar d\u2019accedir a un curs superior.<\/p>\n<\/div>\n<h2>Convocat\u00f2ria addicional (de gr\u00e0cia):<\/h2>\n<p align=\"justify\">L&#8217;alumnat que hagi esgotat les convocat\u00f2ries podr\u00e0 sol\u2022licitar excepcionalment a la direcci\u00f3 de l&#8217;escola una convocat\u00f2ria addicional (de gr\u00e0cia) per nivell. La direcci\u00f3 del centre estudiar\u00e0 la sol\u2022licitud i podr\u00e0 autoritzar, si s&#8217;escau, la repetici\u00f3 d&#8217;un curs m\u00e9s en aquell nivell en r\u00e8gim oficial. El termini per demanar-la \u00e9s de l&#8217;<strong>1 al 15 de juliol<\/strong> i es far\u00e0 mitjan\u00e7ant una inst\u00e0ncia adre\u00e7ada a direcci\u00f3 i lliurada a la secretaria de l&#8217;escola.<\/p>\n<h2 align=\"justify\">Puc inscriure\u2019m als ex\u00e0mens de certificat intermedi i avan\u00e7at en r\u00e8gim lliure?<\/h2>\n<p>S\u00ed. La inscripci\u00f3 en r\u00e8gim lliure d\u00f3na dret a una convocat\u00f2ria per a l\u2019obtenci\u00f3 del certificat de nivell intermedi o dels certificat de nivell avan\u00e7at. Les proves per a totes les lleng\u00fces es fan al juny.<br \/>\nLa inscripci\u00f3 t\u00e9 lloc a finals de febrer. Les dates i condicions d\u2019inscripci\u00f3 es publiquen el novembre de l\u2019any anterior.<\/p>\n<h2 align=\"justify\">Convocat\u00f2ria extraordin\u00e0ria<\/h2>\n<p>Per poder atendre la demanda de certificats d\u2019angl\u00e8s, les EOI poden oferir una convocat\u00f2ria extraordin\u00e0ria al mes de febrer. La inscripci\u00f3 t\u00e9 lloc a finals de novembre.<\/p>\n<p>Per a m\u00e9s informaci\u00f3, consulteu la web <a href=\"http:\/\/phobos.xtec.cat\/eoi\/index.php?module=detic_portal&amp;ref=convoex\" target=\"_blank\" rel=\"noopener noreferrer\">www.xtec.cat\/eoi<\/a><\/p>\n","protected":false},"excerpt":{"rendered":"<p>Quins s\u00f3n els requisits d\u2019acc\u00e9s?<br \/>\nPer accedir als ensenyaments d\u2019idiomes de les Escoles Oficials d\u2019Idiomes \u00e9s requisit tenir setze anys complerts en l\u2019any natural en qu\u00e8 es comencin els estudis. Tamb\u00e9 poden accedir-hi els i les majors de catorze anys per seguir els ensenyaments d\u2019un idioma&hellip;  <a href=\"https:\/\/agora-eoi.xtec.cat\/eoirubi\/el-servei-educatiu\/preguntes-mes-frequents\/\" title=\"Read Preguntes m\u00e9s freq\u00fcents\">Llegeix m\u00e9s\u00bb<\/a><\/p>\n","protected":false},"author":4,"featured_media":0,"parent":806,"menu_order":80,"comment_status":"closed","ping_status":"closed","template":"page-templates\/side-menu.php","meta":{"_bbp_topic_count":0,"_bbp_reply_count":0,"_bbp_total_topic_count":0,"_bbp_total_reply_count":0,"_bbp_voice_count":0,"_bbp_anonymous_reply_count":0,"_bbp_topic_count_hidden":0,"_bbp_reply_count_hidden":0,"_bbp_forum_subforum_count":0,"footnotes":""},"class_list":["post-8920","page","type-page","status-publish","hentry"],"post_mailing_queue_ids":[],"_links":{"self":[{"href":"https:\/\/agora-eoi.xtec.cat\/eoirubi\/wp-json\/wp\/v2\/pages\/8920","targetHints":{"allow":["GET"]}}],"collection":[{"href":"https:\/\/agora-eoi.xtec.cat\/eoirubi\/wp-json\/wp\/v2\/pages"}],"about":[{"href":"https:\/\/agora-eoi.xtec.cat\/eoirubi\/wp-json\/wp\/v2\/types\/page"}],"author":[{"embeddable":true,"href":"https:\/\/agora-eoi.xtec.cat\/eoirubi\/wp-json\/wp\/v2\/users\/4"}],"replies":[{"embeddable":true,"href":"https:\/\/agora-eoi.xtec.cat\/eoirubi\/wp-json\/wp\/v2\/comments?post=8920"}],"version-history":[{"count":3,"href":"https:\/\/agora-eoi.xtec.cat\/eoirubi\/wp-json\/wp\/v2\/pages\/8920\/revisions"}],"predecessor-version":[{"id":8941,"href":"https:\/\/agora-eoi.xtec.cat\/eoirubi\/wp-json\/wp\/v2\/pages\/8920\/revisions\/8941"}],"up":[{"embeddable":true,"href":"https:\/\/agora-eoi.xtec.cat\/eoirubi\/wp-json\/wp\/v2\/pages\/806"}],"wp:attachment":[{"href":"https:\/\/agora-eoi.xtec.cat\/eoirubi\/wp-json\/wp\/v2\/media?parent=8920"}],"curies":[{"name":"wp","href":"https:\/\/api.w.org\/{rel}","templated":true}]}}