{"id":8800,"date":"2016-06-23T11:14:50","date_gmt":"2016-06-23T09:14:50","guid":{"rendered":"http:\/\/pwc-int.educacio.intranet\/agora_eoi\/eoi1\/?page_id=8800"},"modified":"2025-07-04T09:17:12","modified_gmt":"2025-07-04T07:17:12","slug":"programa-pia","status":"publish","type":"page","link":"https:\/\/agora-eoi.xtec.cat\/eoirubi\/matricula\/programa-pia\/","title":{"rendered":"Programa PIA+ (Formaci\u00f3 del professorat)"},"content":{"rendered":"<p>Programa per a la millora de la compet\u00e8ncia comunicativa en llengua estrangera del professorat:\u00a0 PIA+ 2024-2025<\/p>\n<p>El Programa PIA+ 2024-2025 <strong>\u00e9s un ajut a l\u2019estudi per al professorat que cursi i superi una llengua estrangera<\/strong> en una <strong>EOI<\/strong> o a l\u2019<strong>IOC<\/strong> per als nivells seg\u00fcents:<\/p>\n<ul>\n<li>nivells de B2.1, 5\u00e8 B2.2, C1 i C2 per a la llengua anglesa a les EOI<\/li>\n<li>tots els nivells per a les lleng\u00fces alemany, franc\u00e8s, itali\u00e0, \u00e0rab, rus i xin\u00e8s a les EOI<\/li>\n<li>nivells de 3r, 4rt i 5\u00e8 per a la llengua anglesa a l\u2019IOC<\/li>\n<li>nivell de 1r per a la llengua alemanya a l\u2019IOC<\/li>\n<\/ul>\n<p><strong>Modalitat matr\u00edcula d\u2019actualitzaci\u00f3 a les EOI<\/strong>, dins el Programa PIA+: per a aquells docents que faci, com a m\u00ednim, 2 anys de l\u2019obtenci\u00f3 del t\u00edtol oficial i vulguin actualitzar l\u2019idioma. En els nivells seg\u00fcents:<\/p>\n<ul>\n<li>nivells de 5\u00e8, C1 i C2 per a la llengua anglesa<\/li>\n<li>nivells de 2n, 3r, 5\u00e8 i C1 per a les lleng\u00fces franc\u00e8s, itali\u00e0 i alemany<\/li>\n<li>nivells de 2n, 3r i 5\u00e8 per a les lleng\u00fces xin\u00e8s, \u00e0rab i rus<\/li>\n<\/ul>\n<p><strong>Destinataris: <\/strong>professorat en actiu de centres p\u00fablics, concertats i municipals<\/p>\n<p><strong>Requisits: <\/strong><\/p>\n<ul>\n<li>ser docent i estar en actiu en un centre p\u00fablic, concertat o municipal<\/li>\n<li>disposar de <a href=\"http:\/\/xtec.gencat.cat\/ca\/at_usuari\/gestio\/\" target=\"_blank\" rel=\"noopener noreferrer\">correu xtec<\/a><\/li>\n<\/ul>\n<p>M\u00e9s informaci\u00f3 sobre el procediment i la sol\u00b7licitud de l\u2019ajut consulteu el seg\u00fcent enlla\u00e7 :<\/p>\n<p><a href=\"https:\/\/xtec.gencat.cat\/ca\/formacio\/formaciogeneralprofessorat\/llengues\/programa-pia\/programa-pia-2024-2025\/\" target=\"_blank\" rel=\"noopener noreferrer\">http:\/\/xtec.gencat.cat\/ca\/formacio\/formaciogeneralprofessorat\/llengues\/accions_llengues_estrangeres_curriculars\/cursos-eoi-ioc\/<\/a><\/p>\n","protected":false},"excerpt":{"rendered":"<p>Programa per a la millora de la compet\u00e8ncia comunicativa en llengua estrangera del professorat:\u00a0 PIA+ 2024-2025<br \/>\nEl Programa PIA+ 2024-2025 \u00e9s un ajut a l\u2019estudi per al professorat que cursi i superi una llengua estrangera en una EOI o a l\u2019IOC per als nivells seg\u00fcents:<\/p>\n<ul>\n<li>nivells de&hellip;  <a href=\"https:\/\/agora-eoi.xtec.cat\/eoirubi\/matricula\/programa-pia\/\" title=\"Read Programa PIA+ (Formaci\u00f3 del professorat)\">Llegeix m\u00e9s\u00bb<\/a><br \/>\n","protected":false},"author":1,"featured_media":0,"parent":8161,"menu_order":30,"comment_status":"closed","ping_status":"closed","template":"page-templates\/side-menu.php","meta":{"_bbp_topic_count":0,"_bbp_reply_count":0,"_bbp_total_topic_count":0,"_bbp_total_reply_count":0,"_bbp_voice_count":0,"_bbp_anonymous_reply_count":0,"_bbp_topic_count_hidden":0,"_bbp_reply_count_hidden":0,"_bbp_forum_subforum_count":0,"footnotes":""},"class_list":["post-8800","page","type-page","status-publish","hentry"],"post_mailing_queue_ids":[],"_links":{"self":[{"href":"https:\/\/agora-eoi.xtec.cat\/eoirubi\/wp-json\/wp\/v2\/pages\/8800","targetHints":{"allow":["GET"]}}],"collection":[{"href":"https:\/\/agora-eoi.xtec.cat\/eoirubi\/wp-json\/wp\/v2\/pages"}],"about":[{"href":"https:\/\/agora-eoi.xtec.cat\/eoirubi\/wp-json\/wp\/v2\/types\/page"}],"author":[{"embeddable":true,"href":"https:\/\/agora-eoi.xtec.cat\/eoirubi\/wp-json\/wp\/v2\/users\/1"}],"replies":[{"embeddable":true,"href":"https:\/\/agora-eoi.xtec.cat\/eoirubi\/wp-json\/wp\/v2\/comments?post=8800"}],"version-history":[{"count":6,"href":"https:\/\/agora-eoi.xtec.cat\/eoirubi\/wp-json\/wp\/v2\/pages\/8800\/revisions"}],"predecessor-version":[{"id":10639,"href":"https:\/\/agora-eoi.xtec.cat\/eoirubi\/wp-json\/wp\/v2\/pages\/8800\/revisions\/10639"}],"up":[{"embeddable":true,"href":"https:\/\/agora-eoi.xtec.cat\/eoirubi\/wp-json\/wp\/v2\/pages\/8161"}],"wp:attachment":[{"href":"https:\/\/agora-eoi.xtec.cat\/eoirubi\/wp-json\/wp\/v2\/media?parent=8800"}],"curies":[{"name":"wp","href":"https:\/\/api.w.org\/{rel}","templated":true}]}}