{"id":8613,"date":"2016-06-20T11:17:12","date_gmt":"2016-06-20T09:17:12","guid":{"rendered":"http:\/\/pwc-int.educacio.intranet\/agora_eoi\/eoi1\/?page_id=8613"},"modified":"2020-08-13T12:41:43","modified_gmt":"2020-08-13T10:41:43","slug":"pla-destudis","status":"publish","type":"page","link":"https:\/\/agora-eoi.xtec.cat\/eoirubi\/el-servei-educatiu\/pla-destudis\/","title":{"rendered":"Pla d&#8217;estudis"},"content":{"rendered":"<p>Les persones adultes poden estudiar idiomes moderns en r\u00e8gim oficial a les escoles oficials d&#8217;idiomes (EOI) en modalitat presencial o b\u00e9 a dist\u00e0ncia a l\u2019IOC Idiomes de l&#8217;Institut Obert de Catalunya.<\/p>\n<p>La matr\u00edcula oficial a les EOI d\u00f3na dret a assistir a classe i als ex\u00e0mens que permeten obtenir els certificats acreditatius corresponents. Aquests certificats tamb\u00e9 es poden obtenir en r\u00e8gim lliure.<\/p>\n<p>La Llei Org\u00e0nica 2\/2006, de 3 de maig, d&#8217;Educaci\u00f3, en el seu article 59.1, estableix que els ensenyaments del nivell b\u00e0sic tindran les caracter\u00edstiques i l&#8217;organitzaci\u00f3 que les administracions educatives determinin.<\/p>\n<p>El Reial Decret 1041\/2017, de 22 de desembre, estableix el curr\u00edculum b\u00e0sic dels nivells intermedi B1, intermedi B2,avan\u00e7at C1 i avan\u00e7at C2 dels ensenyaments d&#8217;idiomes de r\u00e8gim especial regulats per la Llei Org\u00e0nica 2\/2006, de 3 de maig, d&#8217; Educaci\u00f3.<\/p>\n<p>Tant el curr\u00edculum LOE com el curr\u00edculum LOMCE segueixen les recomanacions del Consell d\u2019Europa tal com es concreten en el Marc Europeu Com\u00fa de Refer\u00e8ncia \u00a0pera les Lleng\u00fces.<\/p>\n<p>Aquests ensenyaments s\u2019estructuren en diversos nivells segons l&#8217;idioma.<\/p>\n<ul>\n<li>B\u00e0sic A2<\/li>\n<li>Intermedi B1<\/li>\n<li>Intermedi B2<\/li>\n<li>Avan\u00e7at C1 d&#8217;alemany, d&#8217;angl\u00e8s, de catal\u00e0, de franc\u00e8s i d&#8217;itali\u00e0<\/li>\n<li>Avan\u00e7at C2 Catal\u00e0<\/li>\n<\/ul>\n<p>La finalitat dels ensenyaments d&#8217;idiomes \u00e9s capacitar l&#8217;alumnat per utilitzar l&#8217;idioma de manera efectiva com a vehicle de comunicaci\u00f3 general. Per assolir aquesta finalitat cal aconseguir els objectius seg\u00fcents:<\/p>\n<ul>\n<li>adquirir les habilitats b\u00e0siques receptives i productives, tant del llenguatge oral com de l&#8217;escrit;<\/li>\n<li>desenvolupar estrat\u00e8gies comunicatives en diferents \u00e0rees de comunicaci\u00f3;<\/li>\n<li>desenvolupar estrat\u00e8gies per a l&#8217;aprenentatge aut\u00f2nom i continu de lleng\u00fces, que puguin facilitar l&#8217;\u00fas de l&#8217;idioma en l&#8217;exercici d&#8217;activitats<\/li>\n<li>professionals i en altres \u00e0mbits de la cultura o d&#8217;inter\u00e8s personal, i<\/li>\n<li>desenvolupar actituds positives envers la diversitat ling\u00fc\u00edstica i el pluralisme cultural del m\u00f3n actual.<\/li>\n<\/ul>\n<p>Quan s&#8217;assoleixen els objectius finals del segon curs s&#8217;obt\u00e9 el certificat del nivell b\u00e0sic A2. Els certificats de nivell intermedi B1, intermedi B2, avan\u00e7at C1 i avan\u00e7at C2 de les EOI nom\u00e9s es poden obtenir si se superen les proves corresponents.<\/p>\n<p><span style=\"font-weight: 400;\">M\u00e9s informaci\u00f3:\u00a0<a href=\"http:\/\/queestudiar.gencat.cat\/ca\/estudis\/idiomes\" target=\"_blank\" rel=\"noopener noreferrer\">http:\/\/queestudiar.gencat.cat\/ca\/estudis\/idiomes<\/a><\/span><\/p>\n<h2>Curr\u00edculum<\/h2>\n<p>Els curr\u00edculums segueixen les recomanacions del Consell d&#8217;Europa tal com es concreten en el <em>Marc Europeu Com\u00fa de Refer\u00e8ncia per a les Lleng\u00fces<\/em> (MECR).<\/p>\n<p><a href=\"http:\/\/xtec.gencat.cat\/ca\/curriculum\/idiomes-a-les-eoi\/curriculum\/\" target=\"_blank\" rel=\"noopener noreferrer\">Enlla\u00e7 als curr\u00edculums.<\/a><\/p>\n","protected":false},"excerpt":{"rendered":"<p>Les persones adultes poden estudiar idiomes moderns en r\u00e8gim oficial a les escoles oficials d&#8217;idiomes (EOI) en modalitat presencial o b\u00e9 a dist\u00e0ncia a l\u2019IOC Idiomes de l&#8217;Institut Obert de Catalunya.<br \/>\nLa matr\u00edcula oficial a les EOI d\u00f3na dret a assistir a classe i als ex\u00e0mens&hellip;  <a href=\"https:\/\/agora-eoi.xtec.cat\/eoirubi\/el-servei-educatiu\/pla-destudis\/\" title=\"Read Pla d&#8217;estudis\">Llegeix m\u00e9s\u00bb<\/a><\/p>\n","protected":false},"author":1,"featured_media":0,"parent":806,"menu_order":40,"comment_status":"closed","ping_status":"closed","template":"page-templates\/side-menu.php","meta":{"_bbp_topic_count":0,"_bbp_reply_count":0,"_bbp_total_topic_count":0,"_bbp_total_reply_count":0,"_bbp_voice_count":0,"_bbp_anonymous_reply_count":0,"_bbp_topic_count_hidden":0,"_bbp_reply_count_hidden":0,"_bbp_forum_subforum_count":0,"footnotes":""},"class_list":["post-8613","page","type-page","status-publish","hentry"],"post_mailing_queue_ids":[],"_links":{"self":[{"href":"https:\/\/agora-eoi.xtec.cat\/eoirubi\/wp-json\/wp\/v2\/pages\/8613","targetHints":{"allow":["GET"]}}],"collection":[{"href":"https:\/\/agora-eoi.xtec.cat\/eoirubi\/wp-json\/wp\/v2\/pages"}],"about":[{"href":"https:\/\/agora-eoi.xtec.cat\/eoirubi\/wp-json\/wp\/v2\/types\/page"}],"author":[{"embeddable":true,"href":"https:\/\/agora-eoi.xtec.cat\/eoirubi\/wp-json\/wp\/v2\/users\/1"}],"replies":[{"embeddable":true,"href":"https:\/\/agora-eoi.xtec.cat\/eoirubi\/wp-json\/wp\/v2\/comments?post=8613"}],"version-history":[{"count":3,"href":"https:\/\/agora-eoi.xtec.cat\/eoirubi\/wp-json\/wp\/v2\/pages\/8613\/revisions"}],"predecessor-version":[{"id":9073,"href":"https:\/\/agora-eoi.xtec.cat\/eoirubi\/wp-json\/wp\/v2\/pages\/8613\/revisions\/9073"}],"up":[{"embeddable":true,"href":"https:\/\/agora-eoi.xtec.cat\/eoirubi\/wp-json\/wp\/v2\/pages\/806"}],"wp:attachment":[{"href":"https:\/\/agora-eoi.xtec.cat\/eoirubi\/wp-json\/wp\/v2\/media?parent=8613"}],"curies":[{"name":"wp","href":"https:\/\/api.w.org\/{rel}","templated":true}]}}