{"id":8455,"date":"2016-06-15T09:04:47","date_gmt":"2016-06-15T07:04:47","guid":{"rendered":"http:\/\/pwc-int.educacio.intranet\/agora_eoi\/eoi1\/?page_id=8455"},"modified":"2020-09-18T10:05:20","modified_gmt":"2020-09-18T08:05:20","slug":"angles","status":"publish","type":"page","link":"https:\/\/agora-eoi.xtec.cat\/eoirubi\/idiomes\/angles\/","title":{"rendered":"Angl\u00e8s"},"content":{"rendered":"<p>Dins d&#8217;angl\u00e8s, trobar\u00e0s:<\/p>\n<ul>\n<li><a title=\"Horaris i professorat\" href=\"https:\/\/agora-eoi.xtec.cat\/eoirubi\/idiomes\/angles\/horaris\/\">Horaris i professorat<\/a><\/li>\n<li><a title=\"Llibres i lectures\" href=\"https:\/\/agora-eoi.xtec.cat\/eoirubi\/idiomes\/angles\/llibres-i-lectures\/\">Llibres i lectures<\/a><\/li>\n<li><a title=\"Activitats culturals\" href=\"https:\/\/agora-eoi.xtec.cat\/eoirubi\/idiomes\/angles\/activitats-culturals\/\">Activitats culturals<\/a><\/li>\n<li><a title=\"Recursos d'autoaprenentatge\" href=\"https:\/\/agora-eoi.xtec.cat\/eoirubi\/idiomes\/angles\/recursos-dautoaprenentatge\/\">Recursos d&#8217;autoaprenentatge<\/a><\/li>\n<li><a title=\"Mostra de les proves\" href=\"https:\/\/agora-eoi.xtec.cat\/eoirubi\/idiomes\/angles\/mostra-de-les-proves\/\">Mostra de les proves<\/a><\/li>\n<\/ul>\n","protected":false},"excerpt":{"rendered":"<p>Dins d&#8217;angl\u00e8s, trobar\u00e0s:<\/p>\n<ul>\n<li><a title=\"Horaris i professorat\" href=\"https:\/\/agora-eoi.xtec.cat\/eoirubi\/idiomes\/angles\/horaris\/\">Horaris i professorat<\/a><\/li>\n<li><a title=\"Llibres i lectures\" href=\"https:\/\/agora-eoi.xtec.cat\/eoirubi\/idiomes\/angles\/llibres-i-lectures\/\">Llibres i lectures<\/a><\/li>\n<li><a title=\"Activitats culturals\" href=\"https:\/\/agora-eoi.xtec.cat\/eoirubi\/idiomes\/angles\/activitats-culturals\/\">Activitats culturals<\/a><\/li>\n<li><a title=\"Recursos d'autoaprenentatge\" href=\"https:\/\/agora-eoi.xtec.cat\/eoirubi\/idiomes\/angles\/recursos-dautoaprenentatge\/\">Recursos d&#8217;autoaprenentatge<\/a><\/li>\n<li><a title=\"Mostra de les proves\" href=\"https:\/\/agora-eoi.xtec.cat\/eoirubi\/idiomes\/angles\/mostra-de-les-proves\/\">Mostra de les proves<\/a><\/li>\n<\/ul>\n","protected":false},"author":1,"featured_media":0,"parent":8988,"menu_order":20,"comment_status":"closed","ping_status":"closed","template":"page-templates\/side-menu.php","meta":{"_bbp_topic_count":0,"_bbp_reply_count":0,"_bbp_total_topic_count":0,"_bbp_total_reply_count":0,"_bbp_voice_count":0,"_bbp_anonymous_reply_count":0,"_bbp_topic_count_hidden":0,"_bbp_reply_count_hidden":0,"_bbp_forum_subforum_count":0,"footnotes":""},"class_list":["post-8455","page","type-page","status-publish","hentry"],"post_mailing_queue_ids":[],"_links":{"self":[{"href":"https:\/\/agora-eoi.xtec.cat\/eoirubi\/wp-json\/wp\/v2\/pages\/8455","targetHints":{"allow":["GET"]}}],"collection":[{"href":"https:\/\/agora-eoi.xtec.cat\/eoirubi\/wp-json\/wp\/v2\/pages"}],"about":[{"href":"https:\/\/agora-eoi.xtec.cat\/eoirubi\/wp-json\/wp\/v2\/types\/page"}],"author":[{"embeddable":true,"href":"https:\/\/agora-eoi.xtec.cat\/eoirubi\/wp-json\/wp\/v2\/users\/1"}],"replies":[{"embeddable":true,"href":"https:\/\/agora-eoi.xtec.cat\/eoirubi\/wp-json\/wp\/v2\/comments?post=8455"}],"version-history":[{"count":3,"href":"https:\/\/agora-eoi.xtec.cat\/eoirubi\/wp-json\/wp\/v2\/pages\/8455\/revisions"}],"predecessor-version":[{"id":9176,"href":"https:\/\/agora-eoi.xtec.cat\/eoirubi\/wp-json\/wp\/v2\/pages\/8455\/revisions\/9176"}],"up":[{"embeddable":true,"href":"https:\/\/agora-eoi.xtec.cat\/eoirubi\/wp-json\/wp\/v2\/pages\/8988"}],"wp:attachment":[{"href":"https:\/\/agora-eoi.xtec.cat\/eoirubi\/wp-json\/wp\/v2\/media?parent=8455"}],"curies":[{"name":"wp","href":"https:\/\/api.w.org\/{rel}","templated":true}]}}