{"id":8414,"date":"2016-06-14T14:55:48","date_gmt":"2016-06-14T12:55:48","guid":{"rendered":"http:\/\/pwc-int.educacio.intranet\/agora_eoi\/eoi1\/?page_id=8414"},"modified":"2024-10-28T15:18:19","modified_gmt":"2024-10-28T14:18:19","slug":"biblioteca","status":"publish","type":"page","link":"https:\/\/agora-eoi.xtec.cat\/eoirubi\/serveis\/biblioteca\/","title":{"rendered":"Biblioteca"},"content":{"rendered":"<h6>Sala d&#8217;Estudi \/ Biblioteca:<\/h6>\n<p>La Sala d\u2019Estudi \/ Biblioteca de l\u2019Escola Oficial d\u2019Idiomes de Rub\u00ed \u00e9s un espai al servei de l\u2019alumnat del centre .T\u00e9 a la seva disposici\u00f3 llibres, revistes i material audiovisual en angl\u00e8s i franc\u00e8s. Entre d\u2019altres, l\u2019alumnat pot gaudir de diccionaris, gram\u00e0tiques, exercicis de suport i lectures guiades perqu\u00e8 l\u2019alumnat hi trobi les m\u00e9s adequades al seu nivell.<\/p>\n<h6>Horari de sala d&#8217;estudi i servei de pr\u00e9stec :<\/h6>\n<p>de dilluns a dijous de 15:30 a 20h<\/p>\n<p><strong>Novetat!<\/strong><\/p>\n<p>Podeu consultar el cat\u00e0leg i la disponibilitat dels llibres online fent clic <a href=\"https:\/\/aplicacions.gestioeducativa.gencat.cat\/epergam\/web\/biblioteca.jsp\">aqu\u00ed<\/a><\/p>\n<p>Si no disposeu o desconeixeu el vostre n\u00famero d&#8217;eP\u00e8rgam demaneu-lo a consergeria de l&#8217;escola.<\/p>\n<p><strong>Servei de pr\u00e9stec<\/strong><\/p>\n<ul>\n<li>Estar\u00e0 en funcionament sempre que hi hagi una persona responsable.<\/li>\n<li>Caldr\u00e0 identificar-se amb el carnet d\u2019estudiant de l\u2019escola.<\/li>\n<li>Es podran treure en pr\u00e9stec dos llibres alhora, per un termini de 15 dies, prorrogables.<\/li>\n<li>Es podran treure dos DVD alhora, per un termini de 15 dies.<\/li>\n<li>L\u2019alumnat es fa responsable de retornar el material en bon estat i en cas de p\u00e8rdua o si es retorna el material malm\u00e8s, l\u2019usuari haur\u00e0 de reposar-ho o abonar el seu import.<\/li>\n<\/ul>\n<p>La devoluci\u00f3 del material en pr\u00e9stec tamb\u00e9 es pot fer a consergeria durant el funcionament de l\u2019escola.<\/p>\n","protected":false},"excerpt":{"rendered":"<p>Sala d&#8217;Estudi \/ Biblioteca:<br \/>\nLa Sala d\u2019Estudi \/ Biblioteca de l\u2019Escola Oficial d\u2019Idiomes de Rub\u00ed \u00e9s un espai al servei de l\u2019alumnat del centre .T\u00e9 a la seva disposici\u00f3 llibres, revistes i material audiovisual en angl\u00e8s i franc\u00e8s. Entre d\u2019altres, l\u2019alumnat pot gaudir de diccionaris, gram\u00e0tiques,&hellip;  <a href=\"https:\/\/agora-eoi.xtec.cat\/eoirubi\/serveis\/biblioteca\/\" title=\"Read Biblioteca\">Llegeix m\u00e9s\u00bb<\/a><\/p>\n","protected":false},"author":1,"featured_media":0,"parent":8411,"menu_order":30,"comment_status":"closed","ping_status":"closed","template":"page-templates\/side-menu.php","meta":{"_bbp_topic_count":0,"_bbp_reply_count":0,"_bbp_total_topic_count":0,"_bbp_total_reply_count":0,"_bbp_voice_count":0,"_bbp_anonymous_reply_count":0,"_bbp_topic_count_hidden":0,"_bbp_reply_count_hidden":0,"_bbp_forum_subforum_count":0,"footnotes":""},"class_list":["post-8414","page","type-page","status-publish","hentry"],"post_mailing_queue_ids":[],"_links":{"self":[{"href":"https:\/\/agora-eoi.xtec.cat\/eoirubi\/wp-json\/wp\/v2\/pages\/8414","targetHints":{"allow":["GET"]}}],"collection":[{"href":"https:\/\/agora-eoi.xtec.cat\/eoirubi\/wp-json\/wp\/v2\/pages"}],"about":[{"href":"https:\/\/agora-eoi.xtec.cat\/eoirubi\/wp-json\/wp\/v2\/types\/page"}],"author":[{"embeddable":true,"href":"https:\/\/agora-eoi.xtec.cat\/eoirubi\/wp-json\/wp\/v2\/users\/1"}],"replies":[{"embeddable":true,"href":"https:\/\/agora-eoi.xtec.cat\/eoirubi\/wp-json\/wp\/v2\/comments?post=8414"}],"version-history":[{"count":5,"href":"https:\/\/agora-eoi.xtec.cat\/eoirubi\/wp-json\/wp\/v2\/pages\/8414\/revisions"}],"predecessor-version":[{"id":10527,"href":"https:\/\/agora-eoi.xtec.cat\/eoirubi\/wp-json\/wp\/v2\/pages\/8414\/revisions\/10527"}],"up":[{"embeddable":true,"href":"https:\/\/agora-eoi.xtec.cat\/eoirubi\/wp-json\/wp\/v2\/pages\/8411"}],"wp:attachment":[{"href":"https:\/\/agora-eoi.xtec.cat\/eoirubi\/wp-json\/wp\/v2\/media?parent=8414"}],"curies":[{"name":"wp","href":"https:\/\/api.w.org\/{rel}","templated":true}]}}