{"id":8377,"date":"2016-06-13T13:50:10","date_gmt":"2016-06-13T11:50:10","guid":{"rendered":"http:\/\/pwc-int.educacio.intranet\/agora_eoi\/eoi1\/?page_id=8377"},"modified":"2026-02-18T16:52:51","modified_gmt":"2026-02-18T15:52:51","slug":"expedicio-certificats-i-titols","status":"publish","type":"page","link":"https:\/\/agora-eoi.xtec.cat\/eoirubi\/secretaria\/expedicio-certificats-i-titols\/","title":{"rendered":"Expedici\u00f3 certificats i t\u00edtols"},"content":{"rendered":"<h6>Certificat de Nivell B\u00e0sic A2<\/h6>\n<p>El Certificat de Nivell B\u00e0sic s\u2019obt\u00e9 en acabar i aprovar el segon nivell.<br \/>\nL\u2019expedeix l\u2019Escola Oficial d\u2019Idiomes on s\u2019ha examinat l\u2019alumne.<\/p>\n<h6>Certificat de Nivell Intermedi B1<\/h6>\n<p>El Certificat de Nivell B1 s\u2019obt\u00e9 en acabar i aprovar el tercer nivell.<br \/>\nL\u2019expedeix l\u2019Escola Oficial d\u2019Idiomes on s\u2019ha examinat l\u2019alumne.<\/p>\n<h6>Per\u00edode de lliurament A2 i B1<\/h6>\n<p>Certificat de Nivell B\u00e0sic i de Nivell Intermedi B1<br \/>\nEs lliurar\u00e0 a partir del mes de juliol (vegeu horari d\u2019atenci\u00f3 al p\u00fablic), tot presentant el DNI de la persona interessada. En cap cas es lliuraran certificats durant el per\u00edode de matr\u00edcula al setembre.<\/p>\n<p>En cas que no pugueu recollir personalment el t\u00edtol, podreu autoritzar a una altra persona, la qual, a m\u00e9s del seu DNI haur\u00e0 de presentar la seg\u00fcent documentaci\u00f3:<\/p>\n<ul>\n<li>Document acreditatiu de l\u2019autoritzaci\u00f3.<\/li>\n<li>Fotoc\u00f2pia simple del DNI del\/de la sol\u2022licitant del t\u00edtol.<\/li>\n<\/ul>\n<h6>T\u00edtol de Nivell Intermedi B2 i Nivell Avan\u00e7at C1<\/h6>\n<p>El t\u00edtol de Nivell B2 i Nivell Avan\u00e7at C1, l\u2019expedeix el Departament d\u2019Educaci\u00f3, pr\u00e8via sol\u00b7licitud i abonament de les taxes corresponents per part de la persona aprovada.<br \/>\nLa tramitaci\u00f3 s\u2019ha de fer a la web del Departament\u00a0<a href=\"https:\/\/tramits.gencat.cat\/ca\/tramits\/tramits-temes\/titols-academics-no-universitaris?category=742b7874-a82c-11e3-a972-000c29052e2c\">enlla\u00e7<\/a>.<\/p>\n<h6>Tramitaci\u00f3 de t\u00edtol Nivell Intermedi B2 i Nivell Avan\u00e7at C1<\/h6>\n<h2 data-path-to-node=\"4,0\">\ud83d\udce2 Canvi en la tramitaci\u00f3 dels t\u00edtols B2 i C1<\/h2>\n<p data-path-to-node=\"4,1\">Us informem que, seguint les noves directrius del\u00a0<b data-path-to-node=\"4,1\" data-index-in-node=\"50\">Departament d\u2019Educaci\u00f3<\/b>, s\u2019ha modificat el procediment per sol\u00b7licitar els certificats de nivell\u00a0<b data-path-to-node=\"4,1\" data-index-in-node=\"146\">B2 i C1<\/b>.<\/p>\n<p data-path-to-node=\"4,2\">A partir d\u2019ara, cal seguir aquests passos:<\/p>\n<ol start=\"1\" data-path-to-node=\"4,3\">\n<li>\n<p data-path-to-node=\"4,3,0,0\"><b data-path-to-node=\"4,3,0,0\" data-index-in-node=\"0\">Sol\u00b7licitud en l\u00ednia:<\/b>\u00a0Empleneu el formulari oficial a trav\u00e9s de la web del Departament\u00a0<a href=\"https:\/\/tramits.gencat.cat\/ca\/tramits\/tramits-temes\/titols-academics-no-universitaris?category=742b7874-a82c-11e3-a972-000c29052e2c\">enlla\u00e7<\/a>.<\/p>\n<\/li>\n<li>\n<p data-path-to-node=\"4,3,1,0\"><b data-path-to-node=\"4,3,1,0\" data-index-in-node=\"0\">Notificaci\u00f3 al centre:<\/b>\u00a0Un cop finalitzat el tr\u00e0mit, \u00e9s imprescindible enviar un correu electr\u00f2nic a\u00a0<b data-path-to-node=\"4,3,1,0\" data-index-in-node=\"100\">eoirubi<span class=\"\">@<\/span>xtec.cat<\/b>\u00a0confirmant la tramitaci\u00f3 de la sol\u00b7licitud.<\/p>\n<\/li>\n<\/ol>\n<p>En el moment que l\u2019escola rebi el t\u00edtol, s\u2019avisa per correu electr\u00f2nic als interessats. (El t\u00edtol acostuma a trigar aproximadament un any , per\u00f2 el resguard t\u00e9 la mateixa validesa.)<\/p>\n<p>Els t\u00edtols s\u2019han de recollir personalment a la secretaria del centre presentant el DNI, NIE o passaport i el resguard de pagament de les taxes.<\/p>\n<h6>TIPUS DE TAXES\u00a0 ( aquestes\u00a0 taxes poden haver canviat)<\/h6>\n<ul>\n<li>Ordin\u00e0ria: 78 \u20ac<\/li>\n<li>Fam\u00edlies nombroses generals o monoparentals: 39 \u20ac<\/li>\n<li>Fam\u00edlies nombroses de categoria especial: Exempts<\/li>\n<li>Discapacitat igual o superior al 33%: Exempts<\/li>\n<\/ul>\n","protected":false},"excerpt":{"rendered":"<p>Certificat de Nivell B\u00e0sic A2<br \/>\nEl Certificat de Nivell B\u00e0sic s\u2019obt\u00e9 en acabar i aprovar el segon nivell.<br \/>\nL\u2019expedeix l\u2019Escola Oficial d\u2019Idiomes on s\u2019ha examinat l\u2019alumne.<br \/>\nCertificat de Nivell Intermedi B1<br \/>\nEl Certificat de Nivell B1 s\u2019obt\u00e9 en acabar i aprovar el tercer nivell.<br \/>\nL\u2019expedeix l\u2019Escola Oficial d\u2019Idiomes on s\u2019ha&hellip;  <a href=\"https:\/\/agora-eoi.xtec.cat\/eoirubi\/secretaria\/expedicio-certificats-i-titols\/\" title=\"Read Expedici\u00f3 certificats i t\u00edtols\">Llegeix m\u00e9s\u00bb<\/a><\/p>\n","protected":false},"author":1,"featured_media":0,"parent":8358,"menu_order":40,"comment_status":"closed","ping_status":"closed","template":"page-templates\/side-menu.php","meta":{"_bbp_topic_count":0,"_bbp_reply_count":0,"_bbp_total_topic_count":0,"_bbp_total_reply_count":0,"_bbp_voice_count":0,"_bbp_anonymous_reply_count":0,"_bbp_topic_count_hidden":0,"_bbp_reply_count_hidden":0,"_bbp_forum_subforum_count":0,"footnotes":""},"class_list":["post-8377","page","type-page","status-publish","hentry"],"post_mailing_queue_ids":[],"_links":{"self":[{"href":"https:\/\/agora-eoi.xtec.cat\/eoirubi\/wp-json\/wp\/v2\/pages\/8377","targetHints":{"allow":["GET"]}}],"collection":[{"href":"https:\/\/agora-eoi.xtec.cat\/eoirubi\/wp-json\/wp\/v2\/pages"}],"about":[{"href":"https:\/\/agora-eoi.xtec.cat\/eoirubi\/wp-json\/wp\/v2\/types\/page"}],"author":[{"embeddable":true,"href":"https:\/\/agora-eoi.xtec.cat\/eoirubi\/wp-json\/wp\/v2\/users\/1"}],"replies":[{"embeddable":true,"href":"https:\/\/agora-eoi.xtec.cat\/eoirubi\/wp-json\/wp\/v2\/comments?post=8377"}],"version-history":[{"count":6,"href":"https:\/\/agora-eoi.xtec.cat\/eoirubi\/wp-json\/wp\/v2\/pages\/8377\/revisions"}],"predecessor-version":[{"id":10777,"href":"https:\/\/agora-eoi.xtec.cat\/eoirubi\/wp-json\/wp\/v2\/pages\/8377\/revisions\/10777"}],"up":[{"embeddable":true,"href":"https:\/\/agora-eoi.xtec.cat\/eoirubi\/wp-json\/wp\/v2\/pages\/8358"}],"wp:attachment":[{"href":"https:\/\/agora-eoi.xtec.cat\/eoirubi\/wp-json\/wp\/v2\/media?parent=8377"}],"curies":[{"name":"wp","href":"https:\/\/api.w.org\/{rel}","templated":true}]}}