{"id":8372,"date":"2016-06-13T13:41:51","date_gmt":"2016-06-13T11:41:51","guid":{"rendered":"http:\/\/pwc-int.educacio.intranet\/agora_eoi\/eoi1\/?page_id=8372"},"modified":"2025-07-17T08:29:05","modified_gmt":"2025-07-17T06:29:05","slug":"normes-administratives","status":"publish","type":"page","link":"https:\/\/agora-eoi.xtec.cat\/eoirubi\/el-servei-educatiu\/normes-administratives\/","title":{"rendered":"Normes administratives"},"content":{"rendered":"<p><a href=\"https:\/\/agora-eoi.xtec.cat\/eoirubi\/wp-content\/uploads\/usu2255\/2025\/07\/Normativa_Alumnat_25-26.pdf\">Pots descarregar-les aqu\u00ed.<\/a><\/p>\n<p><strong>MATR\u00cdCULA<\/strong><\/p>\n<p>El calendari i proc\u00e9s de matr\u00edcula de les escoles oficials d\u2019idiomes seguir\u00e0 les instruccions de la secci\u00f3 d\u2019escolaritzaci\u00f3 del Departament d\u2019Ensenyament, que concreten el seguit processos necessaris per dur a terme la matr\u00edcula d\u2019antics alumnes, el mes de juliol, i la preinscripci\u00f3 i matr\u00edcula de nous alumnes, el mes de setembre.<\/p>\n<p style=\"text-align: left;\"><strong>CANVI D\u2019HORARI<\/strong><\/p>\n<p style=\"text-align: left;\">Demaneu una inst\u00e0ncia a secretaria o baixeu-la de la nostra p\u00e0gina web a l\u2019apartat de secretaria, empleneu-la i lliureu-la presencialment o per correu electr\u00f2nic a secretaria. Les inst\u00e0ncies seran numerades per estricte ordre de lliurament. La\/El cap d\u2019estudis considerar\u00e0 els canvis en aquest mateix ordre, sempre segons les places disponibles. La primera setmana de desembre es comunicar\u00e0 si aquest canvi s\u2019ha concedit.<\/p>\n<p style=\"text-align: left;\">El fet de sol\u00b7licitar un canvi d\u2019horari no implica que aquest canvi es pugui concedir.<br \/>\nEl professorat nom\u00e9s acceptar\u00e0 nous alumnes si tenen el canvi concedit.<\/p>\n<p style=\"text-align: left;\"><strong>TRASLLATS<\/strong><\/p>\n<p style=\"text-align: left;\">Quan l&#8217;alumne\/a ja est\u00e0 matriculat en una EOI i es vol traslladar a un altre centre un cop comen\u00e7at el curs, ha de sol\u00b7licitar un trasllat de &#8220;matr\u00edcula viva&#8221; al centre de destinaci\u00f3. Aquest tr\u00e0mit es far\u00e0 mitjan\u00e7ant el model \u201cSol\u00b7licitud de trasllat d\u2019expedient\u201d i quedar\u00e0 condicionat a la disponibilitat de places en el centre de dest\u00ed. El termini per efectuar aquest trasllat finalitzar\u00e0 l&#8217;\u00faltim dia lectiu del mes d\u2019abril.<\/p>\n<p style=\"text-align: left;\"><strong>Trasllat de l\u2019alumne en per\u00edode no lectiu<\/strong><\/p>\n<p style=\"text-align: left;\">Els alumnes oficials, un cop hagin formalitzat la matr\u00edcula al seu centre d\u2019origen, poden sol\u00b7licitar un trasllat de matr\u00edcula a una altra escola al mes de juliol d\u2019acord amb el calendari establert. La sol\u00b7licitud es far\u00e0 presencialment a l\u2019escola de destinaci\u00f3, i quedar\u00e0 condicionada a la disponibilitat de places de l\u2019escola de dest\u00ed. L\u2019escola de destinaci\u00f3 es posar\u00e0 en contacte amb els alumnes, a trav\u00e9s dels mitjans que estableixi, per notificar l\u2019acceptaci\u00f3 o la denegaci\u00f3 del trasllat. En cas que s\u2019accepti, caldr\u00e0 tramitar el trasllat d\u2019expedient a l\u2019escola d\u2019origen.<\/p>\n<p><strong>REN\u00daNCIES<\/strong><\/p>\n<p style=\"text-align: left;\">a) L\u2019alumne oficial podr\u00e0 renunciar a la matr\u00edcula oficial quan es vegi en la impossibilitat de continuar assistint a classe amb regularitat. Caldr\u00e0 emplenar un formulari de sol\u00b7licitud que trobareu a la nostra p\u00e0gina web, adjuntar el resguard de matr\u00edcula i presentar-ho a secretaria. El termini per lliurar la sol\u00b7licitud \u00e9s <strong>el 28 novembre.<\/strong><br \/>\nAquesta ren\u00fancia no suposar\u00e0 el c\u00f2mput del curs a efectes de repetici\u00f3, ni el dret de retorn de cap taxa. Amb posterioritat al termini de renuncia establert, si un alumne\/a oficial abandona, el curs computar\u00e0 a efectes de repetici\u00f3 i l\u2019alumne tindr\u00e0 la consideraci\u00f3 de \u201cno presentat\u201d en la qualificaci\u00f3 final.<\/p>\n<p style=\"text-align: left;\">La reserva de pla\u00e7a per al curs seg\u00fcent nom\u00e9s es concedir\u00e0 en els casos seg\u00fcents:<\/p>\n<p style=\"text-align: left;\">-Canvi de domicili i localitat<br \/>\n-Canvi d&#8217;horari laboral o d&#8217;estudis que impliqui incompatibilitat amb l\u2019horari de l\u2019EOI<\/p>\n<p style=\"text-align: left;\">Altres casos que la comissi\u00f3 consideri justificats.<\/p>\n<p style=\"text-align: left;\">Els alumnes als quals se\u2019ls ha concedit ren\u00fancia amb reserva de pla\u00e7a que no es matriculin el curs seg\u00fcent perdran autom\u00e0ticament la seva pla\u00e7a. Les places dels alumnes que han renunciat quedaran a disposici\u00f3 del centre per ser permutades amb les dels alumnes que sol\u00b7licitin un canvi de grup o per a trasllats.<\/p>\n<p style=\"text-align: left;\">b) Qualsevol persona que tingui un expedient acad\u00e8mic obert en una escola oficial d\u2019idiomes podr\u00e0 sol\u00b7licitar a la direcci\u00f3 de l\u2019escola la ren\u00fancia a un dels cursos acad\u00e8mics superats en aquell idioma, sempre que no siguin cursos que hagin comportat l\u2019obtenci\u00f3 d\u2019un certificat. El curs renunciat computar\u00e0 a efectes de repetici\u00f3.<\/p>\n<p style=\"text-align: left;\">L\u2019alumnat que hagi renunciat al curs dins el termini establert i que vulgui matricular-se per al curs seg\u00fcent, ho podr\u00e0 fer al mes de juliol del curs renunciat en el dia que li pertoqui d\u2019acord amb el calendari de matriculaci\u00f3 d\u2019antic alumnat que es fa p\u00fablic a la p\u00e0gina web del centre.<\/p>\n<p style=\"text-align: left;\">Nom\u00e9s es podr\u00e0 demanar una ren\u00fancia per curs.<\/p>\n<p><strong>PERMAN\u00c8NCIA EN ELS ESTUDIS I CONVOCAT\u00d2RIA ADDICIONAL.<\/strong><\/p>\n<p style=\"text-align: left;\">L\u2019alumnat t\u00e9 dret a romandre matriculat en el r\u00e8gim d\u2019ensenyament oficial, modalitat presencial, durant un m\u00e0xim de cursos acad\u00e8mics equivalents al doble dels cursos de qu\u00e8 consta el nivell per a l\u2019idioma corresponent. En casos excepcionals a valorar per la direcci\u00f3 de l\u2019escola, i sempre que no representi fer el mateix curs per quarta vegada, la direcci\u00f3 podr\u00e0 autoritzar la repetici\u00f3 o perman\u00e8ncia d\u2019un curs m\u00e9s en r\u00e8gim oficial presencial a l\u2019alumnat que ho sol\u00b7liciti quan ja hagi superat el nombre m\u00e0xim de cursos de perman\u00e8ncia autoritzats amb car\u00e0cter general per al nivell corresponent.<br \/>\nEs podr\u00e0 concedir una \u00fanica convocat\u00f2ria addicional per nivell.<\/p>\n<p style=\"text-align: left;\"><strong>ALUMNES MENORS D\u2019EDAT<\/strong><\/p>\n<p style=\"text-align: left;\">En cas d\u2019abs\u00e8ncia sobrevinguda del professor\/a i de no disposar de l\u2019autoritzaci\u00f3 per NO haver de romandre al centre, l\u2019alumne\/a menor haur\u00e0 de romandre a la consergeria del centre durant el seu horari lectiu.<\/p>\n<p style=\"text-align: left;\"><strong>ABS\u00c8NCIA DEL PROFESSORAT<\/strong><\/p>\n<p style=\"text-align: left;\">Quan es produeixin faltes d\u2019assist\u00e8ncia del professorat, la direcci\u00f3 del centre n\u2019informar\u00e0 a l\u2019alumnat mitjan\u00e7ant una notificaci\u00f3 als taulers d\u2019anuncis del centre, i si escau al web del centre: http:\/\/www.xtec.cat\/eoirubi , i\/o altres mitjans establerts a tal efecte.<\/p>\n<p style=\"text-align: left;\"><strong>NORMATIVA DE SALUT LABORAL I P\u00daBLICA<\/strong><\/p>\n<p style=\"text-align: left;\">Seguint la normativa vigent, s\u2019informa als alumnes que est\u00e0 prohibit fumar en totes les depend\u00e8ncies de l\u2019escola ( pati\/aparcament) incl\u00f2s.<\/p>\n<p style=\"text-align: left;\"><strong>UTILITZACI\u00d3 DE TELEFONIA M\u00d2BIL AL CENTRE<\/strong><\/p>\n<p style=\"text-align: left;\">No \u00e9s perm\u00e8s l\u2019\u00fas de tel\u00e8fons m\u00f2bils a les aules.<\/p>\n<p style=\"text-align: left;\"><strong>EXAMEN FINAL<\/strong><\/p>\n<p style=\"text-align: left;\">La direcci\u00f3 del centre publica amb antelaci\u00f3, el calendari de proves finals als taulers del centre i al web. \u00c9s obligaci\u00f3 de l\u2019alumne assabentar-se de les dates dels seus ex\u00e0mens i presentar-s\u2019hi puntualment.<\/p>\n<p style=\"text-align: left;\">En cas que un alumne no es pugui presentar a un examen per causa de for\u00e7a major, haur\u00e0 de sol\u00b7licitar un canvi en la data d\u2019examen. Aquesta sol\u00b7licitud s&#8217;haur\u00e0 de fer per escrit mitjan\u00e7ant una inst\u00e0ncia adre\u00e7ada a la direcci\u00f3 del centre i s&#8217;hi haur\u00e0 d&#8217;adjuntar un justificant acreditatiu de la impossibilitat de realitzar l&#8217;examen. Nom\u00e9s es consideraran les inst\u00e0ncies justificades documentalment. Correspon a la direcci\u00f3 del centre resoldre les sol\u00b7licituds.<\/p>\n<p style=\"text-align: left;\"><strong>RECLAMACIONS SOBRE LES QUALIFICACIONS<\/strong><\/p>\n<p style=\"text-align: left;\">Les eventuals reclamacions sobre qualificacions finals es dirigiran per escrit (on es faran constar els motius al\u00b7legats per fer la reclamaci\u00f3) a la direcci\u00f3 del centre i s\u2019hauran de presentar el mateix dia o l\u2019endem\u00e0 a partir de la publicaci\u00f3 de les qualificacions (Ordre EDU\/34\/2009 de 30 de gener per la qual s\u2019organitzen les proves espec\u00edfiques de certificaci\u00f3 dels nivells intermedi i avan\u00e7at dels ensenyaments d\u2019idiomes de r\u00e8gim especial que s\u2019imparteixen a les escoles oficials d\u2019idiomes). No s\u2019admetran reclamacions fora del termini establert.<\/p>\n<p style=\"text-align: left;\">La direcci\u00f3 del centre traslladar\u00e0 la reclamaci\u00f3 al departament corresponent que, en reuni\u00f3 convocada a aquest efecte, estudiar\u00e0 si la qualificaci\u00f3 s\u2019ha fet d\u2019acord amb els criteris establerts pel departament. La direcci\u00f3, a la vista de la proposta del departament, resoldr\u00e0 la reclamaci\u00f3, que ser\u00e0 publicada als taulers del centre en una data anunciada. En cas que sigui acceptada es modificar\u00e0, en dilig\u00e8ncia signada per la direcci\u00f3, l\u2019acta d\u2019avaluaci\u00f3 corresponent.<\/p>\n<p style=\"text-align: left;\">A la resoluci\u00f3 que el centre doni a la reclamaci\u00f3 es podr\u00e0 presentar un recurs per escrit dirigit la Direcci\u00f3 General d\u2019Ordenaci\u00f3 i Innovaci\u00f3 Educativa que es presentar\u00e0 a la direcci\u00f3 del centre, en el termini de cinc dies h\u00e0bils a partir de l\u2019endem\u00e0 de la notificaci\u00f3 de la resoluci\u00f3. Podran presentar recurs tant l\u2019alumne<br \/>\n(o els seus representants legals, si \u00e9s menor d\u2019edat) com el professor responsable de la qualificaci\u00f3 impugnada.<\/p>\n<p><strong>CERTIFICACIONS i T\u00cdTOLS<\/strong><\/p>\n<p style=\"text-align: left;\"><strong>Certificat de Nivell B\u00e0sic A2<\/strong><\/p>\n<p style=\"text-align: left;\">El Certificat de Nivell B\u00e0sic ser\u00e0 expedit per l\u2019Escola Oficial d\u2019Idiomes on la persona candidata hagi formalitzat la matr\u00edcula i quan hagi aprovat el segon nivell. Es pot recollir al Departament d\u2019Alumnat despr\u00e9s d\u2019haver-hi consultat el termini de lliurament.<br \/>\nDurant el mes de juliol es podr\u00e0 passar a recollir.<\/p>\n<p style=\"text-align: left;\"><strong>Certificat de Nivell Intermedi B1<\/strong><\/p>\n<p style=\"text-align: left;\">El Certificat de Nivell Intermedi B1 ser\u00e0 expedit per l\u2019Escola Oficial d\u2019Idiomes on la persona candidata hagi formalitzat la matr\u00edcula i hagi realitzat la prova. Un cop superat l\u2019examen, es pot recollir al Departament d\u2019Alumnat despr\u00e9s d\u2019haver-hi consultat el termini de lliurament.<br \/>\nDurant el mes de juliol es podr\u00e0 passar a recollir.<\/p>\n<p style=\"text-align: left;\"><strong>T\u00edtol de Nivell Intermedi B2<\/strong><\/p>\n<p style=\"text-align: left;\">El t\u00edtol de Nivell Intermedi B2 , l\u2019expedeix el Departament d\u2019Ensenyament, pr\u00e8via sol\u00b7licitud i abonament de les taxes corresponents per part de la persona aprovada.<br \/>\nLa tramitaci\u00f3 s\u2019ha de fer a Secretaria.<\/p>\n<p style=\"text-align: left;\"><strong>T\u00edtol de Nivell Avan\u00e7at C1<\/strong><\/p>\n<p style=\"text-align: left;\">El t\u00edtol de C1, l\u2019expedeix el Departament d\u2019Ensenyament, pr\u00e8via sol\u00b7licitud i abonament de les taxes corresponents per part de la persona aprovada.<br \/>\nLa tramitaci\u00f3 s\u2019ha de fer a Secretaria.<\/p>\n<p style=\"text-align: left;\"><span style=\"background-color: #ffff99;\"><strong>Atenci\u00f3: <\/strong><strong>Durant el mes de setembre poden haver retards en el lliurament de certificats, degut a les preinscripcions i matr\u00edcula de nous alumnes.<\/strong><\/span><\/p>\n","protected":false},"excerpt":{"rendered":"<p><a href=\"https:\/\/agora-eoi.xtec.cat\/eoirubi\/wp-content\/uploads\/usu2255\/2025\/07\/Normativa_Alumnat_25-26.pdf\">Pots descarregar-les aqu\u00ed.<\/a><br \/>\nMATR\u00cdCULA<br \/>\nEl calendari i proc\u00e9s de matr\u00edcula de les escoles oficials d\u2019idiomes seguir\u00e0 les instruccions de la secci\u00f3 d\u2019escolaritzaci\u00f3 del Departament d\u2019Ensenyament, que concreten el seguit processos necessaris per dur a terme la matr\u00edcula d\u2019antics alumnes, el mes de juliol, i la preinscripci\u00f3&hellip;  <a href=\"https:\/\/agora-eoi.xtec.cat\/eoirubi\/el-servei-educatiu\/normes-administratives\/\" title=\"Read Normes administratives\">Llegeix m\u00e9s\u00bb<\/a><\/p>\n","protected":false},"author":1,"featured_media":0,"parent":806,"menu_order":50,"comment_status":"closed","ping_status":"closed","template":"page-templates\/side-menu.php","meta":{"_bbp_topic_count":0,"_bbp_reply_count":0,"_bbp_total_topic_count":0,"_bbp_total_reply_count":0,"_bbp_voice_count":0,"_bbp_anonymous_reply_count":0,"_bbp_topic_count_hidden":0,"_bbp_reply_count_hidden":0,"_bbp_forum_subforum_count":0,"footnotes":""},"class_list":["post-8372","page","type-page","status-publish","hentry"],"post_mailing_queue_ids":[],"_links":{"self":[{"href":"https:\/\/agora-eoi.xtec.cat\/eoirubi\/wp-json\/wp\/v2\/pages\/8372","targetHints":{"allow":["GET"]}}],"collection":[{"href":"https:\/\/agora-eoi.xtec.cat\/eoirubi\/wp-json\/wp\/v2\/pages"}],"about":[{"href":"https:\/\/agora-eoi.xtec.cat\/eoirubi\/wp-json\/wp\/v2\/types\/page"}],"author":[{"embeddable":true,"href":"https:\/\/agora-eoi.xtec.cat\/eoirubi\/wp-json\/wp\/v2\/users\/1"}],"replies":[{"embeddable":true,"href":"https:\/\/agora-eoi.xtec.cat\/eoirubi\/wp-json\/wp\/v2\/comments?post=8372"}],"version-history":[{"count":7,"href":"https:\/\/agora-eoi.xtec.cat\/eoirubi\/wp-json\/wp\/v2\/pages\/8372\/revisions"}],"predecessor-version":[{"id":9919,"href":"https:\/\/agora-eoi.xtec.cat\/eoirubi\/wp-json\/wp\/v2\/pages\/8372\/revisions\/9919"}],"up":[{"embeddable":true,"href":"https:\/\/agora-eoi.xtec.cat\/eoirubi\/wp-json\/wp\/v2\/pages\/806"}],"wp:attachment":[{"href":"https:\/\/agora-eoi.xtec.cat\/eoirubi\/wp-json\/wp\/v2\/media?parent=8372"}],"curies":[{"name":"wp","href":"https:\/\/api.w.org\/{rel}","templated":true}]}}