{"id":8370,"date":"2016-06-13T13:38:46","date_gmt":"2016-06-13T11:38:46","guid":{"rendered":"http:\/\/pwc-int.educacio.intranet\/agora_eoi\/eoi1\/?page_id=8370"},"modified":"2026-02-06T09:10:40","modified_gmt":"2026-02-06T08:10:40","slug":"instancies-i-solicituts","status":"publish","type":"page","link":"https:\/\/agora-eoi.xtec.cat\/eoirubi\/secretaria\/instancies-i-solicituts\/","title":{"rendered":"Inst\u00e0ncies i sol\u00b7licituds"},"content":{"rendered":"<p align=\"justify\">Per facilitar la realitzaci\u00f3 de gestions administratives podeu descarregar-vos les seg\u00fcents inst\u00e0ncies i sol\u00b7licituds. Ompliu-les i lliureu-les a secretaria, tot aportant la documentaci\u00f3 requerida per cada gesti\u00f3.<\/p>\n<ul>\n<li><a href=\"https:\/\/agora-eoi.xtec.cat\/eoirubi\/wp-content\/uploads\/usu2255\/2025\/01\/Instancia.pdf\" target=\"_blank\" rel=\"noopener noreferrer\">Inst\u00e0ncia<\/a><\/li>\n<li><a href=\"https:\/\/agora-eoi.xtec.cat\/eoirubi\/wp-content\/uploads\/usu2255\/2025\/01\/Sollicitud_Trasllat_Expedient.pdf\" target=\"_blank\" rel=\"noopener noreferrer\">Sol.licitud de Trasllat d&#8217;Expedient<\/a><\/li>\n<li><a href=\"https:\/\/forms.gle\/YPfpp6uhFmbYtfi86\">Sol\u00b7licitud certificats<\/a><\/li>\n<li><a href=\"https:\/\/agora-eoi.xtec.cat\/eoirubi\/wp-content\/uploads\/usu2255\/2025\/01\/Sollicitud_Renuncia.pdf\" target=\"_blank\" rel=\"noopener noreferrer\">Sol.licitud de Ren\u00fancia<\/a><\/li>\n<li><a href=\"https:\/\/agora-eoi.xtec.cat\/eoirubi\/wp-content\/uploads\/usu2255\/2025\/01\/Canvi_Horari-1.pdf\" target=\"_blank\" rel=\"noopener noreferrer\">Sol.licitud de Canvi d&#8217;horari<\/a><\/li>\n<\/ul>\n<h2 data-path-to-node=\"4,0\">\ud83d\udce2 Canvi en la tramitaci\u00f3 dels t\u00edtols B2 i C1<\/h2>\n<p data-path-to-node=\"4,1\">Us informem que, seguint les noves directrius del <b data-path-to-node=\"4,1\" data-index-in-node=\"50\">Departament d\u2019Educaci\u00f3<\/b>, s\u2019ha modificat el procediment per sol\u00b7licitar els certificats de nivell <b data-path-to-node=\"4,1\" data-index-in-node=\"146\">B2 i C1<\/b>.<\/p>\n<p data-path-to-node=\"4,2\">A partir d&#8217;ara, cal seguir aquests passos:<\/p>\n<ol start=\"1\" data-path-to-node=\"4,3\">\n<li>\n<p data-path-to-node=\"4,3,0,0\"><b data-path-to-node=\"4,3,0,0\" data-index-in-node=\"0\">Sol\u00b7licitud en l\u00ednia:<\/b> Empleneu el formulari oficial a trav\u00e9s de la web del Departament <a href=\"https:\/\/tramits.gencat.cat\/ca\/tramits\/tramits-temes\/titols-academics-no-universitaris?category=742b7874-a82c-11e3-a972-000c29052e2c\">enlla\u00e7<\/a>.<\/p>\n<\/li>\n<li>\n<p data-path-to-node=\"4,3,1,0\"><b data-path-to-node=\"4,3,1,0\" data-index-in-node=\"0\">Notificaci\u00f3 al centre:<\/b> Un cop finalitzat el tr\u00e0mit, \u00e9s imprescindible enviar un correu electr\u00f2nic a <b data-path-to-node=\"4,3,1,0\" data-index-in-node=\"100\">eoirubi<span class=\"\">@<\/span>xtec.cat<\/b>\u00a0confirmant la tramitaci\u00f3 de la sol\u00b7licitud.<\/p>\n<\/li>\n<\/ol>\n<p>&nbsp;<\/p>\n<p>&nbsp;<\/p>\n<p><strong>Devoluci\u00f3 de Taxes<\/strong><\/p>\n<p>A partir del\u00a0 dia 1 de juliol s\u2019ha posat en marxa, a la web de Tr\u00e0mits Gencat, el nou tr\u00e0mit electr\u00f2nic per a sol.licitar la devoluci\u00f3 de les taxes i els preus p\u00fablics gestionats pel Departament d\u2019Educaci\u00f3.<br \/>\nPel que fa refer\u00e8ncia a les matr\u00edcules a les Escoles Oficials d\u2019Idiomes, mitjan\u00e7ant aquest tr\u00e0mit es pot sol.licitar la devoluci\u00f3 de les seg\u00fcents taxes i preus p\u00fablics:<br \/>\n&#8211; Taxa de matr\u00edcula en els nivells B1 i B2 de les EOI<br \/>\n&#8211; Preu p\u00fablic de matr\u00edcula en els nivells A1, A2, C1 i C2 de les EOI<\/p>\n<p>Els alumnes que desitgin sol.licitar la devoluci\u00f3, hauran d\u2019accedir a:<br \/>\n<a href=\"https:\/\/web.gencat.cat\/ca\/tramits\/tramits-temes\/devolucio-ingressos-indeguts\">https:\/\/web.gencat.cat\/ca\/tramits\/tramits-temes\/devolucio-ingressos-indeguts \u00a0<\/a>des d\u2019on podran omplir el formulari de sol.licitud, que arribar\u00e0 directament al Servei de Gesti\u00f3 Pressupost\u00e0ria per a la seva tramitaci\u00f3.<\/p>\n","protected":false},"excerpt":{"rendered":"<p>Per facilitar la realitzaci\u00f3 de gestions administratives podeu descarregar-vos les seg\u00fcents inst\u00e0ncies i sol\u00b7licituds. Ompliu-les i lliureu-les a secretaria, tot aportant la documentaci\u00f3 requerida per cada gesti\u00f3.<\/p>\n<ul>\n<li><a href=\"https:\/\/agora-eoi.xtec.cat\/eoirubi\/wp-content\/uploads\/usu2255\/2025\/01\/Instancia.pdf\" target=\"_blank\" rel=\"noopener noreferrer\">Inst\u00e0ncia<\/a><\/li>\n<li><a href=\"https:\/\/agora-eoi.xtec.cat\/eoirubi\/wp-content\/uploads\/usu2255\/2025\/01\/Sollicitud_Trasllat_Expedient.pdf\" target=\"_blank\" rel=\"noopener noreferrer\">Sol.licitud de Trasllat d&#8217;Expedient<\/a><\/li>\n<li><a href=\"https:\/\/forms.gle\/YPfpp6uhFmbYtfi86\">Sol\u00b7licitud certificats<\/a><\/li>\n<li><a href=\"https:\/\/agora-eoi.xtec.cat\/eoirubi\/wp-content\/uploads\/usu2255\/2025\/01\/Sollicitud_Renuncia.pdf\" target=\"_blank\" rel=\"noopener noreferrer\">Sol.licitud de&hellip;  <a href=\"https:\/\/agora-eoi.xtec.cat\/eoirubi\/secretaria\/instancies-i-solicituts\/\" title=\"Read Inst\u00e0ncies i sol\u00b7licituds\">Llegeix m\u00e9s\u00bb<\/a><br \/>\n","protected":false},"author":1,"featured_media":0,"parent":8358,"menu_order":30,"comment_status":"closed","ping_status":"closed","template":"page-templates\/side-menu.php","meta":{"_bbp_topic_count":0,"_bbp_reply_count":0,"_bbp_total_topic_count":0,"_bbp_total_reply_count":0,"_bbp_voice_count":0,"_bbp_anonymous_reply_count":0,"_bbp_topic_count_hidden":0,"_bbp_reply_count_hidden":0,"_bbp_forum_subforum_count":0,"footnotes":""},"class_list":["post-8370","page","type-page","status-publish","hentry"],"post_mailing_queue_ids":[],"_links":{"self":[{"href":"https:\/\/agora-eoi.xtec.cat\/eoirubi\/wp-json\/wp\/v2\/pages\/8370","targetHints":{"allow":["GET"]}}],"collection":[{"href":"https:\/\/agora-eoi.xtec.cat\/eoirubi\/wp-json\/wp\/v2\/pages"}],"about":[{"href":"https:\/\/agora-eoi.xtec.cat\/eoirubi\/wp-json\/wp\/v2\/types\/page"}],"author":[{"embeddable":true,"href":"https:\/\/agora-eoi.xtec.cat\/eoirubi\/wp-json\/wp\/v2\/users\/1"}],"replies":[{"embeddable":true,"href":"https:\/\/agora-eoi.xtec.cat\/eoirubi\/wp-json\/wp\/v2\/comments?post=8370"}],"version-history":[{"count":6,"href":"https:\/\/agora-eoi.xtec.cat\/eoirubi\/wp-json\/wp\/v2\/pages\/8370\/revisions"}],"predecessor-version":[{"id":10769,"href":"https:\/\/agora-eoi.xtec.cat\/eoirubi\/wp-json\/wp\/v2\/pages\/8370\/revisions\/10769"}],"up":[{"embeddable":true,"href":"https:\/\/agora-eoi.xtec.cat\/eoirubi\/wp-json\/wp\/v2\/pages\/8358"}],"wp:attachment":[{"href":"https:\/\/agora-eoi.xtec.cat\/eoirubi\/wp-json\/wp\/v2\/media?parent=8370"}],"curies":[{"name":"wp","href":"https:\/\/api.w.org\/{rel}","templated":true}]}}